{"id":1172,"date":"2017-04-04T19:05:06","date_gmt":"2017-04-04T19:05:06","guid":{"rendered":"http:\/\/epxsantiago.org\/?page_id=1172"},"modified":"2017-08-24T08:53:40","modified_gmt":"2017-08-24T08:53:40","slug":"guias-docentes","status":"publish","type":"page","link":"https:\/\/epxsantiago.org\/index.php\/mua-2016-2018-2\/guias-docentes","title":{"rendered":"GU\u00cdAS DOCENTES"},"content":{"rendered":"<p>[et_pb_section bb_built=\u00bb1&#8243; admin_label=\u00bbSecci\u00f3n\u00bb fullwidth=\u00bbon\u00bb specialty=\u00bboff\u00bb][et_pb_fullwidth_image admin_label=\u00bbImagen de anchura completa\u00bb src=\u00bbhttp:\/\/epxsantiago.org\/wp-content\/uploads\/2017\/04\/DSC_9643-e1491402417374.jpg\u00bb show_in_lightbox=\u00bboff\u00bb url_new_window=\u00bboff\u00bb use_overlay=\u00bboff\u00bb animation=\u00bbleft\u00bb use_border_color=\u00bboff\u00bb border_color=\u00bb#ffffff\u00bb border_style=\u00bbsolid\u00bb \/][\/et_pb_section][et_pb_section bb_built=\u00bb1&#8243; admin_label=\u00bbSecci\u00f3n\u00bb fullwidth=\u00bboff\u00bb specialty=\u00bboff\u00bb transparent_background=\u00bboff\u00bb allow_player_pause=\u00bboff\u00bb inner_shadow=\u00bboff\u00bb parallax=\u00bboff\u00bb parallax_method=\u00bbon\u00bb custom_padding=\u00bb0px|||\u00bb make_fullwidth=\u00bboff\u00bb use_custom_width=\u00bboff\u00bb width_unit=\u00bbon\u00bb make_equal=\u00bboff\u00bb use_custom_gutter=\u00bboff\u00bb][et_pb_row admin_label=\u00bbFila\u00bb make_fullwidth=\u00bboff\u00bb use_custom_width=\u00bboff\u00bb width_unit=\u00bbon\u00bb use_custom_gutter=\u00bboff\u00bb custom_padding=\u00bb20px||0px|\u00bb allow_player_pause=\u00bboff\u00bb parallax=\u00bboff\u00bb parallax_method=\u00bbon\u00bb make_equal=\u00bboff\u00bb parallax_1=\u00bboff\u00bb parallax_method_1=\u00bboff\u00bb parallax_2=\u00bboff\u00bb parallax_method_2=\u00bboff\u00bb][et_pb_column type=\u00bb1_4&#8243;][\/et_pb_column][et_pb_column type=\u00bb3_4&#8243;][et_pb_text admin_label=\u00bbTexto\u00bb background_layout=\u00bblight\u00bb text_orientation=\u00bbcenter\u00bb use_border_color=\u00bboff\u00bb border_color=\u00bb#ffffff\u00bb border_style=\u00bbsolid\u00bb]<\/p>\n<h1>M\u00e1ster oficial en Avogac\u00eda 2016-2018<\/h1>\n<p>[\/et_pb_text][et_pb_post_title admin_label=\u00bbT\u00edtulo de pagina\u00bb title=\u00bbon\u00bb meta=\u00bboff\u00bb author=\u00bbon\u00bb date=\u00bbon\u00bb categories=\u00bbon\u00bb comments=\u00bbon\u00bb featured_image=\u00bboff\u00bb featured_placement=\u00bbbelow\u00bb parallax_effect=\u00bboff\u00bb parallax_method=\u00bbon\u00bb text_orientation=\u00bbcenter\u00bb text_color=\u00bbdark\u00bb text_background=\u00bboff\u00bb text_bg_color=\u00bbrgba(255,255,255,0.9)\u00bb use_border_color=\u00bboff\u00bb border_color=\u00bb#ffffff\u00bb border_style=\u00bbsolid\u00bb title_font_size=\u00bb22px\u00bb custom_margin=\u00bb||0px|\u00bb \/][\/et_pb_column][\/et_pb_row][\/et_pb_section][et_pb_section bb_built=\u00bb1&#8243; admin_label=\u00bbSecci\u00f3n\u00bb fullwidth=\u00bboff\u00bb specialty=\u00bboff\u00bb transparent_background=\u00bboff\u00bb allow_player_pause=\u00bboff\u00bb inner_shadow=\u00bboff\u00bb parallax=\u00bboff\u00bb parallax_method=\u00bbon\u00bb custom_padding=\u00bb0px|||\u00bb make_fullwidth=\u00bboff\u00bb use_custom_width=\u00bboff\u00bb width_unit=\u00bbon\u00bb make_equal=\u00bboff\u00bb use_custom_gutter=\u00bboff\u00bb][et_pb_row admin_label=\u00bbFila\u00bb][et_pb_column type=\u00bb1_4&#8243;][et_pb_sidebar admin_label=\u00bbBarra lateral\u00bb orientation=\u00bbleft\u00bb area=\u00bbet_pb_widget_area_2&#8243; background_layout=\u00bblight\u00bb remove_border=\u00bboff\u00bb \/][\/et_pb_column][et_pb_column type=\u00bb3_4&#8243;][et_pb_text admin_label=\u00bbTexto\u00bb global_parent=\u00bb824&#8243; background_layout=\u00bblight\u00bb text_orientation=\u00bbjustified\u00bb use_border_color=\u00bboff\u00bb border_color=\u00bb#ffffff\u00bb border_style=\u00bbsolid\u00bb]<\/p>\n<p><strong>Curso 2016-2017:<\/strong><\/p>\n<p><strong>Guias docentes do primeiro semestre:<\/strong><\/p>\n<ul>\n<li><a href=\"http:\/\/www.usc.es\/gl\/centros\/dereito\/materia.html?materia=109867\">Introduci\u00f3n ao exercicio profesional e quenda de oficio<\/a><\/li>\n<li><a href=\"http:\/\/www.usc.es\/gl\/centros\/dereito\/materia.html?materia=109870\">Deontolox\u00eda profesional e r\u00e9xime de responsabilidade<\/a><\/li>\n<li><a href=\"http:\/\/www.usc.es\/gl\/centros\/dereito\/materia.html?materia=109872\">Escritura e oratoria forense<\/a><\/li>\n<li><a href=\"http:\/\/www.usc.es\/gl\/centros\/dereito\/materia.html?materia=109873\">Pr\u00e1ctica xur\u00eddica civil I<\/a><\/li>\n<li><a href=\"http:\/\/www.usc.es\/gl\/centros\/dereito\/materia.html?materia=109876\">Pr\u00e1ctica xur\u00eddica mercantil<\/a><\/li>\n<li><a href=\"http:\/\/www.usc.es\/gl\/centros\/dereito\/materia.html?materia=109876\">Pr\u00e1ctica xur\u00eddica laboral I<\/a><\/li>\n<li><a href=\"http:\/\/www.usc.es\/gl\/centros\/dereito\/materia.html?materia=109878\">Pr\u00e1ctica xur\u00eddica administrativa I<\/a><\/li>\n<li><a href=\"http:\/\/www.usc.es\/gl\/centros\/dereito\/materia.html?materia=109880\">Pr\u00e1ctica xur\u00eddica penal I<\/a><\/li>\n<\/ul>\n<p><strong>Gu\u00edas docentes do segundo semestre:<\/strong><\/p>\n<ul>\n<li><a href=\"http:\/\/www.usc.es\/gl\/centros\/dereito\/materia.html?materia=109871\">Xesti\u00f3ns profesionais e medios alternativos de soluci\u00f3n de conflitos<\/a><\/li>\n<li><a href=\"http:\/\/www.usc.es\/gl\/centros\/dereito\/materia.html?materia=109874\">Pr\u00e1ctica xur\u00eddica civil II<\/a><\/li>\n<li><a href=\"http:\/\/www.usc.es\/gl\/centros\/dereito\/materia.html?materia=109877\">Pr\u00e1ctica xur\u00eddica laboral II<\/a><\/li>\n<li><a href=\"http:\/\/www.usc.es\/gl\/centros\/dereito\/materia.html?materia=109879\">Pr\u00e1ctica xur\u00eddica administrativa II<\/a><\/li>\n<li><a href=\"http:\/\/www.usc.es\/gl\/centros\/dereito\/materia.html?materia=109881\">Pr\u00e1ctica xur\u00eddica penal II<\/a><\/li>\n<li><a href=\"http:\/\/www.usc.es\/gl\/centros\/dereito\/materia.html?materia=109882\">Pr\u00e1ctica xur\u00eddica tributaria, constitucional, internacional e da Uni\u00f3n Europea<\/a><\/li>\n<li><a href=\"http:\/\/www.usc.es\/gl\/centros\/dereito\/materia.html?materia=109883\">Pr\u00e1cticas externas en administraci\u00f3ns p\u00fablicas<\/a><\/li>\n<li><a href=\"http:\/\/www.usc.es\/gl\/centros\/dereito\/materia.html?materia=109884\">Pr\u00e1cticas externas en \u00f3rganos xurisdicionais<\/a><\/li>\n<\/ul>\n<p>[\/et_pb_text][\/et_pb_column][\/et_pb_row][\/et_pb_section]<\/p>\n","protected":false},"excerpt":{"rendered":"<p>M\u00e1ster oficial en Avogac\u00eda 2016-2018 Curso 2016-2017: Guias docentes do primeiro semestre: Introduci\u00f3n ao exercicio profesional e quenda de oficio Deontolox\u00eda profesional e r\u00e9xime de responsabilidade Escritura e oratoria forense Pr\u00e1ctica xur\u00eddica civil I Pr\u00e1ctica xur\u00eddica mercantil Pr\u00e1ctica xur\u00eddica laboral I Pr\u00e1ctica xur\u00eddica administrativa I Pr\u00e1ctica xur\u00eddica penal I Gu\u00edas docentes do segundo semestre: Xesti\u00f3ns [&hellip;]<\/p>\n","protected":false},"author":1,"featured_media":0,"parent":2334,"menu_order":10,"comment_status":"closed","ping_status":"closed","template":"","meta":{"_et_pb_use_builder":"on","_et_pb_old_content":"","_et_gb_content_width":"","footnotes":""},"class_list":["post-1172","page","type-page","status-publish","hentry"],"_links":{"self":[{"href":"https:\/\/epxsantiago.org\/index.php\/wp-json\/wp\/v2\/pages\/1172","targetHints":{"allow":["GET"]}}],"collection":[{"href":"https:\/\/epxsantiago.org\/index.php\/wp-json\/wp\/v2\/pages"}],"about":[{"href":"https:\/\/epxsantiago.org\/index.php\/wp-json\/wp\/v2\/types\/page"}],"author":[{"embeddable":true,"href":"https:\/\/epxsantiago.org\/index.php\/wp-json\/wp\/v2\/users\/1"}],"replies":[{"embeddable":true,"href":"https:\/\/epxsantiago.org\/index.php\/wp-json\/wp\/v2\/comments?post=1172"}],"version-history":[{"count":6,"href":"https:\/\/epxsantiago.org\/index.php\/wp-json\/wp\/v2\/pages\/1172\/revisions"}],"predecessor-version":[{"id":1268,"href":"https:\/\/epxsantiago.org\/index.php\/wp-json\/wp\/v2\/pages\/1172\/revisions\/1268"}],"up":[{"embeddable":true,"href":"https:\/\/epxsantiago.org\/index.php\/wp-json\/wp\/v2\/pages\/2334"}],"wp:attachment":[{"href":"https:\/\/epxsantiago.org\/index.php\/wp-json\/wp\/v2\/media?parent=1172"}],"curies":[{"name":"wp","href":"https:\/\/api.w.org\/{rel}","templated":true}]}}