{"id":1415,"date":"2017-04-05T19:38:14","date_gmt":"2017-04-05T19:38:14","guid":{"rendered":"http:\/\/epxsantiago.org\/?page_id=1415"},"modified":"2017-08-24T09:16:09","modified_gmt":"2017-08-24T09:16:09","slug":"sistema-de-calidade","status":"publish","type":"page","link":"https:\/\/epxsantiago.org\/index.php\/mua-2016-2018-2\/sistema-de-calidade","title":{"rendered":"SISTEMA DE CALIDADE"},"content":{"rendered":"<p>[et_pb_section bb_built=\u00bb1&#8243; admin_label=\u00bbSecci\u00f3n\u00bb fullwidth=\u00bbon\u00bb specialty=\u00bboff\u00bb][et_pb_fullwidth_image admin_label=\u00bbImagen de anchura completa\u00bb src=\u00bbhttp:\/\/epxsantiago.org\/wp-content\/uploads\/2017\/04\/DSC_9643-e1491402417374.jpg\u00bb show_in_lightbox=\u00bboff\u00bb url_new_window=\u00bboff\u00bb use_overlay=\u00bboff\u00bb animation=\u00bbleft\u00bb use_border_color=\u00bboff\u00bb border_color=\u00bb#ffffff\u00bb border_style=\u00bbsolid\u00bb \/][\/et_pb_section][et_pb_section bb_built=\u00bb1&#8243; admin_label=\u00bbSecci\u00f3n\u00bb fullwidth=\u00bboff\u00bb specialty=\u00bboff\u00bb transparent_background=\u00bboff\u00bb allow_player_pause=\u00bboff\u00bb inner_shadow=\u00bboff\u00bb parallax=\u00bboff\u00bb parallax_method=\u00bbon\u00bb custom_padding=\u00bb0px|||\u00bb make_fullwidth=\u00bboff\u00bb use_custom_width=\u00bboff\u00bb width_unit=\u00bbon\u00bb make_equal=\u00bboff\u00bb use_custom_gutter=\u00bboff\u00bb][et_pb_row admin_label=\u00bbFila\u00bb make_fullwidth=\u00bboff\u00bb use_custom_width=\u00bboff\u00bb width_unit=\u00bbon\u00bb use_custom_gutter=\u00bboff\u00bb custom_padding=\u00bb20px||0px|\u00bb allow_player_pause=\u00bboff\u00bb parallax=\u00bboff\u00bb parallax_method=\u00bbon\u00bb make_equal=\u00bboff\u00bb parallax_1=\u00bboff\u00bb parallax_method_1=\u00bboff\u00bb parallax_2=\u00bboff\u00bb parallax_method_2=\u00bboff\u00bb][et_pb_column type=\u00bb1_4&#8243;][\/et_pb_column][et_pb_column type=\u00bb3_4&#8243;][et_pb_text admin_label=\u00bbTexto\u00bb background_layout=\u00bblight\u00bb text_orientation=\u00bbcenter\u00bb use_border_color=\u00bboff\u00bb border_color=\u00bb#ffffff\u00bb border_style=\u00bbsolid\u00bb]<\/p>\n<h1>M\u00e1ster oficial en Avogac\u00eda 2016-2018<\/h1>\n<p>[\/et_pb_text][et_pb_post_title admin_label=\u00bbT\u00edtulo de pagina\u00bb title=\u00bbon\u00bb meta=\u00bboff\u00bb author=\u00bbon\u00bb date=\u00bbon\u00bb categories=\u00bbon\u00bb comments=\u00bbon\u00bb featured_image=\u00bboff\u00bb featured_placement=\u00bbbelow\u00bb parallax_effect=\u00bboff\u00bb parallax_method=\u00bbon\u00bb text_orientation=\u00bbcenter\u00bb text_color=\u00bbdark\u00bb text_background=\u00bboff\u00bb text_bg_color=\u00bbrgba(255,255,255,0.9)\u00bb use_border_color=\u00bboff\u00bb border_color=\u00bb#ffffff\u00bb border_style=\u00bbsolid\u00bb title_font_size=\u00bb22px\u00bb custom_margin=\u00bb||0px|\u00bb \/][\/et_pb_column][\/et_pb_row][\/et_pb_section][et_pb_section bb_built=\u00bb1&#8243; admin_label=\u00bbSecci\u00f3n\u00bb fullwidth=\u00bboff\u00bb specialty=\u00bboff\u00bb transparent_background=\u00bboff\u00bb allow_player_pause=\u00bboff\u00bb inner_shadow=\u00bboff\u00bb parallax=\u00bboff\u00bb parallax_method=\u00bbon\u00bb custom_padding=\u00bb0px|||\u00bb make_fullwidth=\u00bboff\u00bb use_custom_width=\u00bboff\u00bb width_unit=\u00bbon\u00bb make_equal=\u00bboff\u00bb use_custom_gutter=\u00bboff\u00bb][et_pb_row admin_label=\u00bbFila\u00bb][et_pb_column type=\u00bb1_4&#8243;][et_pb_sidebar admin_label=\u00bbBarra lateral\u00bb orientation=\u00bbleft\u00bb area=\u00bbet_pb_widget_area_2&#8243; background_layout=\u00bblight\u00bb remove_border=\u00bboff\u00bb \/][\/et_pb_column][et_pb_column type=\u00bb3_4&#8243;][et_pb_text admin_label=\u00bbTexto\u00bb global_parent=\u00bb824&#8243; background_layout=\u00bblight\u00bb text_orientation=\u00bbjustified\u00bb use_border_color=\u00bboff\u00bb border_color=\u00bb#ffffff\u00bb border_style=\u00bbsolid\u00bb]<\/p>\n<h1>Sistema de Garant\u00eda Interna de Calidade<\/h1>\n<p>&nbsp;<\/p>\n<p>O SGIC marco da USC est\u00e1 dese\u00f1ado seguindo o modelo das axencias de calidade nacional e auton\u00f3mica, ANECA e ACSUG, e est\u00e1 articulado en 9 criterios e 46 directrices englobados en 5 eixes, que se corresponden cos programas elaborados polas axencias a estes efectos, denominados AUDIT e FIDES.<\/p>\n<div>A USC aprobou o primeiro SGIC marco en decembro de 2009, e a Comisi\u00f3n de Calidade e Planificaci\u00f3n delegada do Consello de Goberno, na sesi\u00f3n que celebrou o 31 de maio de 2013, aprobou unha revisi\u00f3n, na que se recolleu unha simplificaci\u00f3n e revisi\u00f3n global do sistema.<\/div>\n<div>Os documentos que configuran o SGIC marco revisado da USC son o Manual extenso, o Manual Simplificado e o Manual de procedementos.<\/div>\n<div>O noso centro adaptou o Manual simplificado \u00e1s nosas particularidades, que foi aprobado o 23 de marzo de 2015 pola Comisi\u00f3n de Calidade e Planificaci\u00f3n da USC. A derradeira versi\u00f3n (3.0), foi aprobada pola Xunta da Facultade de Dereito o 29 de marzo de 2016 e pola Comisi\u00f3n de Calidade e Planificaci\u00f3n delegada do Consello de Goberno da USC o 13 de abril de 2016.<\/div>\n<p>&nbsp;<\/p>\n<h4><a href=\"http:\/\/www.usc.es\/gl\/centros\/dereito\/sgic.html\">Sistema de garant\u00eda interna de Calidade<\/a><\/h4>\n<p>&nbsp;<\/p>\n<h4><a href=\"http:\/\/www.usc.es\/export9\/sites\/webinstitucional\/gl\/centros\/dereito\/descargas\/IF_M_Abogacxa_mx.pdf\">Informe final da renovaci\u00f3n da acreditaci\u00f3n 2016<\/a><\/h4>\n<p>&nbsp;<\/p>\n<h4><a href=\"http:\/\/www.usc.es\/export9\/sites\/webinstitucional\/gl\/centros\/dereito\/descargas\/IRA_MUA.pdf\">Informe de seguimento 2016<\/a><\/h4>\n<p>[\/et_pb_text][\/et_pb_column][\/et_pb_row][\/et_pb_section]<\/p>\n","protected":false},"excerpt":{"rendered":"<p>M\u00e1ster oficial en Avogac\u00eda 2016-2018 Sistema de Garant\u00eda Interna de Calidade &nbsp; O SGIC marco da USC est\u00e1 dese\u00f1ado seguindo o modelo das axencias de calidade nacional e auton\u00f3mica, ANECA e ACSUG, e est\u00e1 articulado en 9 criterios e 46 directrices englobados en 5 eixes, que se corresponden cos programas elaborados polas axencias a estes [&hellip;]<\/p>\n","protected":false},"author":1,"featured_media":0,"parent":2334,"menu_order":19,"comment_status":"closed","ping_status":"closed","template":"","meta":{"_et_pb_use_builder":"on","_et_pb_old_content":"","_et_gb_content_width":"","footnotes":""},"class_list":["post-1415","page","type-page","status-publish","hentry"],"_links":{"self":[{"href":"https:\/\/epxsantiago.org\/index.php\/wp-json\/wp\/v2\/pages\/1415","targetHints":{"allow":["GET"]}}],"collection":[{"href":"https:\/\/epxsantiago.org\/index.php\/wp-json\/wp\/v2\/pages"}],"about":[{"href":"https:\/\/epxsantiago.org\/index.php\/wp-json\/wp\/v2\/types\/page"}],"author":[{"embeddable":true,"href":"https:\/\/epxsantiago.org\/index.php\/wp-json\/wp\/v2\/users\/1"}],"replies":[{"embeddable":true,"href":"https:\/\/epxsantiago.org\/index.php\/wp-json\/wp\/v2\/comments?post=1415"}],"version-history":[{"count":14,"href":"https:\/\/epxsantiago.org\/index.php\/wp-json\/wp\/v2\/pages\/1415\/revisions"}],"predecessor-version":[{"id":1557,"href":"https:\/\/epxsantiago.org\/index.php\/wp-json\/wp\/v2\/pages\/1415\/revisions\/1557"}],"up":[{"embeddable":true,"href":"https:\/\/epxsantiago.org\/index.php\/wp-json\/wp\/v2\/pages\/2334"}],"wp:attachment":[{"href":"https:\/\/epxsantiago.org\/index.php\/wp-json\/wp\/v2\/media?parent=1415"}],"curies":[{"name":"wp","href":"https:\/\/api.w.org\/{rel}","templated":true}]}}