{"id":1908,"date":"2017-04-11T12:53:42","date_gmt":"2017-04-11T12:53:42","guid":{"rendered":"http:\/\/epxsantiago.org\/?page_id=1908"},"modified":"2017-08-22T12:25:17","modified_gmt":"2017-08-22T12:25:17","slug":"matricula-4","status":"publish","type":"page","link":"https:\/\/epxsantiago.org\/index.php\/mua-2014-2016\/matricula-4","title":{"rendered":"MATR\u00cdCULA"},"content":{"rendered":"<p>[et_pb_section bb_built=\u00bb1&#8243; admin_label=\u00bbSecci\u00f3n\u00bb fullwidth=\u00bbon\u00bb specialty=\u00bboff\u00bb][et_pb_fullwidth_image admin_label=\u00bbImagen de anchura completa\u00bb src=\u00bbhttp:\/\/epxsantiago.org\/wp-content\/uploads\/2017\/04\/DSC_9643-e1491402417374.jpg\u00bb show_in_lightbox=\u00bboff\u00bb url_new_window=\u00bboff\u00bb use_overlay=\u00bboff\u00bb animation=\u00bbleft\u00bb use_border_color=\u00bboff\u00bb border_color=\u00bb#ffffff\u00bb border_style=\u00bbsolid\u00bb \/][\/et_pb_section][et_pb_section bb_built=\u00bb1&#8243; admin_label=\u00bbSecci\u00f3n\u00bb fullwidth=\u00bboff\u00bb specialty=\u00bboff\u00bb transparent_background=\u00bboff\u00bb allow_player_pause=\u00bboff\u00bb inner_shadow=\u00bboff\u00bb parallax=\u00bboff\u00bb parallax_method=\u00bbon\u00bb custom_padding=\u00bb0px|||\u00bb make_fullwidth=\u00bboff\u00bb use_custom_width=\u00bboff\u00bb width_unit=\u00bbon\u00bb make_equal=\u00bboff\u00bb use_custom_gutter=\u00bboff\u00bb][et_pb_row admin_label=\u00bbFila\u00bb make_fullwidth=\u00bboff\u00bb use_custom_width=\u00bboff\u00bb width_unit=\u00bbon\u00bb use_custom_gutter=\u00bboff\u00bb custom_padding=\u00bb20px||0px|\u00bb allow_player_pause=\u00bboff\u00bb parallax=\u00bboff\u00bb parallax_method=\u00bbon\u00bb make_equal=\u00bboff\u00bb parallax_1=\u00bboff\u00bb parallax_method_1=\u00bboff\u00bb parallax_2=\u00bboff\u00bb parallax_method_2=\u00bboff\u00bb][et_pb_column type=\u00bb1_4&#8243;][\/et_pb_column][et_pb_column type=\u00bb3_4&#8243;][et_pb_text admin_label=\u00bbTexto\u00bb background_layout=\u00bblight\u00bb text_orientation=\u00bbcenter\u00bb use_border_color=\u00bboff\u00bb border_color=\u00bb#ffffff\u00bb border_style=\u00bbsolid\u00bb]<\/p>\n<h1>M\u00e1ster oficial en Avogac\u00eda 2014-2016<\/h1>\n<p>[\/et_pb_text][et_pb_post_title admin_label=\u00bbT\u00edtulo de pagina\u00bb title=\u00bbon\u00bb meta=\u00bboff\u00bb author=\u00bbon\u00bb date=\u00bbon\u00bb categories=\u00bbon\u00bb comments=\u00bbon\u00bb featured_image=\u00bboff\u00bb featured_placement=\u00bbbelow\u00bb parallax_effect=\u00bboff\u00bb parallax_method=\u00bbon\u00bb text_orientation=\u00bbcenter\u00bb text_color=\u00bbdark\u00bb text_background=\u00bboff\u00bb text_bg_color=\u00bbrgba(255,255,255,0.9)\u00bb use_border_color=\u00bboff\u00bb border_color=\u00bb#ffffff\u00bb border_style=\u00bbsolid\u00bb title_font_size=\u00bb22px\u00bb custom_margin=\u00bb||0px|\u00bb custom_padding=\u00bb||0px|\u00bb \/][\/et_pb_column][\/et_pb_row][\/et_pb_section][et_pb_section bb_built=\u00bb1&#8243; admin_label=\u00bbSecci\u00f3n\u00bb fullwidth=\u00bboff\u00bb specialty=\u00bboff\u00bb transparent_background=\u00bboff\u00bb allow_player_pause=\u00bboff\u00bb inner_shadow=\u00bboff\u00bb parallax=\u00bboff\u00bb parallax_method=\u00bbon\u00bb custom_padding=\u00bb0px|||\u00bb make_fullwidth=\u00bboff\u00bb use_custom_width=\u00bboff\u00bb width_unit=\u00bbon\u00bb make_equal=\u00bboff\u00bb use_custom_gutter=\u00bboff\u00bb][et_pb_row admin_label=\u00bbFila\u00bb make_fullwidth=\u00bboff\u00bb use_custom_width=\u00bboff\u00bb width_unit=\u00bbon\u00bb use_custom_gutter=\u00bboff\u00bb custom_padding=\u00bb||0px|\u00bb custom_margin=\u00bb||0px|\u00bb allow_player_pause=\u00bboff\u00bb parallax=\u00bboff\u00bb parallax_method=\u00bbon\u00bb make_equal=\u00bboff\u00bb parallax_1=\u00bboff\u00bb parallax_method_1=\u00bboff\u00bb padding_bottom_1=\u00bb0px\u00bb parallax_2=\u00bboff\u00bb parallax_method_2=\u00bboff\u00bb][et_pb_column type=\u00bb1_4&#8243;][et_pb_sidebar admin_label=\u00bbBarra lateral\u00bb orientation=\u00bbleft\u00bb area=\u00bbet_pb_widget_area_13&#8243; background_layout=\u00bblight\u00bb remove_border=\u00bboff\u00bb \/][\/et_pb_column][et_pb_column type=\u00bb3_4&#8243;][et_pb_text admin_label=\u00bbTexto\u00bb global_parent=\u00bb824&#8243; background_layout=\u00bblight\u00bb text_orientation=\u00bbjustified\u00bb use_border_color=\u00bboff\u00bb border_color=\u00bb#ffffff\u00bb border_style=\u00bbsolid\u00bb]<\/p>\n<ol>\n<li><strong>CURSO 2014-2015 (Primeiro ano da terceira promoci\u00f3n):<\/strong><\/li>\n<li><strong>Solicitude de praza:<\/strong><\/li>\n<\/ol>\n<p>Os alumnos e alumnas que desexen cursar este m\u00e1ster durante o curso\u00a02014-2015\u00a0deber\u00e1n consignar os datos para a matr\u00edcula na Secretar\u00eda Virtual da USC, a trav\u00e9s da p\u00e1xina http:\/\/www.usc.es\/matricula (secci\u00f3n \u00abm\u00e1ster universitario\u00bb &gt;admisi\u00f3n e matr\u00edcula), no seguinte prazo:\u00a0do 7 de xullo ao 6 de agosto de 2014.<\/p>\n<p>Deber\u00e1n declarar os datos do seu expediente acad\u00e9mico correspondente \u00e1 titulaci\u00f3n universitaria que lles d\u00e1 acceso, e realizar\u00e1n a matr\u00edcula provisoria.<\/p>\n<ol start=\"2\">\n<li><strong>Publicaci\u00f3n de adxudicaci\u00f3ns de prazas:<\/strong><\/li>\n<\/ol>\n<p>A publicaci\u00f3n da adxudicaci\u00f3n de prazas entre as persoas matriculadas de forma provisional realizarase o d\u00eda\u00a011 de agosto de 2014.<\/p>\n<ol start=\"3\">\n<li><strong>Matr\u00edcula admitidos:<\/strong><\/li>\n<\/ol>\n<p>A matr\u00edcula ser\u00e1 provisoria e s\u00f3 producir\u00e1 efectos plenos no momento en que se proceda \u00e1 adxudicaci\u00f3n definitiva das prazas, de serlle adxudicada praza ao alumno ou alumna.<\/p>\n<p>O prazo para aboar os prezos p\u00fablicos por matr\u00edcula permanecer\u00e1 aberto do\u00a012 ao 21 de agosto de 2014. Considerarase que os alumnos que non aboen os prezos no devandito prazo desisten e, polo tanto, decaen nos seus dereitos respecto da praza adxudicada, que poder\u00e1 ser ofertada a outros alumnos. Consonte as normas xerais, a matr\u00edcula estar\u00e1 condicionada \u00e1 posterior verificaci\u00f3n dos datos declarados na solicitude.<\/p>\n<ol start=\"4\">\n<li><strong>Matr\u00edcula en vacantes:<\/strong><\/li>\n<\/ol>\n<p>No caso no que non se matriculasen todos os alumnos admitidos, si hai\u00a0listaxe de agarda, as prazas vacantes asignaranse entre os alumnos da listaxe de agarda por orde de matr\u00edcula no prazo que vai do 26 ao 29 de agosto de 2014, ata completar o n\u00famero total de prazas ofertadas.<\/p>\n<p>Se rematado este prazo quedaran\u00a0vacantes\u00a0(naquel caso de que haxa menos solicitudes que prazas), non haber\u00e1 listaxe de agarda, e o alumnado sen solicitude previa poder\u00e1 matricularse por orde de inscrici\u00f3n ata que se cubran as prazas ou ata o fin do prazo de vacantes que vai dende o 26 de agosto ao 19 de setembro de 2014.<\/p>\n<ol start=\"5\">\n<li><strong>Documentaci\u00f3n:<\/strong><\/li>\n<\/ol>\n<p>As persoas matriculadas que cursaron os\u00a0estudos declarados para o acceso noutra universidade\u00a0deber\u00e1n remitir ou entregar na\u00a0Unidade de Xesti\u00f3n Acad\u00e9mica\u00a0correspondente, no prazo de\u00a0dez d\u00edas seguintes \u00e1 realizaci\u00f3n da matr\u00edcula, a seguinte documentaci\u00f3n:<\/p>\n<ul>\n<li>Fotocopia compulsada do seu t\u00edtulo universitario ou da certificaci\u00f3n acreditativa do pagamento dos dereitos para a s\u00faa expedici\u00f3n.<\/li>\n<li>Certificaci\u00f3n acad\u00e9mica dos estudos cursados na que figuren todas as materias cursadas e as cualificaci\u00f3ns obtidas na titulaci\u00f3n declarada para o acceso ao m\u00e1ster.<\/li>\n<\/ul>\n<p>As persoas matriculadas que cursaron os\u00a0estudos de acceso na USC\u00a0non ter\u00e1n que achegar ningunha documentaci\u00f3n.<\/p>\n<p>Calquera\u00a0omisi\u00f3n ou falsidade na declaraci\u00f3n dos datos\u00a0da titulaci\u00f3n de acceso ou do expediente acad\u00e9mico que induza a facer unha valoraci\u00f3n de expediente incorrecta, poder\u00e1 dar lugar \u00e1 anulaci\u00f3n da matr\u00edcula e, cando proceda, \u00e1 exclusi\u00f3n do proceso de adxudicaci\u00f3n de prazas.<\/p>\n<ol start=\"6\">\n<li><strong>Prezos:<\/strong><\/li>\n<\/ol>\n<p>Segundo o disposto no DECRETO 77\/2014, de 20 de xu\u00f1o, polo que se fixan os prezos correspondentes aos estudos que conducen \u00e1 obtenci\u00f3n de t\u00edtulos universitarios de car\u00e1cter oficial e validez en todo o territorio nacional na ensinanza universitaria para o curso 2014\/15.<\/p>\n<ul>\n<li>Prezo dun cr\u00e9dito: 20,25 \u20ac<\/li>\n<li>Primeiro ano = 60 cr\u00e9ditos x 20,25 \u20ac = 1.215 \u20ac<\/li>\n<li>Prezo total do m\u00e1ster (90 cr\u00e9ditos) = 1.822,50 \u20ac<\/li>\n<li>Taxas administrativas: 28,22 \u20ac<\/li>\n<li>Taxas administrativas maiores de 28 anos: 42,10 \u20ac<\/li>\n<\/ul>\n<ol start=\"7\">\n<li><strong> Pagamento fraccionado da matr\u00edcula:<\/strong><\/li>\n<\/ol>\n<p>Os alumnos e alumnas, no momento de presentar a solicitude da matr\u00edcula no primeiro prazo, poder\u00e1n optar polo pagamento \u00edntegro ou fraccionado en tres prazos.<\/p>\n<p>Este importe poder\u00e1 aboarse en efectivo, mediante domiciliaci\u00f3n bancaria ou con tarxeta de d\u00e9bito ou de cr\u00e9dito. De facerse en efectivo, deber\u00e1 realizarse en calquera das catro entidades bancarias colaboradoras coa USC, isto \u00e9, Novagalicia Banco, Caixa Rural Galega, La Caixa e Banco Santander.<\/p>\n<p>No suposto de optar polo pagamento fraccionado, o primeiro prazo efectuarase polo importe correspondente ao 50%, nos dez d\u00edas seguintes ao de ter feita a matr\u00edcula; o segundo prazo, aboarase no mes de decembro polo importe do 25%; e o terceiro prazo, na primeira quincena de marzo, polo restante 25%.<\/p>\n<ol start=\"8\">\n<li><strong> M\u00e1is informaci\u00f3n:<\/strong><\/li>\n<\/ol>\n<p><a href=\"http:\/\/www.usc.es\/gl\/matricula\/admision.html\">Matr\u00edcula \u2013 Admisi\u00f3n<\/a><\/p>\n<p><a href=\"http:\/\/www.usc.es\/es\/servizos\/oiu\/Prezos_publicos.html\">Prezos P\u00fablicos<br \/>\n<\/a><\/p>\n<ol>\n<li><strong> CURSO 2015-2016 (Segundo ano da terceira promoci\u00f3n):<\/strong><\/li>\n<li><strong>Matr\u00edcula continuaci\u00f3n de estudos:<\/strong><\/li>\n<\/ol>\n<p>Haber\u00e1 que estar ao disposto no calendario acad\u00e9mico 2015-2016<\/p>\n<ol start=\"2\">\n<li><strong>Prezos:<\/strong><\/li>\n<\/ol>\n<p>Segundo o disposto no DECRETO 90\/2015, de 18 de xu\u00f1o, polo que se fixan os prezos correspondentes aos estudos que conducen \u00e1 obtenci\u00f3n de t\u00edtulos universitarios de car\u00e1cter oficial e validez en todo o territorio nacional na ensinanza universitaria para o curso 2015\/16.<\/p>\n<ul>\n<li>Prezo dun cr\u00e9dito: 20,25 \u20ac<\/li>\n<li>Segundo ano = 30 cr\u00e9ditos x 20,25 \u20ac = 607,50 \u20ac<\/li>\n<li>Prezo total do m\u00e1ster (90 cr\u00e9ditos) = 1.822,50 \u20ac<\/li>\n<li>Taxas administrativas: 28,22 \u20ac<\/li>\n<li>Taxas administrativas maiores de 28 anos: 42,10 \u20ac<\/li>\n<\/ul>\n<ol start=\"3\">\n<li><strong> Pagamento fraccionado da matr\u00edcula:<\/strong><\/li>\n<\/ol>\n<p>Os alumnos e alumnas, no momento de presentar a solicitude da matr\u00edcula no primeiro prazo, poder\u00e1n optar polo pagamento \u00edntegro ou fraccionado en tres prazos.<\/p>\n<p>Este importe poder\u00e1 aboarse en efectivo, mediante domiciliaci\u00f3n bancaria ou con tarxeta de d\u00e9bito ou de cr\u00e9dito. De facerse en efectivo, deber\u00e1 realizarse en calquera das catro entidades bancarias colaboradoras coa USC, isto \u00e9, Novagalicia Banco, Caixa Rural Galega, La Caixa e Banco Santander.<\/p>\n<p>No suposto de optar polo pagamento fraccionado, o primeiro prazo efectuarase polo importe correspondente ao 50%, nos dez d\u00edas seguintes ao de ter feita a matr\u00edcula; o segundo prazo, aboarase no mes de decembro polo importe do 25%; e o terceiro prazo, na primeira quincena de marzo, polo restante 25%.<\/p>\n<p>[\/et_pb_text][\/et_pb_column][\/et_pb_row][\/et_pb_section]<\/p>\n","protected":false},"excerpt":{"rendered":"<p>M\u00e1ster oficial en Avogac\u00eda 2014-2016 CURSO 2014-2015 (Primeiro ano da terceira promoci\u00f3n): Solicitude de praza: Os alumnos e alumnas que desexen cursar este m\u00e1ster durante o curso\u00a02014-2015\u00a0deber\u00e1n consignar os datos para a matr\u00edcula na Secretar\u00eda Virtual da USC, a trav\u00e9s da p\u00e1xina http:\/\/www.usc.es\/matricula (secci\u00f3n \u00abm\u00e1ster universitario\u00bb &gt;admisi\u00f3n e matr\u00edcula), no seguinte prazo:\u00a0do 7 de xullo [&hellip;]<\/p>\n","protected":false},"author":1,"featured_media":0,"parent":2338,"menu_order":3,"comment_status":"closed","ping_status":"closed","template":"","meta":{"_et_pb_use_builder":"on","_et_pb_old_content":"","_et_gb_content_width":"","footnotes":""},"class_list":["post-1908","page","type-page","status-publish","hentry"],"_links":{"self":[{"href":"https:\/\/epxsantiago.org\/index.php\/wp-json\/wp\/v2\/pages\/1908","targetHints":{"allow":["GET"]}}],"collection":[{"href":"https:\/\/epxsantiago.org\/index.php\/wp-json\/wp\/v2\/pages"}],"about":[{"href":"https:\/\/epxsantiago.org\/index.php\/wp-json\/wp\/v2\/types\/page"}],"author":[{"embeddable":true,"href":"https:\/\/epxsantiago.org\/index.php\/wp-json\/wp\/v2\/users\/1"}],"replies":[{"embeddable":true,"href":"https:\/\/epxsantiago.org\/index.php\/wp-json\/wp\/v2\/comments?post=1908"}],"version-history":[{"count":2,"href":"https:\/\/epxsantiago.org\/index.php\/wp-json\/wp\/v2\/pages\/1908\/revisions"}],"predecessor-version":[{"id":1927,"href":"https:\/\/epxsantiago.org\/index.php\/wp-json\/wp\/v2\/pages\/1908\/revisions\/1927"}],"up":[{"embeddable":true,"href":"https:\/\/epxsantiago.org\/index.php\/wp-json\/wp\/v2\/pages\/2338"}],"wp:attachment":[{"href":"https:\/\/epxsantiago.org\/index.php\/wp-json\/wp\/v2\/media?parent=1908"}],"curies":[{"name":"wp","href":"https:\/\/api.w.org\/{rel}","templated":true}]}}