{"id":1916,"date":"2017-04-11T12:58:09","date_gmt":"2017-04-11T12:58:09","guid":{"rendered":"http:\/\/epxsantiago.org\/?page_id=1916"},"modified":"2017-08-24T09:17:41","modified_gmt":"2017-08-24T09:17:41","slug":"plan-de-estudos-3","status":"publish","type":"page","link":"https:\/\/epxsantiago.org\/index.php\/mua-2014-2016\/plan-de-estudos-3","title":{"rendered":"PLAN DE ESTUDOS"},"content":{"rendered":"<p>[et_pb_section bb_built=\u00bb1&#8243; admin_label=\u00bbSecci\u00f3n\u00bb fullwidth=\u00bbon\u00bb specialty=\u00bboff\u00bb][et_pb_fullwidth_image admin_label=\u00bbImagen de anchura completa\u00bb src=\u00bbhttp:\/\/epxsantiago.org\/wp-content\/uploads\/2017\/04\/DSC_9643-e1491402417374.jpg\u00bb show_in_lightbox=\u00bboff\u00bb url_new_window=\u00bboff\u00bb use_overlay=\u00bboff\u00bb animation=\u00bbleft\u00bb use_border_color=\u00bboff\u00bb border_color=\u00bb#ffffff\u00bb border_style=\u00bbsolid\u00bb \/][\/et_pb_section][et_pb_section bb_built=\u00bb1&#8243; admin_label=\u00bbSecci\u00f3n\u00bb fullwidth=\u00bboff\u00bb specialty=\u00bboff\u00bb transparent_background=\u00bboff\u00bb allow_player_pause=\u00bboff\u00bb inner_shadow=\u00bboff\u00bb parallax=\u00bboff\u00bb parallax_method=\u00bbon\u00bb custom_padding=\u00bb0px|||\u00bb make_fullwidth=\u00bboff\u00bb use_custom_width=\u00bboff\u00bb width_unit=\u00bbon\u00bb make_equal=\u00bboff\u00bb use_custom_gutter=\u00bboff\u00bb][et_pb_row admin_label=\u00bbFila\u00bb make_fullwidth=\u00bboff\u00bb use_custom_width=\u00bboff\u00bb width_unit=\u00bbon\u00bb use_custom_gutter=\u00bboff\u00bb custom_padding=\u00bb20px||0px|\u00bb allow_player_pause=\u00bboff\u00bb parallax=\u00bboff\u00bb parallax_method=\u00bbon\u00bb make_equal=\u00bboff\u00bb parallax_1=\u00bboff\u00bb parallax_method_1=\u00bboff\u00bb parallax_2=\u00bboff\u00bb parallax_method_2=\u00bboff\u00bb][et_pb_column type=\u00bb1_4&#8243;][\/et_pb_column][et_pb_column type=\u00bb3_4&#8243;][et_pb_text admin_label=\u00bbTexto\u00bb background_layout=\u00bblight\u00bb text_orientation=\u00bbcenter\u00bb use_border_color=\u00bboff\u00bb border_color=\u00bb#ffffff\u00bb border_style=\u00bbsolid\u00bb]<\/p>\n<h1>M\u00e1ster oficial en Avogac\u00eda 2014-2016<\/h1>\n<p>[\/et_pb_text][et_pb_post_title admin_label=\u00bbT\u00edtulo de pagina\u00bb title=\u00bbon\u00bb meta=\u00bboff\u00bb author=\u00bbon\u00bb date=\u00bbon\u00bb categories=\u00bbon\u00bb comments=\u00bbon\u00bb featured_image=\u00bboff\u00bb featured_placement=\u00bbbelow\u00bb parallax_effect=\u00bboff\u00bb parallax_method=\u00bbon\u00bb text_orientation=\u00bbcenter\u00bb text_color=\u00bbdark\u00bb text_background=\u00bboff\u00bb text_bg_color=\u00bbrgba(255,255,255,0.9)\u00bb use_border_color=\u00bboff\u00bb border_color=\u00bb#ffffff\u00bb border_style=\u00bbsolid\u00bb title_font_size=\u00bb22px\u00bb custom_margin=\u00bb||0px|\u00bb custom_padding=\u00bb||0px|\u00bb \/][\/et_pb_column][\/et_pb_row][\/et_pb_section][et_pb_section bb_built=\u00bb1&#8243; admin_label=\u00bbSecci\u00f3n\u00bb fullwidth=\u00bboff\u00bb specialty=\u00bboff\u00bb transparent_background=\u00bboff\u00bb allow_player_pause=\u00bboff\u00bb inner_shadow=\u00bboff\u00bb parallax=\u00bboff\u00bb parallax_method=\u00bbon\u00bb custom_padding=\u00bb0px|||\u00bb make_fullwidth=\u00bboff\u00bb use_custom_width=\u00bboff\u00bb width_unit=\u00bbon\u00bb make_equal=\u00bboff\u00bb use_custom_gutter=\u00bboff\u00bb][et_pb_row admin_label=\u00bbFila\u00bb make_fullwidth=\u00bboff\u00bb use_custom_width=\u00bboff\u00bb width_unit=\u00bbon\u00bb use_custom_gutter=\u00bboff\u00bb custom_padding=\u00bb||0px|\u00bb custom_margin=\u00bb||0px|\u00bb allow_player_pause=\u00bboff\u00bb parallax=\u00bboff\u00bb parallax_method=\u00bbon\u00bb make_equal=\u00bboff\u00bb parallax_1=\u00bboff\u00bb parallax_method_1=\u00bboff\u00bb padding_bottom_1=\u00bb0px\u00bb parallax_2=\u00bboff\u00bb parallax_method_2=\u00bboff\u00bb][et_pb_column type=\u00bb1_4&#8243;][et_pb_sidebar admin_label=\u00bbBarra lateral\u00bb orientation=\u00bbleft\u00bb area=\u00bbet_pb_widget_area_13&#8243; background_layout=\u00bblight\u00bb remove_border=\u00bboff\u00bb \/][\/et_pb_column][et_pb_column type=\u00bb3_4&#8243;][et_pb_text admin_label=\u00bbTexto\u00bb global_parent=\u00bb824&#8243; background_layout=\u00bblight\u00bb text_orientation=\u00bbjustified\u00bb use_border_color=\u00bboff\u00bb border_color=\u00bb#ffffff\u00bb border_style=\u00bbsolid\u00bb]<\/p>\n<p>Os 90 ECTS da titulaci\u00f3n distrib\u00faense en\u00a0<strong>19 materias obrigatorias<\/strong>, que \u00e1 s\u00faa vez se agrupan en\u00a0<strong>catro m\u00f3dulos<\/strong>, os dous primeiros forman parte do \u201ccurso de formaci\u00f3n\u201d, o terceiro agrupa as \u201cpr\u00e1cticas externas\u201d, e no cuarto sit\u00faase o \u201ctraballo de fin de m\u00e1ster\u201d.<\/p>\n<p>Os contidos e a duraci\u00f3n dos m\u00f3dulos garda relaci\u00f3n directa coas materias que son m\u00e1is habituais no exercicio profesional inmediato ao que pretende acceder o alumno do m\u00e1ster; as directrices do Consello Xeral da Avogac\u00eda Espa\u00f1ola sobre pr\u00e1cticas de iniciaci\u00f3n \u00e1 avogac\u00eda; as proporci\u00f3ns establecidos nos modelos orientadores de avaliaci\u00f3n que figuran na web do Ministerio de Xustiza; e coas competencias e duraci\u00f3ns fixadas na Lei 34\/2006 e no Regulamento de desenvolvemento.<\/p>\n<p>En concreto, os m\u00f3dulos I e II coinciden coas d\u00faas grandes \u00e1reas tem\u00e1ticas que inciden directamente na aprendizaxe do exercicio profesional: a introduci\u00f3n ao exercicio profesional e a deontolox\u00eda e a pr\u00e1ctica xur\u00eddica nos diversos \u00e1mbitos do dereito privado e do dereito p\u00fablico.<\/p>\n<p>A distribuci\u00f3n das materias \u00e9 por semestres.<\/p>\n<p>A organizaci\u00f3n do plan ten a conseguir que, dende e inicio, o alumno\/a se desenvolva nas t\u00e9cnicas propias do exercicio da profesi\u00f3n de avogado, de tal forma que tanto a deontolox\u00eda, como aqueles co\u00f1ecementos, t\u00e9cnicas, habilidades e aptitudes que son imprescindibles para a pr\u00e1ctica e que son a base do resto de materias que presentan unha maior especializaci\u00f3n. Tam\u00e9n se incardinan no primeiro semestre a adquisici\u00f3n dos co\u00f1ecementos, habilidades e aptitudes inherentes ao exercicio profesional nas catro ordes xurisdicionais (civil, penal, administrativo e laboral). Pret\u00e9ndese que o alumno\/a adquira os rudimentos b\u00e1sicos para saber conducirse nestes \u00e1mbitos do exercicio da profesi\u00f3n, que logo se vai poder complementar coas materias programadas para o segundo semestre.<\/p>\n<p>No segundo semestre o alumno afondar\u00e1 nos co\u00f1ecementos adquiridos durante o primeiro semestre mediante o estudo daquelas materias que requiren unha maior especializaci\u00f3n e que son continuaci\u00f3n, nunha porcentaxe importante, das impartidas durante o primeiro semestre, pero nas que xa, partindo dos co\u00f1ecementos m\u00e1is xerais adquiridos con anterioridade, se pretende unha maior concreci\u00f3n, especializaci\u00f3n e afondamento, sobre a base da habitualidade con que os seus temas e contidos se presentan na pr\u00e1ctica.<\/p>\n<p>Ao mesmo tempo, tr\u00e1tase de que o alumno te\u00f1a xa un primeiro contacto co mundo profesional exterior, mediante a realizaci\u00f3n de dous breves per\u00edodos de pr\u00e1cticas externas. Un l\u00e9vase a cabo nas asesor\u00edas e gabinetes xur\u00eddicos das diferentes administraci\u00f3ns p\u00fablicas, que lle posibiliten co\u00f1ecer a armaz\u00f3n da Administraci\u00f3n por dentro e, en particular, o labor dos seus letrados e asesores xur\u00eddicos. Esta primeira experiencia profesional permitir\u00e1 ao alumno co\u00f1ecer a forma de resolver os conflitos xur\u00eddicos que emprega a Administraci\u00f3n, e que, con gran probabilidade, ser\u00e1 un dos seus \u00e1mbitos de traballo durante o exercicio profesional. O outro de desenvolve en \u00f3rganos xurisdicionais, co fin de co\u00f1ecer in situ como se desenvolven os procesos e o traballo dos \u00f3rganos xurisdicionais, que tam\u00e9n van constitu\u00edr un dos seus campos m\u00e1is habituais de traballo e de relaci\u00f3n con compa\u00f1eiros e outros profesionais.<\/p>\n<p>Como se pode observar, a programaci\u00f3n pretende que o alumno avance nos co\u00f1ecementos de forma paulatina e organizada, de tal maneira que as competencias esixidas se adquiran de forma l\u00f3xica e sistem\u00e1tica, e que do mesmo modo se vaian alcanzando os obxectivos propostos. Igualmente, pret\u00e9ndese conectar xa dende os seus inicios o alumno co mundo profesional, mediante a facilitaci\u00f3n da realizaci\u00f3n de per\u00edodos breves de pr\u00e1cticas externas no segundo semestre.<\/p>\n<p>O terceiro semestre est\u00e1 dedicado, seguindo as orientaci\u00f3ns da ANECA neste sentido, na s\u00faa maior parte \u00e1 plena inserci\u00f3n do alumno no exercicio profesional, mediante a realizaci\u00f3n de dous amplos per\u00edodos de pr\u00e1cticas externas en despachos profesionais, posibilit\u00e1ndolle ao alumno po\u00f1er en valor e desenvolver os co\u00f1ecementos, t\u00e9cnicas, habilidades e actitudes adquiridas durante os dous semestres anteriores.<\/p>\n<p>Ins\u00edrese neste \u00faltimo semestre, tam\u00e9n o Traballo Fin de M\u00e1ster, que se pretende te\u00f1a un dobre car\u00e1cter: como ferramenta para comprobar a asimilaci\u00f3n dos co\u00f1ecementos, t\u00e9cnicas, habilidades e actitudes impartidas ao longo do M\u00e1ster e como medio para comprobar a capacidade de investigaci\u00f3n, interdisciplinariedade, soluci\u00f3n de problemas\u2026 do alumno. A Coordinaci\u00f3n do M\u00e1ster far\u00e1 cada curso unha oferta de traballos, tendo en conta os contidos formativos inclu\u00eddos no plan de estudos e de titores.<\/p>\n<ol>\n<li><strong>A) M\u00f3dulos e materias<\/strong><\/li>\n<\/ol>\n<table>\n<thead>\n<tr>\n<td><strong>M\u00f3dulo<\/strong><\/td>\n<td><strong>Cr\u00e9ditos<\/strong><\/td>\n<td><strong>Car\u00e1cter<\/strong><\/td>\n<td><strong>Semestre<\/strong><\/td>\n<\/tr>\n<\/thead>\n<tbody>\n<tr>\n<td>I. Introduci\u00f3n ao exercicio profesional e deontolox\u00eda<\/td>\n<td>12.00<\/td>\n<td>OB<\/td>\n<td>1\u00ba e 2\u00ba<\/td>\n<\/tr>\n<tr>\n<td>II. Pr\u00e1ctica Xur\u00eddica<\/td>\n<td>42.00<\/td>\n<td>OB<\/td>\n<td>1\u00ba e 2\u00ba<\/td>\n<\/tr>\n<tr>\n<td>III. Pr\u00e1cticas Externas<\/td>\n<td>30.00<\/td>\n<td>OB<\/td>\n<td>2\u00ba e 3\u00ba<\/td>\n<\/tr>\n<tr>\n<td>IV. Traballo Fin de M\u00e1ster<\/td>\n<td>6.00<\/td>\n<td>OB<\/td>\n<td>3\u00ba<\/td>\n<\/tr>\n<\/tbody>\n<\/table>\n<p>P3341M01 M\u00f3dulo I: Introduci\u00f3n ao exercicio profesional e deontolox\u00eda<\/p>\n<table>\n<thead>\n<tr>\n<td><strong>C\u00f3digo<\/strong><\/td>\n<td><strong>Nome<\/strong><\/td>\n<td><strong>Cr\u00e9ditos<\/strong><\/td>\n<td><strong>Car\u00e1cter<\/strong><\/td>\n<td><strong>Per\u00edodo<\/strong><\/td>\n<td><strong>Curso<\/strong><\/td>\n<td><strong>Docencia<\/strong><\/td>\n<\/tr>\n<\/thead>\n<tbody>\n<tr>\n<td>P3341101<\/td>\n<td><a href=\"http:\/\/www.usc.es\/gl\/centros\/dereito\/materia.html?materia=88757&amp;ano=65\">Introduci\u00f3n ao exercicio profesional e quenda de oficio<\/a><\/td>\n<td>3.00<\/td>\n<td>OB<\/td>\n<td>1SG<\/td>\n<td>1<\/td>\n<td>OFERTA.1<\/td>\n<\/tr>\n<tr>\n<td>P3341102<\/td>\n<td><a href=\"http:\/\/www.usc.es\/gl\/centros\/dereito\/materia.html?materia=88760&amp;ano=65\">Deontolox\u00eda profesional e r\u00e9xime de responsabilidade<\/a><\/td>\n<td>3.00<\/td>\n<td>OB<\/td>\n<td>1SG<\/td>\n<td>1<\/td>\n<td>OFERTA.1<\/td>\n<\/tr>\n<tr>\n<td>P3341103<\/td>\n<td><a href=\"http:\/\/www.usc.es\/gl\/centros\/dereito\/materia.html?materia=88761&amp;ano=65\">Xesti\u00f3ns profesionais e medios alternativos de soluci\u00f3n de conflitos<\/a><\/td>\n<td>3.00<\/td>\n<td>OB<\/td>\n<td>2SG<\/td>\n<td>1<\/td>\n<td>OFERTA.1<\/td>\n<\/tr>\n<tr>\n<td>P3341104<\/td>\n<td><a href=\"http:\/\/www.usc.es\/gl\/centros\/dereito\/materia.html?materia=88762&amp;ano=65\">Escritura e oratoria forense<\/a><\/td>\n<td>3.00<\/td>\n<td>OB<\/td>\n<td>1SG<\/td>\n<td>1<\/td>\n<td>OFERTA.1<\/td>\n<\/tr>\n<\/tbody>\n<\/table>\n<p>P3341M02 M\u00f3dulo II: Pr\u00e1ctica Xur\u00eddica<\/p>\n<table>\n<thead>\n<tr>\n<td><strong>C\u00f3digo<\/strong><\/td>\n<td><strong>Nome<\/strong><\/td>\n<td><strong>Cr\u00e9ditos<\/strong><\/td>\n<td><strong>Car\u00e1cter<\/strong><\/td>\n<td><strong>Per\u00edodo<\/strong><\/td>\n<td><strong>Curso<\/strong><\/td>\n<td><strong>Docencia<\/strong><\/td>\n<\/tr>\n<\/thead>\n<tbody>\n<tr>\n<td>P3341105<\/td>\n<td><a href=\"http:\/\/www.usc.es\/gl\/centros\/dereito\/materia.html?materia=88763&amp;ano=65\">Pr\u00e1ctica xur\u00eddica civil I<\/a><\/td>\n<td>6.00<\/td>\n<td>OB<\/td>\n<td>1SG<\/td>\n<td>1<\/td>\n<td>OFERTA.1<\/td>\n<\/tr>\n<tr>\n<td>P3341106<\/td>\n<td><a href=\"http:\/\/www.usc.es\/gl\/centros\/dereito\/materia.html?materia=88764&amp;ano=65\">Pr\u00e1ctica xur\u00eddica civil II<\/a><\/td>\n<td>6.00<\/td>\n<td>OB<\/td>\n<td>2SG<\/td>\n<td>1<\/td>\n<td>OFERTA.1<\/td>\n<\/tr>\n<tr>\n<td>P3341107<\/td>\n<td><a href=\"http:\/\/www.usc.es\/gl\/centros\/dereito\/materia.html?materia=88765&amp;ano=65\">Pr\u00e1ctica xur\u00eddica mercantil<\/a><\/td>\n<td>4.50<\/td>\n<td>OB<\/td>\n<td>1SG<\/td>\n<td>1<\/td>\n<td>OFERTA.1<\/td>\n<\/tr>\n<tr>\n<td>P3341108<\/td>\n<td><a href=\"http:\/\/www.usc.es\/gl\/centros\/dereito\/materia.html?materia=88766&amp;ano=65\">Pr\u00e1ctica xur\u00eddica laboral I<\/a><\/td>\n<td>3.00<\/td>\n<td>OB<\/td>\n<td>1SG<\/td>\n<td>1<\/td>\n<td>OFERTA.1<\/td>\n<\/tr>\n<tr>\n<td>P3341109<\/td>\n<td><a href=\"http:\/\/www.usc.es\/gl\/centros\/dereito\/materia.html?materia=88767&amp;ano=65\">Pr\u00e1ctica xur\u00eddica laboral II<\/a><\/td>\n<td>3.00<\/td>\n<td>OB<\/td>\n<td>2SG<\/td>\n<td>1<\/td>\n<td>OFERTA.1<\/td>\n<\/tr>\n<tr>\n<td>P3341110<\/td>\n<td><a href=\"http:\/\/www.usc.es\/gl\/centros\/dereito\/materia.html?materia=88768&amp;ano=65\">Pr\u00e1ctica xur\u00eddica administrativa I<\/a><\/td>\n<td>3.00<\/td>\n<td>OB<\/td>\n<td>1SG<\/td>\n<td>1<\/td>\n<td>OFERTA.1<\/td>\n<\/tr>\n<tr>\n<td>P3341111<\/td>\n<td><a href=\"http:\/\/www.usc.es\/gl\/centros\/dereito\/materia.html?materia=88769&amp;ano=65\">Pr\u00e1ctica xur\u00eddica administrativa II<\/a><\/td>\n<td>6.00<\/td>\n<td>OB<\/td>\n<td>2SG<\/td>\n<td>1<\/td>\n<td>OFERTA.1<\/td>\n<\/tr>\n<tr>\n<td>P3341112<\/td>\n<td><a href=\"http:\/\/www.usc.es\/gl\/centros\/dereito\/materia.html?materia=88770&amp;ano=65\">Pr\u00e1ctica xur\u00eddica penal I<\/a><\/td>\n<td>4.50<\/td>\n<td>OB<\/td>\n<td>1SG<\/td>\n<td>1<\/td>\n<td>OFERTA.1<\/td>\n<\/tr>\n<tr>\n<td>P3341113<\/td>\n<td><a href=\"http:\/\/www.usc.es\/gl\/centros\/dereito\/materia.html?materia=88771&amp;ano=65\">Pr\u00e1ctica xur\u00eddica penal II<\/a><\/td>\n<td>3.00<\/td>\n<td>OB<\/td>\n<td>2SG<\/td>\n<td>1<\/td>\n<td>OFERTA.1<\/td>\n<\/tr>\n<tr>\n<td>P3341114<\/td>\n<td><a href=\"http:\/\/www.usc.es\/gl\/centros\/dereito\/materia.html?materia=88772&amp;ano=65\">Pr\u00e1ctica xur\u00eddica tributaria, constitucional, internacional e da Uni\u00f3n Europea<\/a><\/td>\n<td>3.00<\/td>\n<td>OB<\/td>\n<td>2SG<\/td>\n<td>1<\/td>\n<td>OFERTA.1<\/td>\n<\/tr>\n<\/tbody>\n<\/table>\n<p>P3341M03 M\u00f3dulo III: Pr\u00e1cticas Externas<\/p>\n<table>\n<thead>\n<tr>\n<td><strong>C\u00f3digo<\/strong><\/td>\n<td><strong>Nome<\/strong><\/td>\n<td><strong>Cr\u00e9ditos<\/strong><\/td>\n<td><strong>Car\u00e1cter<\/strong><\/td>\n<td><strong>Per\u00edodo<\/strong><\/td>\n<td><strong>Curso<\/strong><\/td>\n<td><strong>Docencia<\/strong><\/td>\n<\/tr>\n<\/thead>\n<tbody>\n<tr>\n<td>P3341115<\/td>\n<td><a href=\"http:\/\/www.usc.es\/gl\/centros\/dereito\/materia.html?materia=88773&amp;ano=65\">Pr\u00e1cticas externas en administraci\u00f3ns p\u00fablicas<\/a><\/td>\n<td>3.00<\/td>\n<td>OB<\/td>\n<td>2SG<\/td>\n<td>1<\/td>\n<td>OFERTA.1<\/td>\n<\/tr>\n<tr>\n<td>P3341116<\/td>\n<td><a href=\"http:\/\/www.usc.es\/gl\/centros\/dereito\/materia.html?materia=88774&amp;ano=65\">Pr\u00e1cticas externas en \u00f3rganos xurisdicionais<\/a><\/td>\n<td>3.00<\/td>\n<td>OB<\/td>\n<td>2SG<\/td>\n<td>1<\/td>\n<td>OFERTA.1<\/td>\n<\/tr>\n<tr>\n<td>P3341117<\/td>\n<td><a href=\"http:\/\/www.usc.es\/gl\/centros\/dereito\/materia.html?materia=99265&amp;ano=65\">Pr\u00e1cticas externas en despachos de avogados (I)<\/a><\/td>\n<td>12.00<\/td>\n<td>OB<\/td>\n<td>1SG<\/td>\n<td>2<\/td>\n<td>NI\/NM<\/td>\n<\/tr>\n<tr>\n<td>P3341118<\/td>\n<td><a href=\"http:\/\/www.usc.es\/gl\/centros\/dereito\/materia.html?materia=99266&amp;ano=65\">Pr\u00e1cticas externas en despachos de avogados (II)<\/a><\/td>\n<td>12.00<\/td>\n<td>OB<\/td>\n<td>1SG<\/td>\n<td>2<\/td>\n<td>NI\/NM<\/td>\n<\/tr>\n<\/tbody>\n<\/table>\n<p>P3341M04 M\u00f3dulo IV: Traballo Fin de M\u00e1ster<\/p>\n<table>\n<thead>\n<tr>\n<td><strong>C\u00f3digo<\/strong><\/td>\n<td><strong>Nome<\/strong><\/td>\n<td><strong>Cr\u00e9ditos<\/strong><\/td>\n<td><strong>Car\u00e1cter<\/strong><\/td>\n<td><strong>Per\u00edodo<\/strong><\/td>\n<td><strong>Curso<\/strong><\/td>\n<td><strong>Docencia<\/strong><\/td>\n<\/tr>\n<\/thead>\n<tbody>\n<tr>\n<td>P3341119<\/td>\n<td><a href=\"http:\/\/www.usc.es\/gl\/centros\/dereito\/materia.html?materia=99267&amp;ano=65\">Traballo Fin de M\u00e1ster<\/a><\/td>\n<td>6.00<\/td>\n<td>OB<\/td>\n<td>TFGM<\/td>\n<td>2<\/td>\n<td>NI\/NM<\/td>\n<\/tr>\n<\/tbody>\n<\/table>\n<p><strong>Lenda<br \/>\n1SG<\/strong>: 1\u00ba Semestre de Titulaci\u00f3ns de Grao\/M\u00e1ster<br \/>\n<strong>2SG<\/strong>: 2\u00ba Semestre de Titulaci\u00f3ns de Grao\/M\u00e1ster<br \/>\n<strong>OB<\/strong>: Obrigatoria<br \/>\n<strong>OFERTA.1:<\/strong> Primeiro Curso (1\u00ba 1\u00aa vez)<br \/>\n<strong>NINM<\/strong>: Sen Docencia (Non Implantada)\/Non Matriculable<\/p>\n<ol>\n<li><strong>B)\u00a0Distribuci\u00f3n das materias por semestres<\/strong><\/li>\n<\/ol>\n<p><strong>Primer semestre (1\u00ba ano)<\/strong><\/p>\n<ul>\n<li><a href=\"http:\/\/www.usc.es\/gl\/centros\/dereito\/materia.html?materia=88757&amp;ano=65\">Introduci\u00f3n ao exercicio profesional e quenda de oficio<\/a><\/li>\n<li><a href=\"http:\/\/www.usc.es\/gl\/centros\/dereito\/materia.html?materia=88760&amp;ano=65\">Deontolox\u00eda profesional e r\u00e9xime de responsabilidade<\/a><\/li>\n<li><a href=\"http:\/\/www.usc.es\/gl\/centros\/dereito\/materia.html?materia=88762&amp;ano=65\">Escritura e oratoria forense<\/a><\/li>\n<li><a href=\"http:\/\/www.usc.es\/gl\/centros\/dereito\/materia.html?materia=88763&amp;ano=65\">Pr\u00e1ctica xur\u00eddica civil I<\/a><\/li>\n<li><a href=\"http:\/\/www.usc.es\/gl\/centros\/dereito\/materia.html?materia=88765&amp;ano=65\">Pr\u00e1ctica xur\u00eddica mercantil<\/a><\/li>\n<li><a href=\"http:\/\/www.usc.es\/gl\/centros\/dereito\/materia.html?materia=88766&amp;ano=65\">Pr\u00e1ctica xur\u00eddica laboral I<\/a><\/li>\n<li><a href=\"http:\/\/www.usc.es\/gl\/centros\/dereito\/materia.html?materia=88768&amp;ano=65\">Pr\u00e1ctica xur\u00eddica administrativa I<\/a><\/li>\n<li><a href=\"http:\/\/www.usc.es\/gl\/centros\/dereito\/materia.html?materia=88770&amp;ano=65\">Pr\u00e1ctica xur\u00eddica penal I<\/a><\/li>\n<\/ul>\n<p><strong>Segundo semestre (1\u00ba ano)<\/strong><\/p>\n<ul>\n<li><a href=\"http:\/\/www.usc.es\/gl\/centros\/dereito\/materia.html?materia=88761&amp;ano=65\">Xesti\u00f3ns profesionais e medios alternativos de soluci\u00f3n de conflitos<\/a><\/li>\n<li><a href=\"http:\/\/www.usc.es\/gl\/centros\/dereito\/materia.html?materia=88764&amp;ano=65\">Pr\u00e1ctica xur\u00eddica civil II<\/a><\/li>\n<li><a href=\"http:\/\/www.usc.es\/gl\/centros\/dereito\/materia.html?materia=88767&amp;ano=65\">Pr\u00e1ctica xur\u00eddica laboral II<\/a><\/li>\n<li><a href=\"http:\/\/www.usc.es\/gl\/centros\/dereito\/materia.html?materia=88769&amp;ano=65\">Pr\u00e1ctica xur\u00eddica administrativa II<\/a><\/li>\n<li><a href=\"http:\/\/www.usc.es\/gl\/centros\/dereito\/materia.html?materia=88771&amp;ano=65\">Pr\u00e1ctica xur\u00eddica penal II<\/a><\/li>\n<li><a href=\"http:\/\/www.usc.es\/gl\/centros\/dereito\/materia.html?materia=88772&amp;ano=65\">Pr\u00e1ctica xur\u00eddica tributaria, constitucional, internacional e da Uni\u00f3n Europea<\/a><\/li>\n<li><a href=\"http:\/\/www.usc.es\/gl\/centros\/dereito\/materia.html?materia=88773&amp;ano=65\">Pr\u00e1cticas externas en administraci\u00f3ns p\u00fablicas<\/a><\/li>\n<li><a href=\"http:\/\/www.usc.es\/gl\/centros\/dereito\/materia.html?materia=88774&amp;ano=65\">Pr\u00e1cticas externas en \u00f3rganos xurisdicionais<\/a><\/li>\n<\/ul>\n<p><strong>Primer semestre (2\u00ba ano)<\/strong><\/p>\n<ul>\n<li><a href=\"http:\/\/www.usc.es\/gl\/centros\/dereito\/materia.html?materia=99265&amp;ano=66\">Pr\u00e1cticas externas en despachos de avogados I<\/a><\/li>\n<li><a href=\"http:\/\/www.usc.es\/gl\/centros\/dereito\/materia.html?materia=99266&amp;ano=66\">Pr\u00e1cticas externas en despachos de avogados II<\/a><\/li>\n<li><a href=\"http:\/\/www.usc.es\/gl\/centros\/dereito\/materia.html?materia=99267&amp;ano=66\">Traballo Fin de M\u00e1ster<\/a><\/li>\n<\/ul>\n<ol>\n<li><strong><em>C)\u00a0Gu\u00eda docente de cada materia<\/em><\/strong><\/li>\n<\/ol>\n<p>Consultar o apartado \u201cM\u00f3dulos e materias\u201d da web\u00a0para acceder \u00e1s gu\u00edas docentes<\/p>\n<p>[\/et_pb_text][\/et_pb_column][\/et_pb_row][\/et_pb_section]<\/p>\n","protected":false},"excerpt":{"rendered":"<p>M\u00e1ster oficial en Avogac\u00eda 2014-2016 Os 90 ECTS da titulaci\u00f3n distrib\u00faense en\u00a019 materias obrigatorias, que \u00e1 s\u00faa vez se agrupan en\u00a0catro m\u00f3dulos, os dous primeiros forman parte do \u201ccurso de formaci\u00f3n\u201d, o terceiro agrupa as \u201cpr\u00e1cticas externas\u201d, e no cuarto sit\u00faase o \u201ctraballo de fin de m\u00e1ster\u201d. Os contidos e a duraci\u00f3n dos m\u00f3dulos garda [&hellip;]<\/p>\n","protected":false},"author":1,"featured_media":0,"parent":2338,"menu_order":8,"comment_status":"closed","ping_status":"closed","template":"","meta":{"_et_pb_use_builder":"on","_et_pb_old_content":"","_et_gb_content_width":"","footnotes":""},"class_list":["post-1916","page","type-page","status-publish","hentry"],"_links":{"self":[{"href":"https:\/\/epxsantiago.org\/index.php\/wp-json\/wp\/v2\/pages\/1916","targetHints":{"allow":["GET"]}}],"collection":[{"href":"https:\/\/epxsantiago.org\/index.php\/wp-json\/wp\/v2\/pages"}],"about":[{"href":"https:\/\/epxsantiago.org\/index.php\/wp-json\/wp\/v2\/types\/page"}],"author":[{"embeddable":true,"href":"https:\/\/epxsantiago.org\/index.php\/wp-json\/wp\/v2\/users\/1"}],"replies":[{"embeddable":true,"href":"https:\/\/epxsantiago.org\/index.php\/wp-json\/wp\/v2\/comments?post=1916"}],"version-history":[{"count":2,"href":"https:\/\/epxsantiago.org\/index.php\/wp-json\/wp\/v2\/pages\/1916\/revisions"}],"predecessor-version":[{"id":1930,"href":"https:\/\/epxsantiago.org\/index.php\/wp-json\/wp\/v2\/pages\/1916\/revisions\/1930"}],"up":[{"embeddable":true,"href":"https:\/\/epxsantiago.org\/index.php\/wp-json\/wp\/v2\/pages\/2338"}],"wp:attachment":[{"href":"https:\/\/epxsantiago.org\/index.php\/wp-json\/wp\/v2\/media?parent=1916"}],"curies":[{"name":"wp","href":"https:\/\/api.w.org\/{rel}","templated":true}]}}