{"id":1920,"date":"2017-04-11T13:00:10","date_gmt":"2017-04-11T13:00:10","guid":{"rendered":"http:\/\/epxsantiago.org\/?page_id=1920"},"modified":"2017-08-24T08:55:52","modified_gmt":"2017-08-24T08:55:52","slug":"obxectivos","status":"publish","type":"page","link":"https:\/\/epxsantiago.org\/index.php\/mua-2014-2016\/obxectivos","title":{"rendered":"OBXECTIVOS"},"content":{"rendered":"<p>[et_pb_section bb_built=\u00bb1&#8243; admin_label=\u00bbSecci\u00f3n\u00bb fullwidth=\u00bbon\u00bb specialty=\u00bboff\u00bb][et_pb_fullwidth_image admin_label=\u00bbImagen de anchura completa\u00bb src=\u00bbhttp:\/\/epxsantiago.org\/wp-content\/uploads\/2017\/04\/DSC_9643-e1491402417374.jpg\u00bb show_in_lightbox=\u00bboff\u00bb url_new_window=\u00bboff\u00bb use_overlay=\u00bboff\u00bb animation=\u00bbleft\u00bb use_border_color=\u00bboff\u00bb border_color=\u00bb#ffffff\u00bb border_style=\u00bbsolid\u00bb \/][\/et_pb_section][et_pb_section bb_built=\u00bb1&#8243; admin_label=\u00bbSecci\u00f3n\u00bb fullwidth=\u00bboff\u00bb specialty=\u00bboff\u00bb transparent_background=\u00bboff\u00bb allow_player_pause=\u00bboff\u00bb inner_shadow=\u00bboff\u00bb parallax=\u00bboff\u00bb parallax_method=\u00bbon\u00bb custom_padding=\u00bb0px|||\u00bb make_fullwidth=\u00bboff\u00bb use_custom_width=\u00bboff\u00bb width_unit=\u00bbon\u00bb make_equal=\u00bboff\u00bb use_custom_gutter=\u00bboff\u00bb][et_pb_row admin_label=\u00bbFila\u00bb make_fullwidth=\u00bboff\u00bb use_custom_width=\u00bboff\u00bb width_unit=\u00bbon\u00bb use_custom_gutter=\u00bboff\u00bb custom_padding=\u00bb20px||0px|\u00bb allow_player_pause=\u00bboff\u00bb parallax=\u00bboff\u00bb parallax_method=\u00bbon\u00bb make_equal=\u00bboff\u00bb parallax_1=\u00bboff\u00bb parallax_method_1=\u00bboff\u00bb parallax_2=\u00bboff\u00bb parallax_method_2=\u00bboff\u00bb][et_pb_column type=\u00bb1_4&#8243;][\/et_pb_column][et_pb_column type=\u00bb3_4&#8243;][et_pb_text admin_label=\u00bbTexto\u00bb background_layout=\u00bblight\u00bb text_orientation=\u00bbcenter\u00bb use_border_color=\u00bboff\u00bb border_color=\u00bb#ffffff\u00bb border_style=\u00bbsolid\u00bb]<\/p>\n<h1>M\u00e1ster oficial en Avogac\u00eda 2014-2016<\/h1>\n<p>[\/et_pb_text][et_pb_post_title admin_label=\u00bbT\u00edtulo de pagina\u00bb title=\u00bbon\u00bb meta=\u00bboff\u00bb author=\u00bbon\u00bb date=\u00bbon\u00bb categories=\u00bbon\u00bb comments=\u00bbon\u00bb featured_image=\u00bboff\u00bb featured_placement=\u00bbbelow\u00bb parallax_effect=\u00bboff\u00bb parallax_method=\u00bbon\u00bb text_orientation=\u00bbcenter\u00bb text_color=\u00bbdark\u00bb text_background=\u00bboff\u00bb text_bg_color=\u00bbrgba(255,255,255,0.9)\u00bb use_border_color=\u00bboff\u00bb border_color=\u00bb#ffffff\u00bb border_style=\u00bbsolid\u00bb title_font_size=\u00bb22px\u00bb custom_margin=\u00bb||0px|\u00bb custom_padding=\u00bb||0px|\u00bb \/][\/et_pb_column][\/et_pb_row][\/et_pb_section][et_pb_section bb_built=\u00bb1&#8243; admin_label=\u00bbSecci\u00f3n\u00bb fullwidth=\u00bboff\u00bb specialty=\u00bboff\u00bb transparent_background=\u00bboff\u00bb allow_player_pause=\u00bboff\u00bb inner_shadow=\u00bboff\u00bb parallax=\u00bboff\u00bb parallax_method=\u00bbon\u00bb custom_padding=\u00bb0px|||\u00bb make_fullwidth=\u00bboff\u00bb use_custom_width=\u00bboff\u00bb width_unit=\u00bbon\u00bb make_equal=\u00bboff\u00bb use_custom_gutter=\u00bboff\u00bb][et_pb_row admin_label=\u00bbFila\u00bb make_fullwidth=\u00bboff\u00bb use_custom_width=\u00bboff\u00bb width_unit=\u00bbon\u00bb use_custom_gutter=\u00bboff\u00bb custom_padding=\u00bb||0px|\u00bb custom_margin=\u00bb||0px|\u00bb allow_player_pause=\u00bboff\u00bb parallax=\u00bboff\u00bb parallax_method=\u00bbon\u00bb make_equal=\u00bboff\u00bb parallax_1=\u00bboff\u00bb parallax_method_1=\u00bboff\u00bb padding_bottom_1=\u00bb0px\u00bb parallax_2=\u00bboff\u00bb parallax_method_2=\u00bboff\u00bb][et_pb_column type=\u00bb1_4&#8243;][et_pb_sidebar admin_label=\u00bbBarra lateral\u00bb orientation=\u00bbleft\u00bb area=\u00bbet_pb_widget_area_13&#8243; background_layout=\u00bblight\u00bb remove_border=\u00bboff\u00bb \/][\/et_pb_column][et_pb_column type=\u00bb3_4&#8243;][et_pb_text admin_label=\u00bbTexto\u00bb global_parent=\u00bb824&#8243; background_layout=\u00bblight\u00bb text_orientation=\u00bbjustified\u00bb use_border_color=\u00bboff\u00bb border_color=\u00bb#ffffff\u00bb border_style=\u00bbsolid\u00bb]<\/p>\n<p>O M\u00e1ster universitario en Avogac\u00eda ten como orientaci\u00f3n xeral a transmisi\u00f3n ao alumno dos co\u00f1ecementos, competencias, aptitudes, habilidades e destrezas que lle permitan:<\/p>\n<ul>\n<li>\u00a0O exercicio da profesi\u00f3n de avogado, con suxeici\u00f3n \u00e1s normas deontol\u00f3xicas e estatutarias, nos \u00e1mbitos que lle son propios: asesoramento e consello xur\u00eddico, e direcci\u00f3n e defensa dos dereitos das partes en toda clase de procesos xudiciais e de actuaci\u00f3ns extraxudiciais nos que a normativa vixente impo\u00f1a ou faculte a intervenci\u00f3n de avogado.<\/li>\n<li>\u00a0Manexar con eficacia, responsabilidade e seguridade as t\u00e9cnicas e modos de actuaci\u00f3n profesional propios da avogac\u00eda.<\/li>\n<li>Adquirir unha mec\u00e1nica de razoamento xur\u00eddico e, en consecuencia, obter unha base xen\u00e9rica da pr\u00e1ctica xur\u00eddica en todas as materias propias do dereito positivo, para que simult\u00e1nea e paulatinamente poida aspirar \u00e1 especializaci\u00f3n.<\/li>\n<li>Adquirir contactos profesionais que lles posibiliten introducirse na profesi\u00f3n da man de compa\u00f1eiros m\u00e1is experimentados, ao tempo que propician o achegamento entre os avogados novos e os m\u00e1is veteranos, o que desemboca en colaboraci\u00f3ns profesionais futuras.<\/li>\n<\/ul>\n<p>Partindo destes obxectivos, establ\u00e9cense as competencias b\u00e1sicas, xerais, transversais e espec\u00edficas que se desenvolven a continuaci\u00f3n.<\/p>\n<ol>\n<li><strong>A)\u00a0Competencias b\u00e1sicas<\/strong><\/li>\n<\/ol>\n<p><strong>CB1<\/strong>.\u00a0Ter adquirido co\u00f1ecementos avanzados e ter demostrado, no contexto do exercicio da avogac\u00eda, unha comprensi\u00f3n detallada e fundamentada dos aspectos te\u00f3ricos e pr\u00e1cticos e da metodolox\u00eda de traballo.<\/p>\n<p><strong>CB2.<\/strong>\u00a0Saber aplicar e integrar os seus co\u00f1ecementos, a comprensi\u00f3n destes, a s\u00faa fundamentaci\u00f3n e as s\u00faas capacidades de resoluci\u00f3n de problemas en \u00e1mbitos novos e definidos de forma imprecisa, inclu\u00edndo contextos de car\u00e1cter multidisciplinar profesionais altamente especializados.<\/p>\n<p><strong>CB3.<\/strong>\u00a0Saber avaliar e seleccionar a teor\u00eda axeitada e a metodolox\u00eda precisa para formular xu\u00edzos a partir de informaci\u00f3n incompleta ou limitada, inclu\u00edndo, cando sexa preciso, unha reflexi\u00f3n sobre a responsabilidade social e deontol\u00f3xica ligada \u00e1 soluci\u00f3n que se propo\u00f1a en cada caso.<\/p>\n<p><strong>CB4<\/strong>.\u00a0Ser capaces de predicir e controlar a evoluci\u00f3n de situaci\u00f3ns complexas mediante o desenvolvemento de novas metodolox\u00edas de traballo, adaptadas ao \u00e1mbito profesional da avogac\u00eda.<\/p>\n<p><strong>CB5.<\/strong> \u00a0 Saber transmitir de modo claro e sen ambig\u00fcidades a un p\u00fablico, especializado ou, non as s\u00faas conclusi\u00f3ns, co\u00f1ecementos e raz\u00f3ns \u00faltimas que as sustentan.<\/p>\n<p><strong>CB6.<\/strong>\u00a0Ser capaces de asumir a responsabilidade do seu propio desenvolvemento profesional e da s\u00faa especializaci\u00f3n nun ou m\u00e1is campos de actuaci\u00f3n.<\/p>\n<ol>\n<li><strong>B)\u00a0Competencias xerais<\/strong><\/li>\n<\/ol>\n<p><strong>CX1.<\/strong> \u00a0 Capacidade de traballo en equipo e de relaci\u00f3n interpersoal nun contexto profesional.<\/p>\n<p><strong>CX2.<\/strong>\u00a0Capacidade de iniciativa, creatividade, liderado, adaptaci\u00f3n a novas situaci\u00f3ns e esp\u00edrito de superaci\u00f3n.<\/p>\n<p><strong>CX3.<\/strong>\u00a0Motivaci\u00f3n pola calidade e a excelencia profesional. CG4. Capacidade de organizaci\u00f3n e planificaci\u00f3n.<\/p>\n<p><strong>CX5.<\/strong>\u00a0Compromiso \u00e9tico e deontol\u00f3xico analizado, ademais, dende unha perspectiva solidaria.<\/p>\n<p><strong>CX6.<\/strong>\u00a0Capacidade de obtenci\u00f3n e xesti\u00f3n da informaci\u00f3n. CG7. Capacidade de comprensi\u00f3n, an\u00e1lise e s\u00edntese.<\/p>\n<p><strong>CX7.<\/strong>\u00a0Capacidade de comprensi\u00f3n, an\u00e1lise e s\u00edntese.<\/p>\n<p><strong>CX8.<\/strong>\u00a0Capacidade de resoluci\u00f3n de problemas.<\/p>\n<p><strong>CX9.<\/strong>\u00a0Desenvolvemento dos principios de lealdade e confidencialidade.<\/p>\n<p><strong>CX10.<\/strong> Capacidade de argumentar tanto de forma oral como escrita, cunha linguaxe flu\u00edda e t\u00e9cnica, utilizando termos xur\u00eddicos, precisos, claros e comprensibles.<\/p>\n<p><strong>CX11.<\/strong> Desenvolvemento dun esp\u00edrito cr\u00edtico, l\u00f3xico e creativo.<\/p>\n<p><strong>CX12.<\/strong>\u00a0Capacidade de manexo das tecnolox\u00edas da informaci\u00f3n e comunicaci\u00f3n no desenvolvemento da s\u00faa actividade laboral.<\/p>\n<ol>\n<li><strong>C)\u00a0Competencias transversais<\/strong><\/li>\n<\/ol>\n<p><strong>CT1.<\/strong>\u00a0Expresarse correctamente, tanto de forma oral coma escrita nas linguas oficiais da Comunidade Aut\u00f3noma.<\/p>\n<p><strong>CT2.<\/strong>\u00a0Utilizar as ferramentas b\u00e1sicas das tecnolox\u00edas da informaci\u00f3n e as comunicaci\u00f3ns necesarias para o exercicio da s\u00faa profesi\u00f3n e para a aprendizaxe ao longo da vida.<\/p>\n<p><strong>CT3.<\/strong>\u00a0Desenvolverse para o exercicio dunha cidadan\u00eda aberta, culta, comprometida, democr\u00e1tica e solidaria, capaz de analizar a realidade, diagnosticar problemas, formular e implantar soluci\u00f3ns baseada no co\u00f1ecemento e orientadas ao ben com\u00fan.<\/p>\n<p><strong>CT4.\u00a0<\/strong>Entender a importancia da cultura emprendedora e co\u00f1ecer os medios ao alcance das persoas emprendedoras.<\/p>\n<p><strong>CT5.\u00a0<\/strong>Valorar criticamente o co\u00f1ecemento, a tecnolox\u00eda e a informaci\u00f3n dispo\u00f1ible para resolver os problemas cos que deben enfrontarse.<\/p>\n<p><strong>CT6.<\/strong>\u00a0Asumir como profesional e cidad\u00e1n a importancia da aprendizaxe ao longo da vida.<\/p>\n<p><strong>CT7.<\/strong>\u00a0Valorar a importancia que ten a investigaci\u00f3n, a innovaci\u00f3n e o desenvolvemento tecnol\u00f3xico no avance socioecon\u00f3mico e cultural da sociedade.<\/p>\n<ol>\n<li><strong>D) Competencias espec\u00edficas<\/strong><\/li>\n<\/ol>\n<p>De acordo co art.\u00ba 10 do Real Decreto 775\/2011, os\u00a0cursos de formaci\u00f3n\u00a0para o acceso \u00e1 profesi\u00f3n de avogado garantir\u00e1n a adquisici\u00f3n polo menos das seguintes competencias profesionais:<\/p>\n<p><strong>CE1.<\/strong>\u00a0Posu\u00edr, comprender e desenvolver habilidades que posibiliten aplicar os co\u00f1ecementos acad\u00e9micos especializados adquiridos no grao \u00e1 realidade cambiante \u00e1 que se enfrontan os avogados para evitar situaci\u00f3ns de lesi\u00f3n, rego ou conflito en relaci\u00f3n aos intereses encomendados ou o seu exercicio profesional ante tribunais ou autoridades p\u00fablicas e nas funci\u00f3ns de asesoramento.<\/p>\n<p><strong>CE2.<\/strong>\u00a0Co\u00f1ecer as t\u00e9cnicas dirixidas \u00e1 indagaci\u00f3n e establecemento dos feitos nos distintos tipos de procedemento, especialmente a produci\u00f3n de documentos, os interrogatorios e as probas periciais.<\/p>\n<p><strong>CE3.<\/strong> \u00a0 Co\u00f1ecer e ser capaz de integrar a defensa dos dereitos dos clientes no marco dos sistemas de tutela xurisdicionais nacionais e internacionais.<\/p>\n<p><strong>CE4.<\/strong>\u00a0Co\u00f1ecer as diferentes t\u00e9cnicas de composici\u00f3n de intereses e saber encontrar soluci\u00f3ns a problemas mediante m\u00e9todos alternativos \u00e1 v\u00eda xurisdicional.<\/p>\n<p><strong>CE5.\u00a0<\/strong>Co\u00f1ecer e saber aplicar os dereitos e deberes deontol\u00f3xicos profesionais nas relaci\u00f3ns do avogado co cliente, as outras partes, o tribunal ou autoridade p\u00fablica e entre avogados.<\/p>\n<p><strong>CE6.\u00a0<\/strong>Co\u00f1ecer e avaliar as distintas responsabilidades vinculadas ao exercicio da actividade profesional, inclu\u00edndo o funcionamento b\u00e1sico da asistencia xur\u00eddica gratu\u00edta e a promoci\u00f3n da responsabilidade do avogado<\/p>\n<p><strong>CE7.<\/strong>\u00a0Saber identificar os conflitos de intereses e co\u00f1ecer as t\u00e9cnicas para a s\u00faa resoluci\u00f3n, establecer o alcance do segredo profesional e da confidencialidade, e preservar ao independencia de criterio.<\/p>\n<p><strong>CE8.\u00a0<\/strong>Saber identificar os requirimentos de prestaci\u00f3n e organizaci\u00f3n determinantes para o asesoramento xur\u00eddico.<\/p>\n<p><strong>CE9.<\/strong>\u00a0Co\u00f1ecer e saber aplicar na pr\u00e1ctica o \u00e1mbito organizativo, de xesti\u00f3n e comercial da profesi\u00f3n de avogado, as\u00ed como o seu marco xur\u00eddico asociativo, fiscal, laboral e de protecci\u00f3n de datos de car\u00e1cter persoal.<\/p>\n<p><strong>CE10.\u00a0<\/strong>Desenvolver destrezas e habilidades para a elecci\u00f3n da estratexia correcta para a defensa dos dereitos dos clientes tendo en conta as esixencias dos distintos \u00e1mbitos da pr\u00e1ctica profesional.<\/p>\n<p><strong>CE11.<\/strong>\u00a0Desenvolver destrezas que permitan ao avogado mellorar a eficiencia se o seu traballo e potenciar o funcionamento global do equipo ou instituci\u00f3n en que o desenvolve mediante o acceso a fontes de informaci\u00f3n, o co\u00f1ecemento de idiomas, lle xesti\u00f3n do co\u00f1ecemento e o manexo de t\u00e9cnicas e ferramentas aplicadas.<\/p>\n<p><strong>CE12.<\/strong>\u00a0Co\u00f1ecer, saber organizar e planificar os recursos individuais e colectivos dispo\u00f1ibles para o exercicio nas s\u00faas distintas modalidades organizativas da profesi\u00f3n de avogado.<\/p>\n<p><strong>CE13.<\/strong>\u00a0Saber expo\u00f1er de forma oral e escrita feitos, e extraer argumentalmente consecuencias xur\u00eddicas, en atenci\u00f3n ao contexto e ao destinatario ao que vaian dirixidas, de acordo no seu caso coas modalidades propias de cada \u00e1mbito procedemental.<\/p>\n<p><strong>CE14.<\/strong>\u00a0Saber desenvolver traballos profesionais en equipos espec\u00edficos e interdisciplinares.<\/p>\n<p><strong>CE15.<\/strong>\u00a0Saber desenvolver habilidades e destrezas interpersoais, que faciliten o exercicio da profesi\u00f3n de avogado nas s\u00faas relaci\u00f3ns cos cidad\u00e1ns, con outros profesionais e coas instituci\u00f3ns.<\/p>\n<p>Pola s\u00faa banda, o art. 14.2 \u00ba do Real Decreto 775\/2011, fixa como obxectivos das\u00a0pr\u00e1cticas externas, entre outros, os seguintes:<\/p>\n<p><strong>CE16.<\/strong>\u00a0Enfrontarse a problemas deontol\u00f3xicos profesionais.<\/p>\n<p><strong>CE17.<\/strong>\u00a0Familiarizarse co funcionamento e a problem\u00e1tica de instituci\u00f3ns relacionadas co exercicio da profesi\u00f3n de avogado.<\/p>\n<p><strong>CE18.<\/strong>\u00a0Co\u00f1ecer a actividade doutros operadores xur\u00eddicos, as\u00ed como de profesionais relacionados co exercicio da profesi\u00f3n de avogado.<\/p>\n<p><strong>CE19.<\/strong>\u00a0Recibir informaci\u00f3n actualizada sobre o desenvolvemento da carreira profesional e as posibles li\u00f1as de actividade, as\u00ed como acerca dos instrumentos para a s\u00faa xesti\u00f3n.<\/p>\n<p><strong>CE20.<\/strong>\u00a0Desenvolver as competencias e habilidades necesarias para o exercicio profesional.<\/p>\n<p>\u00c1s devanditas competencias espec\u00edficas, cabe engadir:<\/p>\n<p><strong>CE21.<\/strong>\u00a0Co\u00f1ecer os distintos medios de investigaci\u00f3n e solvencia do contrario.<\/p>\n<p><strong>CE22.<\/strong>\u00a0Co\u00f1ecer o usus fori dos tribunais, organismos e oficinas p\u00fablicas propias do lugar.<\/p>\n<p><strong>CE23.\u00a0<\/strong>Dominio da terminolox\u00eda xur\u00eddica m\u00e1is usual.<\/p>\n<p><strong>CE24.<\/strong>\u00a0Co\u00f1ecemento das funci\u00f3ns propias do Avogado.<\/p>\n<p><strong>CE25.<\/strong>\u00a0Dominio da organizaci\u00f3n institucional e colexial da avogac\u00eda espa\u00f1ola, auton\u00f3mica e europea.<\/p>\n<p><strong>CE26.<\/strong>\u00a0Co\u00f1ecemento das condici\u00f3ns de acceso e exercicio da avogac\u00eda en Espa\u00f1a e en Europa e das distintas modalidades de exercicio profesional.<\/p>\n<p><strong>CE27.<\/strong>\u00a0Dominio do funcionamento dos servizos correspondentes de oficio, asistencia ao detido e de orientaci\u00f3n xur\u00eddica.<\/p>\n<p><strong>CE28.<\/strong>\u00a0Adquisici\u00f3n de noci\u00f3ns sobre recursos humanos, mercadotecnia, captaci\u00f3n e fidelizaci\u00f3n de clientes, comunicaci\u00f3n, direcci\u00f3n estrat\u00e9xica, xesti\u00f3n do tempo, direcci\u00f3n de equipos, e outras relacionadas coa xesti\u00f3n do despacho.<\/p>\n<p><strong>CE29.<\/strong>\u00a0An\u00e1lise e co\u00f1ecemento das normas orientadoras dos honorarios profesionais e dos criterios que as inspiran e dominio dos mecanismos m\u00e1is habituais para o cobramento de honorarios profesionais.<\/p>\n<p>[\/et_pb_text][\/et_pb_column][\/et_pb_row][\/et_pb_section]<\/p>\n","protected":false},"excerpt":{"rendered":"<p>M\u00e1ster oficial en Avogac\u00eda 2014-2016 O M\u00e1ster universitario en Avogac\u00eda ten como orientaci\u00f3n xeral a transmisi\u00f3n ao alumno dos co\u00f1ecementos, competencias, aptitudes, habilidades e destrezas que lle permitan: \u00a0O exercicio da profesi\u00f3n de avogado, con suxeici\u00f3n \u00e1s normas deontol\u00f3xicas e estatutarias, nos \u00e1mbitos que lle son propios: asesoramento e consello xur\u00eddico, e direcci\u00f3n e defensa [&hellip;]<\/p>\n","protected":false},"author":1,"featured_media":0,"parent":2338,"menu_order":6,"comment_status":"closed","ping_status":"closed","template":"","meta":{"_et_pb_use_builder":"on","_et_pb_old_content":"","_et_gb_content_width":"","footnotes":""},"class_list":["post-1920","page","type-page","status-publish","hentry"],"_links":{"self":[{"href":"https:\/\/epxsantiago.org\/index.php\/wp-json\/wp\/v2\/pages\/1920","targetHints":{"allow":["GET"]}}],"collection":[{"href":"https:\/\/epxsantiago.org\/index.php\/wp-json\/wp\/v2\/pages"}],"about":[{"href":"https:\/\/epxsantiago.org\/index.php\/wp-json\/wp\/v2\/types\/page"}],"author":[{"embeddable":true,"href":"https:\/\/epxsantiago.org\/index.php\/wp-json\/wp\/v2\/users\/1"}],"replies":[{"embeddable":true,"href":"https:\/\/epxsantiago.org\/index.php\/wp-json\/wp\/v2\/comments?post=1920"}],"version-history":[{"count":2,"href":"https:\/\/epxsantiago.org\/index.php\/wp-json\/wp\/v2\/pages\/1920\/revisions"}],"predecessor-version":[{"id":1931,"href":"https:\/\/epxsantiago.org\/index.php\/wp-json\/wp\/v2\/pages\/1920\/revisions\/1931"}],"up":[{"embeddable":true,"href":"https:\/\/epxsantiago.org\/index.php\/wp-json\/wp\/v2\/pages\/2338"}],"wp:attachment":[{"href":"https:\/\/epxsantiago.org\/index.php\/wp-json\/wp\/v2\/media?parent=1920"}],"curies":[{"name":"wp","href":"https:\/\/api.w.org\/{rel}","templated":true}]}}