{"id":2759,"date":"2018-06-15T14:04:45","date_gmt":"2018-06-15T14:04:45","guid":{"rendered":"http:\/\/epxsantiago.org\/?page_id=2759"},"modified":"2019-06-06T16:06:11","modified_gmt":"2019-06-06T16:06:11","slug":"practicas-en-concellos","status":"publish","type":"page","link":"https:\/\/epxsantiago.org\/index.php\/mua-2018-2020\/practicas-en-concellos","title":{"rendered":"PR\u00c1CTICAS EN CONCELLOS"},"content":{"rendered":"<p>[et_pb_section admin_label=\u00bbSecci\u00f3n\u00bb bb_built=\u00bb1&#8243; fullwidth=\u00bbon\u00bb specialty=\u00bboff\u00bb][et_pb_fullwidth_image admin_label=\u00bbImagen de anchura completa\u00bb src=\u00bbhttp:\/\/epxsantiago.org\/wp-content\/uploads\/2017\/04\/DSC_9643-e1491402417374.jpg\u00bb show_in_lightbox=\u00bboff\u00bb url_new_window=\u00bboff\u00bb use_overlay=\u00bboff\u00bb animation=\u00bbleft\u00bb use_border_color=\u00bboff\u00bb border_color=\u00bb#ffffff\u00bb border_style=\u00bbsolid\u00bb] [\/et_pb_fullwidth_image][\/et_pb_section][et_pb_section admin_label=\u00bbSecci\u00f3n\u00bb bb_built=\u00bb1&#8243; fullwidth=\u00bboff\u00bb specialty=\u00bboff\u00bb transparent_background=\u00bboff\u00bb allow_player_pause=\u00bboff\u00bb inner_shadow=\u00bboff\u00bb parallax=\u00bboff\u00bb parallax_method=\u00bbon\u00bb custom_padding=\u00bb0px|||\u00bb make_fullwidth=\u00bboff\u00bb use_custom_width=\u00bboff\u00bb width_unit=\u00bbon\u00bb make_equal=\u00bboff\u00bb use_custom_gutter=\u00bboff\u00bb][et_pb_row admin_label=\u00bbFila\u00bb make_fullwidth=\u00bboff\u00bb use_custom_width=\u00bboff\u00bb width_unit=\u00bbon\u00bb use_custom_gutter=\u00bboff\u00bb custom_padding=\u00bb20px||0px|\u00bb allow_player_pause=\u00bboff\u00bb parallax=\u00bboff\u00bb parallax_method=\u00bbon\u00bb make_equal=\u00bboff\u00bb parallax_1=\u00bboff\u00bb parallax_method_1=\u00bboff\u00bb parallax_2=\u00bboff\u00bb parallax_method_2=\u00bboff\u00bb][et_pb_column type=\u00bb1_4&#8243;][\/et_pb_column][et_pb_column type=\u00bb3_4&#8243;][et_pb_text admin_label=\u00bbTexto\u00bb background_layout=\u00bblight\u00bb text_orientation=\u00bbcenter\u00bb use_border_color=\u00bboff\u00bb border_color=\u00bb#ffffff\u00bb border_style=\u00bbsolid\u00bb]<\/p>\n<h1>M\u00e1ster oficial en Avogac\u00eda 2018-2020<\/h1>\n<p>[\/et_pb_text][et_pb_post_title admin_label=\u00bbT\u00edtulo de pagina\u00bb title=\u00bbon\u00bb meta=\u00bboff\u00bb author=\u00bbon\u00bb date=\u00bbon\u00bb categories=\u00bbon\u00bb comments=\u00bbon\u00bb featured_image=\u00bboff\u00bb featured_placement=\u00bbbelow\u00bb parallax_effect=\u00bboff\u00bb parallax_method=\u00bbon\u00bb text_orientation=\u00bbcenter\u00bb text_color=\u00bbdark\u00bb text_background=\u00bboff\u00bb text_bg_color=\u00bbrgba(255,255,255,0.9)\u00bb use_border_color=\u00bboff\u00bb border_color=\u00bb#ffffff\u00bb border_style=\u00bbsolid\u00bb title_font_size=\u00bb22px\u00bb custom_margin=\u00bb||0px|\u00bb custom_padding=\u00bb||0px|\u00bb] [\/et_pb_post_title][\/et_pb_column][\/et_pb_row][\/et_pb_section][et_pb_section admin_label=\u00bbSecci\u00f3n\u00bb bb_built=\u00bb1&#8243; fullwidth=\u00bboff\u00bb specialty=\u00bboff\u00bb transparent_background=\u00bboff\u00bb allow_player_pause=\u00bboff\u00bb inner_shadow=\u00bboff\u00bb parallax=\u00bboff\u00bb parallax_method=\u00bbon\u00bb custom_padding=\u00bb0px|||\u00bb make_fullwidth=\u00bboff\u00bb use_custom_width=\u00bboff\u00bb width_unit=\u00bbon\u00bb make_equal=\u00bboff\u00bb use_custom_gutter=\u00bboff\u00bb][et_pb_row admin_label=\u00bbFila\u00bb make_fullwidth=\u00bboff\u00bb use_custom_width=\u00bboff\u00bb width_unit=\u00bbon\u00bb use_custom_gutter=\u00bboff\u00bb custom_padding=\u00bb||0px|\u00bb custom_margin=\u00bb||0px|\u00bb allow_player_pause=\u00bboff\u00bb parallax=\u00bboff\u00bb parallax_method=\u00bbon\u00bb make_equal=\u00bboff\u00bb parallax_1=\u00bboff\u00bb parallax_method_1=\u00bboff\u00bb padding_bottom_1=\u00bb0px\u00bb parallax_2=\u00bboff\u00bb parallax_method_2=\u00bboff\u00bb][et_pb_column type=\u00bb1_4&#8243;][et_pb_sidebar admin_label=\u00bbBarra lateral\u00bb orientation=\u00bbleft\u00bb area=\u00bbet_pb_widget_area_15&#8243; background_layout=\u00bblight\u00bb remove_border=\u00bboff\u00bb] [\/et_pb_sidebar][\/et_pb_column][et_pb_column type=\u00bb3_4&#8243;][et_pb_text admin_label=\u00bbTexto\u00bb global_parent=\u00bb824&#8243; background_layout=\u00bblight\u00bb text_orientation=\u00bbjustified\u00bb use_border_color=\u00bboff\u00bb border_color=\u00bb#ffffff\u00bb border_style=\u00bbsolid\u00bb]<\/p>\n<p>Ao amparo do\u00a0<strong>Convenio de Colaboraci\u00f3n entre a Escola de Pr\u00e1ctica Xur\u00eddica e a Deputaci\u00f3n da Coru\u00f1a<\/strong>\u00a0para a realizaci\u00f3n de pr\u00e1cticas profesionais, existen<strong>\u00a020 prazas para realizar pr\u00e1cticas externas voluntarias en concellos<\/strong>*<strong> da provincia da Coru\u00f1a<\/strong>, nos seus departamentos de urbanismo.<\/p>\n<p><strong>*<\/strong>(a seleccionar, en funci\u00f3n da dispo\u00f1ibilidade dos concellos e do lugar de procedencia dos alumnos\/as, entre os concellos que te\u00f1en asinado convenio de colaboraci\u00f3n na actualidade: Ames, Arz\u00faa, A Ba\u00f1a, Boimorto, Boiro, Boqueix\u00f3n, Bri\u00f3n, Camari\u00f1as, Coristanco, Dodro, Ferrol, Laracha, Lousame, Melide, Nar\u00f3n, Negreira, Noia, Ordes, Oroso, A Pobra do Carami\u00f1al, Porto do Son, Rianxo, Ribeira, Rois, Santiago de Compostela, Teo, Touro, Trazo, Val do Dubra e Vedra)<\/p>\n<p>As pr\u00e1cticas realizar\u00e1nse durante os meses de <strong>setembro a decembro de 2018<\/strong>, en horario de ma\u00f1a, compatibles cos horarios do M\u00e1ster, e que permiten percibir unhas\u00a0<strong>axudas<\/strong>\u00a0por gastos de desprazamento e outros conceptos.<\/p>\n<p>O comenzo das pr\u00e1cticas ser\u00e1\u00a0a partir do d\u00eda 10 de setembro de 2018, e\u00a0<strong>os interesados deben acudir as instalaci\u00f3ns da Escola de Pr\u00e1ctica Xur\u00eddica entre os d\u00edas 3, 4 e 5 de setembro de 2018, para formalizar o seu compromiso <\/strong>de realizar ditas pr\u00e1cticas no concello que lle sexa adxudicado pola coordinaci\u00f3n durante o per\u00edodo e as condici\u00f3ns que lles foron comunicadas persoalmente<strong>.<\/strong>\u00a0As prazas adxudicaranse por orde de solicitude.<\/p>\n<p>Tr\u00e1tase dunha oportunidade que ofrece a Escola para incrementar a experiencia pr\u00e1ctica e profesional dos alumnos do M\u00e1ster.<\/p>\n<p><a href=\"http:\/\/epxsantiago.org\/concellos-2018\/\"><img loading=\"lazy\" decoding=\"async\" class=\"aligncenter size-large wp-image-3277\" src=\"http:\/\/vw15221.dinaserver.com\/hosting\/epxsantiago.org-web\/wp-content\/uploads\/2019\/06\/concellos-2018-985x1024.jpg\" alt=\"\" width=\"985\" height=\"1024\" srcset=\"https:\/\/epxsantiago.org\/wp-content\/uploads\/2019\/06\/concellos-2018-985x1024.jpg 985w, https:\/\/epxsantiago.org\/wp-content\/uploads\/2019\/06\/concellos-2018-289x300.jpg 289w, https:\/\/epxsantiago.org\/wp-content\/uploads\/2019\/06\/concellos-2018-768x798.jpg 768w, https:\/\/epxsantiago.org\/wp-content\/uploads\/2019\/06\/concellos-2018-1080x1122.jpg 1080w, https:\/\/epxsantiago.org\/wp-content\/uploads\/2019\/06\/concellos-2018.jpg 1122w\" sizes=\"auto, (max-width: 985px) 100vw, 985px\" \/><\/a><\/p>\n<p>[\/et_pb_text][\/et_pb_column][\/et_pb_row][\/et_pb_section]<\/p>\n","protected":false},"excerpt":{"rendered":"<p>M\u00e1ster oficial en Avogac\u00eda 2018-2020 Ao amparo do\u00a0Convenio de Colaboraci\u00f3n entre a Escola de Pr\u00e1ctica Xur\u00eddica e a Deputaci\u00f3n da Coru\u00f1a\u00a0para a realizaci\u00f3n de pr\u00e1cticas profesionais, existen\u00a020 prazas para realizar pr\u00e1cticas externas voluntarias en concellos* da provincia da Coru\u00f1a, nos seus departamentos de urbanismo. *(a seleccionar, en funci\u00f3n da dispo\u00f1ibilidade dos concellos e do lugar [&hellip;]<\/p>\n","protected":false},"author":1,"featured_media":0,"parent":2608,"menu_order":16,"comment_status":"closed","ping_status":"closed","template":"","meta":{"_et_pb_use_builder":"on","_et_pb_old_content":"","_et_gb_content_width":"","footnotes":""},"class_list":["post-2759","page","type-page","status-publish","hentry"],"_links":{"self":[{"href":"https:\/\/epxsantiago.org\/index.php\/wp-json\/wp\/v2\/pages\/2759","targetHints":{"allow":["GET"]}}],"collection":[{"href":"https:\/\/epxsantiago.org\/index.php\/wp-json\/wp\/v2\/pages"}],"about":[{"href":"https:\/\/epxsantiago.org\/index.php\/wp-json\/wp\/v2\/types\/page"}],"author":[{"embeddable":true,"href":"https:\/\/epxsantiago.org\/index.php\/wp-json\/wp\/v2\/users\/1"}],"replies":[{"embeddable":true,"href":"https:\/\/epxsantiago.org\/index.php\/wp-json\/wp\/v2\/comments?post=2759"}],"version-history":[{"count":2,"href":"https:\/\/epxsantiago.org\/index.php\/wp-json\/wp\/v2\/pages\/2759\/revisions"}],"predecessor-version":[{"id":3281,"href":"https:\/\/epxsantiago.org\/index.php\/wp-json\/wp\/v2\/pages\/2759\/revisions\/3281"}],"up":[{"embeddable":true,"href":"https:\/\/epxsantiago.org\/index.php\/wp-json\/wp\/v2\/pages\/2608"}],"wp:attachment":[{"href":"https:\/\/epxsantiago.org\/index.php\/wp-json\/wp\/v2\/media?parent=2759"}],"curies":[{"name":"wp","href":"https:\/\/api.w.org\/{rel}","templated":true}]}}