{"id":285,"date":"2015-07-21T17:01:35","date_gmt":"2015-07-21T17:01:35","guid":{"rendered":"http:\/\/www.epxsantiago.org\/?page_id=285"},"modified":"2018-06-12T20:39:44","modified_gmt":"2018-06-12T20:39:44","slug":"aviso-legal","status":"publish","type":"page","link":"https:\/\/epxsantiago.org\/index.php\/aviso-legal","title":{"rendered":"Aviso Legal"},"content":{"rendered":"<p>[et_pb_section admin_label=\u00bbsection\u00bb bb_built=\u00bb1&#8243;][et_pb_row admin_label=\u00bbrow\u00bb][et_pb_column type=\u00bb4_4&#8243;][et_pb_text admin_label=\u00bbTexto\u00bb background_layout=\u00bblight\u00bb text_orientation=\u00bbleft\u00bb use_border_color=\u00bboff\u00bb border_color=\u00bb#ffffff\u00bb border_style=\u00bbsolid\u00bb]<\/p>\n<p><strong>Aviso Legal<\/strong><\/p>\n<p>A Escola de Pr\u00e1ctica Xur\u00eddica de Santiago de Compostela (en diante \u201cEPX\u201d) \u00a0\u00e9 a responsable da p\u00e1xina web <a href=\"http:\/\/www.epxsantiago.org\">http:\/\/www.epxsantiago.org<\/a>, que cont\u00e9n \u00a0informaci\u00f3n b\u00e1sica sobre a mesma.<\/p>\n<p>A EPX res\u00e9rvase o dereito a determinar as condici\u00f3ns de uso.<\/p>\n<p>A informaci\u00f3n de car\u00e1cter acad\u00e9mico para o alumnado poder\u00e1 figurar noutras p\u00e1xinas web. O titular da p\u00e1xina non se fai responsable de informaci\u00f3ns obsoletas, debendo o alumnado consultar as p\u00e1xinas da Universidade de Santiago de Compostela correspondentes ao Curso Acad\u00e9mico correspondente.<\/p>\n<ol>\n<li><strong> Enderezo<\/strong><\/li>\n<\/ol>\n<p>A EPX ten o seu enderezo na Facultade de Dereito, planta soto, Campus Vida (Campus Universitario Sur), 15782 Santiago de Compostela, A Coru\u00f1a.<\/p>\n<ol start=\"2\">\n<li><strong> Contidos<\/strong><\/li>\n<\/ol>\n<p>A EPX poder\u00e1 modificar en calquera momento a informaci\u00f3n presentada na Web.<\/p>\n<p>A EPX tentar\u00e1 que calquera informaci\u00f3n estea actualizada, sexa veraz e que non conte\u00f1a erros tipogr\u00e1ficos, e no caso de erro, proceder\u00edase \u00e1 s\u00faa inmediata correcci\u00f3n.<\/p>\n<p>A EPX non se responsabiliza dos contidos das ligaz\u00f3ns que poda conter esta Web e que conduzan a sitios alleos a ela.<\/p>\n<ol start=\"3\">\n<li><strong> Protecci\u00f3n de datos<\/strong><\/li>\n<\/ol>\n<p>A EPX, como centro docente da USC, cumpre coa lexislaci\u00f3n en materia de protecci\u00f3n de datos.<\/p>\n<p>A Pol\u00edtica e Regulaci\u00f3n desta materia figura na seguinte web:<\/p>\n<p><a href=\"http:\/\/www.usc.es\/gl\/normativa\/protecciondatos\/index.html\">http:\/\/www.usc.es\/gl\/normativa\/protecciondatos\/index.html<\/a><\/p>\n<p>Poder\u00e1n exercitar os dereitos de acceso, rectificaci\u00f3n, cancelaci\u00f3n e oposici\u00f3n utilizando os seguintes formularios<\/p>\n<p><a href=\"http:\/\/www.usc.es\/export\/sites\/default\/gl\/normativa\/protecciondatos\/FRSI-004_-_Formularios_exercicio_dereitos_ARCO.pdf\">http:\/\/www.usc.es\/export\/sites\/default\/gl\/normativa\/protecciondatos\/FRSI-004_-_Formularios_exercicio_dereitos_ARCO.pdf<\/a><\/p>\n<p>Ou mediante a solicitude a trav\u00e9s da Sede Electr\u00f3nica<\/p>\n<p><a href=\"https:\/\/sede.usc.es\/sede\/publica\/catalogo\/procedemento\/55\/ver.htm\">https:\/\/sede.usc.es\/sede\/publica\/catalogo\/procedemento\/55\/ver.htm<\/a><\/p>\n<ol start=\"4\">\n<li><strong> Comunicaci\u00f3ns<\/strong><\/li>\n<\/ol>\n<p>Na p\u00e1xina web e na \u00e1rea privada do usuario poder\u00e1 xestionarse en calquera momento o consentimento para a recepci\u00f3n de newsletter e as alertas telef\u00f3nicas v\u00eda sms, as cales ser\u00e1n enviadas ao tel\u00e9fono facilitado polo usuario no seu proceso de alta, para unha \u00f3ptima e m\u00e1is r\u00e1pida xesti\u00f3n entre o usuario e EPX. En cada comunicaci\u00f3n recibida, o usuario poder\u00e1 acceder e facer uso dun doado e gratu\u00edto procedemento para anular e tramitar a correspondente baixa do servizo.<\/p>\n<ol start=\"5\">\n<li><strong> Titularidade dos contidos <\/strong><\/li>\n<\/ol>\n<p>Os contidos e materiais que cont\u00e9n a web son da EPX.<\/p>\n<p>Non poder\u00e1n reproducirse ni o sitio web (total ou parcialmente), nin duplicar, copiar ou explotar os seus contidos para calquera fin comercial ou doutro tipo, ag\u00e1s autorizaci\u00f3n expresa e escrita por parte da EPX.<\/p>\n<p>Queda prohibido o uso da web con fins il\u00edcitos ou\u00a0 actuaci\u00f3ns que podan causar calquera tipo de prexu\u00edzo ou impedir o normal funcionamento do sitio web.<\/p>\n<p>A modificaci\u00f3n dos materiais ou o uso dos mesmos para outros fins poder\u00e1n constitu\u00edr unha violaci\u00f3n dos dereitos de propiedade intelectual.<\/p>\n<p>[\/et_pb_text][\/et_pb_column][\/et_pb_row][\/et_pb_section]<\/p>\n","protected":false},"excerpt":{"rendered":"<p>Aviso Legal A Escola de Pr\u00e1ctica Xur\u00eddica de Santiago de Compostela (en diante \u201cEPX\u201d) \u00a0\u00e9 a responsable da p\u00e1xina web http:\/\/www.epxsantiago.org, que cont\u00e9n \u00a0informaci\u00f3n b\u00e1sica sobre a mesma. A EPX res\u00e9rvase o dereito a determinar as condici\u00f3ns de uso. A informaci\u00f3n de car\u00e1cter acad\u00e9mico para o alumnado poder\u00e1 figurar noutras p\u00e1xinas web. O titular da [&hellip;]<\/p>\n","protected":false},"author":1,"featured_media":0,"parent":0,"menu_order":0,"comment_status":"open","ping_status":"open","template":"","meta":{"_et_pb_use_builder":"on","_et_pb_old_content":"<p><strong>Aviso Legal<\/strong><\/p><p>A Escola de Pr\u00e1ctica Xur\u00eddica de Santiago de Compostela (en diante \u201cEPX\u201d) \u00a0\u00e9 a responsable da \u00a0da p\u00e1xina web <a href=\"http:\/\/www.epxsantiago.org\">http:\/\/www.epxsantiago.org<\/a>, que cont\u00e9n \u00a0informaci\u00f3n b\u00e1sica sobre a mesma.<\/p><p>A EPX reservase o dereito a determinar as condici\u00f3ns de uso.<\/p><p>A informaci\u00f3n de car\u00e1cter acad\u00e9mico para o alumnado poder\u00e1 figurar noutras p\u00e1xinas web. O titular da p\u00e1xina non se fai responsable de informaci\u00f3ns obsoletas, debendo o alumnado consultar as p\u00e1xinas da Universidade de Santiago de Compostela correspondentes ao Curso Acad\u00e9mico correspondente.<\/p><ol><li><strong> Enderezo<\/strong><\/li><\/ol><p>A EPX ten o seu enderezo na Facultade de Dereito, planta soto, Campus Vida (Campus Universitario Sur), 15782 Santiago de Compostela, A Coru\u00f1a.<\/p><ol start=\"2\"><li><strong> Contidos<\/strong><\/li><\/ol><p>A EPX poder\u00e1 modificar en calquera momento a informaci\u00f3n presentada na Web.<\/p><p>A EPX tentar\u00e1 que calquera informaci\u00f3n estea actualizada, sexa veraz e que non conte\u00f1a erros tipogr\u00e1ficos, e no caso de erro, proceder\u00edase \u00e1 s\u00faa inmediata correcci\u00f3n.<\/p><p>A EPX non se responsabiliza dos contidos das ligaz\u00f3ns que poda conter esta Web e que conduzan a sitios alleos a ela.<\/p><ol start=\"3\"><li><strong> Protecci\u00f3n de datos<\/strong><\/li><\/ol><p>A EPX, como centro docente da USC, cumpre coa lexislaci\u00f3n en materia de protecci\u00f3n de datos.<\/p><p>A Pol\u00edtica e Regulaci\u00f3n desta materia figura na seguinte web:<\/p><p><a href=\"http:\/\/www.usc.es\/gl\/normativa\/protecciondatos\/index.html\">http:\/\/www.usc.es\/gl\/normativa\/protecciondatos\/index.html<\/a><\/p><p>Poder\u00e1n exercitar os dereitos de acceso, rectificaci\u00f3n, cancelaci\u00f3n e oposici\u00f3n utilizando os seguintes formularios<\/p><p><a href=\"http:\/\/www.usc.es\/export\/sites\/default\/gl\/normativa\/protecciondatos\/FRSI-004_-_Formularios_exercicio_dereitos_ARCO.pdf\">http:\/\/www.usc.es\/export\/sites\/default\/gl\/normativa\/protecciondatos\/FRSI-004_-_Formularios_exercicio_dereitos_ARCO.pdf<\/a><\/p><p>Ou mediante a solicitude a trav\u00e9s da Sede Electr\u00f3nica<\/p><p><a href=\"https:\/\/sede.usc.es\/sede\/publica\/catalogo\/procedemento\/55\/ver.htm\">https:\/\/sede.usc.es\/sede\/publica\/catalogo\/procedemento\/55\/ver.htm<\/a><\/p><ol start=\"4\"><li><strong> Comunicaci\u00f3ns<\/strong><\/li><\/ol><p>Na p\u00e1xina web e na \u00e1rea privada do usuario poder\u00e1 xestionarse en calquera momento o consentimento para a recepci\u00f3n de newsletter e as alertas telef\u00f3nicas v\u00eda sms, as cales ser\u00e1n enviadas ao tel\u00e9fono facilitado polo usuario no seu proceso de alta, para unha \u00f3ptima e m\u00e1is r\u00e1pida xesti\u00f3n entre o usuario e EPX. En cada comunicaci\u00f3n recibida, o usuario poder\u00e1 acceder e facer uso dun doado e gratu\u00edto procedemento para anular e tramitar a correspondente baixa do servizo.<\/p><ol start=\"5\"><li><strong> Titularidade dos contidos <\/strong><\/li><\/ol><p>Os contidos e materiais que cont\u00e9n a web son da EPX.<\/p><p>Non poder\u00e1n reproducirse ni o sitio web (total ou parcialmente), nin duplicar, copiar ou explotar os seus contidos para calquera fin comercial ou doutro tipo, ag\u00e1s autorizaci\u00f3n expresa e escrita por parte da EPX.<\/p><p>Queda prohibido o uso da web con fins il\u00edcitos ou\u00a0 actuaci\u00f3ns que podan causar calquera tipo de prexu\u00edzo ou impedir o normal funcionamento do sitio web.<\/p><p>A modificaci\u00f3n dos materiais ou o uso dos mesmos para outros fins poder\u00e1n constitu\u00edr unha violaci\u00f3n dos dereitos de propiedade intelectual.<\/p>","_et_gb_content_width":"","footnotes":""},"class_list":["post-285","page","type-page","status-publish","hentry"],"_links":{"self":[{"href":"https:\/\/epxsantiago.org\/index.php\/wp-json\/wp\/v2\/pages\/285","targetHints":{"allow":["GET"]}}],"collection":[{"href":"https:\/\/epxsantiago.org\/index.php\/wp-json\/wp\/v2\/pages"}],"about":[{"href":"https:\/\/epxsantiago.org\/index.php\/wp-json\/wp\/v2\/types\/page"}],"author":[{"embeddable":true,"href":"https:\/\/epxsantiago.org\/index.php\/wp-json\/wp\/v2\/users\/1"}],"replies":[{"embeddable":true,"href":"https:\/\/epxsantiago.org\/index.php\/wp-json\/wp\/v2\/comments?post=285"}],"version-history":[{"count":4,"href":"https:\/\/epxsantiago.org\/index.php\/wp-json\/wp\/v2\/pages\/285\/revisions"}],"predecessor-version":[{"id":2563,"href":"https:\/\/epxsantiago.org\/index.php\/wp-json\/wp\/v2\/pages\/285\/revisions\/2563"}],"wp:attachment":[{"href":"https:\/\/epxsantiago.org\/index.php\/wp-json\/wp\/v2\/media?parent=285"}],"curies":[{"name":"wp","href":"https:\/\/api.w.org\/{rel}","templated":true}]}}