{"id":300,"date":"2015-07-22T15:39:14","date_gmt":"2015-07-22T15:39:14","guid":{"rendered":"http:\/\/www.epxsantiago.org\/?page_id=300"},"modified":"2015-07-22T15:39:14","modified_gmt":"2015-07-22T15:39:14","slug":"politica-de-cookies","status":"publish","type":"page","link":"https:\/\/epxsantiago.org\/index.php\/politica-de-cookies","title":{"rendered":"Pol\u00edtica de Cookies"},"content":{"rendered":"<p>A web www.epxsantiago.org utiliza cookies para facilitar a relaci\u00f3n dos visitantes co noso contido e para permitir elaborar estad\u00edsticas sobre os visitantes que recibimos. En cumprimento da Directiva 2009\/136\/CE, desenrrolada no noso ordeamento polo apartado segundo do art\u00edculo 22 da Ley de Servicios de Sociedad da Informaci\u00f3n, seguindo as directrices da Axencia Espa\u00f1ola de Protecci\u00f3n de Datos, procedemos a informarlle detalladamente do uso que se realiza na nosa web.<\/p>\n<h3>\u00bfQu\u00e9 son as cookies?<\/h3>\n<p>Denom\u00ednanse cookies a uns pequenos ficherios que se graban no navegador utilizado por cada visitante da nosa web para que o servidor poida recordar a visita de ese usuario con posterioridade cando volva a acceder \u00f3s nosos contidos. Esta informaci\u00f3n non revela a s\u00faa identidade, nin dato persoal alg\u00fan, nin accede \u00f3 contido almacenado no seu pc, pero si que permite \u00f3 noso sistema identificarlle a vostede como un usuario (an\u00f3nimo) determinado que xa visitou a web con anterioridade, visualizou determinadas p\u00e1xinas, etc. e adem\u00e1is permite gardar as s\u00faas preferencias persoais e informaci\u00f3n t\u00e9cnica como por exemplo as visitas realizadas ou p\u00e1xinas concretas que visite.<\/p>\n<h3>Xestionar Cookies<\/h3>\n<p>Se vostede non desexa que se garden cookies no seu navegador ou prefire recibir una informaci\u00f3n cada vez que unha cookie solicite instalarse, pode configurar as s\u00faas opci\u00f3ns de navegaci\u00f3n para que se faga de esa forma. A maior parte dos navegadores permiten a xesti\u00f3n das cookies de 3 formas diferentes:<\/p>\n<ul>\n<li>As cookies son sempre rexeitadas;<\/li>\n<li>O navegador pregunta se o usuario desexa instalar cada cookie;<\/li>\n<li>As cookies son siempre aceptadas;<\/li>\n<\/ul>\n<p>O seu navegador tam\u00e9n pode incluir a posibilidade de seleccionar con detalle as cookies que desexa que se instalen no seu ordenador. En concreto, o usuario pode normalmente aceptar algunha das seguintes opci\u00f3ns:<\/p>\n<ul>\n<li>rexeitar as cookies de determinados dominios;<\/li>\n<li>rexeitar as cookies de terceros;<\/li>\n<li>aceptar cookies como non persistentes (elim\u00ednanse cando o navegador se pecha);<\/li>\n<li>permitir \u00f3 servidor crear cookies para un dominio diferente.<\/li>\n<\/ul>\n<p>Pode atopar informaci\u00f3n sobre c\u00f3mo configurar os navegadores m\u00e1is usados nos seguintes enlaces:<\/p>\n<ul>\n<li><a href=\"http:\/\/support.google.com\/chrome\/bin\/answer.py?hl=es&amp;answer=95647\" target=\"_blank\">Google Chrome<\/a><\/li>\n<li><a href=\"http:\/\/windows.microsoft.com\/es-es\/windows7\/how-to-manage-cookies-in-internet-explorer-9\" target=\"_blank\">Internet Explorer<\/a><\/li>\n<li><a href=\"http:\/\/support.mozilla.org\/es\/kb\/habilitar-y-deshabilitar-cookies-que-los-sitios-we\" target=\"_blank\">Mozilla Firefox<\/a> \u2013 <a href=\"http:\/\/support.mozilla.org\/es\/kb\/Borrar%20cookies\" target=\"_blank\">(Borrar Cookies en Mozilla Firefox)<\/a><\/li>\n<li><a href=\"http:\/\/support.apple.com\/kb\/ph3042\" target=\"_blank\">Safari<\/a> \u2013 <a href=\"http:\/\/es.wikihow.com\/borrar-cookies-en-Safari\" target=\"_blank\">(Borrar Cookies en Safari)<\/a><\/li>\n<\/ul>\n<p>Respecto das cookies de terceiros, \u00e9 dicir aquelas que son ayeas \u00f3 noso sitio web, non podemos facernos responsables do contido e veracidade das pol\u00edticas de privacidade que eles incl\u00faen polo que a informaci\u00f3n que lle ofrecemos \u00e9 sempre con referencia \u00e1 fonte. En caso de d\u00fabidas dir\u00edxase \u00f3 webmaster do dominio creador da cookie.<\/p>\n<p>Se desexa consultar as condici\u00f3ns compretas de uso do sitio www.epxsantiago.org pode facelo \u00a0<a href=\"http:\/\/www.epxsantiago.org\/aviso-legal\">neste enlace<\/a>.<\/p>\n<p>A continuaci\u00f3n inform\u00e1moslle detalladamente das cookies que poden instalarse desde o noso sitio www.epxsantiago.org . En funci\u00f3n da s\u00faa navegaci\u00f3n poder\u00e1n instalarse todas ou s\u00f3 algunhas delas.<\/p>\n<p>&nbsp;<\/p>\n<div class=\"table-responsive\">\n<table class=\"table table-striped\">\n<thead>\n<tr>\n<th class=\"destaca-lista\">Dominio<\/th>\n<th class=\"destaca-lista\">Nome da Cookie<\/th>\n<th class=\"destaca-lista\">Descripci\u00f3n<\/th>\n<th class=\"destaca-lista\">M\u00e1is Informaci\u00f3n<\/th>\n<\/tr>\n<\/thead>\n<tbody>\n<tr>\n<td>epxsantiago.org<\/td>\n<td>_ga<\/td>\n<td>Google Analytics \u00e9 unha ferramenta gratuita de an\u00e1lise web de Google que principalmente permite que os propietarios de sitios web co\u00f1ezan c\u00f3mo interact\u00faan os usuarios co seu sitio web. Asimesmo, habilita cookies para recopilar informaci\u00f3n de forma an\u00f3nima e elaborar informes de tendencias de sitios web sen identificar a usuarios individuais.<\/td>\n<td><a href=\"http:\/\/www.google.es\/intl\/es\/analytics\/privacyoverview.html\" target=\"_blank\">Pol\u00edtica de Privacidad<\/a><\/td>\n<\/tr>\n<tr>\n<td>google.com<\/td>\n<td>Nid, identificador de canal<\/td>\n<td>Recopila de forma an\u00f3nima os h\u00e1bitos de uso do sitio dos visitantes e as p\u00e1xinas que visionaron.<\/td>\n<td><a href=\"http:\/\/www.google.com\/intl\/es_ALL\/privacypolicy.html\" target=\"_blank\">Pol\u00edtica de Privacidad<\/a><\/td>\n<\/tr>\n<tr>\n<td>youtube.com<\/td>\n<td>Pref, visitor-info-live, ysc<\/td>\n<td>Permite a visualizaci\u00f3n de videos e c\u00f3mputo das reproduci\u00f3ns.<\/td>\n<td><a href=\"http:\/\/www.google.es\/intl\/es\/policies\/privacy\/\" target=\"_blank\">Pol\u00edtica de Privacidad<\/a><\/td>\n<\/tr>\n<\/tbody>\n<\/table>\n<\/div>\n<p>\u00d3 navegar e continuar na nosa web ind\u00edcasnos que est\u00e1s consentindo o uso das cookies antes enunciadas, e nas condici\u00f3ns contidas na presente Pol\u00edtica de Cookies.<\/p>\n","protected":false},"excerpt":{"rendered":"<p>A web www.epxsantiago.org utiliza cookies para facilitar a relaci\u00f3n dos visitantes co noso contido e para permitir elaborar estad\u00edsticas sobre os visitantes que recibimos. En cumprimento da Directiva 2009\/136\/CE, desenrrolada no noso ordeamento polo apartado segundo do art\u00edculo 22 da Ley de Servicios de Sociedad da Informaci\u00f3n, seguindo as directrices da Axencia Espa\u00f1ola de Protecci\u00f3n [&hellip;]<\/p>\n","protected":false},"author":1,"featured_media":0,"parent":0,"menu_order":0,"comment_status":"open","ping_status":"open","template":"","meta":{"_et_pb_use_builder":"","_et_pb_old_content":"","_et_gb_content_width":"","footnotes":""},"class_list":["post-300","page","type-page","status-publish","hentry"],"_links":{"self":[{"href":"https:\/\/epxsantiago.org\/index.php\/wp-json\/wp\/v2\/pages\/300","targetHints":{"allow":["GET"]}}],"collection":[{"href":"https:\/\/epxsantiago.org\/index.php\/wp-json\/wp\/v2\/pages"}],"about":[{"href":"https:\/\/epxsantiago.org\/index.php\/wp-json\/wp\/v2\/types\/page"}],"author":[{"embeddable":true,"href":"https:\/\/epxsantiago.org\/index.php\/wp-json\/wp\/v2\/users\/1"}],"replies":[{"embeddable":true,"href":"https:\/\/epxsantiago.org\/index.php\/wp-json\/wp\/v2\/comments?post=300"}],"version-history":[{"count":0,"href":"https:\/\/epxsantiago.org\/index.php\/wp-json\/wp\/v2\/pages\/300\/revisions"}],"wp:attachment":[{"href":"https:\/\/epxsantiago.org\/index.php\/wp-json\/wp\/v2\/media?parent=300"}],"curies":[{"name":"wp","href":"https:\/\/api.w.org\/{rel}","templated":true}]}}