{"id":3089,"date":"2019-06-05T14:40:49","date_gmt":"2019-06-05T14:40:49","guid":{"rendered":"http:\/\/epxsantiago.org\/?page_id=3089"},"modified":"2019-06-05T14:41:28","modified_gmt":"2019-06-05T14:41:28","slug":"3089-2","status":"publish","type":"page","link":"https:\/\/epxsantiago.org\/index.php\/mua-2019-2021\/3089-2","title":{"rendered":"CALENDARIO DE CLASES"},"content":{"rendered":"<p>[et_pb_section admin_label=\u00bbSecci\u00f3n\u00bb bb_built=\u00bb1&#8243; fullwidth=\u00bbon\u00bb specialty=\u00bboff\u00bb][et_pb_fullwidth_image admin_label=\u00bbImagen de anchura completa\u00bb src=\u00bbhttp:\/\/epxsantiago.org\/wp-content\/uploads\/2017\/04\/DSC_9643-e1491402417374.jpg\u00bb show_in_lightbox=\u00bboff\u00bb url_new_window=\u00bboff\u00bb use_overlay=\u00bboff\u00bb animation=\u00bbleft\u00bb use_border_color=\u00bboff\u00bb border_color=\u00bb#ffffff\u00bb border_style=\u00bbsolid\u00bb] [\/et_pb_fullwidth_image][\/et_pb_section][et_pb_section admin_label=\u00bbSecci\u00f3n\u00bb bb_built=\u00bb1&#8243; fullwidth=\u00bboff\u00bb specialty=\u00bboff\u00bb transparent_background=\u00bboff\u00bb allow_player_pause=\u00bboff\u00bb inner_shadow=\u00bboff\u00bb parallax=\u00bboff\u00bb parallax_method=\u00bbon\u00bb custom_padding=\u00bb0px|||\u00bb make_fullwidth=\u00bboff\u00bb use_custom_width=\u00bboff\u00bb width_unit=\u00bbon\u00bb make_equal=\u00bboff\u00bb use_custom_gutter=\u00bboff\u00bb][et_pb_row admin_label=\u00bbFila\u00bb make_fullwidth=\u00bboff\u00bb use_custom_width=\u00bboff\u00bb width_unit=\u00bbon\u00bb use_custom_gutter=\u00bboff\u00bb custom_padding=\u00bb20px||0px|\u00bb allow_player_pause=\u00bboff\u00bb parallax=\u00bboff\u00bb parallax_method=\u00bbon\u00bb make_equal=\u00bboff\u00bb parallax_1=\u00bboff\u00bb parallax_method_1=\u00bboff\u00bb parallax_2=\u00bboff\u00bb parallax_method_2=\u00bboff\u00bb][et_pb_column type=\u00bb1_4&#8243;][\/et_pb_column][et_pb_column type=\u00bb3_4&#8243;][et_pb_text admin_label=\u00bbTexto\u00bb background_layout=\u00bblight\u00bb text_orientation=\u00bbcenter\u00bb use_border_color=\u00bboff\u00bb border_color=\u00bb#ffffff\u00bb border_style=\u00bbsolid\u00bb]<\/p>\n<h1>M\u00e1ster oficial en Avogac\u00eda 2019-2021<\/h1>\n<p>[\/et_pb_text][et_pb_post_title admin_label=\u00bbT\u00edtulo de pagina\u00bb title=\u00bbon\u00bb meta=\u00bboff\u00bb author=\u00bbon\u00bb date=\u00bbon\u00bb categories=\u00bbon\u00bb comments=\u00bbon\u00bb featured_image=\u00bboff\u00bb featured_placement=\u00bbbelow\u00bb parallax_effect=\u00bboff\u00bb parallax_method=\u00bbon\u00bb text_orientation=\u00bbcenter\u00bb text_color=\u00bbdark\u00bb text_background=\u00bboff\u00bb text_bg_color=\u00bbrgba(255,255,255,0.9)\u00bb use_border_color=\u00bboff\u00bb border_color=\u00bb#ffffff\u00bb border_style=\u00bbsolid\u00bb title_font_size=\u00bb22px\u00bb custom_margin=\u00bb||0px|\u00bb] [\/et_pb_post_title][\/et_pb_column][\/et_pb_row][\/et_pb_section][et_pb_section admin_label=\u00bbSecci\u00f3n\u00bb bb_built=\u00bb1&#8243; fullwidth=\u00bboff\u00bb specialty=\u00bboff\u00bb transparent_background=\u00bboff\u00bb allow_player_pause=\u00bboff\u00bb inner_shadow=\u00bboff\u00bb parallax=\u00bboff\u00bb parallax_method=\u00bbon\u00bb custom_padding=\u00bb0px|||\u00bb make_fullwidth=\u00bboff\u00bb use_custom_width=\u00bboff\u00bb width_unit=\u00bbon\u00bb make_equal=\u00bboff\u00bb use_custom_gutter=\u00bboff\u00bb][et_pb_row admin_label=\u00bbFila\u00bb][et_pb_column type=\u00bb1_4&#8243;][et_pb_sidebar admin_label=\u00bbBarra lateral\u00bb orientation=\u00bbleft\u00bb area=\u00bbet_pb_widget_area_18&#8243; background_layout=\u00bblight\u00bb remove_border=\u00bboff\u00bb] [\/et_pb_sidebar][\/et_pb_column][et_pb_column type=\u00bb3_4&#8243;][et_pb_text admin_label=\u00bbTexto\u00bb global_parent=\u00bb824&#8243; background_layout=\u00bblight\u00bb text_orientation=\u00bbjustified\u00bb use_border_color=\u00bboff\u00bb border_color=\u00bb#ffffff\u00bb border_style=\u00bbsolid\u00bb]<\/p>\n<p>Conforme ao calendario escolar do curso acad\u00e9mico 2019-2020, as clases do M\u00e1ster universitario en Avogac\u00eda (Promoci\u00f3n 2019-2021), no curso acad\u00e9mico 2019-2020 organizaranse en dous semestres acad\u00e9micos.<\/p>\n<p><strong>Primeiro semestre:<\/strong><\/p>\n<ul>\n<li>Impartici\u00f3n de docencia, do 9 de setembro de 2019 ao 20 de decembro\u00a0de 2019<\/li>\n<li>Per\u00edodo de exames, do 14 ao 23 de xaneiro de 2020<\/li>\n<\/ul>\n<p><strong>Segundo semestre:<\/strong><\/p>\n<ul>\n<li>Impartici\u00f3n de docencia, do 28 de xaneiro ao 15 de maio de 2020<\/li>\n<li>Per\u00edodo de exames, do 18 de maio ao 29 de maio\u00a0de 2020<\/li>\n<\/ul>\n<p>&nbsp;<\/p>\n<p>&nbsp;<\/p>\n<p>[\/et_pb_text][\/et_pb_column][\/et_pb_row][\/et_pb_section]<\/p>\n","protected":false},"excerpt":{"rendered":"<p>M\u00e1ster oficial en Avogac\u00eda 2019-2021 Conforme ao calendario escolar do curso acad\u00e9mico 2019-2020, as clases do M\u00e1ster universitario en Avogac\u00eda (Promoci\u00f3n 2019-2021), no curso acad\u00e9mico 2019-2020 organizaranse en dous semestres acad\u00e9micos. Primeiro semestre: Impartici\u00f3n de docencia, do 9 de setembro de 2019 ao 20 de decembro\u00a0de 2019 Per\u00edodo de exames, do 14 ao 23 de [&hellip;]<\/p>\n","protected":false},"author":1,"featured_media":0,"parent":2987,"menu_order":11,"comment_status":"closed","ping_status":"closed","template":"","meta":{"_et_pb_use_builder":"on","_et_pb_old_content":"","_et_gb_content_width":"","footnotes":""},"class_list":["post-3089","page","type-page","status-publish","hentry"],"_links":{"self":[{"href":"https:\/\/epxsantiago.org\/index.php\/wp-json\/wp\/v2\/pages\/3089","targetHints":{"allow":["GET"]}}],"collection":[{"href":"https:\/\/epxsantiago.org\/index.php\/wp-json\/wp\/v2\/pages"}],"about":[{"href":"https:\/\/epxsantiago.org\/index.php\/wp-json\/wp\/v2\/types\/page"}],"author":[{"embeddable":true,"href":"https:\/\/epxsantiago.org\/index.php\/wp-json\/wp\/v2\/users\/1"}],"replies":[{"embeddable":true,"href":"https:\/\/epxsantiago.org\/index.php\/wp-json\/wp\/v2\/comments?post=3089"}],"version-history":[{"count":2,"href":"https:\/\/epxsantiago.org\/index.php\/wp-json\/wp\/v2\/pages\/3089\/revisions"}],"predecessor-version":[{"id":3091,"href":"https:\/\/epxsantiago.org\/index.php\/wp-json\/wp\/v2\/pages\/3089\/revisions\/3091"}],"up":[{"embeddable":true,"href":"https:\/\/epxsantiago.org\/index.php\/wp-json\/wp\/v2\/pages\/2987"}],"wp:attachment":[{"href":"https:\/\/epxsantiago.org\/index.php\/wp-json\/wp\/v2\/media?parent=3089"}],"curies":[{"name":"wp","href":"https:\/\/api.w.org\/{rel}","templated":true}]}}