{"id":3174,"date":"2019-06-05T15:55:32","date_gmt":"2019-06-05T15:55:32","guid":{"rendered":"http:\/\/epxsantiago.org\/?page_id=3174"},"modified":"2020-02-03T09:22:43","modified_gmt":"2020-02-03T09:22:43","slug":"practicas-en-concellos","status":"publish","type":"page","link":"https:\/\/epxsantiago.org\/index.php\/mua-2019-2021\/practicas-en-concellos","title":{"rendered":"PR\u00c1CTICAS EN CONCELLOS"},"content":{"rendered":"<p>[et_pb_section fb_built=\u00bb1&#8243; fullwidth=\u00bbon\u00bb admin_label=\u00bbSecci\u00f3n\u00bb _builder_version=\u00bb3.22&#8243;][et_pb_fullwidth_image src=\u00bbhttp:\/\/epxsantiago.org\/wp-content\/uploads\/2017\/04\/DSC_9643-e1491402417374.jpg\u00bb admin_label=\u00bbImagen de anchura completa\u00bb _builder_version=\u00bb3.0.87&#8243; animation_style=\u00bbslide\u00bb animation_direction=\u00bbleft\u00bb animation_duration=\u00bb500ms\u00bb animation_intensity_slide=\u00bb10%\u00bb animation=\u00bbleft\u00bb use_border_color=\u00bboff\u00bb border_color=\u00bb#ffffff\u00bb border_style=\u00bbsolid\u00bb] [\/et_pb_fullwidth_image][\/et_pb_section][et_pb_section fb_built=\u00bb1&#8243; admin_label=\u00bbSecci\u00f3n\u00bb _builder_version=\u00bb3.22&#8243; custom_padding=\u00bb0px|||\u00bb transparent_background=\u00bboff\u00bb make_fullwidth=\u00bboff\u00bb use_custom_width=\u00bboff\u00bb width_unit=\u00bbon\u00bb][et_pb_row column_structure=\u00bb1_4,3_4&#8243; admin_label=\u00bbFila\u00bb _builder_version=\u00bb3.25&#8243; background_size=\u00bbinitial\u00bb background_position=\u00bbtop_left\u00bb background_repeat=\u00bbrepeat\u00bb custom_padding=\u00bb20px||0px|\u00bb make_fullwidth=\u00bboff\u00bb use_custom_width=\u00bboff\u00bb width_unit=\u00bbon\u00bb][et_pb_column type=\u00bb1_4&#8243; _builder_version=\u00bb3.25&#8243; custom_padding=\u00bb|||\u00bb custom_padding__hover=\u00bb|||\u00bb][\/et_pb_column][et_pb_column type=\u00bb3_4&#8243; _builder_version=\u00bb3.25&#8243; custom_padding=\u00bb|||\u00bb custom_padding__hover=\u00bb|||\u00bb][et_pb_text admin_label=\u00bbTexto\u00bb _builder_version=\u00bb3.27.4&#8243; background_size=\u00bbinitial\u00bb background_position=\u00bbtop_left\u00bb background_repeat=\u00bbrepeat\u00bb text_orientation=\u00bbcenter\u00bb module_alignment=\u00bbcenter\u00bb use_border_color=\u00bboff\u00bb border_color=\u00bb#ffffff\u00bb border_style=\u00bbsolid\u00bb]<\/p>\n<h1>M\u00e1ster oficial en Avogac\u00eda 2019-2021<\/h1>\n<p>[\/et_pb_text][et_pb_post_title meta=\u00bboff\u00bb featured_image=\u00bboff\u00bb admin_label=\u00bbT\u00edtulo de pagina\u00bb _builder_version=\u00bb3.0.87&#8243; title_font_size=\u00bb22px\u00bb text_orientation=\u00bbcenter\u00bb custom_margin=\u00bb||0px|\u00bb custom_padding=\u00bb||0px|\u00bb use_border_color=\u00bboff\u00bb border_color=\u00bb#ffffff\u00bb border_style=\u00bbsolid\u00bb parallax_effect=\u00bboff\u00bb] [\/et_pb_post_title][\/et_pb_column][\/et_pb_row][\/et_pb_section][et_pb_section fb_built=\u00bb1&#8243; admin_label=\u00bbSecci\u00f3n\u00bb _builder_version=\u00bb3.22&#8243; custom_padding=\u00bb0px|||\u00bb transparent_background=\u00bboff\u00bb make_fullwidth=\u00bboff\u00bb use_custom_width=\u00bboff\u00bb width_unit=\u00bbon\u00bb][et_pb_row column_structure=\u00bb1_4,3_4&#8243; admin_label=\u00bbFila\u00bb _builder_version=\u00bb3.25&#8243; background_size=\u00bbinitial\u00bb background_position=\u00bbtop_left\u00bb background_repeat=\u00bbrepeat\u00bb custom_margin=\u00bb||0px|\u00bb custom_padding=\u00bb||0px|\u00bb make_fullwidth=\u00bboff\u00bb use_custom_width=\u00bboff\u00bb width_unit=\u00bbon\u00bb][et_pb_column type=\u00bb1_4&#8243; _builder_version=\u00bb3.25&#8243; custom_padding=\u00bb||0px|\u00bb custom_padding__hover=\u00bb|||\u00bb][et_pb_sidebar area=\u00bbet_pb_widget_area_18&#8243; admin_label=\u00bbBarra lateral\u00bb _builder_version=\u00bb3.0.74&#8243; remove_border=\u00bboff\u00bb] [\/et_pb_sidebar][\/et_pb_column][et_pb_column type=\u00bb3_4&#8243; _builder_version=\u00bb3.25&#8243; custom_padding=\u00bb|||\u00bb custom_padding__hover=\u00bb|||\u00bb][et_pb_text admin_label=\u00bbTexto\u00bb _builder_version=\u00bb4.1&#8243; background_size=\u00bbinitial\u00bb background_position=\u00bbtop_left\u00bb background_repeat=\u00bbrepeat\u00bb text_orientation=\u00bbjustified\u00bb hover_enabled=\u00bb0&#8243; use_border_color=\u00bboff\u00bb border_color=\u00bb#ffffff\u00bb border_style=\u00bbsolid\u00bb]<\/p>\n<p><strong><u>PR\u00c1CTICAS EN CONCELLOS 2019<\/u><\/strong><\/p>\n<p>Ao amparo do <strong>Convenio de Colaboraci\u00f3n entre a Escola de Pr\u00e1ctica Xur\u00eddica e a Deputaci\u00f3n da Coru\u00f1a<\/strong> para a realizaci\u00f3n de pr\u00e1cticas profesionais, <strong>conv\u00f3canse 12 prazas para realizar pr\u00e1cticas externas voluntarias en concellos* da provincia da Coru\u00f1a<\/strong>, nos departamentos de urbanismo e noutros servizos municipais de interese.<\/p>\n<p>*(a seleccionar, en funci\u00f3n da dispo\u00f1ibilidade dos concellos e do lugar de procedencia dos alumnos\/as, entre os concellos que te\u00f1en asinado o convenio de colaboraci\u00f3n na actualidade: Ames, Arz\u00faa, A Ba\u00f1a, As Pontes, Boimorto, Boiro, Boqueix\u00f3n, Bri\u00f3n, Camari\u00f1as, Coristanco, Dodro, Ferrol, Laracha, Lousame, Melide, Nar\u00f3n, Negreira, Noia, Ordes, Oroso, Padr\u00f3n, A Pobra do Carami\u00f1al, Porto do Son, Rianxo, Ribeira, Rois, Santiago de Compostela, Teo, Touro, Trazo, Val do Dubra e Vedra).<\/p>\n<p>As pr\u00e1cticas realizaranse durante os meses de<strong> setembro a decembro de 2019<\/strong>, en horario de ma\u00f1\u00e1, compatibles cos horarios do M\u00e1ster, e que permiten percibir unhas <strong>axudas<\/strong> por gastos de desprazamento e outros conceptos, que oscilan entre os 1.500 e 1.800 euros.<\/p>\n<p>O comezo das pr\u00e1cticas ser\u00e1 a partires do d\u00eda 9 de setembro de 2019, e<strong> os interesados deben acudir \u00e1s instalaci\u00f3ns da Escola de Pr\u00e1ctica Xur\u00eddica entre os d\u00edas 2, 3, 4 de setembro de 2019 para formalizar o seu compromiso<\/strong> de realizar ditas pr\u00e1cticas no concello que lle sexa adxudicado pola coordinaci\u00f3n durante o per\u00edodo e as condici\u00f3ns que lles foron comunicadas persoalmente. As prazas adxudicaranse por orde de solicitude.<\/p>\n<p>Tr\u00e1tase dunha oportunidade que ofrece a Escola para incrementar a experiencia pr\u00e1ctica e profesional dos alumnos do M\u00e1ster.<\/p>\n<p>M\u00e1is informaci\u00f3n en:<\/p>\n<ul>\n<li>Instalaci\u00f3ns da EPX (Facultade de Dereito, planta s\u00f3tano, Santiago)<\/li>\n<li>Tel\u00e9fono: +34 881 814 675<\/li>\n<li>Correo electronico: <a href=\"..\/..\/Downloads\/epjdir@usc.es\">epjdir@usc.es<\/a><\/li>\n<\/ul>\n<p><img loading=\"lazy\" decoding=\"async\" width=\"1408\" height=\"1157\" src=\"http:\/\/epxsantiago.org\/wp-content\/uploads\/2020\/02\/concellos-2.jpg\" alt=\"\" class=\"size-medium alignnone\" \/><\/p>\n<p>[\/et_pb_text][\/et_pb_column][\/et_pb_row][\/et_pb_section]<\/p>\n","protected":false},"excerpt":{"rendered":"<p>M\u00e1ster oficial en Avogac\u00eda 2019-2021 PR\u00c1CTICAS EN CONCELLOS 2019 Ao amparo do Convenio de Colaboraci\u00f3n entre a Escola de Pr\u00e1ctica Xur\u00eddica e a Deputaci\u00f3n da Coru\u00f1a para a realizaci\u00f3n de pr\u00e1cticas profesionais, conv\u00f3canse 12 prazas para realizar pr\u00e1cticas externas voluntarias en concellos* da provincia da Coru\u00f1a, nos departamentos de urbanismo e noutros servizos municipais de [&hellip;]<\/p>\n","protected":false},"author":1,"featured_media":0,"parent":2987,"menu_order":15,"comment_status":"closed","ping_status":"closed","template":"","meta":{"_et_pb_use_builder":"on","_et_pb_old_content":"","_et_gb_content_width":"","footnotes":""},"class_list":["post-3174","page","type-page","status-publish","hentry"],"_links":{"self":[{"href":"https:\/\/epxsantiago.org\/index.php\/wp-json\/wp\/v2\/pages\/3174","targetHints":{"allow":["GET"]}}],"collection":[{"href":"https:\/\/epxsantiago.org\/index.php\/wp-json\/wp\/v2\/pages"}],"about":[{"href":"https:\/\/epxsantiago.org\/index.php\/wp-json\/wp\/v2\/types\/page"}],"author":[{"embeddable":true,"href":"https:\/\/epxsantiago.org\/index.php\/wp-json\/wp\/v2\/users\/1"}],"replies":[{"embeddable":true,"href":"https:\/\/epxsantiago.org\/index.php\/wp-json\/wp\/v2\/comments?post=3174"}],"version-history":[{"count":4,"href":"https:\/\/epxsantiago.org\/index.php\/wp-json\/wp\/v2\/pages\/3174\/revisions"}],"predecessor-version":[{"id":3582,"href":"https:\/\/epxsantiago.org\/index.php\/wp-json\/wp\/v2\/pages\/3174\/revisions\/3582"}],"up":[{"embeddable":true,"href":"https:\/\/epxsantiago.org\/index.php\/wp-json\/wp\/v2\/pages\/2987"}],"wp:attachment":[{"href":"https:\/\/epxsantiago.org\/index.php\/wp-json\/wp\/v2\/media?parent=3174"}],"curies":[{"name":"wp","href":"https:\/\/api.w.org\/{rel}","templated":true}]}}