{"id":3178,"date":"2019-06-05T16:02:19","date_gmt":"2019-06-05T16:02:19","guid":{"rendered":"http:\/\/epxsantiago.org\/?page_id=3178"},"modified":"2019-09-02T06:48:37","modified_gmt":"2019-09-02T06:48:37","slug":"bolsas-de-colaboracion","status":"publish","type":"page","link":"https:\/\/epxsantiago.org\/index.php\/mua-2019-2021\/bolsas-de-colaboracion","title":{"rendered":"BOLSAS DE COLABORACI\u00d3N"},"content":{"rendered":"<p>[et_pb_section fb_built=\u00bb1&#8243; fullwidth=\u00bbon\u00bb admin_label=\u00bbSecci\u00f3n\u00bb _builder_version=\u00bb3.22&#8243;][et_pb_fullwidth_image src=\u00bbhttp:\/\/epxsantiago.org\/wp-content\/uploads\/2017\/04\/DSC_9643-e1491402417374.jpg\u00bb admin_label=\u00bbImagen de anchura completa\u00bb _builder_version=\u00bb3.0.87&#8243; animation_style=\u00bbslide\u00bb animation_direction=\u00bbleft\u00bb animation_duration=\u00bb500ms\u00bb animation_intensity_slide=\u00bb10%\u00bb animation=\u00bbleft\u00bb use_border_color=\u00bboff\u00bb border_color=\u00bb#ffffff\u00bb border_style=\u00bbsolid\u00bb] [\/et_pb_fullwidth_image][\/et_pb_section][et_pb_section fb_built=\u00bb1&#8243; admin_label=\u00bbSecci\u00f3n\u00bb _builder_version=\u00bb3.22&#8243; custom_padding=\u00bb0px|||\u00bb transparent_background=\u00bboff\u00bb make_fullwidth=\u00bboff\u00bb use_custom_width=\u00bboff\u00bb width_unit=\u00bbon\u00bb][et_pb_row admin_label=\u00bbFila\u00bb _builder_version=\u00bb3.25&#8243; background_size=\u00bbinitial\u00bb background_position=\u00bbtop_left\u00bb background_repeat=\u00bbrepeat\u00bb custom_padding=\u00bb20px||0px|\u00bb make_fullwidth=\u00bboff\u00bb use_custom_width=\u00bboff\u00bb width_unit=\u00bbon\u00bb column_structure=\u00bb1_4,3_4&#8243;][et_pb_column type=\u00bb1_4&#8243; _builder_version=\u00bb3.25&#8243; custom_padding=\u00bb|||\u00bb custom_padding__hover=\u00bb|||\u00bb][\/et_pb_column][et_pb_column type=\u00bb3_4&#8243; _builder_version=\u00bb3.25&#8243; custom_padding=\u00bb|||\u00bb custom_padding__hover=\u00bb|||\u00bb][et_pb_text admin_label=\u00bbTexto\u00bb _builder_version=\u00bb3.0.87&#8243; background_size=\u00bbinitial\u00bb background_position=\u00bbtop_left\u00bb background_repeat=\u00bbrepeat\u00bb text_orientation=\u00bbcenter\u00bb module_alignment=\u00bbcenter\u00bb use_border_color=\u00bboff\u00bb border_color=\u00bb#ffffff\u00bb border_style=\u00bbsolid\u00bb]<\/p>\n<h1>M\u00e1ster oficial en Avogac\u00eda 2019-2021<\/h1>\n<p>[\/et_pb_text][et_pb_post_title meta=\u00bboff\u00bb featured_image=\u00bboff\u00bb admin_label=\u00bbT\u00edtulo de pagina\u00bb _builder_version=\u00bb3.0.87&#8243; title_font_size=\u00bb22px\u00bb text_orientation=\u00bbcenter\u00bb custom_margin=\u00bb||0px|\u00bb custom_padding=\u00bb||0px|\u00bb use_border_color=\u00bboff\u00bb border_color=\u00bb#ffffff\u00bb border_style=\u00bbsolid\u00bb parallax_effect=\u00bboff\u00bb] [\/et_pb_post_title][\/et_pb_column][\/et_pb_row][\/et_pb_section][et_pb_section fb_built=\u00bb1&#8243; admin_label=\u00bbSecci\u00f3n\u00bb _builder_version=\u00bb3.22&#8243; custom_padding=\u00bb0px|||\u00bb transparent_background=\u00bboff\u00bb make_fullwidth=\u00bboff\u00bb use_custom_width=\u00bboff\u00bb width_unit=\u00bbon\u00bb][et_pb_row admin_label=\u00bbFila\u00bb _builder_version=\u00bb3.25&#8243; background_size=\u00bbinitial\u00bb background_position=\u00bbtop_left\u00bb background_repeat=\u00bbrepeat\u00bb custom_margin=\u00bb||0px|\u00bb custom_padding=\u00bb||0px|\u00bb make_fullwidth=\u00bboff\u00bb use_custom_width=\u00bboff\u00bb width_unit=\u00bbon\u00bb column_structure=\u00bb1_4,3_4&#8243;][et_pb_column type=\u00bb1_4&#8243; _builder_version=\u00bb3.25&#8243; custom_padding=\u00bb||0px|\u00bb custom_padding__hover=\u00bb|||\u00bb][et_pb_sidebar area=\u00bbet_pb_widget_area_18&#8243; admin_label=\u00bbBarra lateral\u00bb _builder_version=\u00bb3.0.74&#8243; remove_border=\u00bboff\u00bb] [\/et_pb_sidebar][\/et_pb_column][et_pb_column type=\u00bb3_4&#8243; _builder_version=\u00bb3.25&#8243; custom_padding=\u00bb|||\u00bb custom_padding__hover=\u00bb|||\u00bb][et_pb_text admin_label=\u00bbTexto\u00bb _builder_version=\u00bb3.26.6&#8243; background_size=\u00bbinitial\u00bb background_position=\u00bbtop_left\u00bb background_repeat=\u00bbrepeat\u00bb text_orientation=\u00bbjustified\u00bb use_border_color=\u00bboff\u00bb border_color=\u00bb#ffffff\u00bb border_style=\u00bbsolid\u00bb]<\/p>\n<p>O<strong> Ilustre Colexio de Avogados de Santiago<\/strong> (ICAS) ven ofertando cada curso acad\u00e9mico 10 bolsas de colaboraci\u00f3n para os alumnos\/as das actividades formativas que imparte ou nas que colabora a Escola de Pr\u00e1ctica Xur\u00eddica (EPX).<\/p>\n<p>&nbsp;<\/p>\n<p><strong><u>CURSO 2019\/2020<\/u><\/strong><\/p>\n<ul>\n<li><u>Solicitantes<\/u>.- Poder\u00e1n solicitar as bolsas de colaboraci\u00f3n os alumnos\/as das actividades formativas que imparte ou nas que colabora a Escola, entre eles os do M\u00e1ster Universitario de Avogac\u00eda (Santiago).<\/li>\n<li><u>N\u00ba de bolsas<\/u>.- 10.<\/li>\n<li><u>Cont\u00eda das bolsas<\/u>.- 300 \u20ac<\/li>\n<li><u>Duraci\u00f3n da colaboraci\u00f3n<\/u>.- 150 horas<\/li>\n<li><u>Prazo de solicitude<\/u>.- D\u00edas 2, 3 e 4 de setembro de 2019<\/li>\n<li><u>Condici\u00f3ns de disfrute das bolsas<\/u>:<\/li>\n<\/ul>\n<p>Modalidade A): realizaci\u00f3n de actividades espec\u00edficas de colaboraci\u00f3n \u00f3 longo do curso acad\u00e9mico.<\/p>\n<p>Modalidade B): realizaci\u00f3n de actividades de colaboraci\u00f3n \u00f3 longo do per\u00edodo establecido, cunha duraci\u00f3n esixida de 150 horas.<\/p>\n<p><u>Exenci\u00f3n de vinculaci\u00f3n laboral<\/u>: sen efectos xur\u00eddico laborais entre o bolseiro, a entidade patrocinadora ou a Escola de Pr\u00e1ctica Xur\u00eddica.<\/p>\n<p><u>Documentaci\u00f3n a acompa\u00f1ar<\/u>:*<\/p>\n<ul>\n<li>Impreso de solicitude debidamente cuberto,<\/li>\n<li>Curr\u00edculum v\u00edtae,<\/li>\n<li>Fotocopia do libro de familia,<\/li>\n<li>Copia completa da declaraci\u00f3n do IRPF, referida ao ano 2018 dos membros que constit\u00faen a unidade familiar \u00e1 que pertence o solicitante, xunto coa folla de liquidaci\u00f3n de ingresos selada pola entidade bancaria ou Delegaci\u00f3n de Facenda na que foi presentada.<\/li>\n<\/ul>\n<p>* A documentaci\u00f3n deber\u00e1 entregarse no Negociado da Escola de Pr\u00e1ctica Xur\u00eddica.<\/p>\n<p>Corresponde \u00e1 Xerencia do ICAS aclarar as normas presentes e ditar as precisas para o seu desenvolvemento.<\/p>\n<p>M\u00e1is informaci\u00f3n en:<\/p>\n<ul>\n<li>Instalaci\u00f3ns da EPX (Facultade de Dereito, planta s\u00f3tano, Santiago)<\/li>\n<li>Tel\u00e9fono: +34 881 814 675<\/li>\n<li>Correo electronico: <a href=\"..\/..\/Downloads\/epjdir@usc.es\">epjdir@usc.es<\/a><\/li>\n<\/ul>\n<p>[\/et_pb_text][\/et_pb_column][\/et_pb_row][\/et_pb_section]<\/p>\n","protected":false},"excerpt":{"rendered":"<p>M\u00e1ster oficial en Avogac\u00eda 2019-2021 O Ilustre Colexio de Avogados de Santiago (ICAS) ven ofertando cada curso acad\u00e9mico 10 bolsas de colaboraci\u00f3n para os alumnos\/as das actividades formativas que imparte ou nas que colabora a Escola de Pr\u00e1ctica Xur\u00eddica (EPX). &nbsp; CURSO 2019\/2020 Solicitantes.- Poder\u00e1n solicitar as bolsas de colaboraci\u00f3n os alumnos\/as das actividades formativas [&hellip;]<\/p>\n","protected":false},"author":1,"featured_media":0,"parent":2987,"menu_order":16,"comment_status":"closed","ping_status":"closed","template":"","meta":{"_et_pb_use_builder":"on","_et_pb_old_content":"","_et_gb_content_width":"","footnotes":""},"class_list":["post-3178","page","type-page","status-publish","hentry"],"_links":{"self":[{"href":"https:\/\/epxsantiago.org\/index.php\/wp-json\/wp\/v2\/pages\/3178","targetHints":{"allow":["GET"]}}],"collection":[{"href":"https:\/\/epxsantiago.org\/index.php\/wp-json\/wp\/v2\/pages"}],"about":[{"href":"https:\/\/epxsantiago.org\/index.php\/wp-json\/wp\/v2\/types\/page"}],"author":[{"embeddable":true,"href":"https:\/\/epxsantiago.org\/index.php\/wp-json\/wp\/v2\/users\/1"}],"replies":[{"embeddable":true,"href":"https:\/\/epxsantiago.org\/index.php\/wp-json\/wp\/v2\/comments?post=3178"}],"version-history":[{"count":2,"href":"https:\/\/epxsantiago.org\/index.php\/wp-json\/wp\/v2\/pages\/3178\/revisions"}],"predecessor-version":[{"id":3528,"href":"https:\/\/epxsantiago.org\/index.php\/wp-json\/wp\/v2\/pages\/3178\/revisions\/3528"}],"up":[{"embeddable":true,"href":"https:\/\/epxsantiago.org\/index.php\/wp-json\/wp\/v2\/pages\/2987"}],"wp:attachment":[{"href":"https:\/\/epxsantiago.org\/index.php\/wp-json\/wp\/v2\/media?parent=3178"}],"curies":[{"name":"wp","href":"https:\/\/api.w.org\/{rel}","templated":true}]}}