{"id":3812,"date":"2020-05-11T17:18:45","date_gmt":"2020-05-11T17:18:45","guid":{"rendered":"http:\/\/epxsantiago.org\/?page_id=3812"},"modified":"2020-05-11T17:55:31","modified_gmt":"2020-05-11T17:55:31","slug":"p-e-org-xurisdicionais","status":"publish","type":"page","link":"https:\/\/epxsantiago.org\/index.php\/mua-2018-2020\/p-e-org-xurisdicionais","title":{"rendered":"Pr\u00e1cticas externas en \u00d3rgarnos Xurisdicionais"},"content":{"rendered":"<p>[et_pb_section fb_built=\u00bb1&#8243; fullwidth=\u00bbon\u00bb admin_label=\u00bbSecci\u00f3n\u00bb _builder_version=\u00bb3.22&#8243;][et_pb_fullwidth_image src=\u00bbhttp:\/\/epxsantiago.org\/wp-content\/uploads\/2017\/04\/DSC_9643-e1491402417374.jpg\u00bb admin_label=\u00bbImagen de anchura completa\u00bb _builder_version=\u00bb3.0.87&#8243; animation_style=\u00bbslide\u00bb animation_direction=\u00bbleft\u00bb animation_duration=\u00bb500ms\u00bb animation_intensity_slide=\u00bb10%\u00bb animation=\u00bbleft\u00bb use_border_color=\u00bboff\u00bb border_color=\u00bb#ffffff\u00bb border_style=\u00bbsolid\u00bb] [\/et_pb_fullwidth_image][\/et_pb_section][et_pb_section fb_built=\u00bb1&#8243; admin_label=\u00bbSecci\u00f3n\u00bb _builder_version=\u00bb3.22&#8243; custom_padding=\u00bb0px|||\u00bb transparent_background=\u00bboff\u00bb make_fullwidth=\u00bboff\u00bb use_custom_width=\u00bboff\u00bb width_unit=\u00bbon\u00bb][et_pb_row column_structure=\u00bb1_4,3_4&#8243; admin_label=\u00bbFila\u00bb _builder_version=\u00bb3.25&#8243; background_size=\u00bbinitial\u00bb background_position=\u00bbtop_left\u00bb background_repeat=\u00bbrepeat\u00bb custom_padding=\u00bb20px||0px|\u00bb make_fullwidth=\u00bboff\u00bb use_custom_width=\u00bboff\u00bb width_unit=\u00bbon\u00bb][et_pb_column type=\u00bb1_4&#8243; _builder_version=\u00bb3.25&#8243; custom_padding=\u00bb|||\u00bb custom_padding__hover=\u00bb|||\u00bb][\/et_pb_column][et_pb_column type=\u00bb3_4&#8243; _builder_version=\u00bb3.25&#8243; custom_padding=\u00bb|||\u00bb custom_padding__hover=\u00bb|||\u00bb][et_pb_text admin_label=\u00bbTexto\u00bb _builder_version=\u00bb3.27.4&#8243; background_size=\u00bbinitial\u00bb background_position=\u00bbtop_left\u00bb background_repeat=\u00bbrepeat\u00bb text_orientation=\u00bbcenter\u00bb module_alignment=\u00bbcenter\u00bb use_border_color=\u00bboff\u00bb border_color=\u00bb#ffffff\u00bb border_style=\u00bbsolid\u00bb]<\/p>\n<h1>M\u00e1ster oficial en Avogac\u00eda 2018-2020<\/h1>\n<p>[\/et_pb_text][et_pb_post_title meta=\u00bboff\u00bb featured_image=\u00bboff\u00bb admin_label=\u00bbT\u00edtulo de pagina\u00bb _builder_version=\u00bb3.0.87&#8243; title_font_size=\u00bb22px\u00bb text_orientation=\u00bbcenter\u00bb custom_margin=\u00bb||0px|\u00bb custom_padding=\u00bb||0px|\u00bb use_border_color=\u00bboff\u00bb border_color=\u00bb#ffffff\u00bb border_style=\u00bbsolid\u00bb parallax_effect=\u00bboff\u00bb] [\/et_pb_post_title][\/et_pb_column][\/et_pb_row][\/et_pb_section][et_pb_section fb_built=\u00bb1&#8243; admin_label=\u00bbSecci\u00f3n\u00bb _builder_version=\u00bb3.22&#8243; custom_padding=\u00bb0px|||\u00bb transparent_background=\u00bboff\u00bb make_fullwidth=\u00bboff\u00bb use_custom_width=\u00bboff\u00bb width_unit=\u00bbon\u00bb][et_pb_row column_structure=\u00bb1_4,3_4&#8243; admin_label=\u00bbFila\u00bb _builder_version=\u00bb3.25&#8243; background_size=\u00bbinitial\u00bb background_position=\u00bbtop_left\u00bb background_repeat=\u00bbrepeat\u00bb custom_margin=\u00bb||0px|\u00bb custom_padding=\u00bb||0px|\u00bb make_fullwidth=\u00bboff\u00bb use_custom_width=\u00bboff\u00bb width_unit=\u00bbon\u00bb][et_pb_column type=\u00bb1_4&#8243; _builder_version=\u00bb3.25&#8243; custom_padding=\u00bb||0px|\u00bb custom_padding__hover=\u00bb|||\u00bb][et_pb_sidebar area=\u00bbet_pb_widget_area_15&#8243; admin_label=\u00bbBarra lateral\u00bb _builder_version=\u00bb3.0.74&#8243; remove_border=\u00bboff\u00bb] [\/et_pb_sidebar][\/et_pb_column][et_pb_column type=\u00bb3_4&#8243; _builder_version=\u00bb3.25&#8243; custom_padding=\u00bb|||\u00bb custom_padding__hover=\u00bb|||\u00bb][et_pb_text admin_label=\u00bbTexto\u00bb _builder_version=\u00bb4.1&#8243; background_size=\u00bbinitial\u00bb background_position=\u00bbtop_left\u00bb background_repeat=\u00bbrepeat\u00bb text_orientation=\u00bbjustified\u00bb hover_enabled=\u00bb0&#8243; use_border_color=\u00bboff\u00bb border_color=\u00bb#ffffff\u00bb border_style=\u00bbsolid\u00bb]<\/p>\n<p><strong>Pr\u00e1cticas Externas en \u00d3rganos Xurisdicionais:<\/strong><\/p>\n<p><a href=\"http:\/\/epxsantiago.org\/mua-2018-2020\/practicas-externas\/xulgados-2\/\" rel=\"attachment wp-att-3290\"><img loading=\"lazy\" decoding=\"async\" class=\"aligncenter wp-image-3290\" src=\"http:\/\/vw15221.dinaserver.com\/hosting\/epxsantiago.org-web\/wp-content\/uploads\/2019\/06\/xulgados--1024x466.jpg\" alt=\"\" width=\"1080\" height=\"491\" srcset=\"https:\/\/epxsantiago.org\/wp-content\/uploads\/2019\/06\/xulgados--1024x466.jpg 1024w, https:\/\/epxsantiago.org\/wp-content\/uploads\/2019\/06\/xulgados--300x137.jpg 300w, https:\/\/epxsantiago.org\/wp-content\/uploads\/2019\/06\/xulgados--768x349.jpg 768w, https:\/\/epxsantiago.org\/wp-content\/uploads\/2019\/06\/xulgados--1080x491.jpg 1080w\" sizes=\"auto, (max-width: 1080px) 100vw, 1080px\" \/><\/a><\/p>\n<p>&nbsp;<\/p>\n<p><strong>\u00a0 \u00a0 \u00a0 \u00a0 \u00a0 &#8211; Quenda de Febreiro<\/strong> en Organos Xurisdicionais:<\/p>\n<p>&nbsp;<\/p>\n<p><a href=\"http:\/\/epxsantiago.org\/febrero-pag-1-perfecta\/\"><img loading=\"lazy\" decoding=\"async\" class=\"aligncenter size-large wp-image-3269\" src=\"http:\/\/vw15221.dinaserver.com\/hosting\/epxsantiago.org-web\/wp-content\/uploads\/2019\/06\/febrero-pag-1-perfecta-1024x781.jpg\" alt=\"\" width=\"1024\" height=\"781\" srcset=\"https:\/\/epxsantiago.org\/wp-content\/uploads\/2019\/06\/febrero-pag-1-perfecta-1024x781.jpg 1024w, https:\/\/epxsantiago.org\/wp-content\/uploads\/2019\/06\/febrero-pag-1-perfecta-300x229.jpg 300w, https:\/\/epxsantiago.org\/wp-content\/uploads\/2019\/06\/febrero-pag-1-perfecta-768x586.jpg 768w, https:\/\/epxsantiago.org\/wp-content\/uploads\/2019\/06\/febrero-pag-1-perfecta-1080x824.jpg 1080w\" sizes=\"auto, (max-width: 1024px) 100vw, 1024px\" \/><\/a><\/p>\n<p>&nbsp;<\/p>\n<p><a href=\"http:\/\/epxsantiago.org\/febrero-pag-2-perfecta\/\"><img loading=\"lazy\" decoding=\"async\" class=\"aligncenter size-large wp-image-3273\" src=\"http:\/\/vw15221.dinaserver.com\/hosting\/epxsantiago.org-web\/wp-content\/uploads\/2019\/06\/febrero-pag-2-perfecta--1024x687.jpg\" alt=\"\" width=\"1024\" height=\"687\" srcset=\"https:\/\/epxsantiago.org\/wp-content\/uploads\/2019\/06\/febrero-pag-2-perfecta--1024x687.jpg 1024w, https:\/\/epxsantiago.org\/wp-content\/uploads\/2019\/06\/febrero-pag-2-perfecta--300x201.jpg 300w, https:\/\/epxsantiago.org\/wp-content\/uploads\/2019\/06\/febrero-pag-2-perfecta--768x516.jpg 768w, https:\/\/epxsantiago.org\/wp-content\/uploads\/2019\/06\/febrero-pag-2-perfecta--1080x725.jpg 1080w\" sizes=\"auto, (max-width: 1024px) 100vw, 1024px\" \/><\/a><\/p>\n<p><strong>\u00a0\u00a0\u00a0\u00a0\u00a0\u00a0<\/strong><\/p>\n<p style=\"padding-left: 30px;\"><strong>\u00a0 \u00a0 \u00a0&#8211; Quenda de Marzo<\/strong> en Organos Xurisdicionais:<\/p>\n<p><a href=\"http:\/\/epxsantiago.org\/marzo-pag-1\/\"><img loading=\"lazy\" decoding=\"async\" class=\"aligncenter wp-image-3262\" src=\"http:\/\/vw15221.dinaserver.com\/hosting\/epxsantiago.org-web\/wp-content\/uploads\/2019\/06\/marzo-pag-1-1024x747.jpg\" alt=\"\" width=\"848\" height=\"619\" srcset=\"https:\/\/epxsantiago.org\/wp-content\/uploads\/2019\/06\/marzo-pag-1-1024x747.jpg 1024w, https:\/\/epxsantiago.org\/wp-content\/uploads\/2019\/06\/marzo-pag-1-300x219.jpg 300w, https:\/\/epxsantiago.org\/wp-content\/uploads\/2019\/06\/marzo-pag-1-768x560.jpg 768w, https:\/\/epxsantiago.org\/wp-content\/uploads\/2019\/06\/marzo-pag-1-1080x788.jpg 1080w\" sizes=\"auto, (max-width: 848px) 100vw, 848px\" \/><\/a><\/p>\n<p>&nbsp;<\/p>\n<p><a href=\"http:\/\/epxsantiago.org\/marzo-pag-2_pagina_2\/\"><img loading=\"lazy\" decoding=\"async\" class=\"aligncenter wp-image-3263\" src=\"http:\/\/vw15221.dinaserver.com\/hosting\/epxsantiago.org-web\/wp-content\/uploads\/2019\/06\/marzo-pag-2_P\u00e1gina_2-1024x683.jpg\" alt=\"\" width=\"827\" height=\"551\" srcset=\"https:\/\/epxsantiago.org\/wp-content\/uploads\/2019\/06\/marzo-pag-2_P\u00e1gina_2-1024x683.jpg 1024w, https:\/\/epxsantiago.org\/wp-content\/uploads\/2019\/06\/marzo-pag-2_P\u00e1gina_2-300x200.jpg 300w, https:\/\/epxsantiago.org\/wp-content\/uploads\/2019\/06\/marzo-pag-2_P\u00e1gina_2-768x512.jpg 768w, https:\/\/epxsantiago.org\/wp-content\/uploads\/2019\/06\/marzo-pag-2_P\u00e1gina_2-1080x720.jpg 1080w\" sizes=\"auto, (max-width: 827px) 100vw, 827px\" \/><\/a><\/p>\n<p><strong>\u00a0\u00a0\u00a0\u00a0\u00a0\u00a0\u00a0<\/strong><\/p>\n<p><strong>\u00a0 \u00a0 \u00a0 \u00a0 \u00a0 \u00a0&#8211; Quenda de Abril<\/strong> en Organos Xurisdicionais:<\/p>\n<p>&nbsp;<\/p>\n<p><a href=\"http:\/\/epxsantiago.org\/abril-pag-1\/\"><img loading=\"lazy\" decoding=\"async\" class=\"aligncenter size-large wp-image-3264\" src=\"http:\/\/vw15221.dinaserver.com\/hosting\/epxsantiago.org-web\/wp-content\/uploads\/2019\/06\/abril-pag-1-1024x753.jpg\" alt=\"\" width=\"1024\" height=\"753\" srcset=\"https:\/\/epxsantiago.org\/wp-content\/uploads\/2019\/06\/abril-pag-1-1024x753.jpg 1024w, https:\/\/epxsantiago.org\/wp-content\/uploads\/2019\/06\/abril-pag-1-300x221.jpg 300w, https:\/\/epxsantiago.org\/wp-content\/uploads\/2019\/06\/abril-pag-1-768x565.jpg 768w, https:\/\/epxsantiago.org\/wp-content\/uploads\/2019\/06\/abril-pag-1-1080x795.jpg 1080w\" sizes=\"auto, (max-width: 1024px) 100vw, 1024px\" \/><\/a><\/p>\n<p>&nbsp;<\/p>\n<p><a href=\"http:\/\/epxsantiago.org\/abril-pag-2-perfecta\/\"><img loading=\"lazy\" decoding=\"async\" class=\"aligncenter size-large wp-image-3272\" src=\"http:\/\/vw15221.dinaserver.com\/hosting\/epxsantiago.org-web\/wp-content\/uploads\/2019\/06\/abril-pag-2-perfecta-1024x700.jpg\" alt=\"\" width=\"1024\" height=\"700\" srcset=\"https:\/\/epxsantiago.org\/wp-content\/uploads\/2019\/06\/abril-pag-2-perfecta-1024x700.jpg 1024w, https:\/\/epxsantiago.org\/wp-content\/uploads\/2019\/06\/abril-pag-2-perfecta-300x205.jpg 300w, https:\/\/epxsantiago.org\/wp-content\/uploads\/2019\/06\/abril-pag-2-perfecta-768x525.jpg 768w, https:\/\/epxsantiago.org\/wp-content\/uploads\/2019\/06\/abril-pag-2-perfecta-1080x739.jpg 1080w\" sizes=\"auto, (max-width: 1024px) 100vw, 1024px\" \/><\/a><\/p>\n<p><strong>\u00a0\u00a0\u00a0\u00a0\u00a0\u00a0\u00a0\u00a0<\/strong><\/p>\n<p><strong>\u00a0 \u00a0 \u00a0 \u00a0&#8211; Quenda de Maio<\/strong> en Organos Xurisdicionais:<\/p>\n<p>&nbsp;<\/p>\n<p><a href=\"http:\/\/epxsantiago.org\/mayo-pag-1\/\"><img loading=\"lazy\" decoding=\"async\" class=\"aligncenter size-large wp-image-3266\" src=\"http:\/\/vw15221.dinaserver.com\/hosting\/epxsantiago.org-web\/wp-content\/uploads\/2019\/06\/mayo-pag-1-1024x761.jpg\" alt=\"\" width=\"1024\" height=\"761\" srcset=\"https:\/\/epxsantiago.org\/wp-content\/uploads\/2019\/06\/mayo-pag-1-1024x761.jpg 1024w, https:\/\/epxsantiago.org\/wp-content\/uploads\/2019\/06\/mayo-pag-1-300x223.jpg 300w, https:\/\/epxsantiago.org\/wp-content\/uploads\/2019\/06\/mayo-pag-1-768x571.jpg 768w, https:\/\/epxsantiago.org\/wp-content\/uploads\/2019\/06\/mayo-pag-1-1080x803.jpg 1080w\" sizes=\"auto, (max-width: 1024px) 100vw, 1024px\" \/><\/a><\/p>\n<p>&nbsp;<\/p>\n<p><a href=\"http:\/\/epxsantiago.org\/mayo-pag-2\/\"><img loading=\"lazy\" decoding=\"async\" class=\"aligncenter size-large wp-image-3267\" src=\"http:\/\/vw15221.dinaserver.com\/hosting\/epxsantiago.org-web\/wp-content\/uploads\/2019\/06\/mayo-pag-2-1024x694.jpg\" alt=\"\" width=\"1024\" height=\"694\" srcset=\"https:\/\/epxsantiago.org\/wp-content\/uploads\/2019\/06\/mayo-pag-2-1024x694.jpg 1024w, https:\/\/epxsantiago.org\/wp-content\/uploads\/2019\/06\/mayo-pag-2-300x203.jpg 300w, https:\/\/epxsantiago.org\/wp-content\/uploads\/2019\/06\/mayo-pag-2-768x521.jpg 768w, https:\/\/epxsantiago.org\/wp-content\/uploads\/2019\/06\/mayo-pag-2-1080x732.jpg 1080w\" sizes=\"auto, (max-width: 1024px) 100vw, 1024px\" \/><\/a><\/p>\n<p>[\/et_pb_text][\/et_pb_column][\/et_pb_row][\/et_pb_section]<\/p>\n","protected":false},"excerpt":{"rendered":"<p>M\u00e1ster oficial en Avogac\u00eda 2018-2020 Pr\u00e1cticas Externas en \u00d3rganos Xurisdicionais: &nbsp; \u00a0 \u00a0 \u00a0 \u00a0 \u00a0 &#8211; Quenda de Febreiro en Organos Xurisdicionais: &nbsp; &nbsp; \u00a0\u00a0\u00a0\u00a0\u00a0\u00a0 \u00a0 \u00a0 \u00a0&#8211; Quenda de Marzo en Organos Xurisdicionais: &nbsp; \u00a0\u00a0\u00a0\u00a0\u00a0\u00a0\u00a0 \u00a0 \u00a0 \u00a0 \u00a0 \u00a0 \u00a0&#8211; Quenda de Abril en Organos Xurisdicionais: &nbsp; &nbsp; \u00a0\u00a0\u00a0\u00a0\u00a0\u00a0\u00a0\u00a0 \u00a0 \u00a0 \u00a0 [&hellip;]<\/p>\n","protected":false},"author":1,"featured_media":0,"parent":2608,"menu_order":14,"comment_status":"closed","ping_status":"closed","template":"","meta":{"_et_pb_use_builder":"on","_et_pb_old_content":"","_et_gb_content_width":"","footnotes":""},"class_list":["post-3812","page","type-page","status-publish","hentry"],"_links":{"self":[{"href":"https:\/\/epxsantiago.org\/index.php\/wp-json\/wp\/v2\/pages\/3812","targetHints":{"allow":["GET"]}}],"collection":[{"href":"https:\/\/epxsantiago.org\/index.php\/wp-json\/wp\/v2\/pages"}],"about":[{"href":"https:\/\/epxsantiago.org\/index.php\/wp-json\/wp\/v2\/types\/page"}],"author":[{"embeddable":true,"href":"https:\/\/epxsantiago.org\/index.php\/wp-json\/wp\/v2\/users\/1"}],"replies":[{"embeddable":true,"href":"https:\/\/epxsantiago.org\/index.php\/wp-json\/wp\/v2\/comments?post=3812"}],"version-history":[{"count":5,"href":"https:\/\/epxsantiago.org\/index.php\/wp-json\/wp\/v2\/pages\/3812\/revisions"}],"predecessor-version":[{"id":3844,"href":"https:\/\/epxsantiago.org\/index.php\/wp-json\/wp\/v2\/pages\/3812\/revisions\/3844"}],"up":[{"embeddable":true,"href":"https:\/\/epxsantiago.org\/index.php\/wp-json\/wp\/v2\/pages\/2608"}],"wp:attachment":[{"href":"https:\/\/epxsantiago.org\/index.php\/wp-json\/wp\/v2\/media?parent=3812"}],"curies":[{"name":"wp","href":"https:\/\/api.w.org\/{rel}","templated":true}]}}