{"id":3823,"date":"2020-05-11T17:31:51","date_gmt":"2020-05-11T17:31:51","guid":{"rendered":"http:\/\/epxsantiago.org\/?page_id=3823"},"modified":"2021-04-22T18:17:03","modified_gmt":"2021-04-22T18:17:03","slug":"practicas-externas-en-despachos-de-avogados-i-e-ii","status":"publish","type":"page","link":"https:\/\/epxsantiago.org\/index.php\/mua-2018-2020\/practicas-externas-en-despachos-de-avogados-i-e-ii","title":{"rendered":"Pr\u00e1cticas Externas en Despachos de Avogados I e II"},"content":{"rendered":"<p>[et_pb_section fb_built=\u00bb1&#8243; fullwidth=\u00bbon\u00bb admin_label=\u00bbSecci\u00f3n\u00bb _builder_version=\u00bb3.22&#8243;][et_pb_fullwidth_image src=\u00bbhttp:\/\/epxsantiago.org\/wp-content\/uploads\/2017\/04\/DSC_9643-e1491402417374.jpg\u00bb admin_label=\u00bbImagen de anchura completa\u00bb _builder_version=\u00bb3.0.87&#8243; animation_style=\u00bbslide\u00bb animation_direction=\u00bbleft\u00bb animation_duration=\u00bb500ms\u00bb animation_intensity_slide=\u00bb10%\u00bb animation=\u00bbleft\u00bb use_border_color=\u00bboff\u00bb border_color=\u00bb#ffffff\u00bb border_style=\u00bbsolid\u00bb] [\/et_pb_fullwidth_image][\/et_pb_section][et_pb_section fb_built=\u00bb1&#8243; admin_label=\u00bbSecci\u00f3n\u00bb _builder_version=\u00bb3.22&#8243; custom_padding=\u00bb0px|||\u00bb transparent_background=\u00bboff\u00bb make_fullwidth=\u00bboff\u00bb use_custom_width=\u00bboff\u00bb width_unit=\u00bbon\u00bb][et_pb_row column_structure=\u00bb1_4,3_4&#8243; admin_label=\u00bbFila\u00bb _builder_version=\u00bb3.25&#8243; background_size=\u00bbinitial\u00bb background_position=\u00bbtop_left\u00bb background_repeat=\u00bbrepeat\u00bb custom_padding=\u00bb20px||0px|\u00bb make_fullwidth=\u00bboff\u00bb use_custom_width=\u00bboff\u00bb width_unit=\u00bbon\u00bb][et_pb_column type=\u00bb1_4&#8243; _builder_version=\u00bb3.25&#8243; custom_padding=\u00bb|||\u00bb custom_padding__hover=\u00bb|||\u00bb][\/et_pb_column][et_pb_column type=\u00bb3_4&#8243; _builder_version=\u00bb3.25&#8243; custom_padding=\u00bb|||\u00bb custom_padding__hover=\u00bb|||\u00bb][et_pb_text admin_label=\u00bbTexto\u00bb _builder_version=\u00bb3.27.4&#8243; background_size=\u00bbinitial\u00bb background_position=\u00bbtop_left\u00bb background_repeat=\u00bbrepeat\u00bb text_orientation=\u00bbcenter\u00bb module_alignment=\u00bbcenter\u00bb use_border_color=\u00bboff\u00bb border_color=\u00bb#ffffff\u00bb border_style=\u00bbsolid\u00bb]<\/p>\n<h1>M\u00e1ster oficial en Avogac\u00eda 2018-2020<\/h1>\n<p>[\/et_pb_text][et_pb_post_title meta=\u00bboff\u00bb featured_image=\u00bboff\u00bb admin_label=\u00bbT\u00edtulo de pagina\u00bb _builder_version=\u00bb3.0.87&#8243; title_font_size=\u00bb22px\u00bb text_orientation=\u00bbcenter\u00bb custom_margin=\u00bb||0px|\u00bb custom_padding=\u00bb||0px|\u00bb use_border_color=\u00bboff\u00bb border_color=\u00bb#ffffff\u00bb border_style=\u00bbsolid\u00bb parallax_effect=\u00bboff\u00bb] [\/et_pb_post_title][\/et_pb_column][\/et_pb_row][\/et_pb_section][et_pb_section fb_built=\u00bb1&#8243; admin_label=\u00bbSecci\u00f3n\u00bb _builder_version=\u00bb3.22&#8243; custom_padding=\u00bb0px|||\u00bb transparent_background=\u00bboff\u00bb make_fullwidth=\u00bboff\u00bb use_custom_width=\u00bboff\u00bb width_unit=\u00bbon\u00bb][et_pb_row column_structure=\u00bb1_4,3_4&#8243; admin_label=\u00bbFila\u00bb _builder_version=\u00bb3.25&#8243; background_size=\u00bbinitial\u00bb background_position=\u00bbtop_left\u00bb background_repeat=\u00bbrepeat\u00bb custom_margin=\u00bb||0px|\u00bb custom_padding=\u00bb||0px|\u00bb make_fullwidth=\u00bboff\u00bb use_custom_width=\u00bboff\u00bb width_unit=\u00bbon\u00bb][et_pb_column type=\u00bb1_4&#8243; _builder_version=\u00bb3.25&#8243; custom_padding=\u00bb||0px|\u00bb custom_padding__hover=\u00bb|||\u00bb][et_pb_sidebar area=\u00bbet_pb_widget_area_15&#8243; admin_label=\u00bbBarra lateral\u00bb _builder_version=\u00bb3.0.74&#8243; remove_border=\u00bboff\u00bb] [\/et_pb_sidebar][\/et_pb_column][et_pb_column type=\u00bb3_4&#8243; _builder_version=\u00bb3.25&#8243; custom_padding=\u00bb|||\u00bb custom_padding__hover=\u00bb|||\u00bb][et_pb_text admin_label=\u00bbTexto\u00bb _builder_version=\u00bb4.1&#8243; background_size=\u00bbinitial\u00bb background_position=\u00bbtop_left\u00bb background_repeat=\u00bbrepeat\u00bb text_orientation=\u00bbjustified\u00bb hover_enabled=\u00bb0&#8243; use_border_color=\u00bboff\u00bb border_color=\u00bb#ffffff\u00bb border_style=\u00bbsolid\u00bb]<\/p>\n<p>&nbsp;<\/p>\n<p style=\"text-align: center;\"><span style=\"color: #000080;\"><strong>Pr\u00e1cticas Externas en Despachos de Avogados I\u00a0 &#8211; P3341117<\/strong><\/span><\/p>\n<p style=\"text-align: center;\"><span style=\"color: #000080;\"><strong>Pr\u00e1cticas Externas en Despachos de Avogados II &#8211; P3341118<\/strong><\/span><\/p>\n<p><strong>\u00a0<\/strong><\/p>\n<table class=\" aligncenter\" style=\"height: 1990px; width: 1170px;\">\n<tbody>\n<tr>\n<td style=\"width: 377px;\"><span style=\"color: #000080;\"><strong>Despachos onde realizaron pr\u00e1cticas (curso 2019-2020)<\/strong><\/span><\/td>\n<td style=\"width: 227px;\"><span style=\"color: #000080;\"><strong>N\u00ba colexiado &#8211; Colexio<\/strong><\/span><\/td>\n<td style=\"width: 165px;\"><span style=\"color: #000080;\"><strong>N\u00ba alumnos\/as<\/strong><\/span><\/td>\n<\/tr>\n<tr>\n<td style=\"width: 377px;\">Alonso \u00c1lvarez, Jes\u00fas \u00c1ngel<\/td>\n<td style=\"width: 227px;\">1.116 \u2013 ICA Santiago<\/td>\n<td style=\"width: 165px;\">1<\/td>\n<\/tr>\n<tr>\n<td style=\"width: 377px;\">Alonso de la Pe\u00f1a, Santiago<\/td>\n<td style=\"width: 227px;\">1.186 \u2013 ICA Santiago<\/td>\n<td style=\"width: 165px;\">1<\/td>\n<\/tr>\n<tr>\n<td style=\"width: 377px;\">\u00c1lvarez Fern\u00e1ndez, Luis<\/td>\n<td style=\"width: 227px;\">1.456 \u2013 ICA Santiago<\/td>\n<td style=\"width: 165px;\">1<\/td>\n<\/tr>\n<tr>\n<td style=\"width: 377px;\">Arnoso Moure, Roc\u00edo<\/td>\n<td style=\"width: 227px;\">1.860 \u2013 ICA Santiago<\/td>\n<td style=\"width: 165px;\">1<\/td>\n<\/tr>\n<tr>\n<td style=\"width: 377px;\">Barcala Barreiro, Carmen<\/td>\n<td style=\"width: 227px;\">1.697 \u2013 ICA Santiago<\/td>\n<td style=\"width: 165px;\">1<\/td>\n<\/tr>\n<tr>\n<td style=\"width: 377px;\">Blanco Lobeiras, Pedro<\/td>\n<td style=\"width: 227px;\">1.030 \u2013 ICA Santiago<\/td>\n<td style=\"width: 165px;\">1<\/td>\n<\/tr>\n<tr>\n<td style=\"width: 377px;\">Constenla Vega, Javier<\/td>\n<td style=\"width: 227px;\">1.876 \u2013 ICA Santiago<\/td>\n<td style=\"width: 165px;\">1<\/td>\n<\/tr>\n<tr>\n<td style=\"width: 377px;\">Corredoira Otero, Jos\u00e9 Carlos<\/td>\n<td style=\"width: 227px;\">1.304 \u2013 ICA Santiago<\/td>\n<td style=\"width: 165px;\">1<\/td>\n<\/tr>\n<tr>\n<td style=\"width: 377px;\">del R\u00edo Otero, Araceli<\/td>\n<td style=\"width: 227px;\">1.117 \u2013 ICA Santiago<\/td>\n<td style=\"width: 165px;\">1<\/td>\n<\/tr>\n<tr>\n<td style=\"width: 377px;\">Febrero Bande, Xos\u00e9<\/td>\n<td style=\"width: 227px;\">\u00a0 \u00a0815 \u2013 ICA Santiago<\/td>\n<td style=\"width: 165px;\">1<\/td>\n<\/tr>\n<tr>\n<td style=\"width: 377px;\">Fern\u00e1ndez Rodr\u00edguez, Miguel \u00c1ngel<\/td>\n<td style=\"width: 227px;\">\u00a0 \u00a0813 \u2013 ICA Santiago<\/td>\n<td style=\"width: 165px;\">1<\/td>\n<\/tr>\n<tr>\n<td style=\"width: 377px;\">Garc\u00eda Maceira, Juan Carlos<\/td>\n<td style=\"width: 227px;\">\u00a0 \u00a0798 \u2013 ICA Santiago<\/td>\n<td style=\"width: 165px;\">1<\/td>\n<\/tr>\n<tr>\n<td style=\"width: 377px;\">Goldar Soto, Cristina<\/td>\n<td style=\"width: 227px;\">1.524 \u2013 ICA Santiago<\/td>\n<td style=\"width: 165px;\">1<\/td>\n<\/tr>\n<tr>\n<td style=\"width: 377px;\">Gonz\u00e1lez Ferro, Mar\u00eda del Carmen<\/td>\n<td style=\"width: 227px;\">1.169 \u2013 ICA Santiago<\/td>\n<td style=\"width: 165px;\">1<\/td>\n<\/tr>\n<tr>\n<td style=\"width: 377px;\">Gonz\u00e1lez Vinagre, Ram\u00f3n<\/td>\n<td style=\"width: 227px;\">1.389 \u2013 ICA Santiago<\/td>\n<td style=\"width: 165px;\">1<\/td>\n<\/tr>\n<tr>\n<td style=\"width: 377px;\">Gonz\u00e1lez-Abraldes Iglesias, Alberto<\/td>\n<td style=\"width: 227px;\">1.360 \u2013 ICA Santiago<\/td>\n<td style=\"width: 165px;\">1<\/td>\n<\/tr>\n<tr>\n<td style=\"width: 377px;\">Guti\u00e9rrez Valerio, Timoteo<\/td>\n<td style=\"width: 227px;\">1.323 \u2013 ICA Santiago<\/td>\n<td style=\"width: 165px;\">1<\/td>\n<\/tr>\n<tr>\n<td style=\"width: 377px;\">Hospido Lobeiras, Mar\u00eda Bel\u00e9n<\/td>\n<td style=\"width: 227px;\">\u00a0 \u00a0914 \u2013 ICA Santiago<\/td>\n<td style=\"width: 165px;\">1<\/td>\n<\/tr>\n<tr>\n<td style=\"width: 377px;\">L\u00f3pez Porto, Paulo<\/td>\n<td style=\"width: 227px;\">1.937 \u2013 ICA Santiago<\/td>\n<td style=\"width: 165px;\">1<\/td>\n<\/tr>\n<tr>\n<td style=\"width: 377px;\">Lorenzo Ucha, Alicia<\/td>\n<td style=\"width: 227px;\">2.515 &#8211; ICA Santiago<\/td>\n<td style=\"width: 165px;\">1<\/td>\n<\/tr>\n<tr>\n<td style=\"width: 377px;\">Losa Garc\u00eda, Delfa<\/td>\n<td style=\"width: 227px;\">1.368 \u2013 ICA Santiago<\/td>\n<td style=\"width: 165px;\">1<\/td>\n<\/tr>\n<tr>\n<td style=\"width: 377px;\">Mart\u00edn Garc\u00eda, Manuel Francisco<\/td>\n<td style=\"width: 227px;\">1.673 \u2013 ICA Santiago<\/td>\n<td style=\"width: 165px;\">1<\/td>\n<\/tr>\n<tr>\n<td style=\"width: 377px;\">Mart\u00ednez Tojo, Jorge<\/td>\n<td style=\"width: 227px;\">1.497 \u2013 ICA Santiago<\/td>\n<td style=\"width: 165px;\">1<\/td>\n<\/tr>\n<tr>\n<td style=\"width: 377px;\">Mart\u00ednez-Olivares G\u00f3mez, Jos\u00e9 Luis<\/td>\n<td style=\"width: 227px;\">1.611 \u2013 ICA Santiago<\/td>\n<td style=\"width: 165px;\">1<\/td>\n<\/tr>\n<tr>\n<td style=\"width: 377px;\">Matovelle G\u00f3mez, Mar\u00eda Jes\u00fas<\/td>\n<td style=\"width: 227px;\">\u00a0 \u00a0726 \u2013 ICA Santiago<\/td>\n<td style=\"width: 165px;\">1<\/td>\n<\/tr>\n<tr>\n<td style=\"width: 377px;\">M\u00edguez L\u00f3pez, Jos\u00e9 Carlos<\/td>\n<td style=\"width: 227px;\">1.109 \u2013 ICA Santiago<\/td>\n<td style=\"width: 165px;\">1<\/td>\n<\/tr>\n<tr>\n<td style=\"width: 377px;\">Montero Vilar, Jos\u00e9 Antonio<\/td>\n<td style=\"width: 227px;\">1.128 \u2013 ICA Santiago<\/td>\n<td style=\"width: 165px;\">1<\/td>\n<\/tr>\n<tr>\n<td style=\"width: 377px;\">Nogueira Pol, Evaristo<\/td>\n<td style=\"width: 227px;\">\u00a0 \u00a0882 \u2013 ICA Santiago<\/td>\n<td style=\"width: 165px;\">1<\/td>\n<\/tr>\n<tr>\n<td style=\"width: 377px;\">Nouche Ferreira, Miguel \u00c1ngel<\/td>\n<td style=\"width: 227px;\">1.539 \u2013 ICA Santiago<\/td>\n<td style=\"width: 165px;\">1<\/td>\n<\/tr>\n<tr>\n<td style=\"width: 377px;\">Otero Guldr\u00eds, Alejandro<\/td>\n<td style=\"width: 227px;\">2.044 \u2013 ICA Santiago<\/td>\n<td style=\"width: 165px;\">1<\/td>\n<\/tr>\n<tr>\n<td style=\"width: 377px;\">Otero Rodr\u00edguez, Laura<\/td>\n<td style=\"width: 227px;\">1.869 \u2013 ICA Santiago<\/td>\n<td style=\"width: 165px;\">1<\/td>\n<\/tr>\n<tr>\n<td style=\"width: 377px;\">Pensado Amigo, Bernardo<\/td>\n<td style=\"width: 227px;\">\u00a0 \u00a0892 \u2013 ICA Santiago<\/td>\n<td style=\"width: 165px;\">1<\/td>\n<\/tr>\n<tr>\n<td style=\"width: 377px;\">Pi\u00f1eiro Gonz\u00e1lez, Jos\u00e9 Manuel<\/td>\n<td style=\"width: 227px;\">1.657 \u2013 ICA Santiago<\/td>\n<td style=\"width: 165px;\">1<\/td>\n<\/tr>\n<tr>\n<td style=\"width: 377px;\">Platero L\u00f3pez de Turiso, David<\/td>\n<td style=\"width: 227px;\">1.671 \u2013 ICA Santiago<\/td>\n<td style=\"width: 165px;\">1<\/td>\n<\/tr>\n<tr>\n<td style=\"width: 377px;\">Prado del R\u00edo, Luciano<\/td>\n<td style=\"width: 227px;\">1.674 \u2013 ICA Santiago<\/td>\n<td style=\"width: 165px;\">1<\/td>\n<\/tr>\n<tr>\n<td style=\"width: 377px;\">Quintela Miramontes, Ram\u00f3n<\/td>\n<td style=\"width: 227px;\">\u00a0 \u00a0765 \u2013 ICA Santiago<\/td>\n<td style=\"width: 165px;\">1<\/td>\n<\/tr>\n<tr>\n<td style=\"width: 377px;\">Rabu\u00f1al Mosquera, Fr\u00e1ncisco Jos\u00e9<\/td>\n<td style=\"width: 227px;\">1.005 \u2013 ICA Santiago<\/td>\n<td style=\"width: 165px;\">1<\/td>\n<\/tr>\n<tr>\n<td style=\"width: 377px;\">Rivas Alejandro, Blas Manuel<\/td>\n<td style=\"width: 227px;\">\u00a0 \u00a0951 \u2013 ICA Santiago<\/td>\n<td style=\"width: 165px;\">1<\/td>\n<\/tr>\n<tr>\n<td style=\"width: 377px;\">R\u00faa Mart\u00ednez, Cesar<\/td>\n<td style=\"width: 227px;\">\u00a0 \u00a0568 \u2013 ICA Santiago<\/td>\n<td style=\"width: 165px;\">1<\/td>\n<\/tr>\n<tr>\n<td style=\"width: 377px;\">Ruiz Permuy, Antonio<\/td>\n<td style=\"width: 227px;\">\u00a0 \u00a0615 \u2013 ICA Santiago<\/td>\n<td style=\"width: 165px;\">1<\/td>\n<\/tr>\n<tr>\n<td style=\"width: 377px;\">Sierra Rodr\u00edguez, Mariano<\/td>\n<td style=\"width: 227px;\">1.484 \u2013 ICA Santiago<\/td>\n<td style=\"width: 165px;\">1<\/td>\n<\/tr>\n<tr>\n<td style=\"width: 377px;\">Varela Meizoso, Ana Mar\u00eda<\/td>\n<td style=\"width: 227px;\">1.091 \u2013 ICA Santiago<\/td>\n<td style=\"width: 165px;\">1<\/td>\n<\/tr>\n<tr>\n<td style=\"width: 377px;\">V\u00e1zquez Losada, Montserrat<\/td>\n<td style=\"width: 227px;\">1.066 \u2013 ICA Santiago<\/td>\n<td style=\"width: 165px;\">1<\/td>\n<\/tr>\n<tr>\n<td style=\"width: 377px;\">Vieito Mayo, Mar\u00eda Jes\u00fas<\/td>\n<td style=\"width: 227px;\">1.348 \u2013 ICA Santiago<\/td>\n<td style=\"width: 165px;\">1<\/td>\n<\/tr>\n<tr>\n<td style=\"width: 377px;\">Vila Pintos, Daniel<\/td>\n<td style=\"width: 227px;\">2.671 \u2013 ICA Santiago<\/td>\n<td style=\"width: 165px;\">1<\/td>\n<\/tr>\n<tr>\n<td style=\"width: 377px;\">Vilarelle Romay, Marcos<\/td>\n<td style=\"width: 227px;\">2.018 \u2013 ICA Santiago<\/td>\n<td style=\"width: 165px;\">1<\/td>\n<\/tr>\n<tr>\n<td style=\"width: 377px;\">Vivero Vizoso, Mar<\/td>\n<td style=\"width: 227px;\">1.000 \u2013 ICA Santiago<\/td>\n<td style=\"width: 165px;\">1<\/td>\n<\/tr>\n<tr>\n<td style=\"width: 377px;\">Zu\u00f1iga Rial, Gloria<\/td>\n<td style=\"width: 227px;\">2.327 \u2013 ICA Santiago<\/td>\n<td style=\"width: 165px;\">1<\/td>\n<\/tr>\n<\/tbody>\n<\/table>\n<p>&nbsp;<\/p>\n<p>[\/et_pb_text][\/et_pb_column][\/et_pb_row][\/et_pb_section]<\/p>\n","protected":false},"excerpt":{"rendered":"<p>M\u00e1ster oficial en Avogac\u00eda 2018-2020 &nbsp; Pr\u00e1cticas Externas en Despachos de Avogados I\u00a0 &#8211; P3341117 Pr\u00e1cticas Externas en Despachos de Avogados II &#8211; P3341118 \u00a0 Despachos onde realizaron pr\u00e1cticas (curso 2019-2020) N\u00ba colexiado &#8211; Colexio N\u00ba alumnos\/as Alonso \u00c1lvarez, Jes\u00fas \u00c1ngel 1.116 \u2013 ICA Santiago 1 Alonso de la Pe\u00f1a, Santiago 1.186 \u2013 ICA Santiago [&hellip;]<\/p>\n","protected":false},"author":1,"featured_media":0,"parent":2608,"menu_order":14,"comment_status":"closed","ping_status":"closed","template":"","meta":{"_et_pb_use_builder":"on","_et_pb_old_content":"","_et_gb_content_width":"","footnotes":""},"class_list":["post-3823","page","type-page","status-publish","hentry"],"_links":{"self":[{"href":"https:\/\/epxsantiago.org\/index.php\/wp-json\/wp\/v2\/pages\/3823","targetHints":{"allow":["GET"]}}],"collection":[{"href":"https:\/\/epxsantiago.org\/index.php\/wp-json\/wp\/v2\/pages"}],"about":[{"href":"https:\/\/epxsantiago.org\/index.php\/wp-json\/wp\/v2\/types\/page"}],"author":[{"embeddable":true,"href":"https:\/\/epxsantiago.org\/index.php\/wp-json\/wp\/v2\/users\/1"}],"replies":[{"embeddable":true,"href":"https:\/\/epxsantiago.org\/index.php\/wp-json\/wp\/v2\/comments?post=3823"}],"version-history":[{"count":24,"href":"https:\/\/epxsantiago.org\/index.php\/wp-json\/wp\/v2\/pages\/3823\/revisions"}],"predecessor-version":[{"id":4679,"href":"https:\/\/epxsantiago.org\/index.php\/wp-json\/wp\/v2\/pages\/3823\/revisions\/4679"}],"up":[{"embeddable":true,"href":"https:\/\/epxsantiago.org\/index.php\/wp-json\/wp\/v2\/pages\/2608"}],"wp:attachment":[{"href":"https:\/\/epxsantiago.org\/index.php\/wp-json\/wp\/v2\/media?parent=3823"}],"curies":[{"name":"wp","href":"https:\/\/api.w.org\/{rel}","templated":true}]}}