{"id":3960,"date":"2020-05-29T13:49:57","date_gmt":"2020-05-29T13:49:57","guid":{"rendered":"http:\/\/epxsantiago.org\/?page_id=3960"},"modified":"2020-05-29T13:56:59","modified_gmt":"2020-05-29T13:56:59","slug":"practicas-externas-en-despachos-de-avogados-i-e-ii","status":"publish","type":"page","link":"https:\/\/epxsantiago.org\/index.php\/mua-2016-2018-2\/practicas-externas-en-despachos-de-avogados-i-e-ii","title":{"rendered":"Pr\u00e1cticas Externas en Despachos de Avogados I e II"},"content":{"rendered":"<p>[et_pb_section fb_built=\u00bb1&#8243; fullwidth=\u00bbon\u00bb admin_label=\u00bbSecci\u00f3n\u00bb _builder_version=\u00bb3.22&#8243;][et_pb_fullwidth_image src=\u00bbhttp:\/\/epxsantiago.org\/wp-content\/uploads\/2017\/04\/DSC_9643-e1491402417374.jpg\u00bb admin_label=\u00bbImagen de anchura completa\u00bb _builder_version=\u00bb3.0.87&#8243; animation_style=\u00bbslide\u00bb animation_direction=\u00bbleft\u00bb animation_duration=\u00bb500ms\u00bb animation_intensity_slide=\u00bb10%\u00bb animation=\u00bbleft\u00bb use_border_color=\u00bboff\u00bb border_color=\u00bb#ffffff\u00bb border_style=\u00bbsolid\u00bb] [\/et_pb_fullwidth_image][\/et_pb_section][et_pb_section fb_built=\u00bb1&#8243; admin_label=\u00bbSecci\u00f3n\u00bb _builder_version=\u00bb3.22&#8243; custom_padding=\u00bb0px|||\u00bb transparent_background=\u00bboff\u00bb make_fullwidth=\u00bboff\u00bb use_custom_width=\u00bboff\u00bb width_unit=\u00bbon\u00bb][et_pb_row column_structure=\u00bb1_4,3_4&#8243; admin_label=\u00bbFila\u00bb _builder_version=\u00bb3.25&#8243; background_size=\u00bbinitial\u00bb background_position=\u00bbtop_left\u00bb background_repeat=\u00bbrepeat\u00bb custom_padding=\u00bb20px||0px|\u00bb make_fullwidth=\u00bboff\u00bb use_custom_width=\u00bboff\u00bb width_unit=\u00bbon\u00bb][et_pb_column type=\u00bb1_4&#8243; _builder_version=\u00bb3.25&#8243; custom_padding=\u00bb|||\u00bb custom_padding__hover=\u00bb|||\u00bb][\/et_pb_column][et_pb_column type=\u00bb3_4&#8243; _builder_version=\u00bb3.25&#8243; custom_padding=\u00bb|||\u00bb custom_padding__hover=\u00bb|||\u00bb][et_pb_text admin_label=\u00bbTexto\u00bb _builder_version=\u00bb4.1&#8243; background_size=\u00bbinitial\u00bb background_position=\u00bbtop_left\u00bb background_repeat=\u00bbrepeat\u00bb text_orientation=\u00bbcenter\u00bb module_alignment=\u00bbcenter\u00bb use_border_color=\u00bboff\u00bb border_color=\u00bb#ffffff\u00bb border_style=\u00bbsolid\u00bb]<\/p>\n<h1>M\u00e1ster oficial en Avogac\u00eda 2016-2018<\/h1>\n<p>[\/et_pb_text][et_pb_post_title meta=\u00bboff\u00bb featured_image=\u00bboff\u00bb admin_label=\u00bbT\u00edtulo de pagina\u00bb _builder_version=\u00bb3.0.87&#8243; title_font_size=\u00bb22px\u00bb text_orientation=\u00bbcenter\u00bb custom_margin=\u00bb||0px|\u00bb custom_padding=\u00bb||0px|\u00bb use_border_color=\u00bboff\u00bb border_color=\u00bb#ffffff\u00bb border_style=\u00bbsolid\u00bb parallax_effect=\u00bboff\u00bb] [\/et_pb_post_title][\/et_pb_column][\/et_pb_row][\/et_pb_section][et_pb_section fb_built=\u00bb1&#8243; admin_label=\u00bbSecci\u00f3n\u00bb _builder_version=\u00bb3.22&#8243; custom_padding=\u00bb0px|||\u00bb transparent_background=\u00bboff\u00bb make_fullwidth=\u00bboff\u00bb use_custom_width=\u00bboff\u00bb width_unit=\u00bbon\u00bb][et_pb_row column_structure=\u00bb1_4,3_4&#8243; admin_label=\u00bbFila\u00bb _builder_version=\u00bb3.25&#8243; background_size=\u00bbinitial\u00bb background_position=\u00bbtop_left\u00bb background_repeat=\u00bbrepeat\u00bb custom_margin=\u00bb||0px|\u00bb custom_padding=\u00bb||0px|\u00bb make_fullwidth=\u00bboff\u00bb use_custom_width=\u00bboff\u00bb width_unit=\u00bbon\u00bb][et_pb_column type=\u00bb1_4&#8243; _builder_version=\u00bb3.25&#8243; custom_padding=\u00bb||0px|\u00bb custom_padding__hover=\u00bb|||\u00bb][et_pb_sidebar area=\u00bbet_pb_widget_area_15&#8243; admin_label=\u00bbBarra lateral\u00bb _builder_version=\u00bb3.0.74&#8243; remove_border=\u00bboff\u00bb] [\/et_pb_sidebar][\/et_pb_column][et_pb_column type=\u00bb3_4&#8243; _builder_version=\u00bb3.25&#8243; custom_padding=\u00bb|||\u00bb custom_padding__hover=\u00bb|||\u00bb][et_pb_text admin_label=\u00bbTexto\u00bb _builder_version=\u00bb4.1&#8243; background_size=\u00bbinitial\u00bb background_position=\u00bbtop_left\u00bb background_repeat=\u00bbrepeat\u00bb text_orientation=\u00bbjustified\u00bb hover_enabled=\u00bb0&#8243; use_border_color=\u00bboff\u00bb border_color=\u00bb#ffffff\u00bb border_style=\u00bbsolid\u00bb]<\/p>\n<p>&nbsp;<\/p>\n<h5 style=\"text-align: left; padding-left: 80px;\"><span style=\"color: #000080;\"><strong>Pr\u00e1cticas Externas en Despachos de Avogados I\u00a0 &#8211; P3341117<\/strong><\/span><\/h5>\n<h5 style=\"text-align: left; padding-left: 80px;\"><span style=\"color: #000080;\"><strong>Pr\u00e1cticas Externas en Despachos de Avogados II &#8211; P3341118<\/strong><\/span><\/h5>\n<p>&nbsp;<\/p>\n<table style=\"width: 824px;\">\n<tbody>\n<tr>\n<td style=\"width: 366px; text-align: left;\"><span style=\"color: #000080;\"><strong>Despachos onde realizaron pr\u00e1cticas <\/strong><\/span><span style=\"color: #000080;\"><strong>(curso 2017-18)<\/strong><\/span><\/td>\n<td style=\"width: 247.802px; text-align: center;\"><span style=\"color: #000080;\"><strong>N\u00ba colexiado &#8211; Colexio<\/strong><\/span><\/td>\n<td style=\"width: 191.198px; text-align: center;\"><span style=\"color: #000080;\"><strong>N\u00ba alumnos\/as<\/strong><\/span><\/td>\n<\/tr>\n<tr>\n<td style=\"width: 366px;\">Alberto Gonz\u00e1lez-Abraldes<\/td>\n<td style=\"width: 247.802px; text-align: center;\">1.360 \u2013 ICA Santiago<\/td>\n<td style=\"width: 191.198px;\">\n<p style=\"text-align: center;\">1<\/p>\n<\/td>\n<\/tr>\n<tr>\n<td style=\"width: 366px;\">Alejandro Otero Guldr\u00eds<\/td>\n<td style=\"width: 247.802px; text-align: center;\">2.044 \u2013 ICA Santiago<\/td>\n<td style=\"width: 191.198px; text-align: center;\">1<\/td>\n<\/tr>\n<tr>\n<td style=\"width: 366px;\">Alicia Lorenzo Ucha<\/td>\n<td style=\"width: 247.802px; text-align: center;\">2.515 &#8211; ICA Santiago<\/td>\n<td style=\"width: 191.198px; text-align: center;\">1<\/td>\n<\/tr>\n<tr>\n<td style=\"width: 366px;\">\u00c1lvaro Otero Schmitt<\/td>\n<td style=\"width: 247.802px; text-align: center;\">1.255 \u2013 ICA Santiago<\/td>\n<td style=\"width: 191.198px; text-align: center;\">1<\/td>\n<\/tr>\n<tr>\n<td style=\"width: 366px;\">Ana Mar\u00eda Varela Meizoso<\/td>\n<td style=\"width: 247.802px; text-align: center;\">1.091 \u2013 ICA Santiago<\/td>\n<td style=\"width: 191.198px; text-align: center;\">1<\/td>\n<\/tr>\n<tr>\n<td style=\"width: 366px;\">Antonio Ruiz Permuy<\/td>\n<td style=\"width: 247.802px; text-align: center;\">\u00a0 \u00a0615 \u2013 ICA Santiago<\/td>\n<td style=\"width: 191.198px; text-align: center;\">1<\/td>\n<\/tr>\n<tr>\n<td style=\"width: 366px;\">Araceli del R\u00edo Otero<\/td>\n<td style=\"width: 247.802px; text-align: center;\">1.117 \u2013 ICA Santiago<\/td>\n<td style=\"width: 191.198px; text-align: center;\">1<\/td>\n<\/tr>\n<tr>\n<td style=\"width: 366px;\">Beatriz Pena Dom\u00ednguez<\/td>\n<td style=\"width: 247.802px; text-align: center;\">1.656 \u2013 ICA Santiago<\/td>\n<td style=\"width: 191.198px; text-align: center;\">1<\/td>\n<\/tr>\n<tr>\n<td style=\"width: 366px;\">Beatriz Pi\u00f1eiro Vidal<\/td>\n<td style=\"width: 247.802px; text-align: center;\">2.147 \u2013 ICA Santiago<\/td>\n<td style=\"width: 191.198px; text-align: center;\">1<\/td>\n<\/tr>\n<tr>\n<td style=\"width: 366px;\">Blas Manuel Rivas Alejandro<\/td>\n<td style=\"width: 247.802px; text-align: center;\">\u00a0 \u00a0951 \u2013 ICA Santiago<\/td>\n<td style=\"width: 191.198px; text-align: center;\">1<\/td>\n<\/tr>\n<tr>\n<td style=\"width: 366px;\">Carmen Barcala Barreiro<\/td>\n<td style=\"width: 247.802px; text-align: center;\">1.697 \u2013 ICA Santiago<\/td>\n<td style=\"width: 191.198px; text-align: center;\">1<\/td>\n<\/tr>\n<tr>\n<td style=\"width: 366px;\">Carmen Gonz\u00e1lez Ferro<\/td>\n<td style=\"width: 247.802px; text-align: center;\">1.169 \u2013 ICA Santiago<\/td>\n<td style=\"width: 191.198px; text-align: center;\">1<\/td>\n<\/tr>\n<tr>\n<td style=\"width: 366px;\">Cesar R\u00faa Mart\u00ednez<\/td>\n<td style=\"width: 247.802px; text-align: center;\">\u00a0 \u00a0568 \u2013 ICA Santiago<\/td>\n<td style=\"width: 191.198px; text-align: center;\">2<\/td>\n<\/tr>\n<tr>\n<td style=\"width: 366px;\">Cristina Goldar Soto<\/td>\n<td style=\"width: 247.802px; text-align: center;\">1.524 \u2013 ICA Santiago<\/td>\n<td style=\"width: 191.198px; text-align: center;\">1<\/td>\n<\/tr>\n<tr>\n<td style=\"width: 366px;\">Daniel Vila Pintos<\/td>\n<td style=\"width: 247.802px; text-align: center;\">2.671 \u2013 ICA Santiago<\/td>\n<td style=\"width: 191.198px; text-align: center;\">1<\/td>\n<\/tr>\n<tr>\n<td style=\"width: 366px;\">Delfa Losa Garc\u00eda<\/td>\n<td style=\"width: 247.802px; text-align: center;\">1.368 \u2013 ICA Santiago<\/td>\n<td style=\"width: 191.198px; text-align: center;\">1<\/td>\n<\/tr>\n<tr>\n<td style=\"width: 366px;\">Evaristo Nogueira Pol<\/td>\n<td style=\"width: 247.802px; text-align: center;\">\u00a0 \u00a0882 \u2013 ICA Santiago<\/td>\n<td style=\"width: 191.198px; text-align: center;\">1<\/td>\n<\/tr>\n<tr>\n<td style=\"width: 366px;\">Fernando Viqueira Nouche<\/td>\n<td style=\"width: 247.802px; text-align: center;\">1.882 \u2013 ICA Santiago<\/td>\n<td style=\"width: 191.198px; text-align: center;\">1<\/td>\n<\/tr>\n<tr>\n<td style=\"width: 366px;\">Gloria Zu\u00f1iga Rial<\/td>\n<td style=\"width: 247.802px; text-align: center;\">2.327 \u2013 ICA Santiago<\/td>\n<td style=\"width: 191.198px; text-align: center;\">1<\/td>\n<\/tr>\n<tr>\n<td style=\"width: 366px;\">Graciela Otero Iglesias<\/td>\n<td style=\"width: 247.802px; text-align: center;\">1.740 \u2013 ICA Santiago<\/td>\n<td style=\"width: 191.198px; text-align: center;\">1<\/td>\n<\/tr>\n<tr>\n<td style=\"width: 366px;\">Javier Constenla Vega<\/td>\n<td style=\"width: 247.802px; text-align: center;\">1.876 \u2013 ICA Santiago<\/td>\n<td style=\"width: 191.198px; text-align: center;\">1<\/td>\n<\/tr>\n<tr>\n<td style=\"width: 366px;\">Javier Curros Neira<\/td>\n<td style=\"width: 247.802px; text-align: center;\">1.742 \u2013 ICA Santiago<\/td>\n<td style=\"width: 191.198px; text-align: center;\">1<\/td>\n<\/tr>\n<tr>\n<td style=\"width: 366px;\">Javier S\u00e1nchez-Agustino Mari\u00f1o<\/td>\n<td style=\"width: 247.802px; text-align: center;\">1.314 \u2013 ICA Santiago<\/td>\n<td style=\"width: 191.198px; text-align: center;\">1<\/td>\n<\/tr>\n<tr>\n<td style=\"width: 366px;\">Jorge Mart\u00ednez Tojo<\/td>\n<td style=\"width: 247.802px; text-align: center;\">1.497 \u2013 ICA Santiago<\/td>\n<td style=\"width: 191.198px; text-align: center;\">1<\/td>\n<\/tr>\n<tr>\n<td style=\"width: 366px;\">Jos\u00e9 Antonio Montero Vilar<\/td>\n<td style=\"width: 247.802px; text-align: center;\">1.128 \u2013 ICA Santiago<\/td>\n<td style=\"width: 191.198px; text-align: center;\">1<\/td>\n<\/tr>\n<tr>\n<td style=\"width: 366px;\">Jos\u00e9 Carlos M\u00edguez L\u00f3pez<\/td>\n<td style=\"width: 247.802px; text-align: center;\">1.109 \u2013 ICA Santiago<\/td>\n<td style=\"width: 191.198px; text-align: center;\">1<\/td>\n<\/tr>\n<tr>\n<td style=\"width: 366px;\">Jos\u00e9 Luis Mart\u00ednez-Olivares<\/td>\n<td style=\"width: 247.802px; text-align: center;\">1.611 \u2013 ICA Santiago<\/td>\n<td style=\"width: 191.198px; text-align: center;\">1<\/td>\n<\/tr>\n<tr>\n<td style=\"width: 366px;\">Jos\u00e9 Manuel Pi\u00f1eiro Gonz\u00e1lez<\/td>\n<td style=\"width: 247.802px; text-align: center;\">1.657 \u2013 ICA Santiago<\/td>\n<td style=\"width: 191.198px; text-align: center;\">1<\/td>\n<\/tr>\n<tr>\n<td style=\"width: 366px;\">Jos\u00e9 Ram\u00f3n Oulego Erroz<\/td>\n<td style=\"width: 247.802px; text-align: center;\">1.963 \u2013 ICA Santiago<\/td>\n<td style=\"width: 191.198px; text-align: center;\">1<\/td>\n<\/tr>\n<tr>\n<td style=\"width: 366px;\">Jos\u00e9 Vispo Montero<\/td>\n<td style=\"width: 247.802px; text-align: center;\">\u00a0 \u00a0355 \u2013 ICA Santiago<\/td>\n<td style=\"width: 191.198px; text-align: center;\">1<\/td>\n<\/tr>\n<tr>\n<td style=\"width: 366px;\">Juan Carlos Garc\u00eda Maceira<\/td>\n<td style=\"width: 247.802px; text-align: center;\">\u00a0 \u00a0798 \u2013 ICA Santiago<\/td>\n<td style=\"width: 191.198px; text-align: center;\">1<\/td>\n<\/tr>\n<tr>\n<td style=\"width: 366px;\">Laura Otero Rodr\u00edguez<\/td>\n<td style=\"width: 247.802px; text-align: center;\">1.869 \u2013 ICA Santiago<\/td>\n<td style=\"width: 191.198px; text-align: center;\">1<\/td>\n<\/tr>\n<tr>\n<td style=\"width: 366px;\">Luciano Prado del R\u00edo<\/td>\n<td style=\"width: 247.802px; text-align: center;\">1.674 \u2013 ICA Santiago<\/td>\n<td style=\"width: 191.198px; text-align: center;\">1<\/td>\n<\/tr>\n<tr>\n<td style=\"width: 366px;\">Luis \u00c1lvarez Fern\u00e1ndez<\/td>\n<td style=\"width: 247.802px; text-align: center;\">1.456 \u2013 ICA Santiago<\/td>\n<td style=\"width: 191.198px; text-align: center;\">1<\/td>\n<\/tr>\n<tr>\n<td style=\"width: 366px;\">Manuel Francisco Mart\u00edn Garc\u00eda<\/td>\n<td style=\"width: 247.802px; text-align: center;\">1.673 \u2013 ICA Santiago<\/td>\n<td style=\"width: 191.198px; text-align: center;\">1<\/td>\n<\/tr>\n<tr>\n<td style=\"width: 366px;\">Mar Vivero Vizoso<\/td>\n<td style=\"width: 247.802px; text-align: center;\">1.000 \u2013 ICA Santiago<\/td>\n<td style=\"width: 191.198px; text-align: center;\">1<\/td>\n<\/tr>\n<tr>\n<td style=\"width: 366px;\">Marcos Vilarelle Rom\u00e1y<\/td>\n<td style=\"width: 247.802px; text-align: center;\">2.018 \u2013 ICA Santiago<\/td>\n<td style=\"width: 191.198px; text-align: center;\">1<\/td>\n<\/tr>\n<tr>\n<td style=\"width: 366px;\">Mar\u00eda Bel\u00e9n Hospido Lobeiras<\/td>\n<td style=\"width: 247.802px; text-align: center;\">\u00a0 \u00a0914 \u2013 ICA Santiago<\/td>\n<td style=\"width: 191.198px; text-align: center;\">2<\/td>\n<\/tr>\n<tr>\n<td style=\"width: 366px;\">Mar\u00eda Jes\u00fas Matovelle G\u00f3mez<\/td>\n<td style=\"width: 247.802px; text-align: center;\">\u00a0 \u00a0726 \u2013 ICA Santiago<\/td>\n<td style=\"width: 191.198px; text-align: center;\">1<\/td>\n<\/tr>\n<tr>\n<td style=\"width: 366px;\">Mar\u00eda Jes\u00fas Vieito Mayo<\/td>\n<td style=\"width: 247.802px; text-align: center;\">1.348 \u2013 ICA Santiago<\/td>\n<td style=\"width: 191.198px; text-align: center;\">2<\/td>\n<\/tr>\n<tr>\n<td style=\"width: 366px;\">Mariano Sierra Rodr\u00edguez<\/td>\n<td style=\"width: 247.802px; text-align: center;\">1.484 \u2013 ICA Santiago<\/td>\n<td style=\"width: 191.198px; text-align: center;\">1<\/td>\n<\/tr>\n<tr>\n<td style=\"width: 366px;\">Miguel Angel Bouza L\u00f3pez<\/td>\n<td style=\"width: 247.802px; text-align: center;\">1.968 \u2013 ICA Santiago<\/td>\n<td style=\"width: 191.198px; text-align: center;\">1<\/td>\n<\/tr>\n<tr>\n<td style=\"width: 366px;\">Montserrat V\u00e1zquez Losada<\/td>\n<td style=\"width: 247.802px; text-align: center;\">1.066 \u2013 ICA Santiago<\/td>\n<td style=\"width: 191.198px; text-align: center;\">1<\/td>\n<\/tr>\n<tr>\n<td style=\"width: 366px;\">Paulo L\u00f3pez Porto<\/td>\n<td style=\"width: 247.802px; text-align: center;\">1.937 \u2013 ICA Santiago<\/td>\n<td style=\"width: 191.198px; text-align: center;\">2<\/td>\n<\/tr>\n<tr>\n<td style=\"width: 366px;\">Pedro Blanco Lobeiras<\/td>\n<td style=\"width: 247.802px; text-align: center;\">1.030 \u2013 ICA Santiago<\/td>\n<td style=\"width: 191.198px; text-align: center;\">2<\/td>\n<\/tr>\n<tr>\n<td style=\"width: 366px;\">Ram\u00f3n Gonz\u00e1lez Vinagre<\/td>\n<td style=\"width: 247.802px; text-align: center;\">1.389 \u2013 ICA Santiago<\/td>\n<td style=\"width: 191.198px; text-align: center;\">1<\/td>\n<\/tr>\n<tr>\n<td style=\"width: 366px;\">Ram\u00f3n Quintela Miramontes<\/td>\n<td style=\"width: 247.802px; text-align: center;\">\u00a0 \u00a0765 \u2013 ICA Santiago<\/td>\n<td style=\"width: 191.198px; text-align: center;\">2<\/td>\n<\/tr>\n<tr>\n<td style=\"width: 366px;\">Roc\u00edo Arnoso Moure<\/td>\n<td style=\"width: 247.802px; text-align: center;\">1.860 \u2013 ICA Santiago<\/td>\n<td style=\"width: 191.198px; text-align: center;\">1<\/td>\n<\/tr>\n<tr>\n<td style=\"width: 366px;\">Santiago Alonso de la Pe\u00f1a<\/td>\n<td style=\"width: 247.802px; text-align: center;\">1.186 \u2013 ICA Santiago<\/td>\n<td style=\"width: 191.198px; text-align: center;\">1<\/td>\n<\/tr>\n<tr>\n<td style=\"width: 366px;\">Timoteo Guti\u00e9rrez Valerio<\/td>\n<td style=\"width: 247.802px; text-align: center;\">1.323 \u2013 ICA Santiago<\/td>\n<td style=\"width: 191.198px; text-align: center;\">1<\/td>\n<\/tr>\n<tr>\n<td style=\"width: 366px;\">Victor Arceo T\u00fa\u00f1ez<\/td>\n<td style=\"width: 247.802px; text-align: center;\">1.753 \u2013 ICA Santiago<\/td>\n<td style=\"width: 191.198px; text-align: center;\">1<\/td>\n<\/tr>\n<tr>\n<td style=\"width: 366px;\">Xos\u00e9 Febrero Bande<\/td>\n<td style=\"width: 247.802px; text-align: center;\">\u00a0 \u00a0815 \u2013 ICA Santiago<\/td>\n<td style=\"width: 191.198px; text-align: center;\">1<\/td>\n<\/tr>\n<\/tbody>\n<\/table>\n<p>&nbsp;<\/p>\n<p>[\/et_pb_text][\/et_pb_column][\/et_pb_row][\/et_pb_section]<\/p>\n","protected":false},"excerpt":{"rendered":"<p>M\u00e1ster oficial en Avogac\u00eda 2016-2018 &nbsp; Pr\u00e1cticas Externas en Despachos de Avogados I\u00a0 &#8211; P3341117 Pr\u00e1cticas Externas en Despachos de Avogados II &#8211; P3341118 &nbsp; Despachos onde realizaron pr\u00e1cticas (curso 2017-18) N\u00ba colexiado &#8211; Colexio N\u00ba alumnos\/as Alberto Gonz\u00e1lez-Abraldes 1.360 \u2013 ICA Santiago 1 Alejandro Otero Guldr\u00eds 2.044 \u2013 ICA Santiago 1 Alicia Lorenzo Ucha [&hellip;]<\/p>\n","protected":false},"author":1,"featured_media":0,"parent":2334,"menu_order":14,"comment_status":"closed","ping_status":"closed","template":"","meta":{"_et_pb_use_builder":"on","_et_pb_old_content":"","_et_gb_content_width":"","footnotes":""},"class_list":["post-3960","page","type-page","status-publish","hentry"],"_links":{"self":[{"href":"https:\/\/epxsantiago.org\/index.php\/wp-json\/wp\/v2\/pages\/3960","targetHints":{"allow":["GET"]}}],"collection":[{"href":"https:\/\/epxsantiago.org\/index.php\/wp-json\/wp\/v2\/pages"}],"about":[{"href":"https:\/\/epxsantiago.org\/index.php\/wp-json\/wp\/v2\/types\/page"}],"author":[{"embeddable":true,"href":"https:\/\/epxsantiago.org\/index.php\/wp-json\/wp\/v2\/users\/1"}],"replies":[{"embeddable":true,"href":"https:\/\/epxsantiago.org\/index.php\/wp-json\/wp\/v2\/comments?post=3960"}],"version-history":[{"count":5,"href":"https:\/\/epxsantiago.org\/index.php\/wp-json\/wp\/v2\/pages\/3960\/revisions"}],"predecessor-version":[{"id":3971,"href":"https:\/\/epxsantiago.org\/index.php\/wp-json\/wp\/v2\/pages\/3960\/revisions\/3971"}],"up":[{"embeddable":true,"href":"https:\/\/epxsantiago.org\/index.php\/wp-json\/wp\/v2\/pages\/2334"}],"wp:attachment":[{"href":"https:\/\/epxsantiago.org\/index.php\/wp-json\/wp\/v2\/media?parent=3960"}],"curies":[{"name":"wp","href":"https:\/\/api.w.org\/{rel}","templated":true}]}}