{"id":3981,"date":"2020-05-29T14:26:51","date_gmt":"2020-05-29T14:26:51","guid":{"rendered":"http:\/\/epxsantiago.org\/?page_id=3981"},"modified":"2020-05-29T14:26:55","modified_gmt":"2020-05-29T14:26:55","slug":"practicas-externas-en-administracions-publicas","status":"publish","type":"page","link":"https:\/\/epxsantiago.org\/index.php\/master-oficial-en-avogacia-2017-2019\/practicas-externas-en-administracions-publicas","title":{"rendered":"Pr\u00e1cticas Externas en Administraci\u00f3ns P\u00fablicas"},"content":{"rendered":"<p>[et_pb_section fb_built=\u00bb1&#8243; fullwidth=\u00bbon\u00bb admin_label=\u00bbSecci\u00f3n\u00bb _builder_version=\u00bb3.22&#8243;][et_pb_fullwidth_image src=\u00bbhttp:\/\/epxsantiago.org\/wp-content\/uploads\/2017\/04\/DSC_9643-e1491402417374.jpg\u00bb admin_label=\u00bbImagen de anchura completa\u00bb _builder_version=\u00bb3.0.87&#8243; animation_style=\u00bbslide\u00bb animation_direction=\u00bbleft\u00bb animation_duration=\u00bb500ms\u00bb animation_intensity_slide=\u00bb10%\u00bb animation=\u00bbleft\u00bb use_border_color=\u00bboff\u00bb border_color=\u00bb#ffffff\u00bb border_style=\u00bbsolid\u00bb] [\/et_pb_fullwidth_image][\/et_pb_section][et_pb_section fb_built=\u00bb1&#8243; admin_label=\u00bbSecci\u00f3n\u00bb _builder_version=\u00bb3.22&#8243; custom_padding=\u00bb0px|||\u00bb transparent_background=\u00bboff\u00bb make_fullwidth=\u00bboff\u00bb use_custom_width=\u00bboff\u00bb width_unit=\u00bbon\u00bb][et_pb_row column_structure=\u00bb1_4,3_4&#8243; admin_label=\u00bbFila\u00bb _builder_version=\u00bb3.25&#8243; background_size=\u00bbinitial\u00bb background_position=\u00bbtop_left\u00bb background_repeat=\u00bbrepeat\u00bb custom_padding=\u00bb20px||0px|\u00bb make_fullwidth=\u00bboff\u00bb use_custom_width=\u00bboff\u00bb width_unit=\u00bbon\u00bb][et_pb_column type=\u00bb1_4&#8243; _builder_version=\u00bb3.25&#8243; custom_padding=\u00bb|||\u00bb custom_padding__hover=\u00bb|||\u00bb][\/et_pb_column][et_pb_column type=\u00bb3_4&#8243; _builder_version=\u00bb3.25&#8243; custom_padding=\u00bb|||\u00bb custom_padding__hover=\u00bb|||\u00bb][et_pb_text admin_label=\u00bbTexto\u00bb _builder_version=\u00bb3.27.4&#8243; background_size=\u00bbinitial\u00bb background_position=\u00bbtop_left\u00bb background_repeat=\u00bbrepeat\u00bb text_orientation=\u00bbcenter\u00bb module_alignment=\u00bbcenter\u00bb use_border_color=\u00bboff\u00bb border_color=\u00bb#ffffff\u00bb border_style=\u00bbsolid\u00bb]<\/p>\n<h1>M\u00e1ster oficial en Avogac\u00eda 2017-2019<\/h1>\n<p>[\/et_pb_text][et_pb_post_title meta=\u00bboff\u00bb featured_image=\u00bboff\u00bb admin_label=\u00bbT\u00edtulo de pagina\u00bb _builder_version=\u00bb3.0.87&#8243; title_font_size=\u00bb22px\u00bb text_orientation=\u00bbcenter\u00bb custom_margin=\u00bb||0px|\u00bb custom_padding=\u00bb||0px|\u00bb use_border_color=\u00bboff\u00bb border_color=\u00bb#ffffff\u00bb border_style=\u00bbsolid\u00bb parallax_effect=\u00bboff\u00bb] [\/et_pb_post_title][\/et_pb_column][\/et_pb_row][\/et_pb_section][et_pb_section fb_built=\u00bb1&#8243; admin_label=\u00bbSecci\u00f3n\u00bb _builder_version=\u00bb3.22&#8243; custom_padding=\u00bb0px|||\u00bb transparent_background=\u00bboff\u00bb make_fullwidth=\u00bboff\u00bb use_custom_width=\u00bboff\u00bb width_unit=\u00bbon\u00bb][et_pb_row column_structure=\u00bb1_4,3_4&#8243; admin_label=\u00bbFila\u00bb _builder_version=\u00bb3.25&#8243; background_size=\u00bbinitial\u00bb background_position=\u00bbtop_left\u00bb background_repeat=\u00bbrepeat\u00bb custom_margin=\u00bb||0px|\u00bb custom_padding=\u00bb||0px|\u00bb make_fullwidth=\u00bboff\u00bb use_custom_width=\u00bboff\u00bb width_unit=\u00bbon\u00bb][et_pb_column type=\u00bb1_4&#8243; _builder_version=\u00bb3.25&#8243; custom_padding=\u00bb||0px|\u00bb custom_padding__hover=\u00bb|||\u00bb][et_pb_sidebar area=\u00bbet_pb_widget_area_11&#8243; admin_label=\u00bbBarra lateral\u00bb _builder_version=\u00bb3.0.74&#8243; remove_border=\u00bboff\u00bb] [\/et_pb_sidebar][\/et_pb_column][et_pb_column type=\u00bb3_4&#8243; _builder_version=\u00bb3.25&#8243; custom_padding=\u00bb|||\u00bb custom_padding__hover=\u00bb|||\u00bb][et_pb_text admin_label=\u00bbTexto\u00bb _builder_version=\u00bb4.1&#8243; background_size=\u00bbinitial\u00bb background_position=\u00bbtop_left\u00bb background_repeat=\u00bbrepeat\u00bb text_orientation=\u00bbjustified\u00bb hover_enabled=\u00bb0&#8243; use_border_color=\u00bboff\u00bb border_color=\u00bb#ffffff\u00bb border_style=\u00bbsolid\u00bb]<\/p>\n<p><strong>Pr\u00e1cticas Externas en Administraci\u00f3ns P\u00fablicas<\/strong><\/p>\n<p><a href=\"http:\/\/epxsantiago.org\/master-oficial-en-avogacia-2017-2019\/practicas-externas-2\/practicas-externas-en-administraciones-2018-2\/\" rel=\"attachment wp-att-2524\"><img loading=\"lazy\" decoding=\"async\" class=\"aligncenter size-large wp-image-2524\" src=\"http:\/\/epxsantiago.org\/wp-content\/uploads\/2017\/03\/Practicas-externas-en-Administraciones-2018-1024x724.jpg\" alt=\"\" width=\"1024\" height=\"724\" srcset=\"https:\/\/epxsantiago.org\/wp-content\/uploads\/2017\/03\/Practicas-externas-en-Administraciones-2018-1024x724.jpg 1024w, https:\/\/epxsantiago.org\/wp-content\/uploads\/2017\/03\/Practicas-externas-en-Administraciones-2018-300x212.jpg 300w, https:\/\/epxsantiago.org\/wp-content\/uploads\/2017\/03\/Practicas-externas-en-Administraciones-2018-768x543.jpg 768w, https:\/\/epxsantiago.org\/wp-content\/uploads\/2017\/03\/Practicas-externas-en-Administraciones-2018-400x284.jpg 400w, https:\/\/epxsantiago.org\/wp-content\/uploads\/2017\/03\/Practicas-externas-en-Administraciones-2018-1080x764.jpg 1080w\" sizes=\"auto, (max-width: 1024px) 100vw, 1024px\" \/><\/a><\/p>\n<p>[\/et_pb_text][\/et_pb_column][\/et_pb_row][\/et_pb_section]<\/p>\n","protected":false},"excerpt":{"rendered":"<p>M\u00e1ster oficial en Avogac\u00eda 2017-2019 Pr\u00e1cticas Externas en Administraci\u00f3ns P\u00fablicas<\/p>\n","protected":false},"author":1,"featured_media":0,"parent":2330,"menu_order":15,"comment_status":"closed","ping_status":"closed","template":"","meta":{"_et_pb_use_builder":"on","_et_pb_old_content":"","_et_gb_content_width":"","footnotes":""},"class_list":["post-3981","page","type-page","status-publish","hentry"],"_links":{"self":[{"href":"https:\/\/epxsantiago.org\/index.php\/wp-json\/wp\/v2\/pages\/3981","targetHints":{"allow":["GET"]}}],"collection":[{"href":"https:\/\/epxsantiago.org\/index.php\/wp-json\/wp\/v2\/pages"}],"about":[{"href":"https:\/\/epxsantiago.org\/index.php\/wp-json\/wp\/v2\/types\/page"}],"author":[{"embeddable":true,"href":"https:\/\/epxsantiago.org\/index.php\/wp-json\/wp\/v2\/users\/1"}],"replies":[{"embeddable":true,"href":"https:\/\/epxsantiago.org\/index.php\/wp-json\/wp\/v2\/comments?post=3981"}],"version-history":[{"count":3,"href":"https:\/\/epxsantiago.org\/index.php\/wp-json\/wp\/v2\/pages\/3981\/revisions"}],"predecessor-version":[{"id":3984,"href":"https:\/\/epxsantiago.org\/index.php\/wp-json\/wp\/v2\/pages\/3981\/revisions\/3984"}],"up":[{"embeddable":true,"href":"https:\/\/epxsantiago.org\/index.php\/wp-json\/wp\/v2\/pages\/2330"}],"wp:attachment":[{"href":"https:\/\/epxsantiago.org\/index.php\/wp-json\/wp\/v2\/media?parent=3981"}],"curies":[{"name":"wp","href":"https:\/\/api.w.org\/{rel}","templated":true}]}}