{"id":4060,"date":"2020-07-03T09:07:44","date_gmt":"2020-07-03T09:07:44","guid":{"rendered":"http:\/\/epxsantiago.org\/?page_id=4060"},"modified":"2020-07-03T09:16:35","modified_gmt":"2020-07-03T09:16:35","slug":"sesions-informativas","status":"publish","type":"page","link":"https:\/\/epxsantiago.org\/index.php\/mua-2020-2022\/sesions-informativas","title":{"rendered":"SESI\u00d3NS INFORMATIVAS"},"content":{"rendered":"<p>[et_pb_section fb_built=\u00bb1&#8243; fullwidth=\u00bbon\u00bb admin_label=\u00bbSecci\u00f3n\u00bb _builder_version=\u00bb3.22&#8243;][et_pb_fullwidth_image src=\u00bbhttp:\/\/epxsantiago.org\/wp-content\/uploads\/2017\/04\/DSC_9643-e1491402417374.jpg\u00bb admin_label=\u00bbImagen de anchura completa\u00bb _builder_version=\u00bb3.0.87&#8243; animation_style=\u00bbslide\u00bb animation_direction=\u00bbleft\u00bb animation_duration=\u00bb500ms\u00bb animation_intensity_slide=\u00bb10%\u00bb animation=\u00bbleft\u00bb use_border_color=\u00bboff\u00bb border_color=\u00bb#ffffff\u00bb border_style=\u00bbsolid\u00bb] [\/et_pb_fullwidth_image][\/et_pb_section][et_pb_section fb_built=\u00bb1&#8243; admin_label=\u00bbSecci\u00f3n\u00bb _builder_version=\u00bb3.22&#8243; custom_padding=\u00bb0px|||\u00bb transparent_background=\u00bboff\u00bb make_fullwidth=\u00bboff\u00bb use_custom_width=\u00bboff\u00bb width_unit=\u00bbon\u00bb][et_pb_row admin_label=\u00bbFila\u00bb _builder_version=\u00bb3.25&#8243; background_size=\u00bbinitial\u00bb background_position=\u00bbtop_left\u00bb background_repeat=\u00bbrepeat\u00bb custom_padding=\u00bb20px||0px|\u00bb make_fullwidth=\u00bboff\u00bb use_custom_width=\u00bboff\u00bb width_unit=\u00bbon\u00bb column_structure=\u00bb1_4,3_4&#8243;][et_pb_column type=\u00bb1_4&#8243; _builder_version=\u00bb3.25&#8243; custom_padding=\u00bb|||\u00bb custom_padding__hover=\u00bb|||\u00bb][\/et_pb_column][et_pb_column type=\u00bb3_4&#8243; _builder_version=\u00bb3.25&#8243; custom_padding=\u00bb|||\u00bb custom_padding__hover=\u00bb|||\u00bb][et_pb_text admin_label=\u00bbTexto\u00bb _builder_version=\u00bb4.1&#8243; background_size=\u00bbinitial\u00bb background_position=\u00bbtop_left\u00bb background_repeat=\u00bbrepeat\u00bb text_orientation=\u00bbcenter\u00bb module_alignment=\u00bbcenter\u00bb hover_enabled=\u00bb0&#8243; use_border_color=\u00bboff\u00bb border_color=\u00bb#ffffff\u00bb border_style=\u00bbsolid\u00bb]<\/p>\n<h1>M\u00e1ster oficial en Avogac\u00eda 2020-2022<\/h1>\n<p>[\/et_pb_text][et_pb_post_title meta=\u00bboff\u00bb featured_image=\u00bboff\u00bb admin_label=\u00bbT\u00edtulo de pagina\u00bb _builder_version=\u00bb3.0.87&#8243; title_font_size=\u00bb22px\u00bb text_orientation=\u00bbcenter\u00bb custom_margin=\u00bb||0px|\u00bb custom_padding=\u00bb||0px|\u00bb hover_enabled=\u00bb0&#8243; use_border_color=\u00bboff\u00bb border_color=\u00bb#ffffff\u00bb border_style=\u00bbsolid\u00bb parallax_effect=\u00bboff\u00bb] [\/et_pb_post_title][\/et_pb_column][\/et_pb_row][\/et_pb_section][et_pb_section fb_built=\u00bb1&#8243; admin_label=\u00bbSecci\u00f3n\u00bb _builder_version=\u00bb3.22&#8243; custom_padding=\u00bb0px|||\u00bb transparent_background=\u00bboff\u00bb make_fullwidth=\u00bboff\u00bb use_custom_width=\u00bboff\u00bb width_unit=\u00bbon\u00bb][et_pb_row admin_label=\u00bbFila\u00bb _builder_version=\u00bb3.25&#8243; background_size=\u00bbinitial\u00bb background_position=\u00bbtop_left\u00bb background_repeat=\u00bbrepeat\u00bb custom_margin=\u00bb||0px|\u00bb custom_padding=\u00bb||0px|\u00bb make_fullwidth=\u00bboff\u00bb use_custom_width=\u00bboff\u00bb width_unit=\u00bbon\u00bb column_structure=\u00bb1_4,3_4&#8243;][et_pb_column type=\u00bb1_4&#8243; _builder_version=\u00bb3.25&#8243; custom_padding=\u00bb||0px|\u00bb custom_padding__hover=\u00bb|||\u00bb][et_pb_sidebar area=\u00bbet_pb_widget_area_24&#8243; admin_label=\u00bbBarra lateral\u00bb _builder_version=\u00bb4.1&#8243; hover_enabled=\u00bb0&#8243; remove_border=\u00bboff\u00bb] [\/et_pb_sidebar][\/et_pb_column][et_pb_column type=\u00bb3_4&#8243; _builder_version=\u00bb3.25&#8243; custom_padding=\u00bb|||\u00bb custom_padding__hover=\u00bb|||\u00bb][et_pb_text admin_label=\u00bbTexto\u00bb _builder_version=\u00bb4.1&#8243; background_size=\u00bbinitial\u00bb background_position=\u00bbtop_left\u00bb background_repeat=\u00bbrepeat\u00bb text_orientation=\u00bbjustified\u00bb hover_enabled=\u00bb0&#8243; use_border_color=\u00bboff\u00bb border_color=\u00bb#ffffff\u00bb border_style=\u00bbsolid\u00bb]<\/p>\n<p>Haber\u00e1 sesi\u00f3ns informativas tanto <strong>nas instalaci\u00f3ns da Escola de Pr\u00e1ctica Xur\u00eddica<\/strong> como a trav\u00e9s da plataforma <strong>Microsoft Teams<\/strong> (para o que ser\u00e1 necesario solicitar o enlace a trav\u00e9s dun correo electr\u00f3nico a epjdir@usc.es ou chamando ao 881814675) os seguintes d\u00edas:<\/p>\n<p>&nbsp;<\/p>\n<ul>\n<li><strong>3, 10, 17, 24 e 27 de XULLO<\/strong>, \u00e1s 13:00 horas<\/li>\n<\/ul>\n<ul>\n<li><strong>24 e 28 de AGOSTO<\/strong>, \u00e1s 13:00 horas<\/li>\n<\/ul>\n<ul>\n<li><strong>4, 11, 18 e 25 de SETEMBRO<\/strong>, \u00e1s 14:00 horas<\/li>\n<\/ul>\n<p>[\/et_pb_text][\/et_pb_column][\/et_pb_row][\/et_pb_section]<\/p>\n","protected":false},"excerpt":{"rendered":"<p>M\u00e1ster oficial en Avogac\u00eda 2020-2022 Haber\u00e1 sesi\u00f3ns informativas tanto nas instalaci\u00f3ns da Escola de Pr\u00e1ctica Xur\u00eddica como a trav\u00e9s da plataforma Microsoft Teams (para o que ser\u00e1 necesario solicitar o enlace a trav\u00e9s dun correo electr\u00f3nico a epjdir@usc.es ou chamando ao 881814675) os seguintes d\u00edas: &nbsp; 3, 10, 17, 24 e 27 de XULLO, \u00e1s [&hellip;]<\/p>\n","protected":false},"author":1,"featured_media":0,"parent":4005,"menu_order":4,"comment_status":"closed","ping_status":"closed","template":"","meta":{"_et_pb_use_builder":"on","_et_pb_old_content":"","_et_gb_content_width":"","footnotes":""},"class_list":["post-4060","page","type-page","status-publish","hentry"],"_links":{"self":[{"href":"https:\/\/epxsantiago.org\/index.php\/wp-json\/wp\/v2\/pages\/4060","targetHints":{"allow":["GET"]}}],"collection":[{"href":"https:\/\/epxsantiago.org\/index.php\/wp-json\/wp\/v2\/pages"}],"about":[{"href":"https:\/\/epxsantiago.org\/index.php\/wp-json\/wp\/v2\/types\/page"}],"author":[{"embeddable":true,"href":"https:\/\/epxsantiago.org\/index.php\/wp-json\/wp\/v2\/users\/1"}],"replies":[{"embeddable":true,"href":"https:\/\/epxsantiago.org\/index.php\/wp-json\/wp\/v2\/comments?post=4060"}],"version-history":[{"count":2,"href":"https:\/\/epxsantiago.org\/index.php\/wp-json\/wp\/v2\/pages\/4060\/revisions"}],"predecessor-version":[{"id":4064,"href":"https:\/\/epxsantiago.org\/index.php\/wp-json\/wp\/v2\/pages\/4060\/revisions\/4064"}],"up":[{"embeddable":true,"href":"https:\/\/epxsantiago.org\/index.php\/wp-json\/wp\/v2\/pages\/4005"}],"wp:attachment":[{"href":"https:\/\/epxsantiago.org\/index.php\/wp-json\/wp\/v2\/media?parent=4060"}],"curies":[{"name":"wp","href":"https:\/\/api.w.org\/{rel}","templated":true}]}}