{"id":4210,"date":"2020-07-15T11:20:56","date_gmt":"2020-07-15T11:20:56","guid":{"rendered":"http:\/\/epxsantiago.org\/?page_id=4210"},"modified":"2021-07-13T21:58:04","modified_gmt":"2021-07-13T21:58:04","slug":"guias-docentes","status":"publish","type":"page","link":"https:\/\/epxsantiago.org\/index.php\/mua-2020-2022\/guias-docentes","title":{"rendered":"GU\u00cdAS DOCENTES"},"content":{"rendered":"<p>[et_pb_section fb_built=\u00bb1&#8243; fullwidth=\u00bbon\u00bb admin_label=\u00bbSecci\u00f3n\u00bb _builder_version=\u00bb3.22&#8243;][et_pb_fullwidth_image src=\u00bbhttp:\/\/epxsantiago.org\/wp-content\/uploads\/2017\/04\/DSC_9643-e1491402417374.jpg\u00bb admin_label=\u00bbImagen de anchura completa\u00bb _builder_version=\u00bb3.0.87&#8243; animation_style=\u00bbslide\u00bb animation_direction=\u00bbleft\u00bb animation_duration=\u00bb500ms\u00bb animation_intensity_slide=\u00bb10%\u00bb animation=\u00bbleft\u00bb use_border_color=\u00bboff\u00bb border_color=\u00bb#ffffff\u00bb border_style=\u00bbsolid\u00bb] [\/et_pb_fullwidth_image][\/et_pb_section][et_pb_section fb_built=\u00bb1&#8243; admin_label=\u00bbSecci\u00f3n\u00bb _builder_version=\u00bb3.22&#8243; custom_padding=\u00bb0px|||\u00bb transparent_background=\u00bboff\u00bb make_fullwidth=\u00bboff\u00bb use_custom_width=\u00bboff\u00bb width_unit=\u00bbon\u00bb][et_pb_row column_structure=\u00bb1_4,3_4&#8243; admin_label=\u00bbFila\u00bb _builder_version=\u00bb3.25&#8243; background_size=\u00bbinitial\u00bb background_position=\u00bbtop_left\u00bb background_repeat=\u00bbrepeat\u00bb custom_padding=\u00bb20px||0px|\u00bb make_fullwidth=\u00bboff\u00bb use_custom_width=\u00bboff\u00bb width_unit=\u00bbon\u00bb][et_pb_column type=\u00bb1_4&#8243; _builder_version=\u00bb3.25&#8243; custom_padding=\u00bb|||\u00bb custom_padding__hover=\u00bb|||\u00bb][\/et_pb_column][et_pb_column type=\u00bb3_4&#8243; _builder_version=\u00bb3.25&#8243; custom_padding=\u00bb|||\u00bb custom_padding__hover=\u00bb|||\u00bb][et_pb_text admin_label=\u00bbTexto\u00bb _builder_version=\u00bb4.1&#8243; background_size=\u00bbinitial\u00bb background_position=\u00bbtop_left\u00bb background_repeat=\u00bbrepeat\u00bb text_orientation=\u00bbcenter\u00bb module_alignment=\u00bbcenter\u00bb use_border_color=\u00bboff\u00bb border_color=\u00bb#ffffff\u00bb border_style=\u00bbsolid\u00bb]<\/p>\n<h1>M\u00e1ster oficial en Avogac\u00eda 2020-2022<\/h1>\n<p>[\/et_pb_text][et_pb_post_title meta=\u00bboff\u00bb featured_image=\u00bboff\u00bb admin_label=\u00bbT\u00edtulo de pagina\u00bb _builder_version=\u00bb3.0.87&#8243; title_font_size=\u00bb22px\u00bb text_orientation=\u00bbcenter\u00bb custom_margin=\u00bb||0px|\u00bb use_border_color=\u00bboff\u00bb border_color=\u00bb#ffffff\u00bb border_style=\u00bbsolid\u00bb parallax_effect=\u00bboff\u00bb] [\/et_pb_post_title][\/et_pb_column][\/et_pb_row][\/et_pb_section][et_pb_section fb_built=\u00bb1&#8243; admin_label=\u00bbSecci\u00f3n\u00bb _builder_version=\u00bb3.22&#8243; custom_padding=\u00bb0px|||\u00bb transparent_background=\u00bboff\u00bb make_fullwidth=\u00bboff\u00bb use_custom_width=\u00bboff\u00bb width_unit=\u00bbon\u00bb][et_pb_row column_structure=\u00bb1_4,3_4&#8243; admin_label=\u00bbFila\u00bb _builder_version=\u00bb3.25&#8243; background_size=\u00bbinitial\u00bb background_position=\u00bbtop_left\u00bb background_repeat=\u00bbrepeat\u00bb][et_pb_column type=\u00bb1_4&#8243; _builder_version=\u00bb3.25&#8243; custom_padding=\u00bb|||\u00bb custom_padding__hover=\u00bb|||\u00bb][et_pb_sidebar area=\u00bbet_pb_widget_area_24&#8243; admin_label=\u00bbBarra lateral\u00bb _builder_version=\u00bb4.1&#8243; remove_border=\u00bboff\u00bb] [\/et_pb_sidebar][\/et_pb_column][et_pb_column type=\u00bb3_4&#8243; _builder_version=\u00bb3.25&#8243; custom_padding=\u00bb|||\u00bb custom_padding__hover=\u00bb|||\u00bb][et_pb_text admin_label=\u00bbTexto\u00bb _builder_version=\u00bb4.1&#8243; background_size=\u00bbinitial\u00bb background_position=\u00bbtop_left\u00bb background_repeat=\u00bbrepeat\u00bb text_orientation=\u00bbjustified\u00bb use_border_color=\u00bboff\u00bb border_color=\u00bb#ffffff\u00bb border_style=\u00bbsolid\u00bb]<\/p>\n<p><strong>Curso 2020-2021:<\/strong><\/p>\n<p><strong>Gu\u00edas docentes do primeiro semestre<\/strong><\/p>\n<ul>\n<li><a href=\"https:\/\/www.usc.gal\/es\/estudios\/masteres\/ciencias-sociales-juridicas\/master-universitario-abogacia-santiago-compostela\/20202021\/introduccion-ejercicio-profesional-turno-oficio-14747-14235-2-88056\">Introduci\u00f3n ao exercicio profesional e turno de oficio<\/a><\/li>\n<li><a href=\"https:\/\/www.usc.gal\/es\/estudios\/masteres\/ciencias-sociales-juridicas\/master-universitario-abogacia-santiago-compostela\/20202021\/deontologia-profesional-regimen-responsabilidad-14747-14235-2-88057\">Deontolox\u00eda profesional e r\u00e9xime de responsabilidade<\/a><\/li>\n<li><a href=\"https:\/\/www.usc.gal\/es\/estudios\/masteres\/ciencias-sociales-juridicas\/master-universitario-abogacia-santiago-compostela\/20202021\/escritura-oratoria-forense-14747-14235-2-88062\">Escritura e oratoria forense<\/a><\/li>\n<li><a href=\"https:\/\/www.usc.gal\/es\/estudios\/masteres\/ciencias-sociales-juridicas\/master-universitario-abogacia-santiago-compostela\/20202021\/practica-juridica-civil-14748-14236-2-88063\">Pr\u00e1ctica xur\u00eddica civil I<\/a><\/li>\n<li><a href=\"https:\/\/www.usc.gal\/es\/estudios\/masteres\/ciencias-sociales-juridicas\/master-universitario-abogacia-santiago-compostela\/20202021\/practica-juridica-mercantil-14748-14236-2-88065\">Pr\u00e1ctica xur\u00eddica mercantil<\/a><\/li>\n<li><a href=\"https:\/\/www.usc.gal\/es\/estudios\/masteres\/ciencias-sociales-juridicas\/master-universitario-abogacia-santiago-compostela\/20202021\/practica-juridica-laboral-14748-14236-2-88066\">Pr\u00e1ctica xur\u00eddica laboral I<\/a><\/li>\n<li><a href=\"https:\/\/www.usc.gal\/es\/estudios\/masteres\/ciencias-sociales-juridicas\/master-universitario-abogacia-santiago-compostela\/20202021\/practica-juridica-administrativa-14748-14236-2-88068\">Pr\u00e1ctica xur\u00eddica administrativa I<\/a><\/li>\n<li><a href=\"https:\/\/www.usc.gal\/es\/estudios\/masteres\/ciencias-sociales-juridicas\/master-universitario-abogacia-santiago-compostela\/20202021\/practica-juridica-penal-14748-14236-2-88070\">Pr\u00e1ctica xur\u00eddica penal I<\/a><\/li>\n<\/ul>\n<p><strong>Gu\u00edas docentes do segundo semestre:<\/strong><\/p>\n<ul>\n<li><a href=\"https:\/\/www.usc.gal\/es\/estudios\/masteres\/ciencias-sociales-juridicas\/master-universitario-abogacia-santiago-compostela\/20202021\/gestiones-profesionales-medios-alternativos-solucion-conflictos-14747-14235-2-88059\">Xesti\u00f3ns profesionais e medios alternativos de soluci\u00f3n de conflitos<\/a><\/li>\n<li><a href=\"https:\/\/www.usc.gal\/es\/estudios\/masteres\/ciencias-sociales-juridicas\/master-universitario-abogacia-santiago-compostela\/20202021\/practica-juridica-civil-ii-14748-14236-2-88064\">Pr\u00e1ctica xur\u00eddica civil II<\/a><\/li>\n<li><a href=\"https:\/\/www.usc.gal\/es\/estudios\/masteres\/ciencias-sociales-juridicas\/master-universitario-abogacia-santiago-compostela\/20202021\/practica-juridica-laboral-ii-14748-14236-2-88067\">Pr\u00e1ctica xur\u00eddica laboral II<\/a><\/li>\n<li><a href=\"https:\/\/www.usc.gal\/es\/estudios\/masteres\/ciencias-sociales-juridicas\/master-universitario-abogacia-santiago-compostela\/20202021\/practica-juridica-administrativa-ii-14748-14236-2-88069\">Pr\u00e1ctica xur\u00eddica administrativa II<\/a><\/li>\n<li><a href=\"https:\/\/www.usc.gal\/es\/estudios\/masteres\/ciencias-sociales-juridicas\/master-universitario-abogacia-santiago-compostela\/20202021\/practica-juridica-penal-ii-14748-14236-2-88071\">Pr\u00e1ctica xur\u00eddica penal II<\/a><\/li>\n<li><a href=\"https:\/\/www.usc.gal\/es\/estudios\/masteres\/ciencias-sociales-juridicas\/master-universitario-abogacia-santiago-compostela\/20202021\/practica-juridica-tributaria-constitucional-internacional-union-europea-14748-14236-2-88072\">Pr\u00e1ctica xur\u00eddica tributaria, constitucional, internacional e da Uni\u00f3n Europea<\/a><\/li>\n<li><a href=\"https:\/\/www.usc.gal\/es\/estudios\/masteres\/ciencias-sociales-juridicas\/master-universitario-abogacia-santiago-compostela\/20202021\/practicas-externas-administraciones-publicas-14749-14237-2-88080\">Pr\u00e1cticas externas en administraci\u00f3ns p\u00fablicas<\/a><\/li>\n<li><a href=\"https:\/\/www.usc.gal\/es\/estudios\/masteres\/ciencias-sociales-juridicas\/master-universitario-abogacia-santiago-compostela\/20202021\/practicas-externas-organos-jurisdiccionales-14749-14237-2-88081\">Pr\u00e1cticas externas en \u00f3rganos xurisdicionais<\/a><\/li>\n<\/ul>\n<p><strong>Primer semestre (2\u00ba ano)<\/strong><\/p>\n<ul>\n<li><a href=\"https:\/\/www.usc.gal\/es\/estudios\/masteres\/ciencias-sociales-juridicas\/master-universitario-abogacia-santiago-compostela\/20202021\/practicas-externas-despachos-abogados-14749-14237-2-88082\">Pr\u00e1cticas externas en despachos de avogados (I)<\/a><\/li>\n<li><a href=\"https:\/\/www.usc.gal\/es\/estudios\/masteres\/ciencias-sociales-juridicas\/master-universitario-abogacia-santiago-compostela\/20202021\/practicas-externas-despachos-abogados-ii-14749-14237-2-88085\">Pr\u00e1cticas externas en despachos de avogados (II)<\/a><\/li>\n<li><a href=\"https:\/\/www.usc.gal\/es\/estudios\/masteres\/ciencias-sociales-juridicas\/master-universitario-abogacia-santiago-compostela\/20202021\/master-14750-14245-2-88086\">Traballo Fin de M\u00e1ster<\/a><\/li>\n<\/ul>\n<p>&nbsp;<\/p>\n<p>[\/et_pb_text][\/et_pb_column][\/et_pb_row][\/et_pb_section]<\/p>\n","protected":false},"excerpt":{"rendered":"<p>M\u00e1ster oficial en Avogac\u00eda 2020-2022 Curso 2020-2021: Gu\u00edas docentes do primeiro semestre Introduci\u00f3n ao exercicio profesional e turno de oficio Deontolox\u00eda profesional e r\u00e9xime de responsabilidade Escritura e oratoria forense Pr\u00e1ctica xur\u00eddica civil I Pr\u00e1ctica xur\u00eddica mercantil Pr\u00e1ctica xur\u00eddica laboral I Pr\u00e1ctica xur\u00eddica administrativa I Pr\u00e1ctica xur\u00eddica penal I Gu\u00edas docentes do segundo semestre: Xesti\u00f3ns [&hellip;]<\/p>\n","protected":false},"author":1,"featured_media":0,"parent":4005,"menu_order":9,"comment_status":"closed","ping_status":"closed","template":"","meta":{"_et_pb_use_builder":"on","_et_pb_old_content":"","_et_gb_content_width":"","footnotes":""},"class_list":["post-4210","page","type-page","status-publish","hentry"],"_links":{"self":[{"href":"https:\/\/epxsantiago.org\/index.php\/wp-json\/wp\/v2\/pages\/4210","targetHints":{"allow":["GET"]}}],"collection":[{"href":"https:\/\/epxsantiago.org\/index.php\/wp-json\/wp\/v2\/pages"}],"about":[{"href":"https:\/\/epxsantiago.org\/index.php\/wp-json\/wp\/v2\/types\/page"}],"author":[{"embeddable":true,"href":"https:\/\/epxsantiago.org\/index.php\/wp-json\/wp\/v2\/users\/1"}],"replies":[{"embeddable":true,"href":"https:\/\/epxsantiago.org\/index.php\/wp-json\/wp\/v2\/comments?post=4210"}],"version-history":[{"count":9,"href":"https:\/\/epxsantiago.org\/index.php\/wp-json\/wp\/v2\/pages\/4210\/revisions"}],"predecessor-version":[{"id":5100,"href":"https:\/\/epxsantiago.org\/index.php\/wp-json\/wp\/v2\/pages\/4210\/revisions\/5100"}],"up":[{"embeddable":true,"href":"https:\/\/epxsantiago.org\/index.php\/wp-json\/wp\/v2\/pages\/4005"}],"wp:attachment":[{"href":"https:\/\/epxsantiago.org\/index.php\/wp-json\/wp\/v2\/media?parent=4210"}],"curies":[{"name":"wp","href":"https:\/\/api.w.org\/{rel}","templated":true}]}}