{"id":4650,"date":"2021-04-22T17:08:15","date_gmt":"2021-04-22T17:08:15","guid":{"rendered":"http:\/\/epxsantiago.org\/?page_id=4650"},"modified":"2021-04-22T17:08:35","modified_gmt":"2021-04-22T17:08:35","slug":"p-e-organos-xurisdicionais","status":"publish","type":"page","link":"https:\/\/epxsantiago.org\/index.php\/mua-2019-2021\/p-e-organos-xurisdicionais","title":{"rendered":"P.E \u00d3rganos Xurisdicionais"},"content":{"rendered":"<p>[et_pb_section fb_built=\u00bb1&#8243; fullwidth=\u00bbon\u00bb admin_label=\u00bbSecci\u00f3n\u00bb _builder_version=\u00bb3.22&#8243;][et_pb_fullwidth_image src=\u00bbhttp:\/\/epxsantiago.org\/wp-content\/uploads\/2017\/04\/DSC_9643-e1491402417374.jpg\u00bb admin_label=\u00bbImagen de anchura completa\u00bb _builder_version=\u00bb3.0.87&#8243; animation_style=\u00bbslide\u00bb animation_direction=\u00bbleft\u00bb animation_duration=\u00bb500ms\u00bb animation_intensity_slide=\u00bb10%\u00bb animation=\u00bbleft\u00bb use_border_color=\u00bboff\u00bb border_color=\u00bb#ffffff\u00bb border_style=\u00bbsolid\u00bb] [\/et_pb_fullwidth_image][\/et_pb_section][et_pb_section fb_built=\u00bb1&#8243; admin_label=\u00bbSecci\u00f3n\u00bb _builder_version=\u00bb3.22&#8243; custom_padding=\u00bb0px|||\u00bb transparent_background=\u00bboff\u00bb make_fullwidth=\u00bboff\u00bb use_custom_width=\u00bboff\u00bb width_unit=\u00bbon\u00bb][et_pb_row column_structure=\u00bb1_4,3_4&#8243; admin_label=\u00bbFila\u00bb _builder_version=\u00bb3.25&#8243; background_size=\u00bbinitial\u00bb background_position=\u00bbtop_left\u00bb background_repeat=\u00bbrepeat\u00bb custom_padding=\u00bb20px||0px|\u00bb make_fullwidth=\u00bboff\u00bb use_custom_width=\u00bboff\u00bb width_unit=\u00bbon\u00bb][et_pb_column type=\u00bb1_4&#8243; _builder_version=\u00bb3.25&#8243; custom_padding=\u00bb|||\u00bb custom_padding__hover=\u00bb|||\u00bb][\/et_pb_column][et_pb_column type=\u00bb3_4&#8243; _builder_version=\u00bb3.25&#8243; custom_padding=\u00bb|||\u00bb custom_padding__hover=\u00bb|||\u00bb][et_pb_text admin_label=\u00bbTexto\u00bb _builder_version=\u00bb3.27.4&#8243; background_size=\u00bbinitial\u00bb background_position=\u00bbtop_left\u00bb background_repeat=\u00bbrepeat\u00bb text_orientation=\u00bbcenter\u00bb module_alignment=\u00bbcenter\u00bb use_border_color=\u00bboff\u00bb border_color=\u00bb#ffffff\u00bb border_style=\u00bbsolid\u00bb]<\/p>\n<h1>M\u00e1ster oficial en Avogac\u00eda 2019-2021<\/h1>\n<p>[\/et_pb_text][et_pb_post_title meta=\u00bboff\u00bb featured_image=\u00bboff\u00bb admin_label=\u00bbT\u00edtulo de pagina\u00bb _builder_version=\u00bb3.0.87&#8243; title_font_size=\u00bb22px\u00bb text_orientation=\u00bbcenter\u00bb custom_margin=\u00bb||0px|\u00bb custom_padding=\u00bb||0px|\u00bb use_border_color=\u00bboff\u00bb border_color=\u00bb#ffffff\u00bb border_style=\u00bbsolid\u00bb parallax_effect=\u00bboff\u00bb] [\/et_pb_post_title][\/et_pb_column][\/et_pb_row][\/et_pb_section][et_pb_section fb_built=\u00bb1&#8243; admin_label=\u00bbSecci\u00f3n\u00bb _builder_version=\u00bb3.22&#8243; custom_padding=\u00bb0px|||\u00bb transparent_background=\u00bboff\u00bb make_fullwidth=\u00bboff\u00bb use_custom_width=\u00bboff\u00bb width_unit=\u00bbon\u00bb][et_pb_row column_structure=\u00bb1_4,3_4&#8243; admin_label=\u00bbFila\u00bb _builder_version=\u00bb3.25&#8243; background_size=\u00bbinitial\u00bb background_position=\u00bbtop_left\u00bb background_repeat=\u00bbrepeat\u00bb custom_margin=\u00bb||0px|\u00bb custom_padding=\u00bb||0px|\u00bb make_fullwidth=\u00bboff\u00bb use_custom_width=\u00bboff\u00bb width_unit=\u00bbon\u00bb][et_pb_column type=\u00bb1_4&#8243; _builder_version=\u00bb3.25&#8243; custom_padding=\u00bb||0px|\u00bb custom_padding__hover=\u00bb|||\u00bb][et_pb_sidebar area=\u00bbet_pb_widget_area_18&#8243; admin_label=\u00bbBarra lateral\u00bb _builder_version=\u00bb3.0.74&#8243; remove_border=\u00bboff\u00bb] [\/et_pb_sidebar][\/et_pb_column][et_pb_column type=\u00bb3_4&#8243; _builder_version=\u00bb3.25&#8243; custom_padding=\u00bb|||\u00bb custom_padding__hover=\u00bb|||\u00bb][et_pb_text admin_label=\u00bbTexto\u00bb _builder_version=\u00bb4.1&#8243; background_size=\u00bbinitial\u00bb background_position=\u00bbtop_left\u00bb background_repeat=\u00bbrepeat\u00bb text_orientation=\u00bbjustified\u00bb use_border_color=\u00bboff\u00bb border_color=\u00bb#ffffff\u00bb border_style=\u00bbsolid\u00bb]<\/p>\n<p><strong>Pr\u00e1cticas Externas en \u00d3rganos Xurisdiccionais:<\/strong><\/p>\n<p><strong>&#8211; Quenda de Febreiro\u00a0<\/strong>en Organos Xurisdiccionais:<\/p>\n<p><img loading=\"lazy\" decoding=\"async\" class=\"size-medium alignnone\" src=\"http:\/\/epxsantiago.org\/wp-content\/uploads\/2020\/02\/PRACTICAS-EN-JUZGADOS-Y-ROTACIONES-febrero-2020_P\u00e1gina_1.jpg\" alt=\"\" width=\"2339\" height=\"1654\" \/><\/p>\n<p><img loading=\"lazy\" decoding=\"async\" class=\"size-medium alignnone\" src=\"http:\/\/epxsantiago.org\/wp-content\/uploads\/2020\/02\/PRACTICAS-EN-JUZGADOS-Y-ROTACIONES-febrero-2020_P\u00e1gina_2.jpg\" alt=\"\" width=\"2339\" height=\"1654\" \/><\/p>\n<p><strong>&#8211; Quenda de Marzo <\/strong>en Organos Xurisdiccionais:<\/p>\n<p><a href=\"http:\/\/epxsantiago.org\/mua-2019-2021\/practicas-externas\/2-juzgados-marzo_pagina_1\/\"><img loading=\"lazy\" decoding=\"async\" class=\"wp-image-3977 aligncenter size-large\" src=\"http:\/\/epxsantiago.org\/wp-content\/uploads\/2020\/05\/2.JUZGADOS-marzo_Pagina_1-1024x724.jpg\" alt=\"\" width=\"1024\" height=\"724\" srcset=\"http:\/\/epxsantiago.org\/wp-content\/uploads\/2020\/05\/2.JUZGADOS-marzo_Pagina_1-980x693.jpg 980w, http:\/\/epxsantiago.org\/wp-content\/uploads\/2020\/05\/2.JUZGADOS-marzo_Pagina_1-480x339.jpg 480w\" sizes=\"auto, (min-width: 0px) and (max-width: 480px) 480px, (min-width: 481px) and (max-width: 980px) 980px, (min-width: 981px) 1024px, 100vw\" \/><\/a> <a href=\"http:\/\/epxsantiago.org\/mua-2019-2021\/practicas-externas\/2-juzgados-marzo_pagina_2\/\"><img loading=\"lazy\" decoding=\"async\" class=\"wp-image-3978 aligncenter size-large\" src=\"http:\/\/epxsantiago.org\/wp-content\/uploads\/2020\/05\/2.JUZGADOS-marzo_Pagina_2-1024x724.jpg\" alt=\"\" width=\"1024\" height=\"724\" srcset=\"http:\/\/epxsantiago.org\/wp-content\/uploads\/2020\/05\/2.JUZGADOS-marzo_Pagina_2-980x693.jpg 980w, http:\/\/epxsantiago.org\/wp-content\/uploads\/2020\/05\/2.JUZGADOS-marzo_Pagina_2-480x339.jpg 480w\" sizes=\"auto, (min-width: 0px) and (max-width: 480px) 480px, (min-width: 481px) and (max-width: 980px) 980px, (min-width: 981px) 1024px, 100vw\" \/><\/a><\/p>\n<p><strong>&#8211; Quenda de Setembro-Outubro <\/strong>en Organos Xurisdiccionais:<\/p>\n<p>(alumnos\/as da quenda de marzo e abril que por mor da pandemia tiveron que pospo\u00f1er as pr\u00e1cticas aos meses de setembro-outubro):<\/p>\n<p><a href=\"http:\/\/epxsantiago.org\/index.php\/mua-2019-2021\/practicas-externas\/2-juzgados-plantilla-sept\"><img loading=\"lazy\" decoding=\"async\" class=\"wp-image-4640 aligncenter \" src=\"http:\/\/epxsantiago.org\/wp-content\/uploads\/2021\/04\/2.JUZGADOS-PLANTILLA-sept-1024x724.jpg\" alt=\"\" width=\"1083\" height=\"766\" srcset=\"http:\/\/epxsantiago.org\/wp-content\/uploads\/2021\/04\/2.JUZGADOS-PLANTILLA-sept-980x693.jpg 980w, http:\/\/epxsantiago.org\/wp-content\/uploads\/2021\/04\/2.JUZGADOS-PLANTILLA-sept-480x339.jpg 480w\" sizes=\"auto, (min-width: 0px) and (max-width: 480px) 480px, (min-width: 481px) and (max-width: 980px) 980px, (min-width: 981px) 1083px, 100vw\" \/><\/a><\/p>\n<p>[\/et_pb_text][\/et_pb_column][\/et_pb_row][\/et_pb_section]<\/p>\n","protected":false},"excerpt":{"rendered":"<p>M\u00e1ster oficial en Avogac\u00eda 2019-2021 Pr\u00e1cticas Externas en \u00d3rganos Xurisdiccionais: &#8211; Quenda de Febreiro\u00a0en Organos Xurisdiccionais: &#8211; Quenda de Marzo en Organos Xurisdiccionais: &#8211; Quenda de Setembro-Outubro en Organos Xurisdiccionais: (alumnos\/as da quenda de marzo e abril que por mor da pandemia tiveron que pospo\u00f1er as pr\u00e1cticas aos meses de setembro-outubro):<\/p>\n","protected":false},"author":1,"featured_media":0,"parent":2987,"menu_order":14,"comment_status":"closed","ping_status":"closed","template":"","meta":{"_et_pb_use_builder":"on","_et_pb_old_content":"","_et_gb_content_width":"","footnotes":""},"class_list":["post-4650","page","type-page","status-publish","hentry"],"_links":{"self":[{"href":"https:\/\/epxsantiago.org\/index.php\/wp-json\/wp\/v2\/pages\/4650","targetHints":{"allow":["GET"]}}],"collection":[{"href":"https:\/\/epxsantiago.org\/index.php\/wp-json\/wp\/v2\/pages"}],"about":[{"href":"https:\/\/epxsantiago.org\/index.php\/wp-json\/wp\/v2\/types\/page"}],"author":[{"embeddable":true,"href":"https:\/\/epxsantiago.org\/index.php\/wp-json\/wp\/v2\/users\/1"}],"replies":[{"embeddable":true,"href":"https:\/\/epxsantiago.org\/index.php\/wp-json\/wp\/v2\/comments?post=4650"}],"version-history":[{"count":4,"href":"https:\/\/epxsantiago.org\/index.php\/wp-json\/wp\/v2\/pages\/4650\/revisions"}],"predecessor-version":[{"id":4654,"href":"https:\/\/epxsantiago.org\/index.php\/wp-json\/wp\/v2\/pages\/4650\/revisions\/4654"}],"up":[{"embeddable":true,"href":"https:\/\/epxsantiago.org\/index.php\/wp-json\/wp\/v2\/pages\/2987"}],"wp:attachment":[{"href":"https:\/\/epxsantiago.org\/index.php\/wp-json\/wp\/v2\/media?parent=4650"}],"curies":[{"name":"wp","href":"https:\/\/api.w.org\/{rel}","templated":true}]}}