{"id":494,"date":"2016-07-01T15:34:02","date_gmt":"2016-07-01T15:34:02","guid":{"rendered":"http:\/\/www.epxsantiago.org\/?page_id=494"},"modified":"2017-04-18T08:26:33","modified_gmt":"2017-04-18T08:26:33","slug":"presentacion","status":"publish","type":"page","link":"https:\/\/epxsantiago.org\/index.php\/presentacion","title":{"rendered":"PRESENTACI\u00d3N"},"content":{"rendered":"<p>[et_pb_section admin_label=\u00bbSecci\u00f3n\u00bb bb_built=\u00bb1&#8243; fullwidth=\u00bbon\u00bb specialty=\u00bboff\u00bb][et_pb_fullwidth_image admin_label=\u00bbImagen de anchura completa\u00bb src=\u00bbhttp:\/\/epxsantiago.org\/wp-content\/uploads\/2017\/04\/DSC_9557-copia-e1491400499684.jpg\u00bb show_in_lightbox=\u00bboff\u00bb url_new_window=\u00bboff\u00bb use_overlay=\u00bboff\u00bb animation=\u00bbleft\u00bb use_border_color=\u00bboff\u00bb border_color=\u00bb#ffffff\u00bb border_style=\u00bbsolid\u00bb] [\/et_pb_fullwidth_image][\/et_pb_section][et_pb_section admin_label=\u00bbsection\u00bb bb_built=\u00bb1&#8243; transparent_background=\u00bboff\u00bb allow_player_pause=\u00bboff\u00bb inner_shadow=\u00bboff\u00bb parallax=\u00bboff\u00bb parallax_method=\u00bbon\u00bb custom_padding=\u00bb0px|||\u00bb make_fullwidth=\u00bboff\u00bb use_custom_width=\u00bboff\u00bb width_unit=\u00bbon\u00bb make_equal=\u00bboff\u00bb use_custom_gutter=\u00bboff\u00bb][et_pb_row admin_label=\u00bbFila\u00bb make_fullwidth=\u00bboff\u00bb use_custom_width=\u00bboff\u00bb width_unit=\u00bbon\u00bb use_custom_gutter=\u00bboff\u00bb custom_padding=\u00bb20px||0px|\u00bb allow_player_pause=\u00bboff\u00bb parallax=\u00bboff\u00bb parallax_method=\u00bbon\u00bb make_equal=\u00bboff\u00bb parallax_1=\u00bboff\u00bb parallax_method_1=\u00bboff\u00bb parallax_2=\u00bboff\u00bb parallax_method_2=\u00bboff\u00bb][et_pb_column type=\u00bb1_4&#8243;][\/et_pb_column][et_pb_column type=\u00bb3_4&#8243;][et_pb_text admin_label=\u00bbTexto\u00bb background_layout=\u00bblight\u00bb text_orientation=\u00bbcenter\u00bb use_border_color=\u00bboff\u00bb border_color=\u00bb#ffffff\u00bb border_style=\u00bbsolid\u00bb]<\/p>\n<h1 style=\"text-align: center;\">A Escola<\/h1>\n<p>[\/et_pb_text][et_pb_post_title admin_label=\u00bbT\u00edtulo de pagina\u00bb title=\u00bbon\u00bb meta=\u00bboff\u00bb author=\u00bbon\u00bb date=\u00bbon\u00bb categories=\u00bbon\u00bb comments=\u00bbon\u00bb featured_image=\u00bbon\u00bb featured_placement=\u00bbbelow\u00bb parallax_effect=\u00bboff\u00bb parallax_method=\u00bbon\u00bb text_orientation=\u00bbcenter\u00bb text_color=\u00bbdark\u00bb text_background=\u00bboff\u00bb text_bg_color=\u00bbrgba(255,255,255,0.9)\u00bb use_border_color=\u00bboff\u00bb border_color=\u00bb#ffffff\u00bb border_style=\u00bbsolid\u00bb title_font_size=\u00bb22px\u00bb custom_margin=\u00bb||0px|\u00bb] [\/et_pb_post_title][\/et_pb_column][\/et_pb_row][et_pb_row admin_label=\u00bbFila\u00bb][et_pb_column type=\u00bb1_4&#8243;][et_pb_sidebar admin_label=\u00bbBarra lateral\u00bb orientation=\u00bbleft\u00bb area=\u00bbet_pb_widget_area_3&#8243; background_layout=\u00bblight\u00bb remove_border=\u00bboff\u00bb] [\/et_pb_sidebar][\/et_pb_column][et_pb_column type=\u00bb3_4&#8243;][et_pb_text admin_label=\u00bbTexto\u00bb background_layout=\u00bblight\u00bb text_orientation=\u00bbleft\u00bb use_border_color=\u00bboff\u00bb border_color=\u00bb#ffffff\u00bb border_style=\u00bbsolid\u00bb]<\/p>\n<p style=\"text-align: justify;\"><span style=\"font-size: 14.0pt;\">B<\/span>envidos \u00e1 Escola de Pr\u00e1ctica Xur\u00eddica de Santiago de Compostela<\/p>\n<p style=\"text-align: justify;\"><span style=\"font-size: 14.0pt;\">A<\/span> Escola compostel\u00e1 depende da <em>universidade e dos colexios de avogados e de procuradores<\/em>, e conta coa colaboraci\u00f3n dun elevado n\u00famero de administraci\u00f3ns, organismos e instituci\u00f3ns p\u00fablicas e privadas.<\/p>\n<p style=\"text-align: justify;\"><span style=\"font-size: 14.0pt;\">\u00c9<\/span><em> a m\u00e1is antiga de Galicia<\/em> e x\u00e9rmolo doutras creadas na comunidade. \u00c9 tam\u00e9n unha das m\u00e1is antigas e prestixiosas de Espa\u00f1a. A s\u00faa experiencia na formaci\u00f3n xur\u00eddica e a constante actualizaci\u00f3n garanten unha formaci\u00f3n profesional de primeira calidade.<\/p>\n<p style=\"text-align: justify;\"><span style=\"font-size: 14.0pt;\">N<\/span>esta web encontrar\u00e1 unha completa informaci\u00f3n sobre as diferentes actividades que desenvolve a Escola nos eidos do<em> M\u00e1ster Universitario en Avogac\u00eda<\/em>, da<em> formaci\u00f3n continua<\/em> e das <em>pr\u00e1cticas externas<\/em> do Grao en Dereito, as\u00ed como sobre a s\u00faa presenza en destacados foros nacionais e internacionais.<\/p>\n<p>[\/et_pb_text][\/et_pb_column][\/et_pb_row][\/et_pb_section]<\/p>\n","protected":false},"excerpt":{"rendered":"<p>A Escola Benvidos \u00e1 Escola de Pr\u00e1ctica Xur\u00eddica de Santiago de Compostela A Escola compostel\u00e1 depende da universidade e dos colexios de avogados e de procuradores, e conta coa colaboraci\u00f3n dun elevado n\u00famero de administraci\u00f3ns, organismos e instituci\u00f3ns p\u00fablicas e privadas. \u00c9 a m\u00e1is antiga de Galicia e x\u00e9rmolo doutras creadas na comunidade. \u00c9 tam\u00e9n [&hellip;]<\/p>\n","protected":false},"author":1,"featured_media":0,"parent":0,"menu_order":1,"comment_status":"open","ping_status":"open","template":"","meta":{"_et_pb_use_builder":"on","_et_pb_old_content":"<p style=\"text-align: justify;\"><span style=\"font-size: 14.0pt;\">B<\/span>envidos \u00e1 Escola de Pr\u00e1ctica Xur\u00eddica de Santiago de Compostela<\/p><p style=\"text-align: justify;\"><span style=\"font-size: 14.0pt;\">A<\/span> Escola compostel\u00e1 depende da <em>universidade e dos colexios de avogados e de procuradores<\/em>, e conta coa colaboraci\u00f3n dun elevado n\u00famero de administraci\u00f3ns, organismos e instituci\u00f3ns p\u00fablicas e privadas.<\/p><p style=\"text-align: justify;\"><span style=\"font-size: 14.0pt;\">\u00c9<\/span><em> a m\u00e1is antiga de Galicia<\/em> e x\u00e9rmolo doutras creadas na comunidade.\u00c9 tam\u00e9n unha das m\u00e1is antigas e prestixiosas de Espa\u00f1a. A s\u00faa experiencia na formaci\u00f3n xur\u00eddica e a constante actualizaci\u00f3n garanten unha formaci\u00f3n profesional de primeira calidade.<\/p><p style=\"text-align: justify;\"><span style=\"font-size: 14.0pt;\">N<\/span><span style=\"font-size: 10.0pt;\">esta<\/span> web encontrar\u00e1 unha completa informaci\u00f3n sobre as diferentes actividades que desenvolve a Escola nos eidos do<em> M\u00e1ster Universitario en Avogac\u00eda<\/em>, da<em> formaci\u00f3n continua<\/em> e das <em>pr\u00e1cticas externas<\/em> do Grao en Dereito, as\u00ed como sobre a s\u00faa presenza en destacados foros nacionais e internacionais.<\/p>","_et_gb_content_width":"","footnotes":""},"class_list":["post-494","page","type-page","status-publish","hentry"],"_links":{"self":[{"href":"https:\/\/epxsantiago.org\/index.php\/wp-json\/wp\/v2\/pages\/494","targetHints":{"allow":["GET"]}}],"collection":[{"href":"https:\/\/epxsantiago.org\/index.php\/wp-json\/wp\/v2\/pages"}],"about":[{"href":"https:\/\/epxsantiago.org\/index.php\/wp-json\/wp\/v2\/types\/page"}],"author":[{"embeddable":true,"href":"https:\/\/epxsantiago.org\/index.php\/wp-json\/wp\/v2\/users\/1"}],"replies":[{"embeddable":true,"href":"https:\/\/epxsantiago.org\/index.php\/wp-json\/wp\/v2\/comments?post=494"}],"version-history":[{"count":19,"href":"https:\/\/epxsantiago.org\/index.php\/wp-json\/wp\/v2\/pages\/494\/revisions"}],"predecessor-version":[{"id":2136,"href":"https:\/\/epxsantiago.org\/index.php\/wp-json\/wp\/v2\/pages\/494\/revisions\/2136"}],"wp:attachment":[{"href":"https:\/\/epxsantiago.org\/index.php\/wp-json\/wp\/v2\/media?parent=494"}],"curies":[{"name":"wp","href":"https:\/\/api.w.org\/{rel}","templated":true}]}}