{"id":6016,"date":"2023-02-09T18:26:14","date_gmt":"2023-02-09T18:26:14","guid":{"rendered":"http:\/\/epxsantiago.org\/?page_id=6016"},"modified":"2023-02-09T18:31:38","modified_gmt":"2023-02-09T18:31:38","slug":"practicas-externas","status":"publish","type":"page","link":"https:\/\/epxsantiago.org\/index.php\/mua-2021-2023\/practicas-externas","title":{"rendered":"PR\u00c1CTICAS EXTERNAS"},"content":{"rendered":"<p>[et_pb_section fb_built=\u00bb1&#8243; fullwidth=\u00bbon\u00bb admin_label=\u00bbSecci\u00f3n\u00bb _builder_version=\u00bb3.22&#8243;][et_pb_fullwidth_image src=\u00bbhttp:\/\/epxsantiago.org\/wp-content\/uploads\/2017\/04\/DSC_9643-e1491402417374.jpg\u00bb admin_label=\u00bbImagen de anchura completa\u00bb _builder_version=\u00bb3.0.87&#8243; animation_style=\u00bbslide\u00bb animation_direction=\u00bbleft\u00bb animation_duration=\u00bb500ms\u00bb animation_intensity_slide=\u00bb10%\u00bb animation=\u00bbleft\u00bb use_border_color=\u00bboff\u00bb border_color=\u00bb#ffffff\u00bb border_style=\u00bbsolid\u00bb] [\/et_pb_fullwidth_image][\/et_pb_section][et_pb_section fb_built=\u00bb1&#8243; admin_label=\u00bbSecci\u00f3n\u00bb _builder_version=\u00bb3.22&#8243; custom_padding=\u00bb0px|||\u00bb transparent_background=\u00bboff\u00bb make_fullwidth=\u00bboff\u00bb use_custom_width=\u00bboff\u00bb width_unit=\u00bbon\u00bb][et_pb_row column_structure=\u00bb1_4,3_4&#8243; admin_label=\u00bbFila\u00bb _builder_version=\u00bb3.25&#8243; background_size=\u00bbinitial\u00bb background_position=\u00bbtop_left\u00bb background_repeat=\u00bbrepeat\u00bb custom_padding=\u00bb20px||0px|\u00bb make_fullwidth=\u00bboff\u00bb use_custom_width=\u00bboff\u00bb width_unit=\u00bbon\u00bb][et_pb_column type=\u00bb1_4&#8243; _builder_version=\u00bb3.25&#8243; custom_padding=\u00bb|||\u00bb custom_padding__hover=\u00bb|||\u00bb][\/et_pb_column][et_pb_column type=\u00bb3_4&#8243; _builder_version=\u00bb3.25&#8243; custom_padding=\u00bb|||\u00bb custom_padding__hover=\u00bb|||\u00bb][et_pb_text admin_label=\u00bbTexto\u00bb _builder_version=\u00bb4.1&#8243; background_size=\u00bbinitial\u00bb background_position=\u00bbtop_left\u00bb background_repeat=\u00bbrepeat\u00bb text_orientation=\u00bbcenter\u00bb module_alignment=\u00bbcenter\u00bb use_border_color=\u00bboff\u00bb border_color=\u00bb#ffffff\u00bb border_style=\u00bbsolid\u00bb]<\/p>\n<h1>M\u00e1ster oficial en Avogac\u00eda 2021-2023<\/h1>\n<p>[\/et_pb_text][et_pb_post_title meta=\u00bboff\u00bb featured_image=\u00bboff\u00bb admin_label=\u00bbT\u00edtulo de pagina\u00bb _builder_version=\u00bb3.0.87&#8243; title_font_size=\u00bb22px\u00bb text_orientation=\u00bbcenter\u00bb custom_margin=\u00bb||0px|\u00bb custom_padding=\u00bb||0px|\u00bb use_border_color=\u00bboff\u00bb border_color=\u00bb#ffffff\u00bb border_style=\u00bbsolid\u00bb parallax_effect=\u00bboff\u00bb] [\/et_pb_post_title][\/et_pb_column][\/et_pb_row][\/et_pb_section][et_pb_section fb_built=\u00bb1&#8243; admin_label=\u00bbSecci\u00f3n\u00bb _builder_version=\u00bb3.22&#8243; custom_padding=\u00bb0px|||\u00bb transparent_background=\u00bboff\u00bb make_fullwidth=\u00bboff\u00bb use_custom_width=\u00bboff\u00bb width_unit=\u00bbon\u00bb][et_pb_row column_structure=\u00bb1_4,3_4&#8243; admin_label=\u00bbFila\u00bb _builder_version=\u00bb3.25&#8243; background_size=\u00bbinitial\u00bb background_position=\u00bbtop_left\u00bb background_repeat=\u00bbrepeat\u00bb custom_margin=\u00bb||0px|\u00bb custom_padding=\u00bb||0px|\u00bb make_fullwidth=\u00bboff\u00bb use_custom_width=\u00bboff\u00bb width_unit=\u00bbon\u00bb][et_pb_column type=\u00bb1_4&#8243; _builder_version=\u00bb3.25&#8243; custom_padding=\u00bb||0px|\u00bb custom_padding__hover=\u00bb|||\u00bb][et_pb_sidebar area=\u00bbet_pb_widget_area_26&#8243; admin_label=\u00bbBarra lateral\u00bb _builder_version=\u00bb4.1&#8243; remove_border=\u00bboff\u00bb] [\/et_pb_sidebar][\/et_pb_column][et_pb_column type=\u00bb3_4&#8243; _builder_version=\u00bb3.25&#8243; custom_padding=\u00bb|||\u00bb custom_padding__hover=\u00bb|||\u00bb][et_pb_text admin_label=\u00bbTexto\u00bb _builder_version=\u00bb4.1&#8243; background_size=\u00bbinitial\u00bb background_position=\u00bbtop_left\u00bb background_repeat=\u00bbrepeat\u00bb text_orientation=\u00bbjustified\u00bb hover_enabled=\u00bb0&#8243; use_border_color=\u00bboff\u00bb border_color=\u00bb#ffffff\u00bb border_style=\u00bbsolid\u00bb]<\/p>\n<p><strong>Pr\u00e1cticas Externas en Administraci\u00f3ns P\u00fablicas e<\/strong><strong>\u00a0\u00d3rganos Xurisdiccionais:<\/strong><\/p>\n<p><img loading=\"lazy\" decoding=\"async\" class=\"aligncenter wp-image-6018 size-large\" src=\"http:\/\/epxsantiago.org\/wp-content\/uploads\/2023\/02\/Distribucion-Alumnos-Pract-Externas-Santiago-21-22ok_P\u00e1gina_1-725x1024.jpg\" alt=\"\" width=\"725\" height=\"1024\" srcset=\"https:\/\/epxsantiago.org\/wp-content\/uploads\/2023\/02\/Distribucion-Alumnos-Pract-Externas-Santiago-21-22ok_P\u00e1gina_1-725x1024.jpg 725w, https:\/\/epxsantiago.org\/wp-content\/uploads\/2023\/02\/Distribucion-Alumnos-Pract-Externas-Santiago-21-22ok_P\u00e1gina_1-212x300.jpg 212w, https:\/\/epxsantiago.org\/wp-content\/uploads\/2023\/02\/Distribucion-Alumnos-Pract-Externas-Santiago-21-22ok_P\u00e1gina_1-768x1085.jpg 768w, https:\/\/epxsantiago.org\/wp-content\/uploads\/2023\/02\/Distribucion-Alumnos-Pract-Externas-Santiago-21-22ok_P\u00e1gina_1-1087x1536.jpg 1087w, https:\/\/epxsantiago.org\/wp-content\/uploads\/2023\/02\/Distribucion-Alumnos-Pract-Externas-Santiago-21-22ok_P\u00e1gina_1-1450x2048.jpg 1450w, https:\/\/epxsantiago.org\/wp-content\/uploads\/2023\/02\/Distribucion-Alumnos-Pract-Externas-Santiago-21-22ok_P\u00e1gina_1-1080x1525.jpg 1080w, https:\/\/epxsantiago.org\/wp-content\/uploads\/2023\/02\/Distribucion-Alumnos-Pract-Externas-Santiago-21-22ok_P\u00e1gina_1-1280x1808.jpg 1280w, https:\/\/epxsantiago.org\/wp-content\/uploads\/2023\/02\/Distribucion-Alumnos-Pract-Externas-Santiago-21-22ok_P\u00e1gina_1-980x1384.jpg 980w, https:\/\/epxsantiago.org\/wp-content\/uploads\/2023\/02\/Distribucion-Alumnos-Pract-Externas-Santiago-21-22ok_P\u00e1gina_1-480x678.jpg 480w, https:\/\/epxsantiago.org\/wp-content\/uploads\/2023\/02\/Distribucion-Alumnos-Pract-Externas-Santiago-21-22ok_P\u00e1gina_1.jpg 1656w\" sizes=\"auto, (max-width: 725px) 100vw, 725px\" \/><\/p>\n<p>&nbsp;<\/p>\n<p>&nbsp;<\/p>\n<p>&nbsp;<\/p>\n<p>&nbsp;<\/p>\n<p>&nbsp;<\/p>\n<p>&nbsp;<\/p>\n<p>[\/et_pb_text][\/et_pb_column][\/et_pb_row][\/et_pb_section]<\/p>\n","protected":false},"excerpt":{"rendered":"<p>M\u00e1ster oficial en Avogac\u00eda 2021-2023 Pr\u00e1cticas Externas en Administraci\u00f3ns P\u00fablicas e\u00a0\u00d3rganos Xurisdiccionais: &nbsp; &nbsp; &nbsp; &nbsp; &nbsp; &nbsp;<\/p>\n","protected":false},"author":1,"featured_media":0,"parent":4820,"menu_order":13,"comment_status":"closed","ping_status":"closed","template":"","meta":{"_et_pb_use_builder":"on","_et_pb_old_content":"","_et_gb_content_width":"","footnotes":""},"class_list":["post-6016","page","type-page","status-publish","hentry"],"_links":{"self":[{"href":"https:\/\/epxsantiago.org\/index.php\/wp-json\/wp\/v2\/pages\/6016","targetHints":{"allow":["GET"]}}],"collection":[{"href":"https:\/\/epxsantiago.org\/index.php\/wp-json\/wp\/v2\/pages"}],"about":[{"href":"https:\/\/epxsantiago.org\/index.php\/wp-json\/wp\/v2\/types\/page"}],"author":[{"embeddable":true,"href":"https:\/\/epxsantiago.org\/index.php\/wp-json\/wp\/v2\/users\/1"}],"replies":[{"embeddable":true,"href":"https:\/\/epxsantiago.org\/index.php\/wp-json\/wp\/v2\/comments?post=6016"}],"version-history":[{"count":2,"href":"https:\/\/epxsantiago.org\/index.php\/wp-json\/wp\/v2\/pages\/6016\/revisions"}],"predecessor-version":[{"id":6031,"href":"https:\/\/epxsantiago.org\/index.php\/wp-json\/wp\/v2\/pages\/6016\/revisions\/6031"}],"up":[{"embeddable":true,"href":"https:\/\/epxsantiago.org\/index.php\/wp-json\/wp\/v2\/pages\/4820"}],"wp:attachment":[{"href":"https:\/\/epxsantiago.org\/index.php\/wp-json\/wp\/v2\/media?parent=6016"}],"curies":[{"name":"wp","href":"https:\/\/api.w.org\/{rel}","templated":true}]}}