{"id":6303,"date":"2023-05-24T19:19:49","date_gmt":"2023-05-24T19:19:49","guid":{"rendered":"http:\/\/epxsantiago.org\/?page_id=6303"},"modified":"2023-05-24T19:38:25","modified_gmt":"2023-05-24T19:38:25","slug":"plan-de-estudos","status":"publish","type":"page","link":"https:\/\/epxsantiago.org\/index.php\/muap-2023-2025\/plan-de-estudos","title":{"rendered":"PLAN DE ESTUDOS"},"content":{"rendered":"<p>[et_pb_section fb_built=\u00bb1&#8243; fullwidth=\u00bbon\u00bb admin_label=\u00bbSecci\u00f3n\u00bb _builder_version=\u00bb3.22&#8243;][et_pb_fullwidth_image src=\u00bbhttp:\/\/epxsantiago.org\/wp-content\/uploads\/2017\/04\/DSC_9643-e1491402417374.jpg\u00bb admin_label=\u00bbImagen de anchura completa\u00bb _builder_version=\u00bb3.0.87&#8243; animation_style=\u00bbslide\u00bb animation_direction=\u00bbleft\u00bb animation_duration=\u00bb500ms\u00bb animation_intensity_slide=\u00bb10%\u00bb use_border_color=\u00bboff\u00bb border_color=\u00bb#ffffff\u00bb border_style=\u00bbsolid\u00bb animation=\u00bbleft\u00bb] [\/et_pb_fullwidth_image][\/et_pb_section][et_pb_section fb_built=\u00bb1&#8243; admin_label=\u00bbSecci\u00f3n\u00bb _builder_version=\u00bb3.22&#8243; custom_padding=\u00bb0px|||\u00bb transparent_background=\u00bboff\u00bb make_fullwidth=\u00bboff\u00bb use_custom_width=\u00bboff\u00bb width_unit=\u00bbon\u00bb][et_pb_row column_structure=\u00bb1_4,3_4&#8243; admin_label=\u00bbFila\u00bb _builder_version=\u00bb3.25&#8243; background_size=\u00bbinitial\u00bb background_position=\u00bbtop_left\u00bb background_repeat=\u00bbrepeat\u00bb custom_padding=\u00bb20px||0px|\u00bb make_fullwidth=\u00bboff\u00bb use_custom_width=\u00bboff\u00bb width_unit=\u00bbon\u00bb][et_pb_column type=\u00bb1_4&#8243; _builder_version=\u00bb3.25&#8243; custom_padding=\u00bb|||\u00bb custom_padding__hover=\u00bb|||\u00bb][\/et_pb_column][et_pb_column type=\u00bb3_4&#8243; _builder_version=\u00bb3.25&#8243; custom_padding=\u00bb|||\u00bb custom_padding__hover=\u00bb|||\u00bb][et_pb_text admin_label=\u00bbTexto\u00bb _builder_version=\u00bb4.1&#8243; background_size=\u00bbinitial\u00bb background_position=\u00bbtop_left\u00bb background_repeat=\u00bbrepeat\u00bb text_orientation=\u00bbcenter\u00bb module_alignment=\u00bbcenter\u00bb use_border_color=\u00bboff\u00bb border_color=\u00bb#ffffff\u00bb border_style=\u00bbsolid\u00bb]<\/p>\n<h1 style=\"text-align: center;\">M\u00e1ster oficial en Avogac\u00eda e Procurador\u00eda<\/h1>\n<h1 style=\"text-align: center;\">2023-2025<\/h1>\n<p>[\/et_pb_text][et_pb_post_title meta=\u00bboff\u00bb featured_image=\u00bboff\u00bb admin_label=\u00bbT\u00edtulo de pagina\u00bb _builder_version=\u00bb4.1&#8243; title_font_size=\u00bb22px\u00bb text_orientation=\u00bbcenter\u00bb custom_margin=\u00bb||0px|\u00bb custom_padding=\u00bb||0px|\u00bb use_border_color=\u00bboff\u00bb border_color=\u00bb#ffffff\u00bb border_style=\u00bbsolid\u00bb parallax_effect=\u00bboff\u00bb] [\/et_pb_post_title][\/et_pb_column][\/et_pb_row][\/et_pb_section][et_pb_section fb_built=\u00bb1&#8243; admin_label=\u00bbSecci\u00f3n\u00bb _builder_version=\u00bb3.22&#8243; custom_padding=\u00bb0px|||\u00bb transparent_background=\u00bboff\u00bb make_fullwidth=\u00bboff\u00bb use_custom_width=\u00bboff\u00bb width_unit=\u00bbon\u00bb][et_pb_row column_structure=\u00bb1_4,3_4&#8243; admin_label=\u00bbFila\u00bb _builder_version=\u00bb3.25&#8243; background_size=\u00bbinitial\u00bb background_position=\u00bbtop_left\u00bb background_repeat=\u00bbrepeat\u00bb custom_margin=\u00bb||0px|\u00bb custom_padding=\u00bb||0px|\u00bb make_fullwidth=\u00bboff\u00bb use_custom_width=\u00bboff\u00bb width_unit=\u00bbon\u00bb][et_pb_column type=\u00bb1_4&#8243; _builder_version=\u00bb3.25&#8243; custom_padding=\u00bb||0px|\u00bb custom_padding__hover=\u00bb|||\u00bb][et_pb_sidebar area=\u00bbet_pb_widget_area_31&#8243; admin_label=\u00bbBarra lateral\u00bb _builder_version=\u00bb4.1&#8243; remove_border=\u00bboff\u00bb] [\/et_pb_sidebar][\/et_pb_column][et_pb_column type=\u00bb3_4&#8243; _builder_version=\u00bb3.25&#8243; custom_padding=\u00bb|||\u00bb custom_padding__hover=\u00bb|||\u00bb][et_pb_text admin_label=\u00bbTexto\u00bb _builder_version=\u00bb4.1&#8243; background_size=\u00bbinitial\u00bb background_position=\u00bbtop_left\u00bb background_repeat=\u00bbrepeat\u00bb text_orientation=\u00bbjustified\u00bb hover_enabled=\u00bb0&#8243; use_border_color=\u00bboff\u00bb border_color=\u00bb#ffffff\u00bb border_style=\u00bbsolid\u00bb]<\/p>\n<p>O plan de estudos do <strong>\u201cM\u00e1ster universitario en Avogac\u00eda e Procurador\u00eda\u201d<\/strong> oferta un total de 90 cr\u00e9ditos, debendo o estudante cursar todos os cr\u00e9ditos ofertados.<\/p>\n<p>&nbsp;<\/p>\n<table style=\"width: 332px;\">\n<tbody>\n<tr style=\"height: 51px;\">\n<td style=\"width: 197px; height: 51px;\"><strong>Tipo de materia<\/strong><\/td>\n<td style=\"width: 119px; height: 51px;\">\n<p style=\"text-align: center;\"><strong>Cr\u00e9ditos<\/strong><\/p>\n<\/td>\n<\/tr>\n<tr style=\"height: 51px;\">\n<td style=\"width: 197px; height: 51px;\"><em>Curso de formaci\u00f3n<\/em><\/td>\n<td style=\"width: 119px; text-align: center; height: 51px;\"><em>54<\/em><\/td>\n<\/tr>\n<tr style=\"height: 51px;\">\n<td style=\"width: 197px; height: 51px;\">\u00a0 \u00a0 \u00a0 \u00a0 \u00a0 Obrigatorias<\/td>\n<td style=\"width: 119px; text-align: center; height: 51px;\">54<\/td>\n<\/tr>\n<tr style=\"height: 51px;\">\n<td style=\"width: 197px; height: 51px;\">\u00a0 \u00a0 \u00a0 \u00a0 \u00a0 Optativas<\/td>\n<td style=\"width: 119px; text-align: center; height: 51px;\">0<\/td>\n<\/tr>\n<tr style=\"height: 51px;\">\n<td style=\"width: 197px; height: 51px;\"><em>Pr\u00e1cticas externas<\/em><\/td>\n<td style=\"width: 119px; text-align: center; height: 51px;\"><em>30<\/em><\/td>\n<\/tr>\n<tr style=\"height: 51px;\">\n<td style=\"width: 197px; height: 51px;\">\u00a0 \u00a0 \u00a0 \u00a0 \u00a0Obrigatorias<\/td>\n<td style=\"width: 119px; text-align: center; height: 51px;\">30<\/td>\n<\/tr>\n<tr style=\"height: 24.375px;\">\n<td style=\"width: 197px; height: 24.375px;\"><em>Traballo fin de M\u00e1ster<\/em><\/td>\n<td style=\"width: 119px; text-align: center; height: 24.375px;\"><em>6<\/em><\/td>\n<\/tr>\n<tr style=\"height: 34px;\">\n<td style=\"width: 197px; height: 34px;\">\u00a0 \u00a0 \u00a0 \u00a0 \u00a0 Obrigatorio<\/td>\n<td style=\"width: 119px; text-align: center; height: 34px;\">6<\/td>\n<\/tr>\n<\/tbody>\n<\/table>\n<p>&nbsp;<\/p>\n<p><strong>Os 90 ECTS da titulaci\u00f3n distrib\u00faense en 17 Materias obrigatorias<\/strong>, que \u00e1 s\u00faa vez se agrupan en catro M\u00f3dulos, cada un deles garda unha homoxeneidade en canto \u00e1s Materias que o integran, referidas ao que se pode denominar ferramentas b\u00e1sicas do profesional da Avogac\u00eda e da Procurador\u00eda (exercicio da profesi\u00f3n, deontolox\u00eda, responsabilidade, t\u00e9cnicas instrumentais e transversais), \u00e1s ramas privada e p\u00fablica do Dereito, \u00e1s Pr\u00e1cticas externas e ao Traballo fin de m\u00e1ster.<\/p>\n<p><strong>O M\u00e1ster estrut\u00farase en catro \u201cM\u00f3dulos\u201d<\/strong> diferentes dedicados a bloques tem\u00e1ticos e\/o actividades diferentes. Dous deles forman parte do denominado -pola Lei 34\/2006 e polo RD 64\/2023- \u201ccurso de formaci\u00f3n\u201d; un terceiro agrupa as \u201cpr\u00e1cticas externas\u201d obrigatorias esixidas pola lexislaci\u00f3n vixente, e finalmente, no cuarto, sit\u00faase o Traballo de Fin de M\u00e1ster.<\/p>\n<p>Os contidos e duraci\u00f3n dos M\u00f3dulos garda relaci\u00f3n directa con: a) As materias que son m\u00e1is habituais no exercicio profesional inmediato ao que pretende acceder o alumnado do M\u00e1ster; b) As Directrices do CGAE sobre pr\u00e1cticas de iniciaci\u00f3n \u00e1 Avogac\u00eda, e as Recomendaci\u00f3ns da Comisi\u00f3n de Formaci\u00f3n do CGPE para os contidos propios da Procurador\u00eda que deben integrar os novos \u201cM\u00e1steres Avogac\u00eda-Procurador\u00eda\u201d; c) As proporci\u00f3ns establecidas nos modelos orientadores de avaliaci\u00f3n para a acreditaci\u00f3n da capacitaci\u00f3n profesional que figuran na p\u00e1xina web do Ministerio de Xustiza; e coas competencias e duraci\u00f3ns fixadas na Lei 34\/2006 e o Regulamento de desenvolvemento.<\/p>\n<p>En concreto, os M\u00f3dulos I e II coinciden coas d\u00faas grandes \u00e1reas tem\u00e1ticas que inciden directamente na aprendizaxe do exercicio profesional: A iniciaci\u00f3n ao exercicio profesional, a deontolox\u00eda e as t\u00e9cnicas transversais, dun lado; e, doutro, a pr\u00e1ctica xur\u00eddica nos diversos \u00e1mbitos do Dereito privado e do Dereito p\u00fablico.<\/p>\n<table style=\"width: 777.047px;\">\n<tbody>\n<tr style=\"height: 35.7344px;\">\n<td style=\"width: 467px; height: 35.7344px;\">M\u00f3dulo<\/td>\n<td style=\"width: 82px; height: 35.7344px;\">Cr\u00e9ditos<\/td>\n<td style=\"width: 82px; height: 35.7344px;\">Car\u00e1cter<\/td>\n<td style=\"width: 107.047px; height: 35.7344px;\">Semestre<\/td>\n<\/tr>\n<tr style=\"height: 51px;\">\n<td style=\"width: 467px; height: 51px;\">I.\u00a0 Iniciaci\u00f3n ao Exercicio profesional, Deontolox\u00eda e T\u00e9cnicas transversais<\/td>\n<td style=\"width: 82px; height: 51px;\">13<\/td>\n<td style=\"width: 82px; height: 51px;\">OB<\/td>\n<td style=\"width: 107.047px; height: 51px;\">1\u00ba y 2\u00ba<\/td>\n<\/tr>\n<tr style=\"height: 51px;\">\n<td style=\"width: 467px; height: 51px;\">II. Pr\u00e1ctica Xur\u00eddica<\/td>\n<td style=\"width: 82px; height: 51px;\">41<\/td>\n<td style=\"width: 82px; height: 51px;\">OB<\/td>\n<td style=\"width: 107.047px; height: 51px;\">1\u00ba y 2\u00ba<\/td>\n<\/tr>\n<tr style=\"height: 51px;\">\n<td style=\"width: 467px; height: 51px;\">III. Pr\u00e1cticas Externas<\/td>\n<td style=\"width: 82px; height: 51px;\">30<\/td>\n<td style=\"width: 82px; height: 51px;\">OB<\/td>\n<td style=\"width: 107.047px; height: 51px;\">2\u00ba y 3\u00ba<\/td>\n<\/tr>\n<tr style=\"height: 51px;\">\n<td style=\"width: 467px; height: 51px;\">IV. Traballo Fin de M\u00e1ster<\/td>\n<td style=\"width: 82px; height: 51px;\">6<\/td>\n<td style=\"width: 82px; height: 51px;\">OB<\/td>\n<td style=\"width: 107.047px; height: 51px;\">3\u00ba<\/td>\n<\/tr>\n<\/tbody>\n<\/table>\n<p>&nbsp;<\/p>\n<p><strong>A distribuci\u00f3n das materias por semestres<\/strong> realizarase de tal maneira que, no primeiro semestre, o alumnado cursar\u00e1, con car\u00e1cter obrigatorio, aquelas materias coas que se pretenda que adquira un co\u00f1ecemento preciso das funci\u00f3ns, organizaci\u00f3n, deontolox\u00eda, r\u00e9xime de responsabilidade, previsi\u00f3n social etc., que son propias da Avogac\u00eda e da Procurador\u00eda, as\u00ed como as t\u00e9cnicas e habilidades precisas para iniciarse no manexo da escritura e oratoria forense, e das tecnolox\u00edas propias destas profesi\u00f3ns; xunto cun co\u00f1ecemento, orientado maiormente cara \u00e1 perspectiva procesual dos conflitos xur\u00eddicos m\u00e1is habituais nos catro ordes xurisdicionais.<\/p>\n<p>No segundo semestre, o alumnado, profundar\u00e1 nos co\u00f1ecementos adquiridos durante o primeiro semestre, mediante o estudo daquelas materias que requiren unha maior especializaci\u00f3n, fundamentalmente desde a \u00f3ptica do dereito substantivo, a\u00ednda que con chiscadelas constantes cara \u00e1 vertente procesual e a soluci\u00f3n de conflitos a trav\u00e9s de medios alternos \u00e1 v\u00eda xudicial.<\/p>\n<p>Finalmente, no terceiro semestre pret\u00e9ndese que o alumnado aplique \u00e1 pr\u00e1ctica os ensinos recibidos e realice un traballo de investigaci\u00f3n-profesional, co que o adquira as competencias necesarias para a realizaci\u00f3n de actividades profesionais e investigadoras no campo das ciencias xur\u00eddicas.<\/p>\n<p>Con todo, a\u00ednda que o groso das pr\u00e1cticas externas se incardinan no terceiro semestre, pret\u00e9ndese que, tanto no primeiro como no segundo semestre, o alumnado te\u00f1a un contacto inicial co \u00e1mbito forense, a trav\u00e9s da realizaci\u00f3n dunhas pr\u00e1cticas b\u00e1sicas ou iniciais en diferentes instituci\u00f3ns, como administraci\u00f3ns p\u00fablicas, xulgados e tribunais e despachos profesionais etc., que lle permitan ir constatando a aplicabilidade pr\u00e1ctica dos co\u00f1ecementos, competencias e habilidades que se lle van impartindo e vai adquirindo.<\/p>\n<p><strong>A organizaci\u00f3n e realizaci\u00f3n das pr\u00e1cticas externas<\/strong> en que consisten as tres materias de que consta o M\u00f3dulo III do plan de estudos, realizarase conforme ao disposto no capitulo III do Regulamento que desenvolve a Lei 34\/2006, no convenio de colaboraci\u00f3n asinado entre as instituci\u00f3ns que organizan e imparten o M\u00e1ster, no Regulamento de Pr\u00e1cticas Acad\u00e9micas Externas da Universidade de Santiago de Compostela (acordo de Consello de Goberno de 29\/07\/2015) e no Real decreto 592\/2014, do 11 de xullo, polo que se regulan as pr\u00e1cticas acad\u00e9micas externas dos estudantes universitarios.<\/p>\n<p>No marco da anterior normativa, establ\u00e9cense as seguintes particularidades:<\/p>\n<p>As pr\u00e1cticas externas poder\u00e1n desenvolverse, durante o primeiro e segundo semestre, en asesor\u00edas e gabinetes xur\u00eddicos de administraci\u00f3ns p\u00fablicas, en \u00f3rganos xurisdicionais e fiscal\u00edas, en despachos de profesionais de Procuradores e naqueloutras instituci\u00f3ns que contempla o art. 14 do Real decreto 64\/2023, durante un total de 150 horas (Pr\u00e1cticas externas I. Administraci\u00f3ns p\u00fablicas. Instituci\u00f3ns. Xulgados e tribunais. Despachos profesionais); e en despachos de profesionais da Avogac\u00eda e\/o da Procurador\u00eda, durante un total de 600 horas, no terceiro semestre (Pr\u00e1cticas externas II e III. Despachos de Avogac\u00eda e\/o Procurador\u00eda).<\/p>\n<p>En funci\u00f3n das dispo\u00f1ibilidades das instituci\u00f3ns receptoras do alumnado, procurarase que as pr\u00e1cticas se realicen con continuidade durante un per\u00edodo de tempo determinado.<\/p>\n<p>A materia <strong>Traballo Fin de M\u00e1ster<\/strong> enc\u00e1drase no segundo ano da titulaci\u00f3n e ten un dobre car\u00e1cter: a) Como actividade para comprobar a asimilaci\u00f3n por parte do alumnado dos co\u00f1ecementos, competencias, t\u00e9cnicas, habilidades e actitudes impartidas durante o \u201ccurso de formaci\u00f3n\u201d e as \u201cpr\u00e1cticas externas\u201d da titulaci\u00f3n, e b) Como medio para acreditar a capacidade de investigaci\u00f3n, interdisciplinariedad, e soluci\u00f3n de problemas profesionais, as\u00ed como a habilidade na tramitaci\u00f3n de actuaci\u00f3ns profesionais e procesuais, escritas e orais.<\/p>\n<p>Consistir\u00e1 na elaboraci\u00f3n individual, por cada estudante, dun traballo orixinal de contido mixto, acad\u00e9mico e profesional, sobre a base dun caso pr\u00e1ctico cuxa problem\u00e1tica principal se incardinar\u00e1 en materias que son propias dun dos catro ordes xurisdicionais.<\/p>\n<p>&nbsp;<\/p>\n<p><strong>Estructura por m\u00f3dulos:<\/strong><\/p>\n<p>&nbsp;<\/p>\n<table style=\"width: 1145px;\">\n<tbody>\n<tr>\n<td style=\"width: 192.266px;\"><strong>M\u00d3DULO I<\/strong><\/td>\n<td style=\"width: 517.734px;\"><strong>MATERIA<\/strong><\/td>\n<td style=\"width: 90px;\"><strong>CAR\u00c1CTER<\/strong><\/td>\n<td style=\"width: 86px;\"><strong>SEMESTRE<\/strong><\/td>\n<td style=\"width: 70px;\"><strong>ECTS<\/strong><\/td>\n<td style=\"width: 128px;\"><strong>MODALIDAD<\/strong><\/td>\n<\/tr>\n<tr>\n<td style=\"width: 192.266px;\" rowspan=\"4\">INICIACI\u00d3N AO EXERCICIO PROFESIONAL, DEONTOLOX\u00cdA E T\u00c9CNICAS TRANSVERSAIS<\/td>\n<td style=\"width: 517.734px;\">Iniciaci\u00f3n ao Exercicio profesional, Deontolox\u00eda e R\u00e9ximen de responsabilidade da Avogac\u00eda y da Procurador\u00eda<\/td>\n<td style=\"width: 90px;\">OB<\/td>\n<td style=\"width: 86px;\">1\u00ba<\/td>\n<td style=\"width: 70px;\">5<\/td>\n<td style=\"width: 128px;\">Presencial<\/td>\n<\/tr>\n<tr>\n<td style=\"width: 517.734px;\">T\u00e9cnicas e habilidades transversais para o exercicio da Avogac\u00eda y da Procurador\u00eda<\/td>\n<td style=\"width: 90px;\">OB<\/td>\n<td style=\"width: 86px;\">1\u00ba<\/td>\n<td style=\"width: 70px;\">4<\/td>\n<td style=\"width: 128px;\">Presencial<\/td>\n<\/tr>\n<tr>\n<td style=\"width: 517.734px;\">Pr\u00e1ctica Xur\u00eddica Extraxudicial e Medios adecuados de soluci\u00f3n de conflitos xur\u00eddicos<\/td>\n<td style=\"width: 90px;\">OB<\/td>\n<td style=\"width: 86px;\">2\u00ba<\/td>\n<td style=\"width: 70px;\">4<\/td>\n<td style=\"width: 128px;\">Presencial<\/td>\n<\/tr>\n<tr>\n<td style=\"width: 763.734px;\" colspan=\"4\"><strong>Total ECTS<\/strong><\/td>\n<td style=\"width: 128px;\">13<\/td>\n<\/tr>\n<\/tbody>\n<\/table>\n<p>&nbsp;<\/p>\n<table style=\"width: 1147px;\">\n<tbody>\n<tr>\n<td style=\"width: 189.984px;\"><strong>M\u00d3DULO II<\/strong><\/td>\n<td style=\"width: 524.016px;\"><strong>MATERIA<\/strong><\/td>\n<td style=\"width: 95px;\"><strong>CAR\u00c1CTER<\/strong><\/td>\n<td style=\"width: 85px;\"><strong>SEMESTRE<\/strong><\/td>\n<td style=\"width: 71px;\"><strong>ECTS<\/strong><\/td>\n<td style=\"width: 132px;\"><strong>MODALIDAD<\/strong><\/td>\n<\/tr>\n<tr>\n<td style=\"width: 189.984px;\" rowspan=\"11\">PR\u00c1CTICA XUR\u00cdDICA. ASESORAMENTO E LITIGACI\u00d3N<\/td>\n<td style=\"width: 524.016px;\">Pr\u00e1ctica Xur\u00eddica Civil I: Litigaci\u00f3n.<\/td>\n<td style=\"width: 95px;\">OB<\/td>\n<td style=\"width: 85px;\">1\u00ba<\/td>\n<td style=\"width: 71px;\">4,5<\/td>\n<td style=\"width: 132px;\">Presencial<\/td>\n<\/tr>\n<tr>\n<td style=\"width: 524.016px;\">Pr\u00e1ctica Xur\u00eddica Civil II: Asesoramento e litigaci\u00f3n.<\/td>\n<td style=\"width: 95px;\">OB<\/td>\n<td style=\"width: 85px;\">2\u00ba<\/td>\n<td style=\"width: 71px;\">6<\/td>\n<td style=\"width: 132px;\">Presencial<\/td>\n<\/tr>\n<tr>\n<td style=\"width: 524.016px;\">Pr\u00e1ctica Xur\u00eddica Mercantil: Asesoramento e litigaci\u00f3n.<\/td>\n<td style=\"width: 95px;\">OB<\/td>\n<td style=\"width: 85px;\">1\u00ba<\/td>\n<td style=\"width: 71px;\">4<\/td>\n<td style=\"width: 132px;\">Presencial<\/td>\n<\/tr>\n<tr>\n<td style=\"width: 524.016px;\">Pr\u00e1ctica Xur\u00eddica Laboral I: Asesoramento e litigaci\u00f3n.<\/td>\n<td style=\"width: 95px;\">OB<\/td>\n<td style=\"width: 85px;\">1\u00ba<\/td>\n<td style=\"width: 71px;\">3<\/td>\n<td style=\"width: 132px;\">Presencial<\/td>\n<\/tr>\n<tr>\n<td style=\"width: 524.016px;\">Pr\u00e1ctica Xur\u00eddica Laboral II: Asesoramento e litigaci\u00f3n.<\/td>\n<td style=\"width: 95px;\">OB<\/td>\n<td style=\"width: 85px;\">2\u00ba<\/td>\n<td style=\"width: 71px;\">3<\/td>\n<td style=\"width: 132px;\">Presencial<\/td>\n<\/tr>\n<tr>\n<td style=\"width: 524.016px;\">Pr\u00e1ctica Xur\u00eddica Administrativa I: Litigaci\u00f3n<\/td>\n<td style=\"width: 95px;\">OB<\/td>\n<td style=\"width: 85px;\">1\u00ba<\/td>\n<td style=\"width: 71px;\">3<\/td>\n<td style=\"width: 132px;\">Presencial<\/td>\n<\/tr>\n<tr>\n<td style=\"width: 524.016px;\">Pr\u00e1ctica Xur\u00eddica Administrativa II: Asesoramento e litigaci\u00f3n.<\/td>\n<td style=\"width: 95px;\">OB<\/td>\n<td style=\"width: 85px;\">2\u00ba<\/td>\n<td style=\"width: 71px;\">6<\/td>\n<td style=\"width: 132px;\">Presencial<\/td>\n<\/tr>\n<tr>\n<td style=\"width: 524.016px;\">Pr\u00e1ctica Xur\u00eddica Tributaria, Constitucional, Internacional e da Uni\u00f3n Europea: Asesoramento e litigaci\u00f3n<\/td>\n<td style=\"width: 95px;\">OB<\/td>\n<td style=\"width: 85px;\">2\u00ba<\/td>\n<td style=\"width: 71px;\">3,5<\/td>\n<td style=\"width: 132px;\">Presencial<\/td>\n<\/tr>\n<tr>\n<td style=\"width: 524.016px;\">Pr\u00e1ctica Xur\u00eddica Penal I: Litigaci\u00f3n.<\/td>\n<td style=\"width: 95px;\">OB<\/td>\n<td style=\"width: 85px;\">1\u00ba<\/td>\n<td style=\"width: 71px;\">4<\/td>\n<td style=\"width: 132px;\">Presencial<\/td>\n<\/tr>\n<tr>\n<td style=\"width: 524.016px;\">Pr\u00e1ctica Xur\u00eddica Penal II: Asesoramento e litigaci\u00f3n.<\/td>\n<td style=\"width: 95px;\">OB<\/td>\n<td style=\"width: 85px;\">2\u00ba<\/td>\n<td style=\"width: 71px;\">4<\/td>\n<td style=\"width: 132px;\">Presencial<\/td>\n<\/tr>\n<tr>\n<td style=\"width: 775.016px;\" colspan=\"4\"><strong>Total ECTS<\/strong><\/td>\n<td style=\"width: 132px;\"><strong>41<\/strong><\/td>\n<\/tr>\n<\/tbody>\n<\/table>\n<p>&nbsp;<\/p>\n<table style=\"width: 1154px;\">\n<tbody>\n<tr>\n<td style=\"width: 192.203px;\"><strong>M\u00d3DULO III<\/strong><\/td>\n<td style=\"width: 514.797px;\"><strong>MATERIA<\/strong><\/td>\n<td style=\"width: 106px;\"><strong>CAR\u00c1CTER<\/strong><\/td>\n<td style=\"width: 86px;\"><strong>SEMESTRE<\/strong><\/td>\n<td style=\"width: 75px;\"><strong>ECTS<\/strong><\/td>\n<td style=\"width: 131px;\"><strong>MODALIDAD<\/strong><\/td>\n<\/tr>\n<tr>\n<td style=\"width: 192.203px;\" rowspan=\"4\">PR\u00c1CTICAS EXTERNAS<\/td>\n<td style=\"width: 514.797px;\">Pr\u00e1cticas externas I: Administracions p\u00fablicas. Institucions. Xulgados e Tribunais. Despachos profesionais<\/td>\n<td style=\"width: 106px;\">OB<\/td>\n<td style=\"width: 86px;\">1\u00ba y 2\u00ba<\/td>\n<td style=\"width: 75px;\">6<\/td>\n<td style=\"width: 131px;\">Presencial<\/td>\n<\/tr>\n<tr>\n<td style=\"width: 514.797px;\">Pr\u00e1cticas externas II: Despachos de Avogac\u00eda e\/o de Procurador\u00eda<\/td>\n<td style=\"width: 106px;\">OB<\/td>\n<td style=\"width: 86px;\">3\u00ba<\/td>\n<td style=\"width: 75px;\">12<\/td>\n<td style=\"width: 131px;\">Presencial<\/td>\n<\/tr>\n<tr>\n<td style=\"width: 514.797px;\">Pr\u00e1cticas externas III: Despachos de Avogac\u00eda e\/o de Procurador\u00eda<\/td>\n<td style=\"width: 106px;\">OB<\/td>\n<td style=\"width: 86px;\">3\u00ba<\/td>\n<td style=\"width: 75px;\">12<\/td>\n<td style=\"width: 131px;\">Presencial<\/td>\n<\/tr>\n<tr>\n<td style=\"width: 781.797px;\" colspan=\"4\"><strong>Total ECTS<\/strong><\/td>\n<td style=\"width: 131px;\">30<\/td>\n<\/tr>\n<\/tbody>\n<\/table>\n<p><strong>\u00a0<\/strong><\/p>\n<table style=\"width: 1152px;\">\n<tbody>\n<tr>\n<td style=\"width: 190.828px;\"><strong>M\u00d3DULO IV<\/strong><\/td>\n<td style=\"width: 518.172px;\"><strong>MATERIA<\/strong><\/td>\n<td style=\"width: 108px;\"><strong>CAR\u00c1CTER<\/strong><\/td>\n<td style=\"width: 84px;\"><strong>SEMESTRE<\/strong><\/td>\n<td style=\"width: 68px;\"><strong>ECTS<\/strong><\/td>\n<td style=\"width: 135px;\"><strong>MODALIDAD<\/strong><\/td>\n<\/tr>\n<tr>\n<td style=\"width: 190.828px;\" rowspan=\"2\">TRABALLO FIN DE M\u00c1STER<\/td>\n<td style=\"width: 518.172px;\">Traballo Fin de M\u00e1ster<\/td>\n<td style=\"width: 108px;\">OB<\/td>\n<td style=\"width: 84px;\">3\u00ba<\/td>\n<td style=\"width: 68px;\">6<\/td>\n<td style=\"width: 135px;\">Presencial<\/td>\n<\/tr>\n<tr>\n<td style=\"width: 778.172px;\" colspan=\"4\"><strong>Total ECTS<\/strong><\/td>\n<td style=\"width: 135px;\">6<\/td>\n<\/tr>\n<\/tbody>\n<\/table>\n<p><strong>\u00a0<\/strong>Lenda: OB: Obrigatoria<\/p>\n<p>&nbsp;<\/p>\n<p><strong>B) Distribuci\u00f3n das materias por semestres<\/strong><\/p>\n<p>&nbsp;<\/p>\n<p><strong>Primer semestre (1\u00ba ano)<\/strong><\/p>\n<ul>\n<li>Introduci\u00f3n ao exercicio profesional, deontolox\u00eda e r\u00e9xime de responsabilidade da avogac\u00eda e da procurador\u00eda.<\/li>\n<li>T\u00e9cnicas e habilidades transversais para o exercicio profesional da avogac\u00eda e da procurador\u00eda<\/li>\n<li>Pr\u00e1ctica xur\u00eddica civil I. Litigaci\u00f3n.<\/li>\n<li>Pr\u00e1ctica xur\u00eddica mercantil. Asesoramento e litigaci\u00f3n.<\/li>\n<li>Pr\u00e1ctica xur\u00eddica laboral I. Asesoramento e litigaci\u00f3n.<\/li>\n<li>Pr\u00e1ctica xur\u00eddica administrativa I. Litigaci\u00f3n.<\/li>\n<li>Pr\u00e1ctica xur\u00eddica penal I. Litigaci\u00f3n.<\/li>\n<li>Pr\u00e1cticas externas I: Administraci\u00f3ns p\u00fablicas. Instituci\u00f3ns. Xulgados e tribunais. Despachos profesionais.<\/li>\n<\/ul>\n<p>&nbsp;<\/p>\n<p><strong>Segundo semestre (1\u00ba ano):<\/strong><\/p>\n<ul>\n<li>Pr\u00e1ctica xur\u00eddica extraxudicial e medios alternativos de soluci\u00f3n de conflitos xur\u00eddicos<\/li>\n<li>Pr\u00e1ctica xur\u00eddica civil II. Asesoramento e litigaci\u00f3n.<\/li>\n<li>Pr\u00e1ctica xur\u00eddica laboral II. Asesoramento e litigaci\u00f3n.<\/li>\n<li>Pr\u00e1ctica xur\u00eddica administrativa II. Asesoramento e litigaci\u00f3n.<\/li>\n<li>Pr\u00e1ctica xur\u00eddica penal II. Asesoramento e litigaci\u00f3n.<\/li>\n<li>Pr\u00e1ctica xur\u00eddica tributaria, constitucional, internacional e da Uni\u00f3n Europea. Asesoramento e litigaci\u00f3n.<\/li>\n<li>Pr\u00e1cticas externas I: Administraci\u00f3ns p\u00fablicas. Instituci\u00f3ns. Xulgados e tribunais. Despachos profesionais.<\/li>\n<\/ul>\n<p>&nbsp;<\/p>\n<p><strong>Primer semestre (2\u00ba ano)<\/strong><\/p>\n<ul>\n<li>Pr\u00e1cticas externas II: despachos de Avogac\u00eda y\/o Procurador\u00eda<\/li>\n<li>Pr\u00e1cticas externas III: despachos de Avogac\u00eda y\/o Procurador\u00eda<\/li>\n<li>Traballo Fin de M\u00e1ster<\/li>\n<\/ul>\n<p>&nbsp;<\/p>\n<p><strong>C) Gu\u00edas docentes<\/strong><\/p>\n<p>Consultar o apartado \u201cM\u00f3dulos e materias\u201d da web para acceder \u00e1s gu\u00edas docentes<\/p>\n<p>[\/et_pb_text][\/et_pb_column][\/et_pb_row][\/et_pb_section]<\/p>\n","protected":false},"excerpt":{"rendered":"<p>M\u00e1ster oficial en Avogac\u00eda e Procurador\u00eda 2023-2025 O plan de estudos do \u201cM\u00e1ster universitario en Avogac\u00eda e Procurador\u00eda\u201d oferta un total de 90 cr\u00e9ditos, debendo o estudante cursar todos os cr\u00e9ditos ofertados. &nbsp; Tipo de materia Cr\u00e9ditos Curso de formaci\u00f3n 54 \u00a0 \u00a0 \u00a0 \u00a0 \u00a0 Obrigatorias 54 \u00a0 \u00a0 \u00a0 \u00a0 \u00a0 Optativas 0 [&hellip;]<\/p>\n","protected":false},"author":1,"featured_media":0,"parent":6196,"menu_order":8,"comment_status":"closed","ping_status":"closed","template":"","meta":{"_et_pb_use_builder":"on","_et_pb_old_content":"","_et_gb_content_width":"","footnotes":""},"class_list":["post-6303","page","type-page","status-publish","hentry"],"_links":{"self":[{"href":"https:\/\/epxsantiago.org\/index.php\/wp-json\/wp\/v2\/pages\/6303","targetHints":{"allow":["GET"]}}],"collection":[{"href":"https:\/\/epxsantiago.org\/index.php\/wp-json\/wp\/v2\/pages"}],"about":[{"href":"https:\/\/epxsantiago.org\/index.php\/wp-json\/wp\/v2\/types\/page"}],"author":[{"embeddable":true,"href":"https:\/\/epxsantiago.org\/index.php\/wp-json\/wp\/v2\/users\/1"}],"replies":[{"embeddable":true,"href":"https:\/\/epxsantiago.org\/index.php\/wp-json\/wp\/v2\/comments?post=6303"}],"version-history":[{"count":5,"href":"https:\/\/epxsantiago.org\/index.php\/wp-json\/wp\/v2\/pages\/6303\/revisions"}],"predecessor-version":[{"id":6319,"href":"https:\/\/epxsantiago.org\/index.php\/wp-json\/wp\/v2\/pages\/6303\/revisions\/6319"}],"up":[{"embeddable":true,"href":"https:\/\/epxsantiago.org\/index.php\/wp-json\/wp\/v2\/pages\/6196"}],"wp:attachment":[{"href":"https:\/\/epxsantiago.org\/index.php\/wp-json\/wp\/v2\/media?parent=6303"}],"curies":[{"name":"wp","href":"https:\/\/api.w.org\/{rel}","templated":true}]}}