{"id":6562,"date":"2023-08-01T18:09:57","date_gmt":"2023-08-01T18:09:57","guid":{"rendered":"https:\/\/epxsantiago.org\/?page_id=6562"},"modified":"2023-08-01T18:10:03","modified_gmt":"2023-08-01T18:10:03","slug":"practica-xuridica-penal-i-litigacion","status":"publish","type":"page","link":"https:\/\/epxsantiago.org\/index.php\/muap-2023-2025\/calendario-de-clases\/practica-xuridica-penal-i-litigacion","title":{"rendered":"PR\u00c1CTICA XUR\u00cdDICA PENAL I. LITIGACI\u00d3N"},"content":{"rendered":"<p>[et_pb_section fb_built=\u00bb1&#8243; fullwidth=\u00bbon\u00bb admin_label=\u00bbSecci\u00f3n\u00bb _builder_version=\u00bb3.22&#8243;][et_pb_fullwidth_image src=\u00bbhttp:\/\/epxsantiago.org\/wp-content\/uploads\/2017\/04\/DSC_9643-e1491402417374.jpg\u00bb admin_label=\u00bbImagen de anchura completa\u00bb _builder_version=\u00bb3.0.87&#8243; animation_style=\u00bbslide\u00bb animation_direction=\u00bbleft\u00bb animation_duration=\u00bb500ms\u00bb animation_intensity_slide=\u00bb10%\u00bb use_border_color=\u00bboff\u00bb border_color=\u00bb#ffffff\u00bb border_style=\u00bbsolid\u00bb animation=\u00bbleft\u00bb] [\/et_pb_fullwidth_image][\/et_pb_section][et_pb_section fb_built=\u00bb1&#8243; admin_label=\u00bbSecci\u00f3n\u00bb _builder_version=\u00bb3.22&#8243; custom_padding=\u00bb0px|||\u00bb transparent_background=\u00bboff\u00bb make_fullwidth=\u00bboff\u00bb use_custom_width=\u00bboff\u00bb width_unit=\u00bbon\u00bb][et_pb_row column_structure=\u00bb1_4,3_4&#8243; admin_label=\u00bbFila\u00bb _builder_version=\u00bb3.25&#8243; background_size=\u00bbinitial\u00bb background_position=\u00bbtop_left\u00bb background_repeat=\u00bbrepeat\u00bb custom_padding=\u00bb20px||0px|\u00bb make_fullwidth=\u00bboff\u00bb use_custom_width=\u00bboff\u00bb width_unit=\u00bbon\u00bb][et_pb_column type=\u00bb1_4&#8243; _builder_version=\u00bb3.25&#8243; custom_padding=\u00bb|||\u00bb custom_padding__hover=\u00bb|||\u00bb][\/et_pb_column][et_pb_column type=\u00bb3_4&#8243; _builder_version=\u00bb3.25&#8243; custom_padding=\u00bb|||\u00bb custom_padding__hover=\u00bb|||\u00bb][et_pb_text admin_label=\u00bbTexto\u00bb _builder_version=\u00bb4.1&#8243; background_size=\u00bbinitial\u00bb background_position=\u00bbtop_left\u00bb background_repeat=\u00bbrepeat\u00bb text_orientation=\u00bbcenter\u00bb module_alignment=\u00bbcenter\u00bb hover_enabled=\u00bb0&#8243; use_border_color=\u00bboff\u00bb border_color=\u00bb#ffffff\u00bb border_style=\u00bbsolid\u00bb]<\/p>\n<h1>M\u00e1ster oficial en Avogac\u00eda e Procurador\u00eda<\/h1>\n<h1>2023-2025<\/h1>\n<p>[\/et_pb_text][et_pb_post_title meta=\u00bboff\u00bb featured_image=\u00bboff\u00bb admin_label=\u00bbT\u00edtulo de pagina\u00bb _builder_version=\u00bb3.0.87&#8243; title_font_size=\u00bb22px\u00bb text_orientation=\u00bbcenter\u00bb custom_margin=\u00bb||0px|\u00bb use_border_color=\u00bboff\u00bb border_color=\u00bb#ffffff\u00bb border_style=\u00bbsolid\u00bb parallax_effect=\u00bboff\u00bb] [\/et_pb_post_title][\/et_pb_column][\/et_pb_row][\/et_pb_section][et_pb_section fb_built=\u00bb1&#8243; admin_label=\u00bbSecci\u00f3n\u00bb _builder_version=\u00bb3.22&#8243; custom_padding=\u00bb0px|||\u00bb transparent_background=\u00bboff\u00bb make_fullwidth=\u00bboff\u00bb use_custom_width=\u00bboff\u00bb width_unit=\u00bbon\u00bb][et_pb_row column_structure=\u00bb1_4,3_4&#8243; admin_label=\u00bbFila\u00bb _builder_version=\u00bb3.25&#8243; background_size=\u00bbinitial\u00bb background_position=\u00bbtop_left\u00bb background_repeat=\u00bbrepeat\u00bb make_fullwidth=\u00bboff\u00bb use_custom_width=\u00bboff\u00bb width_unit=\u00bbon\u00bb custom_width_px=\u00bb1685px\u00bb][et_pb_column type=\u00bb1_4&#8243; _builder_version=\u00bb3.25&#8243; custom_padding=\u00bb|||\u00bb custom_padding__hover=\u00bb|||\u00bb][et_pb_sidebar area=\u00bbet_pb_widget_area_31&#8243; admin_label=\u00bbBarra lateral\u00bb _builder_version=\u00bb4.1&#8243; hover_enabled=\u00bb0&#8243; remove_border=\u00bboff\u00bb] [\/et_pb_sidebar][\/et_pb_column][et_pb_column type=\u00bb3_4&#8243; _builder_version=\u00bb3.25&#8243; custom_padding=\u00bb|||\u00bb custom_padding__hover=\u00bb|||\u00bb][et_pb_text admin_label=\u00bbTexto\u00bb _builder_version=\u00bb4.1&#8243; background_size=\u00bbinitial\u00bb background_position=\u00bbtop_left\u00bb background_repeat=\u00bbrepeat\u00bb text_orientation=\u00bbjustified\u00bb hover_enabled=\u00bb0&#8243; use_border_color=\u00bboff\u00bb border_color=\u00bb#ffffff\u00bb border_style=\u00bbsolid\u00bb]<\/p>\n<p><a href=\"https:\/\/epxsantiago.org\/?attachment_id=6564\"><img loading=\"lazy\" decoding=\"async\" class=\"wp-image-6564 aligncenter size-large\" src=\"https:\/\/epxsantiago.org\/wp-content\/uploads\/2023\/08\/8.-MUAPS23-24.CAL_.PJPENAL-I.LITIG_P\u00e1gina_1-724x1024.jpg\" alt=\"\" width=\"724\" height=\"1024\" srcset=\"https:\/\/epxsantiago.org\/wp-content\/uploads\/2023\/08\/8.-MUAPS23-24.CAL_.PJPENAL-I.LITIG_P\u00e1gina_1-724x1024.jpg 724w, https:\/\/epxsantiago.org\/wp-content\/uploads\/2023\/08\/8.-MUAPS23-24.CAL_.PJPENAL-I.LITIG_P\u00e1gina_1-212x300.jpg 212w, https:\/\/epxsantiago.org\/wp-content\/uploads\/2023\/08\/8.-MUAPS23-24.CAL_.PJPENAL-I.LITIG_P\u00e1gina_1-768x1086.jpg 768w, https:\/\/epxsantiago.org\/wp-content\/uploads\/2023\/08\/8.-MUAPS23-24.CAL_.PJPENAL-I.LITIG_P\u00e1gina_1-1086x1536.jpg 1086w, https:\/\/epxsantiago.org\/wp-content\/uploads\/2023\/08\/8.-MUAPS23-24.CAL_.PJPENAL-I.LITIG_P\u00e1gina_1-1448x2048.jpg 1448w, https:\/\/epxsantiago.org\/wp-content\/uploads\/2023\/08\/8.-MUAPS23-24.CAL_.PJPENAL-I.LITIG_P\u00e1gina_1-1080x1527.jpg 1080w, https:\/\/epxsantiago.org\/wp-content\/uploads\/2023\/08\/8.-MUAPS23-24.CAL_.PJPENAL-I.LITIG_P\u00e1gina_1-1280x1810.jpg 1280w, https:\/\/epxsantiago.org\/wp-content\/uploads\/2023\/08\/8.-MUAPS23-24.CAL_.PJPENAL-I.LITIG_P\u00e1gina_1-980x1386.jpg 980w, https:\/\/epxsantiago.org\/wp-content\/uploads\/2023\/08\/8.-MUAPS23-24.CAL_.PJPENAL-I.LITIG_P\u00e1gina_1-480x679.jpg 480w, https:\/\/epxsantiago.org\/wp-content\/uploads\/2023\/08\/8.-MUAPS23-24.CAL_.PJPENAL-I.LITIG_P\u00e1gina_1.jpg 1654w\" sizes=\"auto, (max-width: 724px) 100vw, 724px\" \/><\/a> <a href=\"https:\/\/epxsantiago.org\/?attachment_id=6565\"><img loading=\"lazy\" decoding=\"async\" class=\"wp-image-6565 aligncenter size-large\" src=\"https:\/\/epxsantiago.org\/wp-content\/uploads\/2023\/08\/8.-MUAPS23-24.CAL_.PJPENAL-I.LITIG_P\u00e1gina_2-724x1024.jpg\" alt=\"\" width=\"724\" height=\"1024\" srcset=\"https:\/\/epxsantiago.org\/wp-content\/uploads\/2023\/08\/8.-MUAPS23-24.CAL_.PJPENAL-I.LITIG_P\u00e1gina_2-724x1024.jpg 724w, https:\/\/epxsantiago.org\/wp-content\/uploads\/2023\/08\/8.-MUAPS23-24.CAL_.PJPENAL-I.LITIG_P\u00e1gina_2-212x300.jpg 212w, https:\/\/epxsantiago.org\/wp-content\/uploads\/2023\/08\/8.-MUAPS23-24.CAL_.PJPENAL-I.LITIG_P\u00e1gina_2-768x1086.jpg 768w, https:\/\/epxsantiago.org\/wp-content\/uploads\/2023\/08\/8.-MUAPS23-24.CAL_.PJPENAL-I.LITIG_P\u00e1gina_2-1086x1536.jpg 1086w, https:\/\/epxsantiago.org\/wp-content\/uploads\/2023\/08\/8.-MUAPS23-24.CAL_.PJPENAL-I.LITIG_P\u00e1gina_2-1448x2048.jpg 1448w, https:\/\/epxsantiago.org\/wp-content\/uploads\/2023\/08\/8.-MUAPS23-24.CAL_.PJPENAL-I.LITIG_P\u00e1gina_2-1080x1527.jpg 1080w, https:\/\/epxsantiago.org\/wp-content\/uploads\/2023\/08\/8.-MUAPS23-24.CAL_.PJPENAL-I.LITIG_P\u00e1gina_2-1280x1810.jpg 1280w, https:\/\/epxsantiago.org\/wp-content\/uploads\/2023\/08\/8.-MUAPS23-24.CAL_.PJPENAL-I.LITIG_P\u00e1gina_2-980x1386.jpg 980w, https:\/\/epxsantiago.org\/wp-content\/uploads\/2023\/08\/8.-MUAPS23-24.CAL_.PJPENAL-I.LITIG_P\u00e1gina_2-480x679.jpg 480w, https:\/\/epxsantiago.org\/wp-content\/uploads\/2023\/08\/8.-MUAPS23-24.CAL_.PJPENAL-I.LITIG_P\u00e1gina_2.jpg 1654w\" sizes=\"auto, (max-width: 724px) 100vw, 724px\" \/><\/a> <a href=\"https:\/\/epxsantiago.org\/?attachment_id=6566\"><img loading=\"lazy\" decoding=\"async\" class=\"wp-image-6566 aligncenter size-large\" src=\"https:\/\/epxsantiago.org\/wp-content\/uploads\/2023\/08\/8.-MUAPS23-24.CAL_.PJPENAL-I.LITIG_P\u00e1gina_3-724x1024.jpg\" alt=\"\" width=\"724\" height=\"1024\" srcset=\"https:\/\/epxsantiago.org\/wp-content\/uploads\/2023\/08\/8.-MUAPS23-24.CAL_.PJPENAL-I.LITIG_P\u00e1gina_3-724x1024.jpg 724w, https:\/\/epxsantiago.org\/wp-content\/uploads\/2023\/08\/8.-MUAPS23-24.CAL_.PJPENAL-I.LITIG_P\u00e1gina_3-212x300.jpg 212w, https:\/\/epxsantiago.org\/wp-content\/uploads\/2023\/08\/8.-MUAPS23-24.CAL_.PJPENAL-I.LITIG_P\u00e1gina_3-768x1086.jpg 768w, https:\/\/epxsantiago.org\/wp-content\/uploads\/2023\/08\/8.-MUAPS23-24.CAL_.PJPENAL-I.LITIG_P\u00e1gina_3-1086x1536.jpg 1086w, https:\/\/epxsantiago.org\/wp-content\/uploads\/2023\/08\/8.-MUAPS23-24.CAL_.PJPENAL-I.LITIG_P\u00e1gina_3-1448x2048.jpg 1448w, https:\/\/epxsantiago.org\/wp-content\/uploads\/2023\/08\/8.-MUAPS23-24.CAL_.PJPENAL-I.LITIG_P\u00e1gina_3-1080x1527.jpg 1080w, https:\/\/epxsantiago.org\/wp-content\/uploads\/2023\/08\/8.-MUAPS23-24.CAL_.PJPENAL-I.LITIG_P\u00e1gina_3-1280x1810.jpg 1280w, https:\/\/epxsantiago.org\/wp-content\/uploads\/2023\/08\/8.-MUAPS23-24.CAL_.PJPENAL-I.LITIG_P\u00e1gina_3-980x1386.jpg 980w, https:\/\/epxsantiago.org\/wp-content\/uploads\/2023\/08\/8.-MUAPS23-24.CAL_.PJPENAL-I.LITIG_P\u00e1gina_3-480x679.jpg 480w, https:\/\/epxsantiago.org\/wp-content\/uploads\/2023\/08\/8.-MUAPS23-24.CAL_.PJPENAL-I.LITIG_P\u00e1gina_3.jpg 1654w\" sizes=\"auto, (max-width: 724px) 100vw, 724px\" \/><\/a> <a href=\"https:\/\/epxsantiago.org\/?attachment_id=6567\"><img loading=\"lazy\" decoding=\"async\" class=\"wp-image-6567 aligncenter size-large\" src=\"https:\/\/epxsantiago.org\/wp-content\/uploads\/2023\/08\/8.-MUAPS23-24.CAL_.PJPENAL-I.LITIG_P\u00e1gina_4-724x1024.jpg\" alt=\"\" width=\"724\" height=\"1024\" srcset=\"https:\/\/epxsantiago.org\/wp-content\/uploads\/2023\/08\/8.-MUAPS23-24.CAL_.PJPENAL-I.LITIG_P\u00e1gina_4-724x1024.jpg 724w, https:\/\/epxsantiago.org\/wp-content\/uploads\/2023\/08\/8.-MUAPS23-24.CAL_.PJPENAL-I.LITIG_P\u00e1gina_4-212x300.jpg 212w, https:\/\/epxsantiago.org\/wp-content\/uploads\/2023\/08\/8.-MUAPS23-24.CAL_.PJPENAL-I.LITIG_P\u00e1gina_4-768x1086.jpg 768w, https:\/\/epxsantiago.org\/wp-content\/uploads\/2023\/08\/8.-MUAPS23-24.CAL_.PJPENAL-I.LITIG_P\u00e1gina_4-1086x1536.jpg 1086w, https:\/\/epxsantiago.org\/wp-content\/uploads\/2023\/08\/8.-MUAPS23-24.CAL_.PJPENAL-I.LITIG_P\u00e1gina_4-1448x2048.jpg 1448w, https:\/\/epxsantiago.org\/wp-content\/uploads\/2023\/08\/8.-MUAPS23-24.CAL_.PJPENAL-I.LITIG_P\u00e1gina_4-1080x1527.jpg 1080w, https:\/\/epxsantiago.org\/wp-content\/uploads\/2023\/08\/8.-MUAPS23-24.CAL_.PJPENAL-I.LITIG_P\u00e1gina_4-1280x1810.jpg 1280w, https:\/\/epxsantiago.org\/wp-content\/uploads\/2023\/08\/8.-MUAPS23-24.CAL_.PJPENAL-I.LITIG_P\u00e1gina_4-980x1386.jpg 980w, https:\/\/epxsantiago.org\/wp-content\/uploads\/2023\/08\/8.-MUAPS23-24.CAL_.PJPENAL-I.LITIG_P\u00e1gina_4-480x679.jpg 480w, https:\/\/epxsantiago.org\/wp-content\/uploads\/2023\/08\/8.-MUAPS23-24.CAL_.PJPENAL-I.LITIG_P\u00e1gina_4.jpg 1654w\" sizes=\"auto, (max-width: 724px) 100vw, 724px\" \/><\/a><\/p>\n<p>[\/et_pb_text][\/et_pb_column][\/et_pb_row][\/et_pb_section]<\/p>\n","protected":false},"excerpt":{"rendered":"<p>M\u00e1ster oficial en Avogac\u00eda e Procurador\u00eda 2023-2025<\/p>\n","protected":false},"author":1,"featured_media":0,"parent":6430,"menu_order":8,"comment_status":"closed","ping_status":"closed","template":"","meta":{"_et_pb_use_builder":"on","_et_pb_old_content":"","_et_gb_content_width":"","footnotes":""},"class_list":["post-6562","page","type-page","status-publish","hentry"],"_links":{"self":[{"href":"https:\/\/epxsantiago.org\/index.php\/wp-json\/wp\/v2\/pages\/6562","targetHints":{"allow":["GET"]}}],"collection":[{"href":"https:\/\/epxsantiago.org\/index.php\/wp-json\/wp\/v2\/pages"}],"about":[{"href":"https:\/\/epxsantiago.org\/index.php\/wp-json\/wp\/v2\/types\/page"}],"author":[{"embeddable":true,"href":"https:\/\/epxsantiago.org\/index.php\/wp-json\/wp\/v2\/users\/1"}],"replies":[{"embeddable":true,"href":"https:\/\/epxsantiago.org\/index.php\/wp-json\/wp\/v2\/comments?post=6562"}],"version-history":[{"count":3,"href":"https:\/\/epxsantiago.org\/index.php\/wp-json\/wp\/v2\/pages\/6562\/revisions"}],"predecessor-version":[{"id":6781,"href":"https:\/\/epxsantiago.org\/index.php\/wp-json\/wp\/v2\/pages\/6562\/revisions\/6781"}],"up":[{"embeddable":true,"href":"https:\/\/epxsantiago.org\/index.php\/wp-json\/wp\/v2\/pages\/6430"}],"wp:attachment":[{"href":"https:\/\/epxsantiago.org\/index.php\/wp-json\/wp\/v2\/media?parent=6562"}],"curies":[{"name":"wp","href":"https:\/\/api.w.org\/{rel}","templated":true}]}}