{"id":7486,"date":"2025-05-27T12:44:25","date_gmt":"2025-05-27T12:44:25","guid":{"rendered":"https:\/\/epxsantiago.org\/?page_id=7486"},"modified":"2025-05-27T12:44:54","modified_gmt":"2025-05-27T12:44:54","slug":"criterios-de-admision-2","status":"publish","type":"page","link":"https:\/\/epxsantiago.org\/index.php\/muap-2025-2027\/criterios-de-admision-2","title":{"rendered":"CRITERIOS DE ADMISI\u00d3N"},"content":{"rendered":"<p>[et_pb_section fb_built=\u00bb1&#8243; fullwidth=\u00bbon\u00bb admin_label=\u00bbSecci\u00f3n\u00bb _builder_version=\u00bb4.16&#8243; global_colors_info=\u00bb{}\u00bb][et_pb_fullwidth_image src=\u00bbhttp:\/\/epxsantiago.org\/wp-content\/uploads\/2017\/04\/DSC_9643-e1491402417374.jpg\u00bb admin_label=\u00bbImagen de anchura completa\u00bb _builder_version=\u00bb4.16&#8243; animation_style=\u00bbslide\u00bb animation_direction=\u00bbleft\u00bb animation_duration=\u00bb500ms\u00bb animation_intensity_slide=\u00bb10%\u00bb animation=\u00bbleft\u00bb use_border_color=\u00bboff\u00bb border_color=\u00bb#ffffff\u00bb border_style=\u00bbsolid\u00bb global_colors_info=\u00bb{}\u00bb] [\/et_pb_fullwidth_image][\/et_pb_section][et_pb_section fb_built=\u00bb1&#8243; admin_label=\u00bbSecci\u00f3n\u00bb _builder_version=\u00bb4.16&#8243; custom_padding=\u00bb0px|||\u00bb transparent_background=\u00bboff\u00bb make_fullwidth=\u00bboff\u00bb use_custom_width=\u00bboff\u00bb width_unit=\u00bbon\u00bb global_colors_info=\u00bb{}\u00bb][et_pb_row column_structure=\u00bb1_4,3_4&#8243; admin_label=\u00bbFila\u00bb _builder_version=\u00bb4.16&#8243; background_size=\u00bbinitial\u00bb background_position=\u00bbtop_left\u00bb background_repeat=\u00bbrepeat\u00bb custom_padding=\u00bb20px||0px|\u00bb make_fullwidth=\u00bboff\u00bb use_custom_width=\u00bboff\u00bb width_unit=\u00bbon\u00bb global_colors_info=\u00bb{}\u00bb][et_pb_column type=\u00bb1_4&#8243; _builder_version=\u00bb4.16&#8243; custom_padding=\u00bb|||\u00bb global_colors_info=\u00bb{}\u00bb custom_padding__hover=\u00bb|||\u00bb][\/et_pb_column][et_pb_column type=\u00bb3_4&#8243; _builder_version=\u00bb4.16&#8243; custom_padding=\u00bb||0px|\u00bb global_colors_info=\u00bb{}\u00bb custom_padding__hover=\u00bb|||\u00bb][et_pb_text admin_label=\u00bbTexto\u00bb _builder_version=\u00bb4.25.1&#8243; background_size=\u00bbinitial\u00bb background_position=\u00bbtop_left\u00bb background_repeat=\u00bbrepeat\u00bb text_orientation=\u00bbcenter\u00bb module_alignment=\u00bbcenter\u00bb use_border_color=\u00bboff\u00bb border_color=\u00bb#ffffff\u00bb border_style=\u00bbsolid\u00bb global_colors_info=\u00bb{}\u00bb]<\/p>\n<h1 style=\"text-align: center;\">M\u00e1ster oficial en Avogac\u00eda e Procurador\u00eda<\/h1>\n<h1 style=\"text-align: center;\">2025-2027<\/h1>\n<p>[\/et_pb_text][et_pb_post_title meta=\u00bboff\u00bb featured_image=\u00bboff\u00bb admin_label=\u00bbT\u00edtulo de pagina\u00bb _builder_version=\u00bb4.25.1&#8243; title_font_size=\u00bb22px\u00bb text_orientation=\u00bbcenter\u00bb custom_margin=\u00bb||0px|\u00bb use_border_color=\u00bboff\u00bb border_color=\u00bb#ffffff\u00bb border_style=\u00bbsolid\u00bb parallax_effect=\u00bboff\u00bb global_colors_info=\u00bb{}\u00bb] [\/et_pb_post_title][\/et_pb_column][\/et_pb_row][\/et_pb_section][et_pb_section fb_built=\u00bb1&#8243; admin_label=\u00bbSecci\u00f3n\u00bb _builder_version=\u00bb4.16&#8243; custom_padding=\u00bb0px|||\u00bb transparent_background=\u00bboff\u00bb make_fullwidth=\u00bboff\u00bb use_custom_width=\u00bboff\u00bb width_unit=\u00bbon\u00bb global_colors_info=\u00bb{}\u00bb][et_pb_row column_structure=\u00bb1_4,3_4&#8243; admin_label=\u00bbFila\u00bb _builder_version=\u00bb4.16&#8243; background_size=\u00bbinitial\u00bb background_position=\u00bbtop_left\u00bb background_repeat=\u00bbrepeat\u00bb make_fullwidth=\u00bboff\u00bb use_custom_width=\u00bboff\u00bb width_unit=\u00bbon\u00bb global_colors_info=\u00bb{}\u00bb][et_pb_column type=\u00bb1_4&#8243; _builder_version=\u00bb4.16&#8243; custom_padding=\u00bb|||\u00bb global_colors_info=\u00bb{}\u00bb custom_padding__hover=\u00bb|||\u00bb][et_pb_sidebar area=\u00bbet_pb_widget_area_42&#8243; admin_label=\u00bbBarra lateral\u00bb _builder_version=\u00bb4.25.1&#8243; remove_border=\u00bboff\u00bb global_colors_info=\u00bb{}\u00bb] [\/et_pb_sidebar][\/et_pb_column][et_pb_column type=\u00bb3_4&#8243; _builder_version=\u00bb4.16&#8243; custom_padding=\u00bb|||\u00bb global_colors_info=\u00bb{}\u00bb custom_padding__hover=\u00bb|||\u00bb][et_pb_text admin_label=\u00bbTexto\u00bb _builder_version=\u00bb4.25.1&#8243; background_size=\u00bbinitial\u00bb background_position=\u00bbtop_left\u00bb background_repeat=\u00bbrepeat\u00bb text_orientation=\u00bbjustified\u00bb custom_margin=\u00bb0px|||\u00bb use_border_color=\u00bboff\u00bb border_color=\u00bb#ffffff\u00bb border_style=\u00bbsolid\u00bb global_colors_info=\u00bb{}\u00bb]<\/p>\n<p>A admisi\u00f3n no \u201cM\u00e1ster universitario en Avogac\u00eda e Procurador\u00eda\u201d realizarase a trav\u00e9s do sistema de criterios espec\u00edficos.<\/p>\n<p>Establ\u00e9cense os seguintes <strong>criterios espec\u00edficos de admisi\u00f3n<\/strong>, coa s\u00faa ponderaci\u00f3n correspondente:<\/p>\n<ul>\n<li>Expediente acad\u00e9mico da titulaci\u00f3n de Licenciatura\/Grao en Dereito: 50%<\/li>\n<li>Curr\u00edculo do estudante: 20%<\/li>\n<li>Experiencia profesional no campo da titulaci\u00f3n: 10%<\/li>\n<li>Carta de motivaci\u00f3n: 20%<\/li>\n<\/ul>\n<p>Corresponder\u00e1 \u00e1 direcci\u00f3n executiva do M\u00e1ster aplicar os anteriores criterios e \u00e1 Comisi\u00f3n acad\u00e9mica da titulaci\u00f3n a aprobaci\u00f3n da correspondente proposta de admisi\u00f3n.<\/p>\n<p>Na valoraci\u00f3n do expediente acad\u00e9mico, de acordalo as\u00ed a Comisi\u00f3n acad\u00e9mica, terase especialmente en conta o rendemento do estudante nas materias do Grao en Dereito cuxos contidos resulten de maior interese para un mellor aproveitamento do M\u00e1ster.<\/p>\n<p>No que incumbe ao perfil acad\u00e9mico e en relaci\u00f3n \u00e1s caracter\u00edsticas persoais do estudante, valorarase singularmente, a trav\u00e9s do curr\u00edculo e da carta de motivaci\u00f3n, que se trate dun estudante din\u00e1mico, interesado no exercicio profesional da Avogac\u00eda e\/o de Procurador\u00eda, creativo, emprendedor, con esp\u00edrito de superaci\u00f3n, capaz de integrase en grupos de traballo.<\/p>\n<p>TOTAL PRAZAS 60<\/p>\n<p>&nbsp;<\/p>\n<p>[\/et_pb_text][\/et_pb_column][\/et_pb_row][\/et_pb_section]<\/p>\n","protected":false},"excerpt":{"rendered":"<p>M\u00e1ster oficial en Avogac\u00eda e Procurador\u00eda 2025-2027 A admisi\u00f3n no \u201cM\u00e1ster universitario en Avogac\u00eda e Procurador\u00eda\u201d realizarase a trav\u00e9s do sistema de criterios espec\u00edficos. Establ\u00e9cense os seguintes criterios espec\u00edficos de admisi\u00f3n, coa s\u00faa ponderaci\u00f3n correspondente: Expediente acad\u00e9mico da titulaci\u00f3n de Licenciatura\/Grao en Dereito: 50% Curr\u00edculo do estudante: 20% Experiencia profesional no campo da titulaci\u00f3n: 10% [&hellip;]<\/p>\n","protected":false},"author":1,"featured_media":0,"parent":7472,"menu_order":2,"comment_status":"closed","ping_status":"closed","template":"","meta":{"_et_pb_use_builder":"on","_et_pb_old_content":"","_et_gb_content_width":"","footnotes":""},"class_list":["post-7486","page","type-page","status-publish","hentry"],"_links":{"self":[{"href":"https:\/\/epxsantiago.org\/index.php\/wp-json\/wp\/v2\/pages\/7486","targetHints":{"allow":["GET"]}}],"collection":[{"href":"https:\/\/epxsantiago.org\/index.php\/wp-json\/wp\/v2\/pages"}],"about":[{"href":"https:\/\/epxsantiago.org\/index.php\/wp-json\/wp\/v2\/types\/page"}],"author":[{"embeddable":true,"href":"https:\/\/epxsantiago.org\/index.php\/wp-json\/wp\/v2\/users\/1"}],"replies":[{"embeddable":true,"href":"https:\/\/epxsantiago.org\/index.php\/wp-json\/wp\/v2\/comments?post=7486"}],"version-history":[{"count":2,"href":"https:\/\/epxsantiago.org\/index.php\/wp-json\/wp\/v2\/pages\/7486\/revisions"}],"predecessor-version":[{"id":7499,"href":"https:\/\/epxsantiago.org\/index.php\/wp-json\/wp\/v2\/pages\/7486\/revisions\/7499"}],"up":[{"embeddable":true,"href":"https:\/\/epxsantiago.org\/index.php\/wp-json\/wp\/v2\/pages\/7472"}],"wp:attachment":[{"href":"https:\/\/epxsantiago.org\/index.php\/wp-json\/wp\/v2\/media?parent=7486"}],"curies":[{"name":"wp","href":"https:\/\/api.w.org\/{rel}","templated":true}]}}