{"id":7490,"date":"2025-05-27T13:24:06","date_gmt":"2025-05-27T13:24:06","guid":{"rendered":"https:\/\/epxsantiago.org\/?page_id=7490"},"modified":"2025-05-27T13:24:14","modified_gmt":"2025-05-27T13:24:14","slug":"obxectivos","status":"publish","type":"page","link":"https:\/\/epxsantiago.org\/index.php\/muap-2025-2027\/obxectivos","title":{"rendered":"OBXECTIVOS"},"content":{"rendered":"<p>[et_pb_section fb_built=\u00bb1&#8243; fullwidth=\u00bbon\u00bb admin_label=\u00bbSecci\u00f3n\u00bb _builder_version=\u00bb4.16&#8243; global_colors_info=\u00bb{}\u00bb][et_pb_fullwidth_image src=\u00bbhttp:\/\/epxsantiago.org\/wp-content\/uploads\/2017\/04\/DSC_9643-e1491402417374.jpg\u00bb admin_label=\u00bbImagen de anchura completa\u00bb _builder_version=\u00bb4.16&#8243; animation_style=\u00bbslide\u00bb animation_direction=\u00bbleft\u00bb animation_duration=\u00bb500ms\u00bb animation_intensity_slide=\u00bb10%\u00bb use_border_color=\u00bboff\u00bb border_color=\u00bb#ffffff\u00bb border_style=\u00bbsolid\u00bb animation=\u00bbleft\u00bb global_colors_info=\u00bb{}\u00bb] [\/et_pb_fullwidth_image][\/et_pb_section][et_pb_section fb_built=\u00bb1&#8243; admin_label=\u00bbSecci\u00f3n\u00bb _builder_version=\u00bb4.16&#8243; custom_padding=\u00bb0px|||\u00bb transparent_background=\u00bboff\u00bb make_fullwidth=\u00bboff\u00bb use_custom_width=\u00bboff\u00bb width_unit=\u00bbon\u00bb global_colors_info=\u00bb{}\u00bb][et_pb_row column_structure=\u00bb1_4,3_4&#8243; admin_label=\u00bbFila\u00bb _builder_version=\u00bb4.16&#8243; background_size=\u00bbinitial\u00bb background_position=\u00bbtop_left\u00bb background_repeat=\u00bbrepeat\u00bb custom_padding=\u00bb20px||0px|\u00bb make_fullwidth=\u00bboff\u00bb use_custom_width=\u00bboff\u00bb width_unit=\u00bbon\u00bb global_colors_info=\u00bb{}\u00bb][et_pb_column type=\u00bb1_4&#8243; _builder_version=\u00bb4.16&#8243; custom_padding=\u00bb|||\u00bb global_colors_info=\u00bb{}\u00bb custom_padding__hover=\u00bb|||\u00bb][\/et_pb_column][et_pb_column type=\u00bb3_4&#8243; _builder_version=\u00bb4.16&#8243; custom_padding=\u00bb|||\u00bb global_colors_info=\u00bb{}\u00bb custom_padding__hover=\u00bb|||\u00bb][et_pb_text admin_label=\u00bbTexto\u00bb _builder_version=\u00bb4.25.1&#8243; background_size=\u00bbinitial\u00bb background_position=\u00bbtop_left\u00bb background_repeat=\u00bbrepeat\u00bb text_orientation=\u00bbcenter\u00bb module_alignment=\u00bbcenter\u00bb hover_enabled=\u00bb0&#8243; use_border_color=\u00bboff\u00bb border_color=\u00bb#ffffff\u00bb border_style=\u00bbsolid\u00bb global_colors_info=\u00bb{}\u00bb sticky_enabled=\u00bb0&#8243;]<\/p>\n<h1 style=\"text-align: center;\">M\u00e1ster oficial en Avogac\u00eda e Procurador\u00eda<\/h1>\n<h1 style=\"text-align: center;\">2025-2027<\/h1>\n<p>[\/et_pb_text][et_pb_post_title meta=\u00bboff\u00bb featured_image=\u00bboff\u00bb admin_label=\u00bbT\u00edtulo de pagina\u00bb _builder_version=\u00bb4.25.1&#8243; title_font_size=\u00bb22px\u00bb text_orientation=\u00bbcenter\u00bb custom_margin=\u00bb||0px|\u00bb custom_padding=\u00bb||0px|\u00bb hover_enabled=\u00bb0&#8243; use_border_color=\u00bboff\u00bb border_color=\u00bb#ffffff\u00bb border_style=\u00bbsolid\u00bb parallax_effect=\u00bboff\u00bb global_colors_info=\u00bb{}\u00bb sticky_enabled=\u00bb0&#8243;] [\/et_pb_post_title][\/et_pb_column][\/et_pb_row][\/et_pb_section][et_pb_section fb_built=\u00bb1&#8243; admin_label=\u00bbSecci\u00f3n\u00bb _builder_version=\u00bb4.16&#8243; custom_padding=\u00bb0px|||\u00bb transparent_background=\u00bboff\u00bb make_fullwidth=\u00bboff\u00bb use_custom_width=\u00bboff\u00bb width_unit=\u00bbon\u00bb global_colors_info=\u00bb{}\u00bb][et_pb_row column_structure=\u00bb1_4,3_4&#8243; admin_label=\u00bbFila\u00bb _builder_version=\u00bb4.16&#8243; background_size=\u00bbinitial\u00bb background_position=\u00bbtop_left\u00bb background_repeat=\u00bbrepeat\u00bb custom_margin=\u00bb||0px|\u00bb custom_padding=\u00bb||0px|\u00bb make_fullwidth=\u00bboff\u00bb use_custom_width=\u00bboff\u00bb width_unit=\u00bbon\u00bb global_colors_info=\u00bb{}\u00bb][et_pb_column type=\u00bb1_4&#8243; _builder_version=\u00bb4.16&#8243; custom_padding=\u00bb||0px|\u00bb global_colors_info=\u00bb{}\u00bb custom_padding__hover=\u00bb|||\u00bb][et_pb_sidebar area=\u00bbet_pb_widget_area_42&#8243; admin_label=\u00bbBarra lateral\u00bb _builder_version=\u00bb4.25.1&#8243; hover_enabled=\u00bb0&#8243; remove_border=\u00bboff\u00bb global_colors_info=\u00bb{}\u00bb sticky_enabled=\u00bb0&#8243;] [\/et_pb_sidebar][\/et_pb_column][et_pb_column type=\u00bb3_4&#8243; _builder_version=\u00bb4.16&#8243; custom_padding=\u00bb|||\u00bb global_colors_info=\u00bb{}\u00bb custom_padding__hover=\u00bb|||\u00bb][et_pb_text admin_label=\u00bbTexto\u00bb _builder_version=\u00bb4.25.1&#8243; background_size=\u00bbinitial\u00bb background_position=\u00bbtop_left\u00bb background_repeat=\u00bbrepeat\u00bb text_orientation=\u00bbjustified\u00bb hover_enabled=\u00bb0&#8243; use_border_color=\u00bboff\u00bb border_color=\u00bb#ffffff\u00bb border_style=\u00bbsolid\u00bb global_colors_info=\u00bb{}\u00bb sticky_enabled=\u00bb0&#8243;]<\/p>\n<p>O \u201cM\u00e1ster universitario en Avogac\u00eda e Procurador\u00eda\u201d ten como obxectivo proporcionar ao estudantado a formaci\u00f3n especializada comprensiva do conxunto de competencias necesarias para o exercicio da Avogac\u00eda e da Procurador\u00eda, conforme se describen nos arts. 10 (\u201ccursos de formaci\u00f3n\u201d) e 13 (\u201cpr\u00e1cticas externas\u201d) do RD 64\/2023.<\/p>\n<p>Pret\u00e9ndese que o estudantado, superada a formaci\u00f3n, manexe con eficacia, responsabilidade e seguridade as t\u00e9cnicas e modos de actuaci\u00f3n profesional propios da Avogac\u00eda e de Procurador\u00eda; e que adquira unha mec\u00e1nica de razoamento xur\u00eddico e, polo tanto, unha base xen\u00e9rica da pr\u00e1ctica xur\u00eddica profesional en todas as materias propias do Dereito positivo, para que simult\u00e1nea e paulatinamente poida aspirar \u00e1 especializaci\u00f3n.<\/p>\n<p>Tam\u00e9n \u00e9 obxectivo da titulaci\u00f3n proporcionar ao estudantado suficientes experiencias e contactos profesionais, tanto a trav\u00e9s do profesorado externo como dos\/as titores\/as que impartan as diferentes materias de pr\u00e1cticas externas, para facilitarlles a s\u00faa inserci\u00f3n no mercado laboral e, \u00e1 vez, que dispo\u00f1an de especialistas de referencia cos que consultar no inicio do seu exercicio profesional.<\/p>\n<p>O t\u00edtulo \u201cM\u00e1ster universitario en Avogac\u00eda e Procurador\u00eda\u201d presenta unha orientaci\u00f3n profesionalizante, en canto habilita para presentarse \u00e1 proba de avaliaci\u00f3n final de acreditaci\u00f3n da capacitaci\u00f3n para o exercicio da Avogac\u00eda e da Procurador\u00eda (art. 2 Lei 34\/2006 e arts. 2 e 4 RD 64\/2023). A superaci\u00f3n desta Proba \u00e9 requisito para a obtenci\u00f3n do t\u00edtulo profesional para o exercicio da Avogac\u00eda e de Procurador\u00eda, conforme o art. 2 d a Lei 34\/2006 e ao art. 2 do RD 64\/2023.<\/p>\n<p>En consecuencia, os egresados da titulaci\u00f3n adquirir\u00edan a formaci\u00f3n pr\u00e1ctica suficiente para o acceso ao exercicio profesional, as\u00ed como o co\u00f1ecemento das normas deontol\u00f3xicas e profesionais. M\u00e1is concretamente, presentar\u00e1n unha ampla formaci\u00f3n pr\u00e1ctica, ao cursar 750 horas de pr\u00e1cticas presenciais en diferentes instituci\u00f3ns (administraci\u00f3ns p\u00fablicas, \u00f3rganos xudiciais, despachos de avogac\u00eda e de procura etc.) e elaborar un elevad\u00edsimo n\u00famero de documentos profesionais e procesuais (entre eles a tramitaci\u00f3n de xu\u00edzos simulados correspondentes aos catro ordes xurisdicionais e de procedementos de conciliaci\u00f3n, mediaci\u00f3n e arbitraxe). As\u00ed mesmo, obter\u00edan unha importante formaci\u00f3n na tramitaci\u00f3n de procesos e procedementos, e unha especializaci\u00f3n en diversos campos do Dereito, como o Dereito civil, mercantil, laboral, seguridade social, administrativo, tributario etc.<\/p>\n<p>Ao mesmo tempo, o \u201cM\u00e1ster universitario en Avogac\u00eda e Procurador\u00eda\u201d habilita para acceder a un programa oficial de doutoramento, conforme ao art. 6.1 do RD 99\/2011, do 28 de xaneiro, polo que se regulan os ensinos oficiais de doutoramento (remisi\u00f3n que efect\u00faa o art. 20 do RD 822\/2011, do 28 de setembro, polo que se establece a organizaci\u00f3n dos ensinos universitarios e do procedemento de aseguramento da s\u00faa calidade).<\/p>\n<p>&nbsp;<\/p>\n<p>Partindo destes obxectivos, os resultados do proceso de formaci\u00f3n e de aprendizaxe establ\u00e9cense os co\u00f1ecementos, habilidades\/destrezas e competencias que se desenvolven a continuaci\u00f3n:<\/p>\n<p>&nbsp;<\/p>\n<h4>A) Co\u00f1ecementos<\/h4>\n<p>&nbsp;<\/p>\n<p><strong>Con01: <\/strong>Co\u00f1ecer os distintos medios de investigaci\u00f3n da solvencia do contrario, de obtenci\u00f3n de informaci\u00f3n \u00fatil do propio cliente e de datos ou documentos en distintos organismos, as\u00ed como as t\u00e9cnicas dirixidas \u00e1 investigaci\u00f3n e establecemento dos feitos nos distintos tipos de procedementos, especialmente a produci\u00f3n de documentos, os interrogatorios e as probas periciais.<\/p>\n<p><strong> Con02: <\/strong>Co\u00f1ecer e ser capaz de integrar a defensa e a postulaci\u00f3n dos dereitos dos clientes no marco dos sistemas de tutela xurisdicionais nacionais e internacionais.<\/p>\n<p><strong> Con03: <\/strong>Co\u00f1ecer as diferentes t\u00e9cnicas de composici\u00f3n de intereses, an\u00e1lises de problemas e toma de decisi\u00f3ns profesionais, identificando a parcela do Dereito na que se residencia; e saber atopar soluci\u00f3ns a problemas mediante m\u00e9todos alternativos \u00e1 v\u00eda xurisdicional.<\/p>\n<p><strong> Con04: <\/strong>Co\u00f1ecer e distinguir as formas usuais de contrataci\u00f3n privada e p\u00fablica, inclu\u00edda a electr\u00f3nica, e de constituci\u00f3n e funcionamento dos diferentes tipos de sociedades; sabendo valorar a que resulte m\u00e1is adecuada para cada caso, segundo o obxectivo e a necesidade do cliente, e tendo en conta todas as posibles variables que poidan interesar.<\/p>\n<p><strong> Con05: <\/strong>Co\u00f1ecer a estrutura procedemental e particularidades m\u00e1is importantes que presentan os distintos procesos propios das diferentes ordes xurisdicionais nos que interve\u00f1en con m\u00e1is frecuencia os profesionais da Avogac\u00eda e de Procurador\u00eda; as\u00ed como os tipos de pretensi\u00f3ns que se poden exercitar neles, as t\u00e9cnicas alegatoria, probatoria e de conclusi\u00f3ns, e manexarse nos procedementos de xurisdici\u00f3n voluntaria.<\/p>\n<p><strong> Con06: <\/strong>Co\u00f1ecer as t\u00e9cnicas procesuais e ser capaz de executar cuantos actos encom\u00e9ndenlles ou para cuxa realizaci\u00f3n estean facultados nas distintas ordes xurisdicionais, con especial atenci\u00f3n aos prazos, actos de comunicaci\u00f3n, medios de impugnaci\u00f3n, execuci\u00f3n e v\u00edas de constrinximento.<\/p>\n<p><strong> Con07: <\/strong>Co\u00f1ecer as t\u00e9cnicas, tanto para a elaboraci\u00f3n de documentos profesionais e procesuais de contido diverso, como para ter unha intervenci\u00f3n, flu\u00edda, correcta e acertada, nas actuaci\u00f3ns orais propias do exercicio profesional.<\/p>\n<p><strong> Con08: <\/strong>Co\u00f1ecer e saber aplicar os dereitos e deberes deontol\u00f3xicos profesionais nas relaci\u00f3ns da persoa exercente da Avogac\u00eda ou a Procurador\u00eda con clientes, outras partes, tribunais ou autoridades p\u00fablicas, e entre outras persoas exercentes da Avogac\u00eda ou a Procurador\u00eda, as\u00ed como cos demais profesionais.<\/p>\n<p><strong> Con09: <\/strong>Co\u00f1ecer o usus fori dos tribunais, organismos e oficinas p\u00fablicas propias do lugar.<\/p>\n<p><strong> Con10:<\/strong> Co\u00f1ecer e avaliar as distintas responsabilidades vinculadas ao exercicio da actividade profesional, inclu\u00edndo o funcionamento b\u00e1sico da asistencia xur\u00eddica gratu\u00edta e dos servizos colexiais de quenda de oficio, asistencia letrada e orientaci\u00f3n xur\u00eddica; e a promoci\u00f3n da responsabilidade social da persoa exercente da Avogac\u00eda ou a Procurador\u00eda.<\/p>\n<p><strong> Con11:<\/strong> Co\u00f1ecer e aplicar as t\u00e9cnicas dirixidas \u00e1 identificaci\u00f3n e liquidaci\u00f3n de honorarios, dereitos arancelarios, obrigaci\u00f3ns tributarias, de constituci\u00f3n de dep\u00f3sitos xudiciais e de atenci\u00f3n de cuantos gastos e costas sexan necesarios para garantir a efectiva tutela xudicial dos dereitos dos seus representados ou defendidos.<\/p>\n<p><strong> Con12:<\/strong> Co\u00f1ecer as funci\u00f3ns propias da Avogac\u00eda e de Procurador\u00eda; e saber aplicar na pr\u00e1ctica a contorna organizativa, de xesti\u00f3n e comercial da Avogac\u00eda e Procurador\u00eda, as\u00ed como o seu marco xur\u00eddico asociativo, fiscal, laboral e de protecci\u00f3n de datos de car\u00e1cter persoal, e o r\u00e9xime de previsi\u00f3n social.<\/p>\n<p><strong> Con13:<\/strong> Co\u00f1ecer, saber organizar e planificar os recursos individuais e colectivos dispo\u00f1ibles para o exercicio nas s\u00faas distintas modalidades organizativas do exercicio profesional.<\/p>\n<p><strong> Con14: <\/strong>Co\u00f1ecer a actividade doutros operadores xur\u00eddicos, as\u00ed como de profesionais relacionados co exercicio da s\u00faa profesi\u00f3n.<strong><br \/><\/strong><\/p>\n<p>&nbsp;<\/p>\n<h4>B) Habilidades ou destrezas<\/h4>\n<p>&nbsp;<\/p>\n<p><strong>H\/D01:<\/strong> Posu\u00edr motivaci\u00f3n pola calidade e a excelencia profesional, mostrar predisposici\u00f3n cara a unha cultura emprendedora, evidenciar capacidade de iniciativa, liderado, adaptaci\u00f3n a novas situaci\u00f3ns e esp\u00edrito de superaci\u00f3n, e valorar o despacho desde unha \u00f3ptica empresarial.<\/p>\n<p><strong>H\/D02:<\/strong> Desenvolver un compromiso \u00e9tico e deontol\u00f3xico no exercicio profesional coti\u00e1n, detectando as situaci\u00f3ns deontoloxicamente relevantes, e apreciando os beneficios que reportan \u00e1 sociedade, \u00e1 Avogac\u00eda e a Procurador\u00eda os principios \u00e9ticos e deontol\u00f3xicos destas profesi\u00f3ns.<\/p>\n<p><strong>H\/D03:<\/strong> Posu\u00edr habilidades que permitan aplicar os co\u00f1ecementos especializados adquiridos na licenciatura ou o grao, ao exercicio profesional ante tribunais ou autoridades p\u00fablicas, as\u00ed como nas funci\u00f3ns de asesoramento.<\/p>\n<p><strong>H\/D04:<\/strong> Desenvolver as habilidades e destrezas necesarias para a correcta e eficaz realizaci\u00f3n dos actos de comunicaci\u00f3n \u00e1s partes no proceso, e para unha colaboraci\u00f3n eficaz cos tribunais na execuci\u00f3n das resoluci\u00f3ns xudiciais; co\u00f1ecendo e diferenciando os intereses privados que representa dos de car\u00e1cter p\u00fablico cuxa execuci\u00f3n a Lei e os tribunais encom\u00e9ndenlle.<\/p>\n<p><strong>H\/D05:<\/strong> Desenvolver destrezas e habilidades para a elecci\u00f3n da estratexia correcta para a defensa dos dereitos da clientela, tendo en conta as esixencias dos distintos \u00e1mbitos da pr\u00e1ctica profesional, inclu\u00edda a conveniencia de propiciar soluci\u00f3ns negociadas aos conflitos e de preocuparse, no seu caso, pola execuci\u00f3n das resoluci\u00f3ns favorables ao cliente; sendo capaz de transmitir, de modo claro e fundamentado, as raz\u00f3ns e argumentos que sustentan unha determinada posici\u00f3n xur\u00eddica.<\/p>\n<p><strong>H\/D06:<\/strong> Manexar con soltura as formas usuais de constituci\u00f3n e funcionamento de sociedades, as\u00ed como de contrataci\u00f3n, identificando as condici\u00f3ns xerais, cl\u00e1usulas abusivas e escuras, contratos de adhesi\u00f3n etc.<\/p>\n<p><strong>H\/D07:<\/strong> Desenvolverse con soltura nos distintos tr\u00e1mites dos procedementos m\u00e1is habituais que son propios das diferentes ordes xurisdicionais, valorando en cada caso a viabilidade de acudir ao que resulte m\u00e1is adecuado aos intereses do cliente.<\/p>\n<p><strong>H\/D08:<\/strong> Desenvolver as destrezas e habilidades necesarias para a utilizaci\u00f3n dos procedementos, protocolos, sistemas, e aplicaci\u00f3ns xudiciais, que requiran os actos de comunicaci\u00f3n e cooperaci\u00f3n coa Administraci\u00f3n de Xustiza, con especial atenci\u00f3n aos de natureza electr\u00f3nica, inform\u00e1tica e telem\u00e1tica; e para a procura de informaci\u00f3n telem\u00e1tica, xur\u00eddica ou non xur\u00eddica, que resulte relevante nos asuntos cuxa xesti\u00f3n se te\u00f1a encomendada.<\/p>\n<p><strong>H\/D09:<\/strong> Dispo\u00f1er das habilidades necesarias para auxiliarse das funci\u00f3ns notarial e rexistral, no exercicio da s\u00faa actividade, e para ser consciente das implicaci\u00f3ns econ\u00f3micas e tributarias que te\u00f1en para o cliente as actuaci\u00f3ns profesionais que desenvolvemos no seu nome.<\/p>\n<p><strong>H\/D10:<\/strong> Saber manter un estrito ton profesional; e desenvolver habilidades e destrezas interpersoais, que faciliten o exercicio profesional nas s\u00faas relaci\u00f3ns coa cidadan\u00eda, con outros profesionais e coas instituci\u00f3ns.<\/p>\n<p><strong>H\/D11:<\/strong> Aplicar as t\u00e9cnicas de redacci\u00f3n con fluidez en documentos profesionais e procesuais de contido diverso; e de realizaci\u00f3n das intervenci\u00f3ns orais m\u00e1is habituais no exercicio profesional, segundo as particularidades do caso ou do procedemento de que se trate.<\/p>\n<p><strong>H\/D12:<\/strong> Afacerse a analizar con determinaci\u00f3n as resoluci\u00f3ns procesuais, para valorar a posible impugnaci\u00f3n desde o \u00f3ptica risco-beneficio, e elixir, no seu caso, o medio m\u00e1is adecuado de entre os contemplados pola normativa de aplicaci\u00f3n.<\/p>\n<p>&nbsp;<\/p>\n<h4>C) Competencias<\/h4>\n<p>&nbsp;<\/p>\n<p><strong>Comp01:<\/strong> Saber identificar conflitos de intereses e co\u00f1ecer as t\u00e9cnicas para a s\u00faa resoluci\u00f3n; establecer o alcance do segredo profesional e da confidencialidade, e preservar a independencia de criterio.<\/p>\n<p><strong>Comp02:<\/strong> Saber identificar os requirimentos de prestaci\u00f3n e organizaci\u00f3n determinantes para o asesoramento xur\u00eddico e a representaci\u00f3n procesual.<\/p>\n<p><strong>Comp03:<\/strong> Co\u00f1ecer e saber aplicar na pr\u00e1ctica a contorna organizativa, de xesti\u00f3n e comercial da Avogac\u00eda e Procurador\u00eda; as\u00ed como o seu marco xur\u00eddico asociativo, fiscal, laboral e de protecci\u00f3n de datos de car\u00e1cter persoal.<\/p>\n<p><strong>Comp04:<\/strong> Desenvolver a capacidade para elixir os medios m\u00e1is adecuados que ofrece o ordenamento xur\u00eddico para o desempe\u00f1o dunha defensa e representaci\u00f3n t\u00e9cnica de calidade.<\/p>\n<p><strong>Comp05:<\/strong> Utilizar as ferramentas das tecnolox\u00edas e da informaci\u00f3n, e as comunicaci\u00f3ns necesarias, para o exercicio da profesi\u00f3n e para a aprendizaxe ao longo da vida.<\/p>\n<p><strong>Comp06:<\/strong> Adquirir un manexo suficiente en todas aquelas materias de dereito substantivo, inclu\u00eddo o dereito auton\u00f3mico, que debe aplicar con m\u00e1is frecuencia o profesional da Avogac\u00eda na soluci\u00f3n xudicial e extraxudicial de conflitos xur\u00eddicos.<\/p>\n<p><strong>Comp07:<\/strong> Saber expo\u00f1er, de forma oral e escrita, feitos; e extraer argumentalmente consecuencias xur\u00eddicas, en atenci\u00f3n ao contexto e ao destinatario ao que vaian dirixidas, de acordo no seu caso coas modalidades propias de cada \u00e1mbito procedemental.<\/p>\n<p><strong>Comp08:<\/strong> Saber desenvolver traballos profesionais en equipos espec\u00edficos e interdisciplinares.<\/p>\n<p><strong>Comp09:<\/strong> Enfrontarse a problemas deontol\u00f3xicos profesionais.<\/p>\n<p><strong>Comp10:<\/strong> Familiarizarse co funcionamento e a problem\u00e1tica de instituci\u00f3ns relacionadas co exercicio da Avogac\u00eda e de Procurador\u00eda.<\/p>\n<p><strong>Comp11:<\/strong> Recibir informaci\u00f3n actualizada sobre o desenvolvemento da carreira profesional e as posibles li\u00f1as de actividade, as\u00ed como acerca dos instrumentos para a s\u00faa xesti\u00f3n.<\/p>\n<p><strong>Comp12:<\/strong> Saber utilizar a perspectiva de x\u00e9nero como ferramenta metodol\u00f3xica na actuaci\u00f3n profesional coti\u00e1 e nas relaci\u00f3ns profesionais.<\/p>\n<p><strong>Comp13:<\/strong> En xeral, desenvolver as competencias e habilidades necesarias para o exercicio da Avogac\u00eda e, no seu caso, de Procurador\u00eda.<\/p>\n<p>[\/et_pb_text][\/et_pb_column][\/et_pb_row][\/et_pb_section]<\/p>\n","protected":false},"excerpt":{"rendered":"<p>M\u00e1ster oficial en Avogac\u00eda e Procurador\u00eda 2025-2027 O \u201cM\u00e1ster universitario en Avogac\u00eda e Procurador\u00eda\u201d ten como obxectivo proporcionar ao estudantado a formaci\u00f3n especializada comprensiva do conxunto de competencias necesarias para o exercicio da Avogac\u00eda e da Procurador\u00eda, conforme se describen nos arts. 10 (\u201ccursos de formaci\u00f3n\u201d) e 13 (\u201cpr\u00e1cticas externas\u201d) do RD 64\/2023. Pret\u00e9ndese que [&hellip;]<\/p>\n","protected":false},"author":1,"featured_media":0,"parent":7472,"menu_order":6,"comment_status":"closed","ping_status":"closed","template":"","meta":{"_et_pb_use_builder":"on","_et_pb_old_content":"","_et_gb_content_width":"","footnotes":""},"class_list":["post-7490","page","type-page","status-publish","hentry"],"_links":{"self":[{"href":"https:\/\/epxsantiago.org\/index.php\/wp-json\/wp\/v2\/pages\/7490","targetHints":{"allow":["GET"]}}],"collection":[{"href":"https:\/\/epxsantiago.org\/index.php\/wp-json\/wp\/v2\/pages"}],"about":[{"href":"https:\/\/epxsantiago.org\/index.php\/wp-json\/wp\/v2\/types\/page"}],"author":[{"embeddable":true,"href":"https:\/\/epxsantiago.org\/index.php\/wp-json\/wp\/v2\/users\/1"}],"replies":[{"embeddable":true,"href":"https:\/\/epxsantiago.org\/index.php\/wp-json\/wp\/v2\/comments?post=7490"}],"version-history":[{"count":1,"href":"https:\/\/epxsantiago.org\/index.php\/wp-json\/wp\/v2\/pages\/7490\/revisions"}],"predecessor-version":[{"id":7511,"href":"https:\/\/epxsantiago.org\/index.php\/wp-json\/wp\/v2\/pages\/7490\/revisions\/7511"}],"up":[{"embeddable":true,"href":"https:\/\/epxsantiago.org\/index.php\/wp-json\/wp\/v2\/pages\/7472"}],"wp:attachment":[{"href":"https:\/\/epxsantiago.org\/index.php\/wp-json\/wp\/v2\/media?parent=7490"}],"curies":[{"name":"wp","href":"https:\/\/api.w.org\/{rel}","templated":true}]}}