{"id":924,"date":"2017-03-24T14:11:21","date_gmt":"2017-03-24T14:11:21","guid":{"rendered":"http:\/\/epxsantiago.org\/?page_id=924"},"modified":"2017-08-22T12:18:54","modified_gmt":"2017-08-22T12:18:54","slug":"matricula-2","status":"publish","type":"page","link":"https:\/\/epxsantiago.org\/index.php\/master-oficial-en-avogacia-2017-2019\/matricula-2","title":{"rendered":"MATR\u00cdCULA"},"content":{"rendered":"<p>[et_pb_section admin_label=\u00bbSecci\u00f3n\u00bb bb_built=\u00bb1&#8243; fullwidth=\u00bbon\u00bb specialty=\u00bboff\u00bb][et_pb_fullwidth_image admin_label=\u00bbImagen de anchura completa\u00bb src=\u00bbhttp:\/\/epxsantiago.org\/wp-content\/uploads\/2017\/04\/DSC_9643-e1491402417374.jpg\u00bb show_in_lightbox=\u00bboff\u00bb url_new_window=\u00bboff\u00bb use_overlay=\u00bboff\u00bb animation=\u00bbleft\u00bb use_border_color=\u00bboff\u00bb border_color=\u00bb#ffffff\u00bb border_style=\u00bbsolid\u00bb] [\/et_pb_fullwidth_image][\/et_pb_section][et_pb_section admin_label=\u00bbSecci\u00f3n\u00bb bb_built=\u00bb1&#8243; fullwidth=\u00bboff\u00bb specialty=\u00bboff\u00bb transparent_background=\u00bboff\u00bb allow_player_pause=\u00bboff\u00bb inner_shadow=\u00bboff\u00bb parallax=\u00bboff\u00bb parallax_method=\u00bbon\u00bb custom_padding=\u00bb0px|||\u00bb make_fullwidth=\u00bboff\u00bb use_custom_width=\u00bboff\u00bb width_unit=\u00bbon\u00bb make_equal=\u00bboff\u00bb use_custom_gutter=\u00bboff\u00bb][et_pb_row admin_label=\u00bbFila\u00bb make_fullwidth=\u00bboff\u00bb use_custom_width=\u00bboff\u00bb width_unit=\u00bbon\u00bb use_custom_gutter=\u00bboff\u00bb custom_padding=\u00bb20px||0px|\u00bb allow_player_pause=\u00bboff\u00bb parallax=\u00bboff\u00bb parallax_method=\u00bbon\u00bb make_equal=\u00bboff\u00bb parallax_1=\u00bboff\u00bb parallax_method_1=\u00bboff\u00bb parallax_2=\u00bboff\u00bb parallax_method_2=\u00bboff\u00bb][et_pb_column type=\u00bb1_4&#8243;][\/et_pb_column][et_pb_column type=\u00bb3_4&#8243;][et_pb_text admin_label=\u00bbTexto\u00bb background_layout=\u00bblight\u00bb text_orientation=\u00bbcenter\u00bb use_border_color=\u00bboff\u00bb border_color=\u00bb#ffffff\u00bb border_style=\u00bbsolid\u00bb]<\/p>\n<h1>M\u00e1ster oficial en Avogac\u00eda 2017-2019<\/h1>\n<p>[\/et_pb_text][et_pb_post_title admin_label=\u00bbT\u00edtulo de pagina\u00bb title=\u00bbon\u00bb meta=\u00bboff\u00bb author=\u00bbon\u00bb date=\u00bbon\u00bb categories=\u00bbon\u00bb comments=\u00bbon\u00bb featured_image=\u00bboff\u00bb featured_placement=\u00bbbelow\u00bb parallax_effect=\u00bboff\u00bb parallax_method=\u00bbon\u00bb text_orientation=\u00bbcenter\u00bb text_color=\u00bbdark\u00bb text_background=\u00bboff\u00bb text_bg_color=\u00bbrgba(255,255,255,0.9)\u00bb use_border_color=\u00bboff\u00bb border_color=\u00bb#ffffff\u00bb border_style=\u00bbsolid\u00bb] [\/et_pb_post_title][\/et_pb_column][\/et_pb_row][\/et_pb_section][et_pb_section admin_label=\u00bbSecci\u00f3n\u00bb bb_built=\u00bb1&#8243; fullwidth=\u00bboff\u00bb specialty=\u00bboff\u00bb transparent_background=\u00bboff\u00bb allow_player_pause=\u00bboff\u00bb inner_shadow=\u00bboff\u00bb parallax=\u00bboff\u00bb parallax_method=\u00bbon\u00bb custom_padding=\u00bb0px|||\u00bb make_fullwidth=\u00bboff\u00bb use_custom_width=\u00bboff\u00bb width_unit=\u00bbon\u00bb make_equal=\u00bboff\u00bb use_custom_gutter=\u00bboff\u00bb][et_pb_row admin_label=\u00bbFila\u00bb make_fullwidth=\u00bboff\u00bb use_custom_width=\u00bboff\u00bb width_unit=\u00bbon\u00bb use_custom_gutter=\u00bboff\u00bb custom_padding=\u00bb||0px|\u00bb allow_player_pause=\u00bboff\u00bb parallax=\u00bboff\u00bb parallax_method=\u00bbon\u00bb make_equal=\u00bboff\u00bb parallax_1=\u00bboff\u00bb parallax_method_1=\u00bboff\u00bb padding_bottom_1=\u00bb0px\u00bb parallax_2=\u00bboff\u00bb parallax_method_2=\u00bboff\u00bb][et_pb_column type=\u00bb1_4&#8243;][et_pb_sidebar admin_label=\u00bbBarra lateral\u00bb orientation=\u00bbleft\u00bb area=\u00bbet_pb_widget_area_11&#8243; background_layout=\u00bblight\u00bb remove_border=\u00bboff\u00bb] [\/et_pb_sidebar][\/et_pb_column][et_pb_column type=\u00bb3_4&#8243;][et_pb_text admin_label=\u00bbTexto\u00bb global_parent=\u00bb824&#8243; background_layout=\u00bblight\u00bb text_orientation=\u00bbjustified\u00bb use_border_color=\u00bboff\u00bb border_color=\u00bb#ffffff\u00bb border_style=\u00bbsolid\u00bb custom_margin=\u00bb||0px|\u00bb]<\/p>\n<h4>A.\u00a0CURSO 2017-2018 (Primeiro ano da VI\u00a0promoci\u00f3n):<\/h4>\n<p>Aberto\u00a0o prazo de solicitude de praza no M\u00c1STER UNIVERSITARIO EN AVOGAC\u00cdA\u00a0(M\u00e1ster oficial con Criterios de selecci\u00f3n ESPEC\u00cdFICOS) \u00a0para o curso 2017-2018. A\u00a0solicitude de praza \u00e9 do\u00a03 de xullo ao 3\u00a0de agosto de 2017.<\/p>\n<p><a href=\"http:\/\/epxsantiago.org\/matricula-2\/plazos-matricula-2017-18\/\" rel=\"attachment wp-att-2309\"><img loading=\"lazy\" decoding=\"async\" class=\"aligncenter size-large wp-image-2309\" src=\"http:\/\/epxsantiago.org\/wp-content\/uploads\/2017\/03\/PLAZOS-MATRICULA-2017-18-1024x491.jpg\" alt=\"\" width=\"1024\" height=\"491\" srcset=\"https:\/\/epxsantiago.org\/wp-content\/uploads\/2017\/03\/PLAZOS-MATRICULA-2017-18-1024x491.jpg 1024w, https:\/\/epxsantiago.org\/wp-content\/uploads\/2017\/03\/PLAZOS-MATRICULA-2017-18-300x144.jpg 300w, https:\/\/epxsantiago.org\/wp-content\/uploads\/2017\/03\/PLAZOS-MATRICULA-2017-18-768x369.jpg 768w, https:\/\/epxsantiago.org\/wp-content\/uploads\/2017\/03\/PLAZOS-MATRICULA-2017-18-1080x518.jpg 1080w, https:\/\/epxsantiago.org\/wp-content\/uploads\/2017\/03\/PLAZOS-MATRICULA-2017-18.jpg 1544w\" sizes=\"auto, (max-width: 1024px) 100vw, 1024px\" \/><\/a><\/p>\n<ol>\n<li><strong>Solicitude de praza:<\/strong><\/li>\n<\/ol>\n<p>Os alumnos e alumnas que desexen cursar este m\u00e1ster durante o curso\u00a02017-18 deber\u00e1n consignar os datos para a matr\u00edcula na Secretar\u00eda Virtual da USC, a trav\u00e9s da p\u00e1xina\u00a0<a href=\"https:\/\/matricula.usc.es\/LoginX\/Login.asp\">https:\/\/matricula.usc.es\/LoginX\/Login.asp<\/a>, no seguinte prazo de solicitude de praza:\u00a0do 3\u00a0de xullo ao 3\u00a0de agosto de 2017.<\/p>\n<p>&nbsp;<\/p>\n<ol start=\"2\">\n<li><strong>Publicaci\u00f3n de admitidos:<\/strong><\/li>\n<\/ol>\n<p>Unha vez solicitada a praza, publicarase a listaxe dos alumnos\/as admitidos na p\u00e1xina web da USC nas seguintes datas:<\/p>\n<p>&#8211; Sen listaxe de agarda: publicaci\u00f3n de admitidos o 7 de agosto de 2017<\/p>\n<p><span style=\"color: #999999;\">&#8211; Con listaxe de agarda: publicaci\u00f3n de admitidos o 5 de setembro de 2017<\/span><\/p>\n<p>&nbsp;<\/p>\n<ol start=\"3\">\n<li><strong>Matr\u00edcula admitidos<\/strong><\/li>\n<\/ol>\n<p>Os alumnos\/as que figuren como admitidos deber\u00e1n formalizar a s\u00faa matr\u00edcula nas seguintes datas:<\/p>\n<p>&#8211; Sen listaxe de agarda:\u00a0os alumnos\/as admitidos ter\u00e1n de prazo para matricularse do 8 ao\u00a010 de agosto de 2017<\/p>\n<p><span style=\"color: #999999;\">&#8211; Con listaxe de agarda:\u00a0os alumnos\/as admitidos ter\u00e1n de prazo para matricularse do 5 ao 9 de setembro de 2017<\/span><\/p>\n<p>Considerarase que os alumnos que non aboen os prezos no devandito prazo desisten e, polo tanto, decaen nos seus dereitos respecto da praza adxudicada, que poder\u00e1 ser ofertada a outros alumnos. Consonte as normas xerais, a matr\u00edcula estar\u00e1 condicionada \u00e1 posterior verificaci\u00f3n dos datos declarados na solicitude.<\/p>\n<p>&nbsp;<\/p>\n<ol start=\"4\">\n<li><strong>Matr\u00edcula en vacantes:<\/strong><\/li>\n<\/ol>\n<p>De ser o caso, os alumnos\/as admitidos poder\u00e1n matricularse nas prazas vacantes nas seguintes datas:<\/p>\n<p>&#8211; Sen listaxe de agarda:\u00a0os alumnos\/as admitidos ter\u00e1n de prazo para matricularse do 18 de agosto ao 15 de setembro de 2017<\/p>\n<p><span style=\"color: #999999;\">&#8211; Con listaxe de agarda<em>:<\/em> chamamento individual<\/span><\/p>\n<p>&nbsp;<\/p>\n<ol start=\"5\">\n<li><strong>Documentaci\u00f3n:<\/strong><\/li>\n<\/ol>\n<p>Os alumnos\/as que soliciten praza para cursar o M\u00e1ster Universitario en Avogac\u00eda, deber\u00e1n no momento de solicitar praza na web da USC (do 3 de xullo ao 3 de agosto), aportar a seguinte documentaci\u00f3n:<\/p>\n<ul>\n<li>Expediente acad\u00e9mico<\/li>\n<li>Curriculum<\/li>\n<li>Experiencia profesional no campo da titulaci\u00f3n<\/li>\n<li>Carta de motivaci\u00f3n<\/li>\n<\/ul>\n<p>Calquera\u00a0omisi\u00f3n ou falsidade na declaraci\u00f3n dos datos\u00a0da titulaci\u00f3n de acceso ou do expediente acad\u00e9mico, curriculum ou experiencia profesional que induza a facer unha valoraci\u00f3n incorrecta, poder\u00e1 dar lugar \u00e1 anulaci\u00f3n da matr\u00edcula e, cando proceda, \u00e1 exclusi\u00f3n do proceso de adxudicaci\u00f3n de prazas.<\/p>\n<p>&nbsp;<\/p>\n<ol start=\"6\">\n<li><strong>Prezos:<\/strong><\/li>\n<\/ol>\n<p>O DECRETO 65\/2017, do 6 de xullo, polo que se fixan os prezos correspondentes aos estudos que conducen \u00e1 obtenci\u00f3n de t\u00edtulos universitarios de car\u00e1cter oficial e validez en todo o territorio nacional na ensinanza universitaria para este curso 2017\/18 establece:<\/p>\n<ul>\n<li>Prezo dun cr\u00e9dito: 20,25 \u20ac<\/li>\n<li>Primeiro ano = 60 cr\u00e9ditos x 20,25 \u20ac = 1.215 \u20ac<\/li>\n<li>Prezo total do m\u00e1ster (90 cr\u00e9ditos) = 1.822,50 \u20ac<\/li>\n<li>Taxas administrativas: 28,22 \u20ac<\/li>\n<li>Taxas administrativas maiores de 28 anos: 43,10 \u20ac<\/li>\n<\/ul>\n<p>&nbsp;<\/p>\n<ol start=\"7\">\n<li><strong> Pagamento fraccionado da matr\u00edcula:<\/strong><\/li>\n<\/ol>\n<p>Os alumnos e alumnas, no momento da matr\u00edcula no primeiro prazo, poder\u00e1n optar polo pagamento \u00edntegro ou fraccionado en tres prazos.<\/p>\n<p>Este importe poder\u00e1 aboarse en efectivo, mediante domiciliaci\u00f3n bancaria ou con tarxeta de d\u00e9bito ou de cr\u00e9dito. De facerse en efectivo, deber\u00e1 realizarse en calquera das catro entidades bancarias colaboradoras coa USC, isto \u00e9, Abanca, Caixa Rural Galega, La Caixa e Banco Santander.<\/p>\n<p>No suposto de optar polo pagamento fraccionado, o primeiro prazo efectuarase polo importe correspondente ao 50%, nos dez d\u00edas seguintes ao de ter feita a matr\u00edcula; o segundo prazo, aboarase nos dez primeiros d\u00edas do mes de decembro polo importe do 25%; e o terceiro prazo, nos dez primeiros d\u00edas de marzo, polo restante 25%.<\/p>\n<p>&nbsp;<\/p>\n<ol start=\"8\">\n<li><strong> M\u00e1is informaci\u00f3n:<\/strong><\/li>\n<\/ol>\n<p>O alumnado que desexe cursar este m\u00e1ster pode atopar toda a informaci\u00f3n, ademais de nesta p\u00e1xina (www.epxsantiago.org) en:<\/p>\n<p><a href=\"http:\/\/www.usc.es\/es\/servizos\/oiu\/cm\/calm.html\">http:\/\/www.usc.es\/es\/servizos\/oiu\/cm\/calm.html<\/a> (calendario de prazos de admisi\u00f3n e matr\u00edcula)<\/p>\n<p><a href=\"https:\/\/matricula.usc.es\/LoginX\/Login.asp\">https:\/\/matricula.usc.es\/LoginX\/Login.asp<\/a> (admisi\u00f3n e matr\u00edcula)<\/p>\n<p><a href=\"http:\/\/www.usc.es\/masteres\/es\/masteres\/admision-criterios-especificos\">http:\/\/www.usc.es\/masteres\/es\/masteres\/admision-criterios-especificos<\/a> (criterios de admisi\u00f3n e prazos)<\/p>\n<p><a href=\"http:\/\/www.usc.es\/masteres\/gl\/masteres\/ciencias-sociais-xuridicas\/avogacia-santiago\">http:\/\/www.usc.es\/masteres\/gl\/masteres\/ciencias-sociais-xuridicas\/avogacia-santiago<\/a> (informaci\u00f3n xeral sobre o m\u00e1ster de avogac\u00eda)<\/p>\n<p><a href=\"http:\/\/www.usc.es\/gl\/centros\/dereito\/titulacions.html?plan=14745&amp;estudio=14746&amp;codEstudio=14246&amp;valor=9\">http:\/\/www.usc.es\/gl\/centros\/dereito\/titulacions.html?plan=14745&amp;estudio=14746&amp;codEstudio=14246&amp;valor=9<\/a> (informaci\u00f3n detallada sobre a titulaci\u00f3n)<\/p>\n<p>&nbsp;<\/p>\n<p>&nbsp;<\/p>\n<p>&nbsp;<\/p>\n<p>&nbsp;<\/p>\n<p>[\/et_pb_text][\/et_pb_column][\/et_pb_row][\/et_pb_section]<\/p>\n","protected":false},"excerpt":{"rendered":"<p>M\u00e1ster oficial en Avogac\u00eda 2017-2019 A.\u00a0CURSO 2017-2018 (Primeiro ano da VI\u00a0promoci\u00f3n): Aberto\u00a0o prazo de solicitude de praza no M\u00c1STER UNIVERSITARIO EN AVOGAC\u00cdA\u00a0(M\u00e1ster oficial con Criterios de selecci\u00f3n ESPEC\u00cdFICOS) \u00a0para o curso 2017-2018. A\u00a0solicitude de praza \u00e9 do\u00a03 de xullo ao 3\u00a0de agosto de 2017. Solicitude de praza: Os alumnos e alumnas que desexen cursar este [&hellip;]<\/p>\n","protected":false},"author":1,"featured_media":0,"parent":2330,"menu_order":3,"comment_status":"closed","ping_status":"closed","template":"","meta":{"_et_pb_use_builder":"on","_et_pb_old_content":"","_et_gb_content_width":"","footnotes":""},"class_list":["post-924","page","type-page","status-publish","hentry"],"_links":{"self":[{"href":"https:\/\/epxsantiago.org\/index.php\/wp-json\/wp\/v2\/pages\/924","targetHints":{"allow":["GET"]}}],"collection":[{"href":"https:\/\/epxsantiago.org\/index.php\/wp-json\/wp\/v2\/pages"}],"about":[{"href":"https:\/\/epxsantiago.org\/index.php\/wp-json\/wp\/v2\/types\/page"}],"author":[{"embeddable":true,"href":"https:\/\/epxsantiago.org\/index.php\/wp-json\/wp\/v2\/users\/1"}],"replies":[{"embeddable":true,"href":"https:\/\/epxsantiago.org\/index.php\/wp-json\/wp\/v2\/comments?post=924"}],"version-history":[{"count":10,"href":"https:\/\/epxsantiago.org\/index.php\/wp-json\/wp\/v2\/pages\/924\/revisions"}],"predecessor-version":[{"id":2316,"href":"https:\/\/epxsantiago.org\/index.php\/wp-json\/wp\/v2\/pages\/924\/revisions\/2316"}],"up":[{"embeddable":true,"href":"https:\/\/epxsantiago.org\/index.php\/wp-json\/wp\/v2\/pages\/2330"}],"wp:attachment":[{"href":"https:\/\/epxsantiago.org\/index.php\/wp-json\/wp\/v2\/media?parent=924"}],"curies":[{"name":"wp","href":"https:\/\/api.w.org\/{rel}","templated":true}]}}