{"id":950,"date":"2017-03-24T14:20:57","date_gmt":"2017-03-24T14:20:57","guid":{"rendered":"http:\/\/epxsantiago.org\/?page_id=950"},"modified":"2017-08-29T10:50:32","modified_gmt":"2017-08-29T10:50:32","slug":"bolsas-colaboracion","status":"publish","type":"page","link":"https:\/\/epxsantiago.org\/index.php\/master-oficial-en-avogacia-2017-2019\/bolsas-colaboracion","title":{"rendered":"BOLSAS DE COLABORACI\u00d3N"},"content":{"rendered":"<p>[et_pb_section admin_label=\u00bbSecci\u00f3n\u00bb bb_built=\u00bb1&#8243; fullwidth=\u00bbon\u00bb specialty=\u00bboff\u00bb][et_pb_fullwidth_image admin_label=\u00bbImagen de anchura completa\u00bb src=\u00bbhttp:\/\/epxsantiago.org\/wp-content\/uploads\/2017\/04\/DSC_9643-e1491402417374.jpg\u00bb show_in_lightbox=\u00bboff\u00bb url_new_window=\u00bboff\u00bb use_overlay=\u00bboff\u00bb animation=\u00bbleft\u00bb use_border_color=\u00bboff\u00bb border_color=\u00bb#ffffff\u00bb border_style=\u00bbsolid\u00bb] [\/et_pb_fullwidth_image][\/et_pb_section][et_pb_section admin_label=\u00bbSecci\u00f3n\u00bb bb_built=\u00bb1&#8243; fullwidth=\u00bboff\u00bb specialty=\u00bboff\u00bb transparent_background=\u00bboff\u00bb allow_player_pause=\u00bboff\u00bb inner_shadow=\u00bboff\u00bb parallax=\u00bboff\u00bb parallax_method=\u00bbon\u00bb custom_padding=\u00bb0px|||\u00bb make_fullwidth=\u00bboff\u00bb use_custom_width=\u00bboff\u00bb width_unit=\u00bbon\u00bb make_equal=\u00bboff\u00bb use_custom_gutter=\u00bboff\u00bb][et_pb_row admin_label=\u00bbFila\u00bb make_fullwidth=\u00bboff\u00bb use_custom_width=\u00bboff\u00bb width_unit=\u00bbon\u00bb use_custom_gutter=\u00bboff\u00bb custom_padding=\u00bb20px||0px|\u00bb allow_player_pause=\u00bboff\u00bb parallax=\u00bboff\u00bb parallax_method=\u00bbon\u00bb make_equal=\u00bboff\u00bb parallax_1=\u00bboff\u00bb parallax_method_1=\u00bboff\u00bb parallax_2=\u00bboff\u00bb parallax_method_2=\u00bboff\u00bb][et_pb_column type=\u00bb1_4&#8243;][\/et_pb_column][et_pb_column type=\u00bb3_4&#8243;][et_pb_text admin_label=\u00bbTexto\u00bb background_layout=\u00bblight\u00bb text_orientation=\u00bbcenter\u00bb use_border_color=\u00bboff\u00bb border_color=\u00bb#ffffff\u00bb border_style=\u00bbsolid\u00bb]<\/p>\n<h1>M\u00e1ster oficial en Avogac\u00eda 2017-2019<\/h1>\n<p>[\/et_pb_text][et_pb_post_title admin_label=\u00bbT\u00edtulo de pagina\u00bb title=\u00bbon\u00bb meta=\u00bboff\u00bb author=\u00bbon\u00bb date=\u00bbon\u00bb categories=\u00bbon\u00bb comments=\u00bbon\u00bb featured_image=\u00bboff\u00bb featured_placement=\u00bbbelow\u00bb parallax_effect=\u00bboff\u00bb parallax_method=\u00bbon\u00bb text_orientation=\u00bbcenter\u00bb text_color=\u00bbdark\u00bb text_background=\u00bboff\u00bb text_bg_color=\u00bbrgba(255,255,255,0.9)\u00bb use_border_color=\u00bboff\u00bb border_color=\u00bb#ffffff\u00bb border_style=\u00bbsolid\u00bb title_font_size=\u00bb22px\u00bb custom_margin=\u00bb||0px|\u00bb custom_padding=\u00bb||0px|\u00bb] [\/et_pb_post_title][\/et_pb_column][\/et_pb_row][\/et_pb_section][et_pb_section admin_label=\u00bbSecci\u00f3n\u00bb bb_built=\u00bb1&#8243; fullwidth=\u00bboff\u00bb specialty=\u00bboff\u00bb transparent_background=\u00bboff\u00bb allow_player_pause=\u00bboff\u00bb inner_shadow=\u00bboff\u00bb parallax=\u00bboff\u00bb parallax_method=\u00bbon\u00bb custom_padding=\u00bb0px|||\u00bb make_fullwidth=\u00bboff\u00bb use_custom_width=\u00bboff\u00bb width_unit=\u00bbon\u00bb make_equal=\u00bboff\u00bb use_custom_gutter=\u00bboff\u00bb][et_pb_row admin_label=\u00bbFila\u00bb make_fullwidth=\u00bboff\u00bb use_custom_width=\u00bboff\u00bb width_unit=\u00bbon\u00bb use_custom_gutter=\u00bboff\u00bb custom_padding=\u00bb||0px|\u00bb custom_margin=\u00bb||0px|\u00bb allow_player_pause=\u00bboff\u00bb parallax=\u00bboff\u00bb parallax_method=\u00bbon\u00bb make_equal=\u00bboff\u00bb parallax_1=\u00bboff\u00bb parallax_method_1=\u00bboff\u00bb padding_bottom_1=\u00bb0px\u00bb parallax_2=\u00bboff\u00bb parallax_method_2=\u00bboff\u00bb][et_pb_column type=\u00bb1_4&#8243;][et_pb_sidebar admin_label=\u00bbBarra lateral\u00bb orientation=\u00bbleft\u00bb area=\u00bbet_pb_widget_area_11&#8243; background_layout=\u00bblight\u00bb remove_border=\u00bboff\u00bb] [\/et_pb_sidebar][\/et_pb_column][et_pb_column type=\u00bb3_4&#8243;][et_pb_text admin_label=\u00bbTexto\u00bb global_parent=\u00bb824&#8243; background_layout=\u00bblight\u00bb text_orientation=\u00bbjustified\u00bb use_border_color=\u00bboff\u00bb border_color=\u00bb#ffffff\u00bb border_style=\u00bbsolid\u00bb]<\/p>\n<p>Convocatoria polo<strong>\u00a0Ilustre Colexio de Avogados de Santiago<\/strong>\u00a0de 10 bolsas de colaboraci\u00f3n para o curso 2017-2018 para os alumnos\/as das actividades formativas que imparte ou nas que colabora a Escola de Pr\u00e1ctica Xur\u00eddica, financiadas polo propio Ilustre Colexio de Avogados de Santiago de Compostela.<\/p>\n<ul>\n<li><u>Solicitantes.<\/u>\u00a0&#8211; Poder\u00e1n solicitar as bolsas de colaboraci\u00f3n os alumnos\/as das actividades formativas que\u00a0 imparte ou nas que colabora a Escola.<\/li>\n<li><u>\u00a0N\u00ba de Bolsas<\/u>.- 10<\/li>\n<li><u>Cont\u00eda das bolsas<\/u>.- 300 \u20ac<\/li>\n<li><u>Duraci\u00f3n da colaboraci\u00f3n<\/u>.- 150 horas<\/li>\n<li><u>Prazo de solicitude<\/u>.- do 04 ao 06 de setembro de 2017<\/li>\n<\/ul>\n<p><u>Exenci\u00f3n de vinculaci\u00f3n laboral<\/u>: sen efectos xur\u00eddico laborais entre o bolseiro, a entidade patrocinadora ou a Escola de Pr\u00e1ctica Xur\u00eddica.<\/p>\n<p><u>Documentaci\u00f3n a acompa\u00f1ar<\/u>:*<\/p>\n<ul>\n<li>Curriculum vitae,<\/li>\n<li>Fotocopia do libro de familia,<\/li>\n<li>Copia completa da declaraci\u00f3n do IRPF, referida ao ano 2016 dos membros que constit\u00faen a unidade familiar a que pertence o solicitante, xunto coa folla de liquidaci\u00f3n de ingresos selada pola entidade bancaria ou Delegaci\u00f3n de Facenda na que foi presentada.<\/li>\n<\/ul>\n<p>* A documentaci\u00f3n deber\u00e1 entregarse no Negociado da Escola de Pr\u00e1ctica Xur\u00eddica.<\/p>\n<p>Corresponde a Xerencia do ICA aclarar as normas presentes e ditar as precisas para o seu desenvolvemento<\/p>\n<p><a href=\"http:\/\/epxsantiago.org\/wp-content\/uploads\/2017\/08\/Impreso-solicitude-Bolsa-2017.pdf\">Impreso solicitude Bolsa 2017<\/a><\/p>\n<p>[\/et_pb_text][\/et_pb_column][\/et_pb_row][\/et_pb_section]<\/p>\n","protected":false},"excerpt":{"rendered":"<p>M\u00e1ster oficial en Avogac\u00eda 2017-2019 Convocatoria polo\u00a0Ilustre Colexio de Avogados de Santiago\u00a0de 10 bolsas de colaboraci\u00f3n para o curso 2017-2018 para os alumnos\/as das actividades formativas que imparte ou nas que colabora a Escola de Pr\u00e1ctica Xur\u00eddica, financiadas polo propio Ilustre Colexio de Avogados de Santiago de Compostela. Solicitantes.\u00a0&#8211; Poder\u00e1n solicitar as bolsas de colaboraci\u00f3n [&hellip;]<\/p>\n","protected":false},"author":1,"featured_media":0,"parent":2330,"menu_order":17,"comment_status":"closed","ping_status":"closed","template":"","meta":{"_et_pb_use_builder":"on","_et_pb_old_content":"","_et_gb_content_width":"","footnotes":""},"class_list":["post-950","page","type-page","status-publish","hentry"],"_links":{"self":[{"href":"https:\/\/epxsantiago.org\/index.php\/wp-json\/wp\/v2\/pages\/950","targetHints":{"allow":["GET"]}}],"collection":[{"href":"https:\/\/epxsantiago.org\/index.php\/wp-json\/wp\/v2\/pages"}],"about":[{"href":"https:\/\/epxsantiago.org\/index.php\/wp-json\/wp\/v2\/types\/page"}],"author":[{"embeddable":true,"href":"https:\/\/epxsantiago.org\/index.php\/wp-json\/wp\/v2\/users\/1"}],"replies":[{"embeddable":true,"href":"https:\/\/epxsantiago.org\/index.php\/wp-json\/wp\/v2\/comments?post=950"}],"version-history":[{"count":5,"href":"https:\/\/epxsantiago.org\/index.php\/wp-json\/wp\/v2\/pages\/950\/revisions"}],"predecessor-version":[{"id":2457,"href":"https:\/\/epxsantiago.org\/index.php\/wp-json\/wp\/v2\/pages\/950\/revisions\/2457"}],"up":[{"embeddable":true,"href":"https:\/\/epxsantiago.org\/index.php\/wp-json\/wp\/v2\/pages\/2330"}],"wp:attachment":[{"href":"https:\/\/epxsantiago.org\/index.php\/wp-json\/wp\/v2\/media?parent=950"}],"curies":[{"name":"wp","href":"https:\/\/api.w.org\/{rel}","templated":true}]}}